{"id":576,"date":"2024-10-30T13:49:14","date_gmt":"2024-10-30T13:49:14","guid":{"rendered":"https:\/\/www.baoertaihardware.com\/?post_type=product&#038;p=576"},"modified":"2025-05-27T03:54:29","modified_gmt":"2025-05-27T03:54:29","slug":"custom-ball-bearing-drawer-slides","status":"publish","type":"product","link":"https:\/\/www.baoertaihardware.com\/es\/producto\/custom-ball-bearing-drawer-slides\/","title":{"rendered":"45mm 3-Fold Rodamiento de Bolas Gu\u00edas Caj\u00f3n Mayorista"},"content":{"rendered":"<div class=\"wp-block-columns is-layout-flex wp-container-core-columns-is-layout-9d6595d7 wp-block-columns-is-layout-flex\">\n<div class=\"wp-block-column is-layout-flow wp-block-column-is-layout-flow\">\n<h3 class=\"wp-block-heading\">Caracter\u00edsticas y ventajas de las gu\u00edas de bolas para cajones <\/h3>\n\n\n\n<ol class=\"wp-block-list\">\n<li><strong>Funcionamiento suave: <\/strong>El mecanismo de rodamiento de bolas garantiza una apertura y cierre suaves y silenciosos del caj\u00f3n, sin atascos, lo que mejora la experiencia del usuario.<\/li>\n\n\n\n<li><strong>Duradero y fiable:<\/strong> El material de primera calidad y la precisi\u00f3n en la fabricaci\u00f3n garantizan la estabilidad y fiabilidad a largo plazo de las gu\u00edas de los cajones, reduciendo as\u00ed los costes de mantenimiento.<\/li>\n\n\n\n<li><strong>Funcionamiento silencioso: <\/strong>El dise\u00f1o con rodamientos de bolas reduce eficazmente el ruido, lo que garantiza un funcionamiento silencioso y lo hace ideal para entornos que requieren tranquilidad.<\/li>\n\n\n\n<li><strong>Ahorra tiempo y trabajo:<\/strong> Permite a los usuarios instalarlo en muy poco tiempo con el dise\u00f1o de f\u00e1cil instalaci\u00f3n<\/li>\n\n\n\n<li><strong>Opciones de personalizaci\u00f3n: <\/strong>se puede personalizar seg\u00fan las necesidades espec\u00edficas, incluidos el tama\u00f1o, el color y el material para satisfacer diferentes requisitos<\/li>\n<\/ol>\n<\/div>\n\n\n\n<div class=\"wp-block-column is-layout-flow wp-block-column-is-layout-flow\">\n<figure class=\"wp-block-image size-full\"><img decoding=\"async\" width=\"1200\" height=\"1200\" src=\"https:\/\/www.baoertaihardware.com\/wp-content\/uploads\/2024\/10\/custom-drawer-slides-ball-bearing-1.webp\" alt=\"correderas-cajones-rodamientos a medida (1)\" class=\"wp-image-581\" srcset=\"https:\/\/www.baoertaihardware.com\/wp-content\/uploads\/2024\/10\/custom-drawer-slides-ball-bearing-1.webp 1200w, https:\/\/www.baoertaihardware.com\/wp-content\/uploads\/2024\/10\/custom-drawer-slides-ball-bearing-1-300x300.webp 300w, https:\/\/www.baoertaihardware.com\/wp-content\/uploads\/2024\/10\/custom-drawer-slides-ball-bearing-1-150x150.webp 150w, https:\/\/www.baoertaihardware.com\/wp-content\/uploads\/2024\/10\/custom-drawer-slides-ball-bearing-1-768x768.webp 768w, https:\/\/www.baoertaihardware.com\/wp-content\/uploads\/2024\/10\/custom-drawer-slides-ball-bearing-1-600x600.webp 600w, https:\/\/www.baoertaihardware.com\/wp-content\/uploads\/2024\/10\/custom-drawer-slides-ball-bearing-1-100x100.webp 100w\" sizes=\"(max-width: 1200px) 100vw, 1200px\" \/><\/figure>\n<\/div>\n<\/div>\n\n\n\n<p><\/p>","protected":false},"excerpt":{"rendered":"<p>Esta gu\u00eda de cajones de alta calidad con rodamiento de bolas tiene una profundidad de instalaci\u00f3n de 45 mm y un dise\u00f1o de 3 pliegues, que proporciona una extensi\u00f3n completa y un funcionamiento suave. El mecanismo de rodamiento de bolas garantiza la durabilidad y facilidad de uso, por lo que es ideal para diversas aplicaciones de muebles, incluyendo armarios de cocina, armarios y espacios de oficina.<\/p>\n<h3>Especificaciones de las gu\u00edas de bolas para cajones<\/h3>\n<ul>\n<li>Modelo n\u00ba:4515<\/li>\n<li>Material: acero laminado en fr\u00edo<\/li>\n<li>Thickness:1.1\u00d71.1\u00d71.4mm\/1.2\u00d71.2\u00d71..4mm<\/li>\n<li>Altura:45 mm<\/li>\n<li>Longitud:10 pulgadas-24 pulgadas<\/li>\n<li>Tratamiento de superficie: chapado arco iris\/negro<\/li>\n<li>N\u00famero de cuentas:4 \/5\/6 cuentas<\/li>\n<li>Peso:70\/72\/74g\/pulgada<\/li>\n<li>Aplicaci\u00f3n: oficina en casa, sal\u00f3n, dormitorio, hotel, villa, apartamento<\/li>\n<\/ul>\n<p><strong>Categor\u00eda<\/strong>: <a href=\"https:\/\/www.baoertaihardware.com\/es\/categoria-producto\/drawer-slides\/\">Gu\u00edas de cajones<\/a><\/p>\n<p><strong>Etiquetas<\/strong>: Correderas de cierre suave, Correderas de montaje lateral, Cajones deslizantes<\/p>","protected":false},"featured_media":582,"comment_status":"closed","ping_status":"closed","template":"","meta":{"_acf_changed":false},"product_brand":[],"product_cat":[19,33],"product_tag":[],"class_list":{"0":"post-576","1":"product","2":"type-product","3":"status-publish","4":"has-post-thumbnail","6":"product_cat-wholesale-drawer-slides","7":"product_cat-ball-bearing-drawer-slides","9":"first","10":"instock","11":"shipping-taxable","12":"product-type-simple"},"acf":[],"_links":{"self":[{"href":"https:\/\/www.baoertaihardware.com\/es\/wp-json\/wp\/v2\/product\/576","targetHints":{"allow":["GET"]}}],"collection":[{"href":"https:\/\/www.baoertaihardware.com\/es\/wp-json\/wp\/v2\/product"}],"about":[{"href":"https:\/\/www.baoertaihardware.com\/es\/wp-json\/wp\/v2\/types\/product"}],"replies":[{"embeddable":true,"href":"https:\/\/www.baoertaihardware.com\/es\/wp-json\/wp\/v2\/comments?post=576"}],"wp:featuredmedia":[{"embeddable":true,"href":"https:\/\/www.baoertaihardware.com\/es\/wp-json\/wp\/v2\/media\/582"}],"wp:attachment":[{"href":"https:\/\/www.baoertaihardware.com\/es\/wp-json\/wp\/v2\/media?parent=576"}],"wp:term":[{"taxonomy":"product_brand","embeddable":true,"href":"https:\/\/www.baoertaihardware.com\/es\/wp-json\/wp\/v2\/product_brand?post=576"},{"taxonomy":"product_cat","embeddable":true,"href":"https:\/\/www.baoertaihardware.com\/es\/wp-json\/wp\/v2\/product_cat?post=576"},{"taxonomy":"product_tag","embeddable":true,"href":"https:\/\/www.baoertaihardware.com\/es\/wp-json\/wp\/v2\/product_tag?post=576"}],"curies":[{"name":"wp","href":"https:\/\/api.w.org\/{rel}","templated":true}]}}