{"id":554,"date":"2024-10-30T16:08:19","date_gmt":"2024-10-30T16:08:19","guid":{"rendered":"https:\/\/www.baoertaihardware.com\/?post_type=product&#038;p=554"},"modified":"2025-05-27T03:53:15","modified_gmt":"2025-05-27T03:53:15","slug":"custom-soft-close-drawer-slides","status":"publish","type":"product","link":"https:\/\/www.baoertaihardware.com\/es\/producto\/custom-soft-close-drawer-slides\/","title":{"rendered":"45mm Soft Close Drawer Slides 3 Fold Single Spring Slide Fabricante"},"content":{"rendered":"<div class=\"wp-block-columns is-layout-flex wp-container-core-columns-is-layout-9d6595d7 wp-block-columns-is-layout-flex\">\n<div class=\"wp-block-column is-layout-flow wp-block-column-is-layout-flow\">\n<h3 class=\"wp-block-heading\">Caracter\u00edsticas y ventajas de las gu\u00edas de caj\u00f3n de cierre suave <\/h3>\n\n\n\n<ol class=\"wp-block-list\">\n<li><strong>Dise\u00f1o de cierre suave: <\/strong>la funci\u00f3n de cierre suave hace que el caj\u00f3n se cierre lenta y silenciosamente, sin colisiones cuyo ruido perjudicar\u00eda la experiencia.<\/li>\n\n\n\n<li><strong>Gran durabilidad:<\/strong> El material de alta calidad aplicado garantiza que el tobog\u00e1n pueda mantener la estabilidad y la durabilidad durante mucho tiempo.<\/li>\n\n\n\n<li><strong>Mecanismo de muelle simple: <\/strong>El mecanismo de muelle \u00fanico ofrece fiabilidad para el efecto de cierre suave y suaviza a\u00fan m\u00e1s el deslizamiento.<\/li>\n\n\n\n<li><strong>Espacio optimizado: <\/strong>El dise\u00f1o tr\u00edptico permite una mayor extensi\u00f3n de los cajones, con lo que se aprovecha al m\u00e1ximo el espacio de almacenamiento.<\/li>\n\n\n\n<li><strong>F\u00e1cil de instalar:<\/strong> La estructura es sencilla, por lo que resulta f\u00e1cil de instalar. Se puede utilizar f\u00e1cilmente tanto en casa como a nivel profesional.<\/li>\n<\/ol>\n<\/div>\n\n\n\n<div class=\"wp-block-column is-layout-flow wp-block-column-is-layout-flow\">\n<figure class=\"wp-block-image size-full\"><img decoding=\"async\" width=\"1200\" height=\"1200\" src=\"https:\/\/www.baoertaihardware.com\/wp-content\/uploads\/2024\/10\/custom-drawer-slides-soft-close-1.webp\" alt=\"correderas-cajones-a-la-medida-cierre-suave (1)\" class=\"wp-image-570\" srcset=\"https:\/\/www.baoertaihardware.com\/wp-content\/uploads\/2024\/10\/custom-drawer-slides-soft-close-1.webp 1200w, https:\/\/www.baoertaihardware.com\/wp-content\/uploads\/2024\/10\/custom-drawer-slides-soft-close-1-300x300.webp 300w, https:\/\/www.baoertaihardware.com\/wp-content\/uploads\/2024\/10\/custom-drawer-slides-soft-close-1-150x150.webp 150w, https:\/\/www.baoertaihardware.com\/wp-content\/uploads\/2024\/10\/custom-drawer-slides-soft-close-1-768x768.webp 768w, https:\/\/www.baoertaihardware.com\/wp-content\/uploads\/2024\/10\/custom-drawer-slides-soft-close-1-600x600.webp 600w, https:\/\/www.baoertaihardware.com\/wp-content\/uploads\/2024\/10\/custom-drawer-slides-soft-close-1-100x100.webp 100w\" sizes=\"(max-width: 1200px) 100vw, 1200px\" \/><\/figure>\n<\/div>\n<\/div>","protected":false},"excerpt":{"rendered":"<p>Nuestras gu\u00edas de caj\u00f3n de cierre suave triples est\u00e1n dise\u00f1adas para proporcionar una experiencia de calidad. Adecuadas para todo tipo de muebles, incluyendo cocinas, armarios y espacios de oficina. F\u00e1cil de instalar, los usuarios pueden terminarlo f\u00e1cilmente, ahorrando tiempo y mano de obra. Adecuado para la personalizaci\u00f3n al por mayor, bienvenido a contactarnos.<\/p>\n<h3>Especificaciones de las gu\u00edas para cajones Soft Closes<\/h3>\n<ul>\n<li>N\u00ba de modelo:4515D<\/li>\n<li>Material: acero laminado en fr\u00edo<\/li>\n<li>Grosor:1,1\u00d71,1\u00d71,4 mm<\/li>\n<li>Altura:45 mm<\/li>\n<li>Longitud:10 pulgadas-24 pulgadas<\/li>\n<li>Tratamiento de superficie: chapado arco iris\/negro<\/li>\n<li>N\u00famero de cuentas:2 \/3 cuentas<\/li>\n<li>Peso:70 g\/pulgada<\/li>\n<li>Aplicaci\u00f3n: oficina en casa, sal\u00f3n, dormitorio, hotel, villa, apartamento<\/li>\n<\/ul>\n<p><strong>Categor\u00eda<\/strong>: <a href=\"https:\/\/www.baoertaihardware.com\/es\/categoria-producto\/drawer-slides\/\">Gu\u00edas de cajones<\/a><\/p>\n<p><strong>Etiquetas<\/strong>: Correderas de cierre suave, Correderas de montaje lateral, Cajones deslizantes<\/p>","protected":false},"featured_media":571,"comment_status":"closed","ping_status":"closed","template":"","meta":{"_acf_changed":false},"product_brand":[],"product_cat":[19,34],"product_tag":[],"class_list":{"0":"post-554","1":"product","2":"type-product","3":"status-publish","4":"has-post-thumbnail","6":"product_cat-wholesale-drawer-slides","7":"product_cat-soft-close-drawer-slides","9":"first","10":"instock","11":"shipping-taxable","12":"product-type-simple"},"acf":[],"_links":{"self":[{"href":"https:\/\/www.baoertaihardware.com\/es\/wp-json\/wp\/v2\/product\/554","targetHints":{"allow":["GET"]}}],"collection":[{"href":"https:\/\/www.baoertaihardware.com\/es\/wp-json\/wp\/v2\/product"}],"about":[{"href":"https:\/\/www.baoertaihardware.com\/es\/wp-json\/wp\/v2\/types\/product"}],"replies":[{"embeddable":true,"href":"https:\/\/www.baoertaihardware.com\/es\/wp-json\/wp\/v2\/comments?post=554"}],"wp:featuredmedia":[{"embeddable":true,"href":"https:\/\/www.baoertaihardware.com\/es\/wp-json\/wp\/v2\/media\/571"}],"wp:attachment":[{"href":"https:\/\/www.baoertaihardware.com\/es\/wp-json\/wp\/v2\/media?parent=554"}],"wp:term":[{"taxonomy":"product_brand","embeddable":true,"href":"https:\/\/www.baoertaihardware.com\/es\/wp-json\/wp\/v2\/product_brand?post=554"},{"taxonomy":"product_cat","embeddable":true,"href":"https:\/\/www.baoertaihardware.com\/es\/wp-json\/wp\/v2\/product_cat?post=554"},{"taxonomy":"product_tag","embeddable":true,"href":"https:\/\/www.baoertaihardware.com\/es\/wp-json\/wp\/v2\/product_tag?post=554"}],"curies":[{"name":"wp","href":"https:\/\/api.w.org\/{rel}","templated":true}]}}