{"id":547,"date":"2024-10-30T17:25:47","date_gmt":"2024-10-30T17:25:47","guid":{"rendered":"https:\/\/www.baoertaihardware.com\/?post_type=product&#038;p=547"},"modified":"2024-10-30T17:25:48","modified_gmt":"2024-10-30T17:25:48","slug":"push-open-undermount-drawer-slides","status":"publish","type":"product","link":"https:\/\/www.baoertaihardware.com\/es\/producto\/push-open-undermount-drawer-slides\/","title":{"rendered":"3-Fold Push to Open Undermount Drawer Slides with Handles Proveedor"},"content":{"rendered":"<div class=\"wp-block-columns is-layout-flex wp-container-core-columns-is-layout-9d6595d7 wp-block-columns-is-layout-flex\">\n<div class=\"wp-block-column is-layout-flow wp-block-column-is-layout-flow\">\n<h3 class=\"wp-block-heading\">Caracter\u00edsticas y ventajas de las gu\u00edas para cajones de montaje bajo encimera Push to Open<\/h3>\n\n\n\n<ol class=\"wp-block-list\">\n<li><strong>Cierre suave y silencioso:<\/strong> Adoptando la tecnolog\u00eda de cierre suave para permitir cada vez ligera y silenciosamente, mejorar la experiencia del usuario.<\/li>\n\n\n\n<li><strong>Material duradero:<\/strong> Acero de alta calidad, resistente al desgaste y duradero, fuerte capacidad de carga, adecuado para todo tipo de muebles.<\/li>\n\n\n\n<li><strong>Comodidad Push-pull: <\/strong>Dise\u00f1o \u00fanico push-pull, conveniente para abrir y cerrar, haciendo las operaciones diarias sin problemas.<\/li>\n\n\n\n<li><strong>F\u00e1cil instalaci\u00f3n:<\/strong> Dise\u00f1o razonable, f\u00e1cil instalaci\u00f3n, sin necesidad de herramientas profesionales, adecuado para aficionados al bricolaje.<\/li>\n\n\n\n<li><strong>Belleza moderna:<\/strong> dise\u00f1o sencillo y moderno, adecuado para diferentes estilos de casas, mejorando el nivel de decoraci\u00f3n.<\/li>\n<\/ol>\n<\/div>\n\n\n\n<div class=\"wp-block-column is-layout-flow wp-block-column-is-layout-flow\">\n<figure class=\"wp-block-image size-full\"><img decoding=\"async\" width=\"1200\" height=\"1200\" src=\"https:\/\/www.baoertaihardware.com\/wp-content\/uploads\/2024\/10\/Custom-Push-to-Open-Drawer-Slides-Soft-Close1.webp\" alt=\"Gu\u00edas Push to Open Soft Close1\" class=\"wp-image-564\" srcset=\"https:\/\/www.baoertaihardware.com\/wp-content\/uploads\/2024\/10\/Custom-Push-to-Open-Drawer-Slides-Soft-Close1.webp 1200w, https:\/\/www.baoertaihardware.com\/wp-content\/uploads\/2024\/10\/Custom-Push-to-Open-Drawer-Slides-Soft-Close1-300x300.webp 300w, https:\/\/www.baoertaihardware.com\/wp-content\/uploads\/2024\/10\/Custom-Push-to-Open-Drawer-Slides-Soft-Close1-150x150.webp 150w, https:\/\/www.baoertaihardware.com\/wp-content\/uploads\/2024\/10\/Custom-Push-to-Open-Drawer-Slides-Soft-Close1-768x768.webp 768w, https:\/\/www.baoertaihardware.com\/wp-content\/uploads\/2024\/10\/Custom-Push-to-Open-Drawer-Slides-Soft-Close1-600x600.webp 600w, https:\/\/www.baoertaihardware.com\/wp-content\/uploads\/2024\/10\/Custom-Push-to-Open-Drawer-Slides-Soft-Close1-100x100.webp 100w\" sizes=\"(max-width: 1200px) 100vw, 1200px\" \/><\/figure>\n<\/div>\n<\/div>\n\n\n\n<p><\/p>","protected":false},"excerpt":{"rendered":"<p>Las gu\u00edas para cajones de montaje bajo encimera de 3 pliegues con apertura por presi\u00f3n ofrecen una tecnolog\u00eda de cierre suave y silencioso junto con materiales s\u00f3lidos para un uso prolongado sin preocupaciones, al tiempo que facilitan la instalaci\u00f3n para diversas aplicaciones de mobiliario. Seleccione la gu\u00eda adecuada seg\u00fan sus necesidades.<\/p>\n<h3>Especificaciones de las gu\u00edas para cajones de montaje bajo encimera Push to Open<\/h3>\n<ul>\n<li>N\u00ba de modelo: D606<\/li>\n<li>Material: acero laminado en fr\u00edo<\/li>\n<li>Thickness:1.8*1.5*1.0mm<\/li>\n<li>Longitud:250-600mm<\/li>\n<li>Tratamiento superficial: zincado\u00a0<\/li>\n<li>Capacidad de carga:35 kg<\/li>\n<li>Aplicaci\u00f3n: oficina en casa, sal\u00f3n, dormitorio, hotel, villa, apartamento<\/li>\n<\/ul>\n<p><strong>Categor\u00eda<\/strong>: <a href=\"https:\/\/www.baoertaihardware.com\/es\/categoria-producto\/undermount-drawer-slides\/\">Gu\u00edas para cajones bajo encimera<\/a><\/p>\n<p><strong>Etiquetas<\/strong>: Correderas Ocultas, Correderas de Cierre Suave, Correderas para Empotrar<\/p>","protected":false},"featured_media":565,"comment_status":"closed","ping_status":"closed","template":"","meta":{"_acf_changed":false},"product_brand":[],"product_cat":[20],"product_tag":[],"class_list":{"0":"post-547","1":"product","2":"type-product","3":"status-publish","4":"has-post-thumbnail","6":"product_cat-undermount-drawer-slides-wholesale","8":"first","9":"instock","10":"shipping-taxable","11":"product-type-simple"},"acf":[],"_links":{"self":[{"href":"https:\/\/www.baoertaihardware.com\/es\/wp-json\/wp\/v2\/product\/547","targetHints":{"allow":["GET"]}}],"collection":[{"href":"https:\/\/www.baoertaihardware.com\/es\/wp-json\/wp\/v2\/product"}],"about":[{"href":"https:\/\/www.baoertaihardware.com\/es\/wp-json\/wp\/v2\/types\/product"}],"replies":[{"embeddable":true,"href":"https:\/\/www.baoertaihardware.com\/es\/wp-json\/wp\/v2\/comments?post=547"}],"wp:featuredmedia":[{"embeddable":true,"href":"https:\/\/www.baoertaihardware.com\/es\/wp-json\/wp\/v2\/media\/565"}],"wp:attachment":[{"href":"https:\/\/www.baoertaihardware.com\/es\/wp-json\/wp\/v2\/media?parent=547"}],"wp:term":[{"taxonomy":"product_brand","embeddable":true,"href":"https:\/\/www.baoertaihardware.com\/es\/wp-json\/wp\/v2\/product_brand?post=547"},{"taxonomy":"product_cat","embeddable":true,"href":"https:\/\/www.baoertaihardware.com\/es\/wp-json\/wp\/v2\/product_cat?post=547"},{"taxonomy":"product_tag","embeddable":true,"href":"https:\/\/www.baoertaihardware.com\/es\/wp-json\/wp\/v2\/product_tag?post=547"}],"curies":[{"name":"wp","href":"https:\/\/api.w.org\/{rel}","templated":true}]}}