{"id":540,"date":"2024-10-29T10:13:30","date_gmt":"2024-10-29T10:13:30","guid":{"rendered":"https:\/\/www.baoertaihardware.com\/?post_type=product&#038;p=540"},"modified":"2025-05-27T03:47:14","modified_gmt":"2025-05-27T03:47:14","slug":"custom-push-to-open-drawer-slides","status":"publish","type":"product","link":"https:\/\/www.baoertaihardware.com\/es\/producto\/custom-push-to-open-drawer-slides\/","title":{"rendered":"Custom Push to Open Caj\u00f3n Gu\u00edas 3-Fold 45 mm Ball Bearing Slides Factory"},"content":{"rendered":"<div class=\"wp-block-columns is-layout-flex wp-container-core-columns-is-layout-9d6595d7 wp-block-columns-is-layout-flex\">\n<div class=\"wp-block-column is-layout-flow wp-block-column-is-layout-flow\">\n<h3 class=\"wp-block-heading\">Caracter\u00edsticas y ventajas de las gu\u00edas Push to Open<\/h3>\n\n\n\n<ol class=\"wp-block-list\">\n<li><strong>Dise\u00f1o sin asa:<\/strong> Basta con empujar el panel del caj\u00f3n para abrirlo; no es necesario utilizar tiradores o pomos tradicionales, muy sencillo y elegante.<\/li>\n\n\n\n<li><strong>Mecanismo de expulsi\u00f3n autom\u00e1tica:<\/strong> El mecanismo de resorte incorporado expulsa autom\u00e1ticamente el caj\u00f3n al presionarlo, lo que facilita y agiliza su manejo.<\/li>\n\n\n\n<li><strong>Gran capacidad de carga:<\/strong> El acero de alta calidad garantiza que las gu\u00edas sean lo suficientemente resistentes como para transportar objetos pesados.<\/li>\n\n\n\n<li><strong>Reducci\u00f3n del ruido: <\/strong>La funci\u00f3n de cierre autom\u00e1tico amortiguado reduce especialmente el ruido al cerrar el caj\u00f3n, lo que mejora la experiencia del usuario.<\/li>\n\n\n\n<li><strong>Utilizaci\u00f3n del espacio:<\/strong> El dise\u00f1o tr\u00edptico permite ampliar los cajones para optimizar el espacio de almacenamiento.<\/li>\n<\/ol>\n<\/div>\n\n\n\n<div class=\"wp-block-column is-layout-flow wp-block-column-is-layout-flow\">\n<figure class=\"wp-block-image size-full\"><img decoding=\"async\" width=\"1200\" height=\"1200\" src=\"https:\/\/www.baoertaihardware.com\/wp-content\/uploads\/2024\/10\/custom-push-to-open-drawer-slides-1.webp\" alt=\"correderas-pulsador-a-abertura-a-la-medida (1)\" class=\"wp-image-548\" srcset=\"https:\/\/www.baoertaihardware.com\/wp-content\/uploads\/2024\/10\/custom-push-to-open-drawer-slides-1.webp 1200w, https:\/\/www.baoertaihardware.com\/wp-content\/uploads\/2024\/10\/custom-push-to-open-drawer-slides-1-300x300.webp 300w, https:\/\/www.baoertaihardware.com\/wp-content\/uploads\/2024\/10\/custom-push-to-open-drawer-slides-1-150x150.webp 150w, https:\/\/www.baoertaihardware.com\/wp-content\/uploads\/2024\/10\/custom-push-to-open-drawer-slides-1-768x768.webp 768w, https:\/\/www.baoertaihardware.com\/wp-content\/uploads\/2024\/10\/custom-push-to-open-drawer-slides-1-600x600.webp 600w, https:\/\/www.baoertaihardware.com\/wp-content\/uploads\/2024\/10\/custom-push-to-open-drawer-slides-1-100x100.webp 100w\" sizes=\"(max-width: 1200px) 100vw, 1200px\" \/><\/figure>\n<\/div>\n<\/div>","protected":false},"excerpt":{"rendered":"<p>Nuestras gu\u00edas para cajones personalizadas de tres pliegues con apertura a presi\u00f3n est\u00e1n ingeniosamente dise\u00f1adas para abrirse con una suave presi\u00f3n sobre el panel, sin necesidad de tiradores, y cerrarse suavemente y sin hacer ruido. El dise\u00f1o tr\u00edptico es adecuado para todo tipo de muebles, especialmente para espacios limitados, ahorrando espacio y facilitando el acceso. La personalizaci\u00f3n es bienvenida para satisfacer sus necesidades espec\u00edficas y mejorar la calidad del producto y la experiencia del usuario.<\/p>\n<h3>Especificaciones de las gu\u00edas Push to Open<\/h3>\n<ul>\n<li>Modelo n\u00ba:4512<\/li>\n<li>Material: acero laminado en fr\u00edo<\/li>\n<li>Thickness:1.0\u00d701.0x1.2mm<\/li>\n<li>Altura:45 mm<\/li>\n<li>Longitud:10 pulgadas-24 pulgadas<\/li>\n<li>Tratamiento de superficie: chapado arco iris\/negro<\/li>\n<li>N\u00famero de cuentas:2 \/3 cuentas<\/li>\n<li>Peso: 62 g\/pulgada<\/li>\n<li>Aplicaci\u00f3n: oficina en casa, sal\u00f3n, dormitorio, hotel, villa, apartamento<\/li>\n<\/ul>\n<p><strong>Categor\u00eda<\/strong>: <a href=\"https:\/\/www.baoertaihardware.com\/es\/categoria-producto\/drawer-slides\/\">Gu\u00edas de cajones<\/a><\/p>\n<p><strong>Etiquetas<\/strong>: Correderas de cierre suave, Correderas de montaje lateral, Cajones deslizantes<\/p>","protected":false},"featured_media":549,"comment_status":"closed","ping_status":"closed","template":"","meta":{"_acf_changed":false},"product_brand":[],"product_cat":[19,35],"product_tag":[],"class_list":{"0":"post-540","1":"product","2":"type-product","3":"status-publish","4":"has-post-thumbnail","6":"product_cat-wholesale-drawer-slides","7":"product_cat-push-to-open-drawer-slides","9":"first","10":"instock","11":"shipping-taxable","12":"product-type-simple"},"acf":[],"_links":{"self":[{"href":"https:\/\/www.baoertaihardware.com\/es\/wp-json\/wp\/v2\/product\/540","targetHints":{"allow":["GET"]}}],"collection":[{"href":"https:\/\/www.baoertaihardware.com\/es\/wp-json\/wp\/v2\/product"}],"about":[{"href":"https:\/\/www.baoertaihardware.com\/es\/wp-json\/wp\/v2\/types\/product"}],"replies":[{"embeddable":true,"href":"https:\/\/www.baoertaihardware.com\/es\/wp-json\/wp\/v2\/comments?post=540"}],"wp:featuredmedia":[{"embeddable":true,"href":"https:\/\/www.baoertaihardware.com\/es\/wp-json\/wp\/v2\/media\/549"}],"wp:attachment":[{"href":"https:\/\/www.baoertaihardware.com\/es\/wp-json\/wp\/v2\/media?parent=540"}],"wp:term":[{"taxonomy":"product_brand","embeddable":true,"href":"https:\/\/www.baoertaihardware.com\/es\/wp-json\/wp\/v2\/product_brand?post=540"},{"taxonomy":"product_cat","embeddable":true,"href":"https:\/\/www.baoertaihardware.com\/es\/wp-json\/wp\/v2\/product_cat?post=540"},{"taxonomy":"product_tag","embeddable":true,"href":"https:\/\/www.baoertaihardware.com\/es\/wp-json\/wp\/v2\/product_tag?post=540"}],"curies":[{"name":"wp","href":"https:\/\/api.w.org\/{rel}","templated":true}]}}