{"id":519,"date":"2024-10-29T17:56:26","date_gmt":"2024-10-29T17:56:26","guid":{"rendered":"https:\/\/www.baoertaihardware.com\/?post_type=product&#038;p=519"},"modified":"2024-10-29T17:56:27","modified_gmt":"2024-10-29T17:56:27","slug":"push-to-open-soft-close-drawer-slides","status":"publish","type":"product","link":"https:\/\/www.baoertaihardware.com\/es\/producto\/push-to-open-soft-close-drawer-slides\/","title":{"rendered":"Push to Open Soft Close Gu\u00edas de caj\u00f3n 2 pliegues con cerrojo Mayorista"},"content":{"rendered":"<div class=\"wp-block-columns is-layout-flex wp-container-core-columns-is-layout-9d6595d7 wp-block-columns-is-layout-flex\">\n<div class=\"wp-block-column is-layout-flow wp-block-column-is-layout-flow\">\n<h3 class=\"wp-block-heading\">Caracter\u00edsticas y ventajas de las gu\u00edas Push to Open de cierre suave<\/h3>\n\n\n\n<ol class=\"wp-block-list\">\n<li><strong>Funci\u00f3n de apertura por pulsaci\u00f3n: <\/strong>Sin necesidad de dise\u00f1ar un tirador, s\u00f3lo se necesita una ligera presi\u00f3n y la funci\u00f3n se abrir\u00e1 autom\u00e1ticamente, lo que resulta c\u00f3modo y r\u00e1pido. Adecuado para muebles de estilo sencillo.<\/li>\n\n\n\n<li><strong>Cierre silencioso amortiguado:<\/strong> La funci\u00f3n de cierre suave permite que el caj\u00f3n se cierre de forma suave y silenciosa, con poco ruido para crear un ambiente tranquilo en los hogares.<\/li>\n\n\n\n<li><strong>Fijaci\u00f3n con pernos s\u00f3lidos:<\/strong> Los pernos mejoran la estabilidad y la capacidad de carga de la gu\u00eda deslizante para que el uso sea m\u00e1s suave y seguro.<\/li>\n\n\n\n<li><strong>Dise\u00f1o de ra\u00edl de deslizamiento de dos pliegues:<\/strong> Un riel de deslizamiento de dos partes est\u00e1 dise\u00f1ado para que la acci\u00f3n de abrir y cerrar sea agradable y f\u00e1cil. El caj\u00f3n se desliza hacia dentro y hacia fuera con facilidad.<\/li>\n\n\n\n<li><strong>Instalaci\u00f3n oculta, ahorrando espacio:<\/strong> Instalado en la parte inferior del caj\u00f3n, mantiene los muebles bonitos y ordenados.<\/li>\n<\/ol>\n<\/div>\n\n\n\n<div class=\"wp-block-column is-layout-flow wp-block-column-is-layout-flow\">\n<figure class=\"wp-block-image size-full\"><img decoding=\"async\" width=\"1200\" height=\"1200\" src=\"https:\/\/www.baoertaihardware.com\/wp-content\/uploads\/2024\/10\/Push-to-Open-Soft-Close-Drawer-Slides-Bulk-1.webp\" alt=\"Gu\u00edas Push to Open Soft Close Bulk 1\" class=\"wp-image-532\" srcset=\"https:\/\/www.baoertaihardware.com\/wp-content\/uploads\/2024\/10\/Push-to-Open-Soft-Close-Drawer-Slides-Bulk-1.webp 1200w, https:\/\/www.baoertaihardware.com\/wp-content\/uploads\/2024\/10\/Push-to-Open-Soft-Close-Drawer-Slides-Bulk-1-300x300.webp 300w, https:\/\/www.baoertaihardware.com\/wp-content\/uploads\/2024\/10\/Push-to-Open-Soft-Close-Drawer-Slides-Bulk-1-150x150.webp 150w, https:\/\/www.baoertaihardware.com\/wp-content\/uploads\/2024\/10\/Push-to-Open-Soft-Close-Drawer-Slides-Bulk-1-768x768.webp 768w, https:\/\/www.baoertaihardware.com\/wp-content\/uploads\/2024\/10\/Push-to-Open-Soft-Close-Drawer-Slides-Bulk-1-600x600.webp 600w, https:\/\/www.baoertaihardware.com\/wp-content\/uploads\/2024\/10\/Push-to-Open-Soft-Close-Drawer-Slides-Bulk-1-100x100.webp 100w\" sizes=\"(max-width: 1200px) 100vw, 1200px\" \/><\/figure>\n<\/div>\n<\/div>\n\n\n\n<p><\/p>","protected":false},"excerpt":{"rendered":"<p>Las gu\u00edas de caj\u00f3n de cierre suave y 2 pliegues con perno le ofrecen una experiencia de apertura y cierre de primera clase. Con un ligero empuje, se abrir\u00e1 autom\u00e1ticamente y proporcionar\u00e1 un efecto de cierre suave y silencioso. Con su dise\u00f1o de perno estable, tiene una fuerte capacidad de carga y es adecuado para la instalaci\u00f3n de masas de armarios, cajones y muebles de alta calidad.<\/p>\n<h3>Especificaciones de las gu\u00edas Push to Open Soft Close<\/h3>\n<ul>\n<li>Modelo n\u00ba:B2<\/li>\n<li>Material: acero laminado en fr\u00edo<\/li>\n<li>Grosor:1,0*1,0mm<\/li>\n<li>Longitud:250-600mm<\/li>\n<li>Tratamiento superficial: zincado\u00a0<\/li>\n<li>Capacidad de carga:20 kg<\/li>\n<li>Aplicaci\u00f3n: oficina en casa, sal\u00f3n, dormitorio, hotel, villa, apartamento<\/li>\n<\/ul>\n<p><strong>Categor\u00eda<\/strong>: <a href=\"https:\/\/www.baoertaihardware.com\/es\/categoria-producto\/undermount-drawer-slides\/\">Gu\u00edas para cajones bajo encimera<\/a><\/p>\n<p><strong>Etiquetas<\/strong>: Correderas Ocultas, Correderas de Cierre Suave, Correderas para Empotrar<\/p>","protected":false},"featured_media":533,"comment_status":"closed","ping_status":"closed","template":"","meta":{"_acf_changed":false},"product_brand":[],"product_cat":[20],"product_tag":[],"class_list":{"0":"post-519","1":"product","2":"type-product","3":"status-publish","4":"has-post-thumbnail","6":"product_cat-undermount-drawer-slides-wholesale","8":"first","9":"instock","10":"shipping-taxable","11":"product-type-simple"},"acf":[],"_links":{"self":[{"href":"https:\/\/www.baoertaihardware.com\/es\/wp-json\/wp\/v2\/product\/519","targetHints":{"allow":["GET"]}}],"collection":[{"href":"https:\/\/www.baoertaihardware.com\/es\/wp-json\/wp\/v2\/product"}],"about":[{"href":"https:\/\/www.baoertaihardware.com\/es\/wp-json\/wp\/v2\/types\/product"}],"replies":[{"embeddable":true,"href":"https:\/\/www.baoertaihardware.com\/es\/wp-json\/wp\/v2\/comments?post=519"}],"wp:featuredmedia":[{"embeddable":true,"href":"https:\/\/www.baoertaihardware.com\/es\/wp-json\/wp\/v2\/media\/533"}],"wp:attachment":[{"href":"https:\/\/www.baoertaihardware.com\/es\/wp-json\/wp\/v2\/media?parent=519"}],"wp:term":[{"taxonomy":"product_brand","embeddable":true,"href":"https:\/\/www.baoertaihardware.com\/es\/wp-json\/wp\/v2\/product_brand?post=519"},{"taxonomy":"product_cat","embeddable":true,"href":"https:\/\/www.baoertaihardware.com\/es\/wp-json\/wp\/v2\/product_cat?post=519"},{"taxonomy":"product_tag","embeddable":true,"href":"https:\/\/www.baoertaihardware.com\/es\/wp-json\/wp\/v2\/product_tag?post=519"}],"curies":[{"name":"wp","href":"https:\/\/api.w.org\/{rel}","templated":true}]}}