{"id":451,"date":"2024-10-28T06:48:50","date_gmt":"2024-10-28T06:48:50","guid":{"rendered":"https:\/\/www.baoertaihardware.com\/?post_type=product&#038;p=451"},"modified":"2025-05-27T03:55:06","modified_gmt":"2025-05-27T03:55:06","slug":"ball-bearing-drawer-slide-factory","status":"publish","type":"product","link":"https:\/\/www.baoertaihardware.com\/es\/producto\/ball-bearing-drawer-slide-factory\/","title":{"rendered":"30mm 3-Fold Ball Bearing Drawer Slide Fabricante"},"content":{"rendered":"<div class=\"wp-block-columns is-layout-flex wp-container-core-columns-is-layout-9d6595d7 wp-block-columns-is-layout-flex\">\n<div class=\"wp-block-column is-layout-flow wp-block-column-is-layout-flow\">\n<h3 class=\"wp-block-heading\">Caracter\u00edsticas y ventajas de la gu\u00eda de bolas para cajones<\/h3>\n\n\n\n<ol class=\"wp-block-list\">\n<li><strong>Funcionamiento m\u00e1s suave<\/strong>: Los rodamientos de bolas de alta precisi\u00f3n permiten un funcionamiento suave cuando el caj\u00f3n se abre o se cierra sin obstrucciones, proporcionando al operador una gran experiencia.<\/li>\n\n\n\n<li><strong>Alta resistencia<\/strong>: Las correderas de bolas de acero laminado en fr\u00edo tienen una resistencia superior al desgaste y a la corrosi\u00f3n, lo que prolonga su vida \u00fatil.<\/li>\n\n\n\n<li><strong>Instalaci\u00f3n c\u00f3moda<\/strong>: Las gu\u00edas para cajones est\u00e1n bien dise\u00f1adas, son c\u00f3modas de instalar y se adaptan a una gran variedad de muebles, ahorrando tiempo y costes de instalaci\u00f3n.<\/li>\n\n\n\n<li><strong>Dise\u00f1o de extensi\u00f3n total<\/strong>: El dise\u00f1o de apertura completa permite m\u00e1s espacio para el acceso, lo que es conveniente para los usuarios utilizar y organizar sus cosas.<\/li>\n\n\n\n<li><strong>Doble protecci\u00f3n contra ca\u00eddas<\/strong>: Las gu\u00edas de rodamiento de bolas vienen con doble protecci\u00f3n contra ca\u00eddas. Evitan que el caj\u00f3n se separe del mueble. Las gu\u00edas son f\u00e1cilmente extra\u00edbles y lavables.<\/li>\n<\/ol>\n<\/div>\n\n\n\n<div class=\"wp-block-column is-layout-flow wp-block-column-is-layout-flow\">\n<figure class=\"wp-block-image size-full\"><img decoding=\"async\" width=\"1200\" height=\"1200\" src=\"https:\/\/www.baoertaihardware.com\/wp-content\/uploads\/2024\/10\/Ball-Bearing-Drawer-Slide-Manufacturer-5.webp\" alt=\"Fabricante de correderas de bolas para cajones (5)\" class=\"wp-image-456\" srcset=\"https:\/\/www.baoertaihardware.com\/wp-content\/uploads\/2024\/10\/Ball-Bearing-Drawer-Slide-Manufacturer-5.webp 1200w, https:\/\/www.baoertaihardware.com\/wp-content\/uploads\/2024\/10\/Ball-Bearing-Drawer-Slide-Manufacturer-5-300x300.webp 300w, https:\/\/www.baoertaihardware.com\/wp-content\/uploads\/2024\/10\/Ball-Bearing-Drawer-Slide-Manufacturer-5-150x150.webp 150w, https:\/\/www.baoertaihardware.com\/wp-content\/uploads\/2024\/10\/Ball-Bearing-Drawer-Slide-Manufacturer-5-768x768.webp 768w, https:\/\/www.baoertaihardware.com\/wp-content\/uploads\/2024\/10\/Ball-Bearing-Drawer-Slide-Manufacturer-5-600x600.webp 600w, https:\/\/www.baoertaihardware.com\/wp-content\/uploads\/2024\/10\/Ball-Bearing-Drawer-Slide-Manufacturer-5-100x100.webp 100w\" sizes=\"(max-width: 1200px) 100vw, 1200px\" \/><\/figure>\n<\/div>\n<\/div>","protected":false},"excerpt":{"rendered":"<p>Las gu\u00edas para cajones de 30 mm con rodamiento de bolas de 3 pliegues est\u00e1n fabricadas en acero laminado en fr\u00edo de alta calidad, lo que proporciona un deslizamiento suave y duradero. Nuestras gu\u00edas deslizantes al por mayor, que utilizan tecnolog\u00eda avanzada, se someten a una estricta inspecci\u00f3n de calidad y son aptas para un uso generalizado en muebles familiares y comerciales. Por favor, elija el estilo correcto de la gu\u00eda deslizante seg\u00fan la capacidad de rodamiento que necesite.<\/p>\n<h3>Especificaciones de la gu\u00eda de bolas para cajones<\/h3>\n<ul>\n<li>Modelo n\u00ba:3006<\/li>\n<li>Material: acero laminado en fr\u00edo<\/li>\n<li>Grosor:0,6\u00d70,6\u00d70,6mm<\/li>\n<li>Altura:30 mm<\/li>\n<li>Longitud:10 pulgadas-16 pulgadas<\/li>\n<li>Tratamiento superficial: cincado \/ negro \/ cincado en color<\/li>\n<li>N\u00famero de cuentas:2 cuentas<\/li>\n<li>Peso:24g\/26g<\/li>\n<li>Aplicaci\u00f3n: oficina en casa, sal\u00f3n, dormitorio, hotel, villa, apartamento<\/li>\n<\/ul>\n<p><strong>Categor\u00eda<\/strong>: <a href=\"https:\/\/www.baoertaihardware.com\/es\/categoria-producto\/drawer-slides\/\">Gu\u00edas de cajones<\/a><\/p>\n<p><strong>Etiquetas<\/strong>: Gu\u00eda de bolas para cajones, Gu\u00eda de extracci\u00f3n total<\/p>","protected":false},"featured_media":455,"comment_status":"closed","ping_status":"closed","template":"","meta":{"_acf_changed":false},"product_brand":[],"product_cat":[19,33],"product_tag":[],"class_list":{"0":"post-451","1":"product","2":"type-product","3":"status-publish","4":"has-post-thumbnail","6":"product_cat-wholesale-drawer-slides","7":"product_cat-ball-bearing-drawer-slides","9":"first","10":"instock","11":"shipping-taxable","12":"product-type-simple"},"acf":[],"_links":{"self":[{"href":"https:\/\/www.baoertaihardware.com\/es\/wp-json\/wp\/v2\/product\/451","targetHints":{"allow":["GET"]}}],"collection":[{"href":"https:\/\/www.baoertaihardware.com\/es\/wp-json\/wp\/v2\/product"}],"about":[{"href":"https:\/\/www.baoertaihardware.com\/es\/wp-json\/wp\/v2\/types\/product"}],"replies":[{"embeddable":true,"href":"https:\/\/www.baoertaihardware.com\/es\/wp-json\/wp\/v2\/comments?post=451"}],"wp:featuredmedia":[{"embeddable":true,"href":"https:\/\/www.baoertaihardware.com\/es\/wp-json\/wp\/v2\/media\/455"}],"wp:attachment":[{"href":"https:\/\/www.baoertaihardware.com\/es\/wp-json\/wp\/v2\/media?parent=451"}],"wp:term":[{"taxonomy":"product_brand","embeddable":true,"href":"https:\/\/www.baoertaihardware.com\/es\/wp-json\/wp\/v2\/product_brand?post=451"},{"taxonomy":"product_cat","embeddable":true,"href":"https:\/\/www.baoertaihardware.com\/es\/wp-json\/wp\/v2\/product_cat?post=451"},{"taxonomy":"product_tag","embeddable":true,"href":"https:\/\/www.baoertaihardware.com\/es\/wp-json\/wp\/v2\/product_tag?post=451"}],"curies":[{"name":"wp","href":"https:\/\/api.w.org\/{rel}","templated":true}]}}