{"id":1677,"date":"2026-04-14T07:20:17","date_gmt":"2026-04-14T07:20:17","guid":{"rendered":"https:\/\/www.baoertaihardware.com\/?post_type=product&#038;p=1677"},"modified":"2026-04-14T07:28:21","modified_gmt":"2026-04-14T07:28:21","slug":"push-to-open-soft-close-45mm-drawer-slides-10-inch-side-mount-dresser-runner-black-full-extension-cabinet-glide-supplier","status":"publish","type":"product","link":"https:\/\/www.baoertaihardware.com\/es\/producto\/push-to-open-soft-close-45mm-drawer-slides-10-inch-side-mount-dresser-runner-black-full-extension-cabinet-glide-supplier\/","title":{"rendered":"Push to Open Soft Close 45mm Drawer Slides 10 Inch Side Mount Dresser Runner Black Full Extension Cabinet Glide Supplier"},"content":{"rendered":"<div class=\"wp-block-columns is-layout-flex wp-container-core-columns-is-layout-9d6595d7 wp-block-columns-is-layout-flex\">\n<div class=\"wp-block-column is-layout-flow wp-block-column-is-layout-flow\">\n<h3 class=\"wp-block-heading\">Caracter\u00edsticas y ventajas de la gu\u00eda de cierre suave Push to Open<\/h3>\n\n\n\n<ol class=\"wp-block-list\">\n<li><strong>Funcionamiento suave:<\/strong> El dise\u00f1o tr\u00edptico proporciona una mayor longitud de extracci\u00f3n y garantiza una apertura y cierre suaves del caj\u00f3n.<\/li>\n\n\n\n<li><strong>Funcionamiento silencioso:<\/strong> El dise\u00f1o del mecanismo de cierre suave reduce eficazmente el ruido y aumenta la comodidad de uso.<\/li>\n\n\n\n<li><strong>Gran durabilidad:<\/strong> Hecho de acero de alta calidad, fuerte capacidad de carga, no es f\u00e1cil de desgastar despu\u00e9s de un uso prolongado.<\/li>\n\n\n\n<li><strong>Cierre silencioso y suave: <\/strong>Disfrute de la comodidad de pulsar para abrir y del cierre suave y silencioso; no necesita tiradores, lo que da a su armario un aspecto limpio y minimalista.<\/li>\n\n\n\n<li><strong>F\u00e1cil de instalar:<\/strong> Dise\u00f1o sencillo, adecuado para el bricolaje y la instalaci\u00f3n profesional, ahorrando tiempo y energ\u00eda.<\/li>\n<\/ol>\n<\/div>\n\n\n\n<div class=\"wp-block-column is-layout-flow wp-block-column-is-layout-flow\">\n<figure class=\"wp-block-image size-full\"><img decoding=\"async\" width=\"1200\" height=\"1200\" src=\"https:\/\/www.baoertaihardware.com\/wp-content\/uploads\/2026\/04\/Push-to-Open-Soft-Close-Drawer-Slides-wholesaler-1.webp\" alt=\"45mm Push to Open Soft Close Gu\u00edas de caj\u00f3n mayorista\" class=\"wp-image-1679\" srcset=\"https:\/\/www.baoertaihardware.com\/wp-content\/uploads\/2026\/04\/Push-to-Open-Soft-Close-Drawer-Slides-wholesaler-1.webp 1200w, https:\/\/www.baoertaihardware.com\/wp-content\/uploads\/2026\/04\/Push-to-Open-Soft-Close-Drawer-Slides-wholesaler-1-300x300.webp 300w, https:\/\/www.baoertaihardware.com\/wp-content\/uploads\/2026\/04\/Push-to-Open-Soft-Close-Drawer-Slides-wholesaler-1-150x150.webp 150w, https:\/\/www.baoertaihardware.com\/wp-content\/uploads\/2026\/04\/Push-to-Open-Soft-Close-Drawer-Slides-wholesaler-1-768x768.webp 768w, https:\/\/www.baoertaihardware.com\/wp-content\/uploads\/2026\/04\/Push-to-Open-Soft-Close-Drawer-Slides-wholesaler-1-12x12.webp 12w, https:\/\/www.baoertaihardware.com\/wp-content\/uploads\/2026\/04\/Push-to-Open-Soft-Close-Drawer-Slides-wholesaler-1-600x600.webp 600w, https:\/\/www.baoertaihardware.com\/wp-content\/uploads\/2026\/04\/Push-to-Open-Soft-Close-Drawer-Slides-wholesaler-1-100x100.webp 100w\" sizes=\"(max-width: 1200px) 100vw, 1200px\" \/><\/figure>\n<\/div>\n<\/div>\n\n\n\n<p><\/p>\n\n\n\n<p><\/p>","protected":false},"excerpt":{"rendered":"<p>Las gu\u00edas para cajones de 45 mm y 3 pliegues con cierre suave que proporcionamos son ideales para herrajes de muebles de alta calidad, ya que ofrecen un cierre suave y silencioso para garantizar que los cajones se cierren lenta y silenciosamente cuando se cierran. Fabricada en acero de calidad superior para una mayor resistencia y durabilidad, esta gu\u00eda tiene un dise\u00f1o \u00fanico de tres pliegues para una mayor longitud de extracci\u00f3n y as\u00ed aprovechar al m\u00e1ximo el espacio.<\/p>\n<h3>Especificaciones de Push to Open Soft Close Drawer Slide<\/h3>\n<ul>\n<li>Modelo n\u00ba:4515<\/li>\n<li>Material: acero laminado en fr\u00edo<\/li>\n<li>Grosor: 1,1\u00d71,1\u00d71,4 mm<\/li>\n<li>Altura: 45 mm<\/li>\n<li>Longitud: 10 pulgadas-24 pulgadas<\/li>\n<li>Tratamiento de superficie: chapado arco iris\/negro<\/li>\n<li>N\u00famero de cuentas: 2 \/3 cuentas<\/li>\n<li>Peso: 70 g\/pulgada<\/li>\n<li>Aplicaci\u00f3n: oficina en casa, sal\u00f3n, dormitorio, hotel, villa, apartamento<\/li>\n<\/ul>\n<p><strong>Categor\u00eda<\/strong>: <a href=\"https:\/\/www.baoertaihardware.com\/es\/categoria-producto\/drawer-slides\/\">Gu\u00edas de cajones<\/a><\/p>\n<p><strong>Etiquetas<\/strong>: Correderas de Cierre Suave, Correderas de Montaje Lateral, Correderas de Cierre Suave Push to Open<\/p>","protected":false},"featured_media":1678,"comment_status":"closed","ping_status":"closed","template":"","meta":{"_acf_changed":false},"product_brand":[],"product_cat":[19,35,34],"product_tag":[],"class_list":{"0":"post-1677","1":"product","2":"type-product","3":"status-publish","4":"has-post-thumbnail","6":"product_cat-wholesale-drawer-slides","7":"product_cat-push-to-open-drawer-slides","8":"product_cat-soft-close-drawer-slides","10":"first","11":"instock","12":"shipping-taxable","13":"product-type-simple"},"acf":[],"_links":{"self":[{"href":"https:\/\/www.baoertaihardware.com\/es\/wp-json\/wp\/v2\/product\/1677","targetHints":{"allow":["GET"]}}],"collection":[{"href":"https:\/\/www.baoertaihardware.com\/es\/wp-json\/wp\/v2\/product"}],"about":[{"href":"https:\/\/www.baoertaihardware.com\/es\/wp-json\/wp\/v2\/types\/product"}],"replies":[{"embeddable":true,"href":"https:\/\/www.baoertaihardware.com\/es\/wp-json\/wp\/v2\/comments?post=1677"}],"wp:featuredmedia":[{"embeddable":true,"href":"https:\/\/www.baoertaihardware.com\/es\/wp-json\/wp\/v2\/media\/1678"}],"wp:attachment":[{"href":"https:\/\/www.baoertaihardware.com\/es\/wp-json\/wp\/v2\/media?parent=1677"}],"wp:term":[{"taxonomy":"product_brand","embeddable":true,"href":"https:\/\/www.baoertaihardware.com\/es\/wp-json\/wp\/v2\/product_brand?post=1677"},{"taxonomy":"product_cat","embeddable":true,"href":"https:\/\/www.baoertaihardware.com\/es\/wp-json\/wp\/v2\/product_cat?post=1677"},{"taxonomy":"product_tag","embeddable":true,"href":"https:\/\/www.baoertaihardware.com\/es\/wp-json\/wp\/v2\/product_tag?post=1677"}],"curies":[{"name":"wp","href":"https:\/\/api.w.org\/{rel}","templated":true}]}}