{"id":1084,"date":"2024-12-22T15:26:24","date_gmt":"2024-12-22T15:26:24","guid":{"rendered":"https:\/\/www.baoertaihardware.com\/?post_type=product&#038;p=1084"},"modified":"2025-05-27T03:51:11","modified_gmt":"2025-05-27T03:51:11","slug":"drawer-slides-with-ball-bearings","status":"publish","type":"product","link":"https:\/\/www.baoertaihardware.com\/es\/producto\/drawer-slides-with-ball-bearings\/","title":{"rendered":"Mayorista Gu\u00edas de Caj\u00f3n con Rodamientos de Bolas 45mm 3-Fold-4510SH"},"content":{"rendered":"<div class=\"wp-block-columns is-layout-flex wp-container-core-columns-is-layout-9d6595d7 wp-block-columns-is-layout-flex\">\n<div class=\"wp-block-column is-layout-flow wp-block-column-is-layout-flow\">\n<h3 class=\"wp-block-heading\">Caracter\u00edsticas y ventajas de las gu\u00edas para cajones con rodamientos de bolas<\/h3>\n\n\n\n<ul class=\"wp-block-list\">\n<li><strong>Rodamientos de bolas de alta precisi\u00f3n<\/strong>: Equipado con rodamientos de bolas de calidad superior, que garantizan un deslizamiento suave y una mayor durabilidad. Ideal para aplicaciones pesadas.<\/li>\n\n\n\n<li><strong>45 mm Ancho de v\u00eda<\/strong>: Est\u00e1 dise\u00f1ado para adaptarse a rieles est\u00e1ndar de 45 mm, lo que lo hace vers\u00e1til para una amplia gama de muebles, desde el hogar hasta la oficina.<\/li>\n\n\n\n<li><strong>Dise\u00f1o de 3 pliegues<\/strong>: El mecanismo de 3 pliegues proporciona una extensi\u00f3n total, permitiendo que los cajones se abran completamente para acceder f\u00e1cilmente a todo el contenido, especialmente a los art\u00edculos m\u00e1s grandes.<\/li>\n\n\n\n<li><strong>Capacidad de carga pesada<\/strong>: Est\u00e1 dise\u00f1ado para soportar cargas pesadas sin deformarse ni doblarse, por lo que resulta adecuado para guardar objetos voluminosos o pesados en cajones.<\/li>\n\n\n\n<li><strong>Correr en silencio<\/strong>: Dise\u00f1ado para un funcionamiento suave y silencioso, minimizando el ruido y mejorando as\u00ed la experiencia del usuario, perfecto para cualquier espacio.<\/li>\n\n\n\n<li><strong>Anticorrosi\u00f3n y antioxidante<\/strong>: Superficie tratada anticorrosi\u00f3n, lo que se traduce en durabilidad y larga vida \u00fatil en zonas de alta humedad.<\/li>\n\n\n\n<li><strong>F\u00e1cil instalaci\u00f3n<\/strong>: El proceso de instalaci\u00f3n es sencillo gracias a su dise\u00f1o de f\u00e1cil manejo. La compatibilidad con gu\u00edas de caj\u00f3n est\u00e1ndar permite una instalaci\u00f3n r\u00e1pida.<\/li>\n\n\n\n<li><strong>Amplia aplicaci\u00f3n<\/strong>: El producto puede utilizarse en cualquier entorno, desde la cocina y el ba\u00f1o hasta oficinas y armarios. Es apropiado para cajones, armarios y una gran variedad de prop\u00f3sitos de deslizamiento.<\/li>\n\n\n\n<li><strong>Caracter\u00edsticas de seguridad: <\/strong>Con el mecanismo antidesenganche incorporado, impide que las gu\u00edas de deslizamiento se suelten, lo que permite un funcionamiento seguro del caj\u00f3n.<\/li>\n<\/ul>\n<\/div>\n\n\n\n<div class=\"wp-block-column is-layout-flow wp-block-column-is-layout-flow\">\n<figure class=\"wp-block-image size-full\"><img decoding=\"async\" width=\"1200\" height=\"1200\" src=\"https:\/\/www.baoertaihardware.com\/wp-content\/uploads\/2024\/12\/Wholesale-Drawer-Slides-with-Ball-Bearings-4510SH-1.webp\" alt=\"Mayorista Gu\u00edas de Caj\u00f3n con Rodamientos de Bolas-4510SH (1)\" class=\"wp-image-1085\" srcset=\"https:\/\/www.baoertaihardware.com\/wp-content\/uploads\/2024\/12\/Wholesale-Drawer-Slides-with-Ball-Bearings-4510SH-1.webp 1200w, https:\/\/www.baoertaihardware.com\/wp-content\/uploads\/2024\/12\/Wholesale-Drawer-Slides-with-Ball-Bearings-4510SH-1-300x300.webp 300w, https:\/\/www.baoertaihardware.com\/wp-content\/uploads\/2024\/12\/Wholesale-Drawer-Slides-with-Ball-Bearings-4510SH-1-150x150.webp 150w, https:\/\/www.baoertaihardware.com\/wp-content\/uploads\/2024\/12\/Wholesale-Drawer-Slides-with-Ball-Bearings-4510SH-1-768x768.webp 768w, https:\/\/www.baoertaihardware.com\/wp-content\/uploads\/2024\/12\/Wholesale-Drawer-Slides-with-Ball-Bearings-4510SH-1-600x600.webp 600w, https:\/\/www.baoertaihardware.com\/wp-content\/uploads\/2024\/12\/Wholesale-Drawer-Slides-with-Ball-Bearings-4510SH-1-100x100.webp 100w\" sizes=\"(max-width: 1200px) 100vw, 1200px\" \/><\/figure>\n<\/div>\n<\/div>\n\n\n\n<p><\/p>","protected":false},"excerpt":{"rendered":"<p>Bienvenido a pedir nuestras gu\u00edas para cajones a granel con rodamientos de bolas 45mm 3-fold una excelente opci\u00f3n para aquellos que buscan gu\u00edas para cajones deslizantes resistentes, suaves y silenciosas tanto para uso residencial como comercial.<\/p>\n<h3>Especificaciones de las gu\u00edas para cajones con rodamientos de bolas<\/h3>\n<ul>\n<li>Modelo N\u00ba:4510SH<\/li>\n<li>Material: acero laminado en fr\u00edo<\/li>\n<li>Grosor:1,0\u00d71,0\u00d71,0mm<\/li>\n<li>Altura:45 mm<\/li>\n<li>Longitud:10 pulgadas-24 pulgadas<\/li>\n<li>Tratamiento de superficie: chapado arco iris\/negro<\/li>\n<li>N\u00famero de bolas:2 bolas\/3 bolas\/4 bolas<\/li>\n<li>Peso:60g\/pulgada<\/li>\n<li>Aplicaci\u00f3n: oficina en casa, sal\u00f3n, dormitorio, hotel, villa, apartamento<\/li>\n<\/ul>\n<p><strong>Categor\u00eda<\/strong>:\u00a0<a href=\"https:\/\/www.baoertaihardware.com\/es\/categoria-producto\/drawer-slides\/\">Gu\u00edas de cajones<\/a> <strong>Etiquetas<\/strong>: Correderas de cierre suave, Correderas de montaje lateral, Cajones deslizantes, Correderas de bolas<\/p>","protected":false},"featured_media":1086,"comment_status":"closed","ping_status":"closed","template":"","meta":{"_acf_changed":false},"product_brand":[],"product_cat":[19,33],"product_tag":[],"class_list":{"0":"post-1084","1":"product","2":"type-product","3":"status-publish","4":"has-post-thumbnail","6":"product_cat-wholesale-drawer-slides","7":"product_cat-ball-bearing-drawer-slides","9":"first","10":"instock","11":"shipping-taxable","12":"product-type-simple"},"acf":[],"_links":{"self":[{"href":"https:\/\/www.baoertaihardware.com\/es\/wp-json\/wp\/v2\/product\/1084","targetHints":{"allow":["GET"]}}],"collection":[{"href":"https:\/\/www.baoertaihardware.com\/es\/wp-json\/wp\/v2\/product"}],"about":[{"href":"https:\/\/www.baoertaihardware.com\/es\/wp-json\/wp\/v2\/types\/product"}],"replies":[{"embeddable":true,"href":"https:\/\/www.baoertaihardware.com\/es\/wp-json\/wp\/v2\/comments?post=1084"}],"wp:featuredmedia":[{"embeddable":true,"href":"https:\/\/www.baoertaihardware.com\/es\/wp-json\/wp\/v2\/media\/1086"}],"wp:attachment":[{"href":"https:\/\/www.baoertaihardware.com\/es\/wp-json\/wp\/v2\/media?parent=1084"}],"wp:term":[{"taxonomy":"product_brand","embeddable":true,"href":"https:\/\/www.baoertaihardware.com\/es\/wp-json\/wp\/v2\/product_brand?post=1084"},{"taxonomy":"product_cat","embeddable":true,"href":"https:\/\/www.baoertaihardware.com\/es\/wp-json\/wp\/v2\/product_cat?post=1084"},{"taxonomy":"product_tag","embeddable":true,"href":"https:\/\/www.baoertaihardware.com\/es\/wp-json\/wp\/v2\/product_tag?post=1084"}],"curies":[{"name":"wp","href":"https:\/\/api.w.org\/{rel}","templated":true}]}}