{"id":1077,"date":"2024-12-22T14:48:02","date_gmt":"2024-12-22T14:48:02","guid":{"rendered":"https:\/\/www.baoertaihardware.com\/?post_type=product&#038;p=1077"},"modified":"2025-05-27T03:51:45","modified_gmt":"2025-05-27T03:51:45","slug":"custom-dresser-drawer-slides-bulk","status":"publish","type":"product","link":"https:\/\/www.baoertaihardware.com\/es\/producto\/custom-dresser-drawer-slides-bulk\/","title":{"rendered":"Gu\u00edas para cajones Custom Dresser 3-Fold Gu\u00edas de bolas 45mm-4508"},"content":{"rendered":"<div class=\"wp-block-columns is-layout-flex wp-container-core-columns-is-layout-9d6595d7 wp-block-columns-is-layout-flex\">\n<div class=\"wp-block-column is-layout-flow wp-block-column-is-layout-flow\">\n<h3 class=\"wp-block-heading\">Caracter\u00edsticas y ventajas de las gu\u00edas para cajones de c\u00f3moda<\/h3>\n\n\n\n<ul class=\"wp-block-list\">\n<li><strong>Rodamientos de bolas de alta calidad<\/strong>: Estas diapositivas de encargo del caj\u00f3n del aparador vienen con los rodamientos de bolas superiores que aseguran la operaci\u00f3n lisa, reservada, y eficiente incluso bajo uso pesado.<\/li>\n\n\n\n<li><strong>Extensi\u00f3n de 3 pliegues<\/strong>: Con una extensi\u00f3n completa de 3 pliegues, estas gu\u00edas proporcionan el m\u00e1ximo acceso a todo el caj\u00f3n, lo que las hace perfectas para c\u00f3modas y armarios profundos.<\/li>\n\n\n\n<li><strong>Capacidad pesada-ligera<\/strong>: Se trata de gu\u00edas para cajones de 45 mm de gran resistencia para aplicaciones residenciales y comerciales.<\/li>\n\n\n\n<li><strong>Movimiento suave y silencioso<\/strong>: Gracias al avanzado sistema de rodamientos de bolas, se consigue un movimiento silencioso y sin fricci\u00f3n, lo que aumenta la experiencia del usuario en el uso diario.<\/li>\n\n\n\n<li><strong>Construcci\u00f3n de acero duradero<\/strong>: Las gu\u00edas est\u00e1n fabricadas en acero de alta resistencia al desgaste y protegidas contra el \u00f3xido y la corrosi\u00f3n para ofrecer una buena fiabilidad y rendimiento a largo plazo.<\/li>\n\n\n\n<li><strong>F\u00e1cil instalaci\u00f3n<\/strong>: Con agujeros pre-perforados en estas diapositivas del caj\u00f3n de encargo del aparador, la instalaci\u00f3n es m\u00e1s r\u00e1pida y m\u00e1s f\u00e1cil para los proyectos aficionados de DIY y los usos profesionales.<\/li>\n\n\n\n<li><strong>Uso vers\u00e1til<\/strong>: Ideales para aparadores, armarios y unidades de almacenamiento de todo tipo, estas gu\u00edas de rodamiento de bolas de 3 pliegues proporcionan una soluci\u00f3n fiable tanto para muebles dom\u00e9sticos como comerciales.<\/li>\n\n\n\n<li><em><a href=\"https:\/\/www.baoertaihardware.com\/es\/custom-service\/\">Opciones personalizadas<\/a><\/em>: Las gu\u00edas para cajones de c\u00f3moda personalizadas se fabrican bajo pedido y pueden adaptarse a una amplia gama de dise\u00f1os de cajones y armarios para satisfacer sus necesidades espec\u00edficas.<\/li>\n<\/ul>\n<\/div>\n\n\n\n<div class=\"wp-block-column is-layout-flow wp-block-column-is-layout-flow\">\n<figure class=\"wp-block-image size-full\"><img decoding=\"async\" width=\"1200\" height=\"1200\" src=\"https:\/\/www.baoertaihardware.com\/wp-content\/uploads\/2024\/12\/Custom-Dresser-Drawer-Slides-Supplier-4508-1.webp\" alt=\"Proveedor de gu\u00edas de cajones a medida-4508 (1)\" class=\"wp-image-1078\" srcset=\"https:\/\/www.baoertaihardware.com\/wp-content\/uploads\/2024\/12\/Custom-Dresser-Drawer-Slides-Supplier-4508-1.webp 1200w, https:\/\/www.baoertaihardware.com\/wp-content\/uploads\/2024\/12\/Custom-Dresser-Drawer-Slides-Supplier-4508-1-300x300.webp 300w, https:\/\/www.baoertaihardware.com\/wp-content\/uploads\/2024\/12\/Custom-Dresser-Drawer-Slides-Supplier-4508-1-150x150.webp 150w, https:\/\/www.baoertaihardware.com\/wp-content\/uploads\/2024\/12\/Custom-Dresser-Drawer-Slides-Supplier-4508-1-768x768.webp 768w, https:\/\/www.baoertaihardware.com\/wp-content\/uploads\/2024\/12\/Custom-Dresser-Drawer-Slides-Supplier-4508-1-600x600.webp 600w, https:\/\/www.baoertaihardware.com\/wp-content\/uploads\/2024\/12\/Custom-Dresser-Drawer-Slides-Supplier-4508-1-100x100.webp 100w\" sizes=\"(max-width: 1200px) 100vw, 1200px\" \/><\/figure>\n<\/div>\n<\/div>\n\n\n\n<p><\/p>","protected":false},"excerpt":{"rendered":"<p>Las gu\u00edas de caj\u00f3n de 3 pliegues con rodamientos de bolas de 45 mm ofrecen un rendimiento excepcional, durabilidad y un funcionamiento suave, lo que las convierte en la elecci\u00f3n perfecta para gu\u00edas de caj\u00f3n de c\u00f3moda personalizadas y otras necesidades de mobiliario de uso intensivo.<\/p>\n<h3>Especificaciones de las correderas de bolas a medida<\/h3>\n<ul>\n<li>Modelo n\u00ba:4508<\/li>\n<li>Material: acero laminado en fr\u00edo<\/li>\n<li>Grosor:0,8\u00d70,8\u00d70,9 mm<\/li>\n<li>Altura:45 mm<\/li>\n<li>Longitud:10 pulgadas-24 pulgadas<\/li>\n<li>Tratamiento de superficie: chapado arco iris\/negro<\/li>\n<li>N\u00famero de bolas:2 bolas\/3 bolas\/4 bolas<\/li>\n<li>Peso:48g\/pulgada,50g\/pulgada<\/li>\n<li>Aplicaci\u00f3n: oficina en casa, sal\u00f3n, dormitorio, hotel, villa, apartamento<\/li>\n<\/ul>\n<p><strong>Categor\u00eda<\/strong>:\u00a0<a href=\"https:\/\/www.baoertaihardware.com\/es\/categoria-producto\/drawer-slides\/\">Gu\u00edas de cajones<\/a> <strong>Etiquetas<\/strong>: Correderas de cierre suave, Correderas de montaje lateral, Correderas de bolas para cajones<\/p>","protected":false},"featured_media":1079,"comment_status":"closed","ping_status":"closed","template":"","meta":{"_acf_changed":false},"product_brand":[],"product_cat":[19,33],"product_tag":[],"class_list":{"0":"post-1077","1":"product","2":"type-product","3":"status-publish","4":"has-post-thumbnail","6":"product_cat-wholesale-drawer-slides","7":"product_cat-ball-bearing-drawer-slides","9":"first","10":"instock","11":"shipping-taxable","12":"product-type-simple"},"acf":[],"_links":{"self":[{"href":"https:\/\/www.baoertaihardware.com\/es\/wp-json\/wp\/v2\/product\/1077","targetHints":{"allow":["GET"]}}],"collection":[{"href":"https:\/\/www.baoertaihardware.com\/es\/wp-json\/wp\/v2\/product"}],"about":[{"href":"https:\/\/www.baoertaihardware.com\/es\/wp-json\/wp\/v2\/types\/product"}],"replies":[{"embeddable":true,"href":"https:\/\/www.baoertaihardware.com\/es\/wp-json\/wp\/v2\/comments?post=1077"}],"wp:featuredmedia":[{"embeddable":true,"href":"https:\/\/www.baoertaihardware.com\/es\/wp-json\/wp\/v2\/media\/1079"}],"wp:attachment":[{"href":"https:\/\/www.baoertaihardware.com\/es\/wp-json\/wp\/v2\/media?parent=1077"}],"wp:term":[{"taxonomy":"product_brand","embeddable":true,"href":"https:\/\/www.baoertaihardware.com\/es\/wp-json\/wp\/v2\/product_brand?post=1077"},{"taxonomy":"product_cat","embeddable":true,"href":"https:\/\/www.baoertaihardware.com\/es\/wp-json\/wp\/v2\/product_cat?post=1077"},{"taxonomy":"product_tag","embeddable":true,"href":"https:\/\/www.baoertaihardware.com\/es\/wp-json\/wp\/v2\/product_tag?post=1077"}],"curies":[{"name":"wp","href":"https:\/\/api.w.org\/{rel}","templated":true}]}}