{"id":1070,"date":"2024-12-22T14:16:21","date_gmt":"2024-12-22T14:16:21","guid":{"rendered":"https:\/\/www.baoertaihardware.com\/?post_type=product&#038;p=1070"},"modified":"2025-05-27T03:52:15","modified_gmt":"2025-05-27T03:52:15","slug":"best-cabinet-drawer-slides-bulk","status":"publish","type":"product","link":"https:\/\/www.baoertaihardware.com\/es\/producto\/best-cabinet-drawer-slides-bulk\/","title":{"rendered":"Best Cabinet Drawer Slides Factory Bulk 42mm 3-Fold Ball Bearing Slide-4208"},"content":{"rendered":"<div class=\"wp-block-columns is-layout-flex wp-container-core-columns-is-layout-9d6595d7 wp-block-columns-is-layout-flex\">\n<div class=\"wp-block-column is-layout-flow wp-block-column-is-layout-flow\">\n<h3 class=\"wp-block-heading\">Caracter\u00edsticas y ventajas de la mejor f\u00e1brica de gu\u00edas para cajones de armario<\/h3>\n\n\n\n<ul class=\"wp-block-list\">\n<li><strong>Rodamientos de bolas de primera calidad<\/strong>: Las gu\u00edas para cajones de 3 pliegues con cojinetes de bolas de 42 mm est\u00e1n dise\u00f1adas con cojinetes de bolas de alta calidad que garantizan un funcionamiento suave, silencioso y fiable incluso con un uso intensivo.<\/li>\n\n\n\n<li><strong>Extensi\u00f3n total para un acceso m\u00e1ximo<\/strong>: Estas gu\u00edas para cajones de armarios proporcionan una extensi\u00f3n completa de 3 pliegues, lo que permite un f\u00e1cil acceso a todo el caj\u00f3n, ideal para armarios profundos o de gran capacidad.<\/li>\n\n\n\n<li><strong>Funcionamiento suave y silencioso<\/strong>: Equipadas con tecnolog\u00eda de rodamientos de bolas de precisi\u00f3n, estas gu\u00edas para cajones de armarios permiten un movimiento silencioso sin fricci\u00f3n para mejorar la experiencia del usuario final.<\/li>\n\n\n\n<li><strong>Construcci\u00f3n duradera<\/strong>: Fabricadas en acero de alta resistencia, estas gu\u00edas son resistentes al \u00f3xido y la corrosi\u00f3n, lo que garantiza su durabilidad a largo plazo incluso en entornos muy transitados o exigentes.<\/li>\n\n\n\n<li><strong>F\u00e1cil instalaci\u00f3n<\/strong>: Dise\u00f1adas para una instalaci\u00f3n sin complicaciones, estas gu\u00edas de rodamiento de bolas de 3 pliegues vienen con orificios pretaladrados para un montaje r\u00e1pido y sencillo en armarios y cajones.<\/li>\n\n\n\n<li><strong>Aplicaciones diversas<\/strong>: Desde armarios de cocina hasta cajones de oficina, e incluso muebles comerciales, estas gu\u00edas para cajones de armarios ofrecen soluciones vers\u00e1tiles para aplicaciones residenciales e industriales.<\/li>\n\n\n\n<li><strong>Precio de f\u00e1brica a granel<\/strong>: Obtenga las mejores gu\u00edas para cajones de armario a precios competitivos de f\u00e1brica al por mayor, y un valor excelente para proyectos a gran escala o pedidos al por mayor.<\/li>\n<\/ul>\n<\/div>\n\n\n\n<div class=\"wp-block-column is-layout-flow wp-block-column-is-layout-flow\">\n<figure class=\"wp-block-image size-full\"><img decoding=\"async\" width=\"1200\" height=\"1200\" src=\"https:\/\/www.baoertaihardware.com\/wp-content\/uploads\/2024\/12\/Best-Cabinet-Drawer-Slides-Factory-Wholesale-4208-1.webp\" alt=\"Las mejores gu\u00edas para cajones de armario F\u00e1brica al por mayor-4208 (1)\" class=\"wp-image-1071\" srcset=\"https:\/\/www.baoertaihardware.com\/wp-content\/uploads\/2024\/12\/Best-Cabinet-Drawer-Slides-Factory-Wholesale-4208-1.webp 1200w, https:\/\/www.baoertaihardware.com\/wp-content\/uploads\/2024\/12\/Best-Cabinet-Drawer-Slides-Factory-Wholesale-4208-1-300x300.webp 300w, https:\/\/www.baoertaihardware.com\/wp-content\/uploads\/2024\/12\/Best-Cabinet-Drawer-Slides-Factory-Wholesale-4208-1-150x150.webp 150w, https:\/\/www.baoertaihardware.com\/wp-content\/uploads\/2024\/12\/Best-Cabinet-Drawer-Slides-Factory-Wholesale-4208-1-768x768.webp 768w, https:\/\/www.baoertaihardware.com\/wp-content\/uploads\/2024\/12\/Best-Cabinet-Drawer-Slides-Factory-Wholesale-4208-1-600x600.webp 600w, https:\/\/www.baoertaihardware.com\/wp-content\/uploads\/2024\/12\/Best-Cabinet-Drawer-Slides-Factory-Wholesale-4208-1-100x100.webp 100w\" sizes=\"(max-width: 1200px) 100vw, 1200px\" \/><\/figure>\n<\/div>\n<\/div>","protected":false},"excerpt":{"rendered":"<p>Las gu\u00edas para cajones Discover de 42 mm con rodamiento de bolas y 3 pliegues son la elecci\u00f3n perfecta para cualquiera que busque gu\u00edas duraderas y de alto rendimiento para armarios y cajones, ya que proporcionan un f\u00e1cil acceso y una funcionalidad duradera.Le invitamos a solicitar informaci\u00f3n sobre nuestra amplia gama de gu\u00edas para cajones y a obtener un presupuesto gratuito.<\/p>\n<h3>Especificaciones de las mejores gu\u00edas para cajones de armario<\/h3>\n<ul>\n<li>Modelo n\u00ba:4208<\/li>\n<li>Material: acero laminado en fr\u00edo<\/li>\n<li>Grosor:0,8\u00d70,8\u00d70,8 mm<\/li>\n<li>Altura:42mm<\/li>\n<li>Longitud:10 pulgadas-24 pulgadas<\/li>\n<li>Tratamiento de superficie: chapado arco iris\/negro<\/li>\n<li>N\u00famero de cuentas:2 \/3 cuentas<\/li>\n<li>Peso:45g\/pulgada,48g\/pulgada<\/li>\n<li>Aplicaci\u00f3n: oficina en casa, sal\u00f3n, dormitorio, hotel, villa, apartamento<\/li>\n<\/ul>\n<p><strong>Categor\u00eda<\/strong>:\u00a0<a href=\"https:\/\/www.baoertaihardware.com\/es\/categoria-producto\/drawer-slides\/\">Gu\u00edas de cajones<\/a> <strong>Etiquetas<\/strong>: Correderas de cierre suave, Correderas de montaje lateral, Cajones deslizantes<\/p>","protected":false},"featured_media":1072,"comment_status":"closed","ping_status":"closed","template":"","meta":{"_acf_changed":false},"product_brand":[],"product_cat":[19,33],"product_tag":[],"class_list":{"0":"post-1070","1":"product","2":"type-product","3":"status-publish","4":"has-post-thumbnail","6":"product_cat-wholesale-drawer-slides","7":"product_cat-ball-bearing-drawer-slides","9":"first","10":"instock","11":"shipping-taxable","12":"product-type-simple"},"acf":[],"_links":{"self":[{"href":"https:\/\/www.baoertaihardware.com\/es\/wp-json\/wp\/v2\/product\/1070","targetHints":{"allow":["GET"]}}],"collection":[{"href":"https:\/\/www.baoertaihardware.com\/es\/wp-json\/wp\/v2\/product"}],"about":[{"href":"https:\/\/www.baoertaihardware.com\/es\/wp-json\/wp\/v2\/types\/product"}],"replies":[{"embeddable":true,"href":"https:\/\/www.baoertaihardware.com\/es\/wp-json\/wp\/v2\/comments?post=1070"}],"wp:featuredmedia":[{"embeddable":true,"href":"https:\/\/www.baoertaihardware.com\/es\/wp-json\/wp\/v2\/media\/1072"}],"wp:attachment":[{"href":"https:\/\/www.baoertaihardware.com\/es\/wp-json\/wp\/v2\/media?parent=1070"}],"wp:term":[{"taxonomy":"product_brand","embeddable":true,"href":"https:\/\/www.baoertaihardware.com\/es\/wp-json\/wp\/v2\/product_brand?post=1070"},{"taxonomy":"product_cat","embeddable":true,"href":"https:\/\/www.baoertaihardware.com\/es\/wp-json\/wp\/v2\/product_cat?post=1070"},{"taxonomy":"product_tag","embeddable":true,"href":"https:\/\/www.baoertaihardware.com\/es\/wp-json\/wp\/v2\/product_tag?post=1070"}],"curies":[{"name":"wp","href":"https:\/\/api.w.org\/{rel}","templated":true}]}}