{"id":1063,"date":"2024-12-22T13:23:26","date_gmt":"2024-12-22T13:23:26","guid":{"rendered":"https:\/\/www.baoertaihardware.com\/?post_type=product&#038;p=1063"},"modified":"2025-05-27T03:26:31","modified_gmt":"2025-05-27T03:26:31","slug":"35mm-ball-bearing-slides-bulk","status":"publish","type":"product","link":"https:\/\/www.baoertaihardware.com\/es\/producto\/35mm-ball-bearing-slides-bulk\/","title":{"rendered":"Gu\u00edas de Rodamiento de Bolas de 35mm a Granel, Gu\u00edas para Cajones de 3 Plegados F\u00e1brica al por Mayor-3507"},"content":{"rendered":"<div class=\"wp-block-columns is-layout-flex wp-container-core-columns-is-layout-9d6595d7 wp-block-columns-is-layout-flex\">\n<div class=\"wp-block-column is-layout-flow wp-block-column-is-layout-flow\">\n<h3 class=\"wp-block-heading\">Caracter\u00edsticas y ventajas de las gu\u00edas de bolas de 35 mm<\/h3>\n\n\n\n<ul class=\"wp-block-list\">\n<li><strong>Rodamientos de bolas para cargas pesadas<\/strong>: Estas gu\u00edas de rodamiento de bolas de 35 mm tienen rodamientos de bolas de alta calidad que garantizan un movimiento suave, silencioso y estable del caj\u00f3n, incluso con cargas pesadas. Ideal para los compradores que piden gu\u00edas de rodamiento de bolas al por mayor para uso frecuente.<\/li>\n\n\n\n<li><strong>Extensi\u00f3n triple<\/strong>: Construidas con una extensi\u00f3n m\u00e1s larga de 3 pliegues, estas gu\u00edas ofrecen un acceso m\u00e1ximo a todo el caj\u00f3n, perfecto para armarios m\u00e1s profundos de uso residencial y comercial.<\/li>\n\n\n\n<li><strong>Funcionamiento suave y silencioso<\/strong>: El avanzado dise\u00f1o de los rodamientos de bolas proporciona un movimiento suave y sin fricci\u00f3n con un nivel de ruido y un desgaste a largo plazo significativamente menores.<\/li>\n\n\n\n<li><strong>Resistente y duradero<\/strong>: Construidas en acero duradero, estas gu\u00edas son resistentes a la corrosi\u00f3n, al \u00f3xido y al desgaste general, por lo que ofrecen una soluci\u00f3n duradera para una gran variedad de entornos.<\/li>\n\n\n\n<li><strong>F\u00e1cil instalaci\u00f3n<\/strong>: Los orificios pretaladrados facilitan y agilizan la instalaci\u00f3n, ahorrando tiempo en los trabajos de montaje a gran escala.<\/li>\n\n\n\n<li><strong>Aplicaci\u00f3n multipersonalidad<\/strong>: Adecuadas para armarios de cocina, cajones de archivos de oficina, cajas de herramientas y armarios industriales, estas gu\u00edas se adaptan a diferentes aplicaciones de mercado y situaciones de instalaci\u00f3n.<\/li>\n<\/ul>\n<\/div>\n\n\n\n<div class=\"wp-block-column is-layout-flow wp-block-column-is-layout-flow\">\n<figure class=\"wp-block-image size-full\"><img decoding=\"async\" width=\"1200\" height=\"1200\" src=\"https:\/\/www.baoertaihardware.com\/wp-content\/uploads\/2024\/12\/35mm-Ball-Bearing-Slides-Factory-Wholesale-35071.webp\" alt=\"Correderas de bolas de 35 mm F\u00e1brica al por mayor-3507(1)\" class=\"wp-image-1064\" srcset=\"https:\/\/www.baoertaihardware.com\/wp-content\/uploads\/2024\/12\/35mm-Ball-Bearing-Slides-Factory-Wholesale-35071.webp 1200w, https:\/\/www.baoertaihardware.com\/wp-content\/uploads\/2024\/12\/35mm-Ball-Bearing-Slides-Factory-Wholesale-35071-300x300.webp 300w, https:\/\/www.baoertaihardware.com\/wp-content\/uploads\/2024\/12\/35mm-Ball-Bearing-Slides-Factory-Wholesale-35071-150x150.webp 150w, https:\/\/www.baoertaihardware.com\/wp-content\/uploads\/2024\/12\/35mm-Ball-Bearing-Slides-Factory-Wholesale-35071-768x768.webp 768w, https:\/\/www.baoertaihardware.com\/wp-content\/uploads\/2024\/12\/35mm-Ball-Bearing-Slides-Factory-Wholesale-35071-600x600.webp 600w, https:\/\/www.baoertaihardware.com\/wp-content\/uploads\/2024\/12\/35mm-Ball-Bearing-Slides-Factory-Wholesale-35071-100x100.webp 100w\" sizes=\"(max-width: 1200px) 100vw, 1200px\" \/><\/figure>\n<\/div>\n<\/div>\n\n\n\n<div class=\"wp-block-columns is-layout-flex wp-container-core-columns-is-layout-9d6595d7 wp-block-columns-is-layout-flex\">\n<div class=\"wp-block-column is-layout-flow wp-block-column-is-layout-flow\">\n<figure class=\"wp-block-image size-full\"><img decoding=\"async\" width=\"1200\" height=\"1200\" src=\"https:\/\/www.baoertaihardware.com\/wp-content\/uploads\/2024\/12\/35mm-Ball-Bearing-Slides-Factory-Wholesale-35076.webp\" alt=\"Correderas de bolas de 35 mm F\u00e1brica al por mayor-3507(6)\" class=\"wp-image-1069\" srcset=\"https:\/\/www.baoertaihardware.com\/wp-content\/uploads\/2024\/12\/35mm-Ball-Bearing-Slides-Factory-Wholesale-35076.webp 1200w, https:\/\/www.baoertaihardware.com\/wp-content\/uploads\/2024\/12\/35mm-Ball-Bearing-Slides-Factory-Wholesale-35076-300x300.webp 300w, https:\/\/www.baoertaihardware.com\/wp-content\/uploads\/2024\/12\/35mm-Ball-Bearing-Slides-Factory-Wholesale-35076-150x150.webp 150w, https:\/\/www.baoertaihardware.com\/wp-content\/uploads\/2024\/12\/35mm-Ball-Bearing-Slides-Factory-Wholesale-35076-768x768.webp 768w, https:\/\/www.baoertaihardware.com\/wp-content\/uploads\/2024\/12\/35mm-Ball-Bearing-Slides-Factory-Wholesale-35076-600x600.webp 600w, https:\/\/www.baoertaihardware.com\/wp-content\/uploads\/2024\/12\/35mm-Ball-Bearing-Slides-Factory-Wholesale-35076-100x100.webp 100w\" sizes=\"(max-width: 1200px) 100vw, 1200px\" \/><\/figure>\n<\/div>\n\n\n\n<div class=\"wp-block-column is-layout-flow wp-block-column-is-layout-flow\">\n<h2 class=\"wp-block-heading\">El valor de las correderas de bolas de 35 mm<\/h2>\n\n\n\n<h4 class=\"wp-block-heading\">Gu\u00edas de alta calidad para aplicaciones comerciales y de mobiliario<\/h4>\n\n\n\n<p>Como f\u00e1brica profesional de correderas para cajones (f\u00e1brica de correderas para cajones), ofrecemos una amplia gama de correderas de rodillos y de bolas para satisfacer las necesidades de diferentes \u00edndices de carga para garantizar una calidad de producto estable y fiable, ampliamente utilizada en armarios tradicionales y diversos escenarios de muebles.<\/p>\n\n\n\n<h4 class=\"wp-block-heading\">Preciso dise\u00f1o antidesplazamiento lateral para mejorar la calidad del proyecto<\/h4>\n\n\n\n<p>Las correderas de bolas de 35 mm pueden evitar eficazmente el movimiento lateral de los cajones. Al instalarla, el lado derecho de la gu\u00eda se ajusta estrechamente al mueble para garantizar un deslizamiento suave; el lado izquierdo de la gu\u00eda tiene en cuenta la tolerancia de corte para garantizar el ajuste preciso entre el caj\u00f3n y el mueble.<\/p>\n\n\n\n<h4 class=\"wp-block-heading\">Suave y silencioso, mejora la experiencia con los muebles<\/h4>\n\n\n\n<p>Las correderas de bolas laterales tienen una funci\u00f3n de cierre lento, deslizamiento suave y silencioso, equipadas con un eficaz mecanismo de amortiguaci\u00f3n, respuesta sensible y peque\u00f1a fuerza de apertura. Con gran capacidad de carga din\u00e1mica y larga vida \u00fatil, puede alcanzar los 50.000 ciclos de apertura y cierre en condiciones normales de uso.<\/p>\n\n\n\n<h4 class=\"wp-block-heading\">Ventajas de la f\u00e1brica profesional de correderas para cajones<\/h4>\n\n\n\n<p>Como f\u00e1brica experimentada en gu\u00edas para cajones, apoyamos la personalizaci\u00f3n OEM, ofrecemos precios competitivos y soluciones flexibles de suministro a granel para satisfacer las diversas necesidades de clientes de todo el mundo.<\/p>\n<\/div>\n<\/div>","protected":false},"excerpt":{"rendered":"<p data-start=\"129\" data-end=\"390\">Estas gu\u00edas de rodamiento de bolas de 35 mm ofrecen un funcionamiento suave y silencioso con un dise\u00f1o duradero de extensi\u00f3n triple. Fabricadas en acero de alta calidad, ofrecen un rendimiento duradero y una instalaci\u00f3n sencilla. Ideales para cajones de cocina, armarios de oficina y mobiliario industrial.<\/p>\n<p data-start=\"392\" data-end=\"567\">Como f\u00e1brica profesional de correderas de caj\u00f3n, ofrecemos personalizaci\u00f3n OEM, MOQ bajo y correderas de bolas al por mayor a precios competitivos al por mayor para satisfacer los mercados globales. \u00a1No dude en solicitar un presupuesto gratuito!<\/p>\n<h3>Especificaciones de las gu\u00edas de bolas de 35 mm<\/h3>\n<ul>\n<li>Modelo n\u00ba:3507<\/li>\n<li>Material: acero laminado en fr\u00edo<\/li>\n<li>Grosor:0,7\u00d70,7\u00d70,7mm<\/li>\n<li>Altura:35 mm<\/li>\n<li>Longitud:10 pulgadas-24 pulgadas<\/li>\n<li>Tratamiento de superficie: chapado arco iris\/negro<\/li>\n<li>N\u00famero de cuentas<\/li>\n<li>Peso: 35 g\/pulgada,32 g\/pulgada<\/li>\n<li>Aplicaci\u00f3n: oficina en casa, sal\u00f3n, dormitorio, hotel, villa, apartamento<\/li>\n<\/ul>\n<p><strong>Categor\u00eda<\/strong>:\u00a0<a href=\"https:\/\/www.baoertaihardware.com\/es\/categoria-producto\/drawer-slides\/\">Gu\u00edas de cajones<\/a> <strong>Etiquetas<\/strong>: Correderas de cierre suave, correderas de montaje lateral,<\/p>","protected":false},"featured_media":1065,"comment_status":"closed","ping_status":"closed","template":"","meta":{"_acf_changed":false},"product_brand":[],"product_cat":[19,33],"product_tag":[],"class_list":{"0":"post-1063","1":"product","2":"type-product","3":"status-publish","4":"has-post-thumbnail","6":"product_cat-wholesale-drawer-slides","7":"product_cat-ball-bearing-drawer-slides","9":"first","10":"instock","11":"shipping-taxable","12":"product-type-simple"},"acf":[],"_links":{"self":[{"href":"https:\/\/www.baoertaihardware.com\/es\/wp-json\/wp\/v2\/product\/1063","targetHints":{"allow":["GET"]}}],"collection":[{"href":"https:\/\/www.baoertaihardware.com\/es\/wp-json\/wp\/v2\/product"}],"about":[{"href":"https:\/\/www.baoertaihardware.com\/es\/wp-json\/wp\/v2\/types\/product"}],"replies":[{"embeddable":true,"href":"https:\/\/www.baoertaihardware.com\/es\/wp-json\/wp\/v2\/comments?post=1063"}],"wp:featuredmedia":[{"embeddable":true,"href":"https:\/\/www.baoertaihardware.com\/es\/wp-json\/wp\/v2\/media\/1065"}],"wp:attachment":[{"href":"https:\/\/www.baoertaihardware.com\/es\/wp-json\/wp\/v2\/media?parent=1063"}],"wp:term":[{"taxonomy":"product_brand","embeddable":true,"href":"https:\/\/www.baoertaihardware.com\/es\/wp-json\/wp\/v2\/product_brand?post=1063"},{"taxonomy":"product_cat","embeddable":true,"href":"https:\/\/www.baoertaihardware.com\/es\/wp-json\/wp\/v2\/product_cat?post=1063"},{"taxonomy":"product_tag","embeddable":true,"href":"https:\/\/www.baoertaihardware.com\/es\/wp-json\/wp\/v2\/product_tag?post=1063"}],"curies":[{"name":"wp","href":"https:\/\/api.w.org\/{rel}","templated":true}]}}