{"id":1055,"date":"2024-12-22T12:11:59","date_gmt":"2024-12-22T12:11:59","guid":{"rendered":"https:\/\/www.baoertaihardware.com\/?post_type=product&#038;p=1055"},"modified":"2024-12-22T12:11:59","modified_gmt":"2024-12-22T12:11:59","slug":"bulk-hinges-for-kitchen-cabinets","status":"publish","type":"product","link":"https:\/\/www.baoertaihardware.com\/es\/producto\/bulk-hinges-for-kitchen-cabinets\/","title":{"rendered":"Bisagras a medida para armarios de cocina 2D Bisagra hidr\u00e1ulica deslizante de brazo corto-626\/636"},"content":{"rendered":"<div class=\"wp-block-columns is-layout-flex wp-container-core-columns-is-layout-9d6595d7 wp-block-columns-is-layout-flex\">\n<div class=\"wp-block-column is-layout-flow wp-block-column-is-layout-flow\">\n<h3 class=\"wp-block-heading\">Caracter\u00edsticas de las bisagras a medida para armarios de cocina<\/h3>\n\n\n\n<ul class=\"wp-block-list\">\n<li><strong>Material de alta calidad<\/strong>: Las cocinas y los cuartos de ba\u00f1o utilizan armarios de cocina con bisagras fabricadas con metales duraderos de alta calidad que ofrecen servicios duraderos y son resistentes al desgaste y la corrosi\u00f3n.<\/li>\n\n\n\n<li><strong>Dise\u00f1o 2D ajustable<\/strong>: La bisagra de tipo americano de brazo corto ajustable en 2D tiene un f\u00e1cil ajuste horizontal y vertical, lo que permite una alineaci\u00f3n exacta de la puerta del armario para conseguir un aspecto perfecto sin juntas.<\/li>\n\n\n\n<li><strong>Mecanismo de cierre hidr\u00e1ulico suave<\/strong>: Las bisagras del sistema de bisagra hidr\u00e1ulica est\u00e1n equipadas con un cierre hidr\u00e1ulico, proporcionando as\u00ed una acci\u00f3n de cierre suave y controlada para eliminar los portazos y ofrecer una experiencia de usuario silenciosa y segura.<\/li>\n\n\n\n<li><strong>Estructura de brazo corto<\/strong>: Un brazo corto compacto es lo mejor para adaptarse a espacios de armarios poco profundos para una mayor flexibilidad en diferentes dise\u00f1os de cocina y para una f\u00e1cil instalaci\u00f3n.<\/li>\n\n\n\n<li><strong>Instalaci\u00f3n deslizante<\/strong>: Ofrece facilidad de instalaci\u00f3n mediante una funci\u00f3n de deslizamiento, lo que reduce el tiempo y el esfuerzo de instalaci\u00f3n a la vez que mantiene la seguridad y la estabilidad en las puertas de los armarios.<\/li>\n\n\n\n<li><strong>Durabilidad mejorada<\/strong>: Fabricadas para soportar un uso intensivo, estas bisagras son ideales para zonas muy transitadas, ya que prometen una gran durabilidad y fiabilidad.<\/li>\n\n\n\n<li><strong>Uso universal<\/strong>: Desde armarios de cocina hasta tocadores de ba\u00f1o y muebles a medida, estas bisagras para armarios de cocina se adaptan a una amplia gama de aplicaciones de ebanister\u00eda.<\/li>\n\n\n\n<li><strong>Respetuoso con el medio ambiente<\/strong>: Estas bisagras hidr\u00e1ulicas est\u00e1n fabricadas con materiales no contaminantes mediante un proceso de fabricaci\u00f3n respetuoso con el medio ambiente, que cumple las normas internacionales sobre medio ambiente.<\/li>\n<\/ul>\n<\/div>\n\n\n\n<div class=\"wp-block-column is-layout-flow wp-block-column-is-layout-flow\">\n<figure class=\"wp-block-image size-full\"><img decoding=\"async\" width=\"1200\" height=\"1200\" src=\"https:\/\/www.baoertaihardware.com\/wp-content\/uploads\/2024\/12\/Custom-Hinges-for-Kitchen-Cabinets-2D-Short-Arm-626-636-1.webp\" alt=\"Bisagras a medida para armarios de cocina 2D Brazo corto-626-636 (1)\" class=\"wp-image-1056\" srcset=\"https:\/\/www.baoertaihardware.com\/wp-content\/uploads\/2024\/12\/Custom-Hinges-for-Kitchen-Cabinets-2D-Short-Arm-626-636-1.webp 1200w, https:\/\/www.baoertaihardware.com\/wp-content\/uploads\/2024\/12\/Custom-Hinges-for-Kitchen-Cabinets-2D-Short-Arm-626-636-1-300x300.webp 300w, https:\/\/www.baoertaihardware.com\/wp-content\/uploads\/2024\/12\/Custom-Hinges-for-Kitchen-Cabinets-2D-Short-Arm-626-636-1-150x150.webp 150w, https:\/\/www.baoertaihardware.com\/wp-content\/uploads\/2024\/12\/Custom-Hinges-for-Kitchen-Cabinets-2D-Short-Arm-626-636-1-768x768.webp 768w, https:\/\/www.baoertaihardware.com\/wp-content\/uploads\/2024\/12\/Custom-Hinges-for-Kitchen-Cabinets-2D-Short-Arm-626-636-1-600x600.webp 600w, https:\/\/www.baoertaihardware.com\/wp-content\/uploads\/2024\/12\/Custom-Hinges-for-Kitchen-Cabinets-2D-Short-Arm-626-636-1-100x100.webp 100w\" sizes=\"(max-width: 1200px) 100vw, 1200px\" \/><\/figure>\n<\/div>\n<\/div>\n\n\n\n<p><\/p>","protected":false},"excerpt":{"rendered":"<p>Estas bisagras a medida para armarios de cocina combinan funcionalidad, durabilidad y suavidad de funcionamiento, lo que las convierte en la opci\u00f3n ideal para cualquier proyecto de renovaci\u00f3n de una cocina moderna o de armarios a medida.<\/p>\n<h2>Especificaciones de las bisagras a medida para armarios de cocina<\/h2>\n<ul>\n<li><strong>N\u00ba de modelo<\/strong>:626\/636<\/li>\n<li><strong>Material<\/strong>: Hierro\/Acero inoxidable<\/li>\n<li><strong>Paso del orificio de la copa<\/strong>: 48mm<\/li>\n<li><strong>Acabado de la bisagra<\/strong>: Niquelado<\/li>\n<li><strong>Peso<\/strong>72 g\/unidad<\/li>\n<li><strong>Aplicaci\u00f3n<\/strong>oficina en casa, sal\u00f3n, dormitorio, hotel, villa, apartamento<\/li>\n<\/ul>\n<p><strong>Categor\u00eda<\/strong>:\u00a0<a href=\"https:\/\/www.baoertaihardware.com\/es\/categoria-producto\/cabinet-hinges-wholesale\/\">Bisagras de armario<\/a><\/p>\n<p><strong>Etiquetas<\/strong>bisagra deslizante, bisagra de cierre suave, bisagra de acero inoxidable, bisagra de brazo corto<\/p>","protected":false},"featured_media":1058,"comment_status":"closed","ping_status":"closed","template":"","meta":{"_acf_changed":false},"product_brand":[],"product_cat":[21],"product_tag":[],"class_list":{"0":"post-1055","1":"product","2":"type-product","3":"status-publish","4":"has-post-thumbnail","6":"product_cat-cabinet-hinges-wholesale","8":"first","9":"instock","10":"shipping-taxable","11":"product-type-simple"},"acf":[],"_links":{"self":[{"href":"https:\/\/www.baoertaihardware.com\/es\/wp-json\/wp\/v2\/product\/1055","targetHints":{"allow":["GET"]}}],"collection":[{"href":"https:\/\/www.baoertaihardware.com\/es\/wp-json\/wp\/v2\/product"}],"about":[{"href":"https:\/\/www.baoertaihardware.com\/es\/wp-json\/wp\/v2\/types\/product"}],"replies":[{"embeddable":true,"href":"https:\/\/www.baoertaihardware.com\/es\/wp-json\/wp\/v2\/comments?post=1055"}],"wp:featuredmedia":[{"embeddable":true,"href":"https:\/\/www.baoertaihardware.com\/es\/wp-json\/wp\/v2\/media\/1058"}],"wp:attachment":[{"href":"https:\/\/www.baoertaihardware.com\/es\/wp-json\/wp\/v2\/media?parent=1055"}],"wp:term":[{"taxonomy":"product_brand","embeddable":true,"href":"https:\/\/www.baoertaihardware.com\/es\/wp-json\/wp\/v2\/product_brand?post=1055"},{"taxonomy":"product_cat","embeddable":true,"href":"https:\/\/www.baoertaihardware.com\/es\/wp-json\/wp\/v2\/product_cat?post=1055"},{"taxonomy":"product_tag","embeddable":true,"href":"https:\/\/www.baoertaihardware.com\/es\/wp-json\/wp\/v2\/product_tag?post=1055"}],"curies":[{"name":"wp","href":"https:\/\/api.w.org\/{rel}","templated":true}]}}