{"id":1048,"date":"2024-12-22T10:43:47","date_gmt":"2024-12-22T10:43:47","guid":{"rendered":"https:\/\/www.baoertaihardware.com\/?post_type=product&#038;p=1048"},"modified":"2024-12-22T10:50:06","modified_gmt":"2024-12-22T10:50:06","slug":"2d-two-way-hinges-wholesale","status":"publish","type":"product","link":"https:\/\/www.baoertaihardware.com\/es\/producto\/2d-two-way-hinges-wholesale\/","title":{"rendered":"Bisagras bidireccionales 2D Bisagras deslizantes de brazo corto al por mayor para armarios-616"},"content":{"rendered":"<div class=\"wp-block-columns is-layout-flex wp-container-core-columns-is-layout-9d6595d7 wp-block-columns-is-layout-flex\">\n<div class=\"wp-block-column is-layout-flow wp-block-column-is-layout-flow\">\n<h3 class=\"wp-block-heading\">Caracter\u00edsticas de Two Way Hinges Factory Wholesale<\/h3>\n\n\n\n<ul class=\"wp-block-list\">\n<li><strong>Materiales de alta calidad<\/strong>: Fabricados con materiales met\u00e1licos de primera calidad, estos <strong>Bisagras de dos v\u00edas<\/strong> son resistentes a la corrosi\u00f3n y al desgaste, lo que garantiza una larga durabilidad para diversas puertas de armarios de cocina y ba\u00f1o.<\/li>\n\n\n\n<li><strong>Dise\u00f1o 2D ajustable<\/strong>: Estas bisagras cuentan con un exclusivo sistema de ajuste 2D, que permite ajustar f\u00e1cilmente la posici\u00f3n de la puerta horizontal y verticalmente, garantizando un ajuste perfecto para sus armarios.<\/li>\n\n\n\n<li><strong>Estructura de brazo corto<\/strong>: El dise\u00f1o de brazo corto es ideal para espacios de armario poco profundos, lo que facilita la instalaci\u00f3n y la hace m\u00e1s adecuada para entornos compactos.<\/li>\n\n\n\n<li><strong>Instalaci\u00f3n deslizante<\/strong>: Estos <strong>Bisagras para armarios<\/strong> est\u00e1n equipadas con un mecanismo de instalaci\u00f3n deslizante, lo que las hace f\u00e1ciles y r\u00e1pidas de instalar. Esto ahorra un tiempo valioso a la vez que proporciona una sujeci\u00f3n segura.<\/li>\n\n\n\n<li><strong>Cierre suave<\/strong>: Dise\u00f1adas para un cierre suave y silencioso, estas bisagras proporcionan una experiencia de usuario de primera calidad y mejoran la est\u00e9tica general del armario.<\/li>\n\n\n\n<li><strong>Durabilidad a largo plazo<\/strong>: Fabricadas para soportar un uso intensivo, estas bisagras ofrecen una resistencia superior y son ideales para puertas de armarios muy transitadas y de uso frecuente.<\/li>\n\n\n\n<li><strong>Aplicaci\u00f3n vers\u00e1til<\/strong>: Perfecto para una amplia gama de tipos de armarios, incluyendo armarios de cocina, tocadores de ba\u00f1o y librer\u00edas, ofreciendo una gran flexibilidad para diversos espacios del hogar y la oficina.<\/li>\n\n\n\n<li><strong>Respetuoso con el medio ambiente<\/strong>: Dise\u00f1adas para cumplir las normas medioambientales internacionales, estas bisagras son seguras y no producen emisiones nocivas, lo que garantiza la tranquilidad de su hogar o negocio.<\/li>\n<\/ul>\n<\/div>\n\n\n\n<div class=\"wp-block-column is-layout-flow wp-block-column-is-layout-flow\">\n<figure class=\"wp-block-image size-full\"><img decoding=\"async\" width=\"1200\" height=\"1200\" src=\"https:\/\/www.baoertaihardware.com\/wp-content\/uploads\/2024\/12\/Two-Way-Hinges-Factory-Wholesale-616-1.webp\" alt=\"Bisagras de dos v\u00edas F\u00e1brica al por mayor-616 (1)\" class=\"wp-image-1049\" srcset=\"https:\/\/www.baoertaihardware.com\/wp-content\/uploads\/2024\/12\/Two-Way-Hinges-Factory-Wholesale-616-1.webp 1200w, https:\/\/www.baoertaihardware.com\/wp-content\/uploads\/2024\/12\/Two-Way-Hinges-Factory-Wholesale-616-1-300x300.webp 300w, https:\/\/www.baoertaihardware.com\/wp-content\/uploads\/2024\/12\/Two-Way-Hinges-Factory-Wholesale-616-1-150x150.webp 150w, https:\/\/www.baoertaihardware.com\/wp-content\/uploads\/2024\/12\/Two-Way-Hinges-Factory-Wholesale-616-1-768x768.webp 768w, https:\/\/www.baoertaihardware.com\/wp-content\/uploads\/2024\/12\/Two-Way-Hinges-Factory-Wholesale-616-1-600x600.webp 600w, https:\/\/www.baoertaihardware.com\/wp-content\/uploads\/2024\/12\/Two-Way-Hinges-Factory-Wholesale-616-1-100x100.webp 100w\" sizes=\"(max-width: 1200px) 100vw, 1200px\" \/><\/figure>\n<\/div>\n<\/div>","protected":false},"excerpt":{"rendered":"<p>Bienvenido a comprar nuestras bisagras de dos v\u00edas al por mayor de f\u00e1brica est\u00e1n dise\u00f1adas para ajustes suaves y precisos, lo que las hace perfectas para puertas de armarios. Con una estructura de brazo corto e instalaci\u00f3n deslizante, ofrecen una f\u00e1cil instalaci\u00f3n y un rendimiento duradero. Ideales para armarios de cocina, ba\u00f1o y oficina, estas bisagras para armarios garantizan un cierre seguro y silencioso y est\u00e1n fabricadas para durar.<\/p>\n<h2>Especificaciones de las bisagras de dos v\u00edas<\/h2>\n<ul>\n<li><strong>N\u00ba de modelo<\/strong>:616<\/li>\n<li><strong>Material<\/strong>: Hierro\/Acero inoxidable<\/li>\n<li><strong>Paso del orificio de la copa<\/strong>: 48mm<\/li>\n<li><strong>Acabado de la bisagra<\/strong>: Niquelado<\/li>\n<li><strong>Peso<\/strong>52 g\/unidad<\/li>\n<li><strong>Aplicaci\u00f3n<\/strong>oficina en casa, sal\u00f3n, dormitorio, hotel, villa, apartamento<\/li>\n<\/ul>\n<p><strong>Categor\u00eda<\/strong>:\u00a0<a href=\"https:\/\/www.baoertaihardware.com\/es\/categoria-producto\/cabinet-hinges-wholesale\/\">Bisagras de armario<\/a><\/p>\n<p><strong>Etiquetas<\/strong>bisagra deslizante, bisagra de cierre suave, bisagra de acero inoxidable, bisagra de dos v\u00edas<\/p>","protected":false},"featured_media":1050,"comment_status":"closed","ping_status":"closed","template":"","meta":{"_acf_changed":false},"product_brand":[],"product_cat":[21],"product_tag":[],"class_list":{"0":"post-1048","1":"product","2":"type-product","3":"status-publish","4":"has-post-thumbnail","6":"product_cat-cabinet-hinges-wholesale","8":"first","9":"instock","10":"shipping-taxable","11":"product-type-simple"},"acf":[],"_links":{"self":[{"href":"https:\/\/www.baoertaihardware.com\/es\/wp-json\/wp\/v2\/product\/1048","targetHints":{"allow":["GET"]}}],"collection":[{"href":"https:\/\/www.baoertaihardware.com\/es\/wp-json\/wp\/v2\/product"}],"about":[{"href":"https:\/\/www.baoertaihardware.com\/es\/wp-json\/wp\/v2\/types\/product"}],"replies":[{"embeddable":true,"href":"https:\/\/www.baoertaihardware.com\/es\/wp-json\/wp\/v2\/comments?post=1048"}],"wp:featuredmedia":[{"embeddable":true,"href":"https:\/\/www.baoertaihardware.com\/es\/wp-json\/wp\/v2\/media\/1050"}],"wp:attachment":[{"href":"https:\/\/www.baoertaihardware.com\/es\/wp-json\/wp\/v2\/media?parent=1048"}],"wp:term":[{"taxonomy":"product_brand","embeddable":true,"href":"https:\/\/www.baoertaihardware.com\/es\/wp-json\/wp\/v2\/product_brand?post=1048"},{"taxonomy":"product_cat","embeddable":true,"href":"https:\/\/www.baoertaihardware.com\/es\/wp-json\/wp\/v2\/product_cat?post=1048"},{"taxonomy":"product_tag","embeddable":true,"href":"https:\/\/www.baoertaihardware.com\/es\/wp-json\/wp\/v2\/product_tag?post=1048"}],"curies":[{"name":"wp","href":"https:\/\/api.w.org\/{rel}","templated":true}]}}