{"id":1034,"date":"2024-12-21T08:57:34","date_gmt":"2024-12-21T08:57:34","guid":{"rendered":"https:\/\/www.baoertaihardware.com\/?post_type=product&#038;p=1034"},"modified":"2024-12-21T08:57:35","modified_gmt":"2024-12-21T08:57:35","slug":"bulk-clip-on-cabinet-hinges","status":"publish","type":"product","link":"https:\/\/www.baoertaihardware.com\/es\/producto\/bulk-clip-on-cabinet-hinges\/","title":{"rendered":"Bisagras de clip a granel para armarios, bisagra hidr\u00e1ulica para basculante 4 agujeros\/2 agujeros-820A"},"content":{"rendered":"<div class=\"wp-block-columns is-layout-flex wp-container-core-columns-is-layout-9d6595d7 wp-block-columns-is-layout-flex\">\n<div class=\"wp-block-column is-layout-flow wp-block-column-is-layout-flow\">\n<h3 class=\"wp-block-heading\">Caracter\u00edsticas de las bisagras de clip para armarios a granel<\/h3>\n\n\n\n<ul class=\"wp-block-list\">\n<li><strong>Dise\u00f1o con clip<\/strong>: Permite un montaje y desmontaje r\u00e1pido y sin complicaciones, ideal para ajustes y mantenimiento frecuentes.<\/li>\n\n\n\n<li><strong>Mecanismo hidr\u00e1ulico de cierre suave<\/strong>: Garantiza un cierre suave y silencioso de las puertas de los armarios, reduciendo el desgaste y evitando los portazos.<\/li>\n\n\n\n<li><strong>Opciones de montaje vers\u00e1tiles<\/strong>: Disponible en configuraciones de 4 y 2 orificios para adaptarse a diversos dise\u00f1os de armarios y preferencias de los usuarios.<\/li>\n\n\n\n<li><strong>Material de alta calidad<\/strong>: Fabricados con materiales robustos y duraderos con una excelente resistencia a la corrosi\u00f3n, aptos para un uso prolongado en entornos h\u00famedos.<\/li>\n\n\n\n<li><strong>Amplia aplicaci\u00f3n<\/strong>: Perfecto para armarios de cocina, ba\u00f1o y armario, especialmente para puertas basculantes.<\/li>\n\n\n\n<li><strong>Ajustabilidad<\/strong>: Dispone de ajuste multidireccional para una alineaci\u00f3n precisa y un acabado profesional.<\/li>\n\n\n\n<li><strong>Ajuste seguro<\/strong>: Dise\u00f1adas para ofrecer estabilidad y durabilidad, garantizan que las puertas permanezcan en su posici\u00f3n incluso con un uso frecuente.<\/li>\n\n\n\n<li><strong>Disponibilidad a granel<\/strong>: Se ofrece en cantidades al por mayor con envases personalizables para satisfacer las necesidades de las empresas.<\/li>\n<\/ul>\n<\/div>\n\n\n\n<div class=\"wp-block-column is-layout-flow wp-block-column-is-layout-flow\">\n<figure class=\"wp-block-image size-full\"><img decoding=\"async\" width=\"1200\" height=\"1200\" src=\"https:\/\/www.baoertaihardware.com\/wp-content\/uploads\/2024\/12\/Bulk-Clip-On-Cabinet-Hinges-820A-1.webp\" alt=\"Bisagras de clip a granel para armarios-820A (1)\" class=\"wp-image-1035\" srcset=\"https:\/\/www.baoertaihardware.com\/wp-content\/uploads\/2024\/12\/Bulk-Clip-On-Cabinet-Hinges-820A-1.webp 1200w, https:\/\/www.baoertaihardware.com\/wp-content\/uploads\/2024\/12\/Bulk-Clip-On-Cabinet-Hinges-820A-1-300x300.webp 300w, https:\/\/www.baoertaihardware.com\/wp-content\/uploads\/2024\/12\/Bulk-Clip-On-Cabinet-Hinges-820A-1-150x150.webp 150w, https:\/\/www.baoertaihardware.com\/wp-content\/uploads\/2024\/12\/Bulk-Clip-On-Cabinet-Hinges-820A-1-768x768.webp 768w, https:\/\/www.baoertaihardware.com\/wp-content\/uploads\/2024\/12\/Bulk-Clip-On-Cabinet-Hinges-820A-1-600x600.webp 600w, https:\/\/www.baoertaihardware.com\/wp-content\/uploads\/2024\/12\/Bulk-Clip-On-Cabinet-Hinges-820A-1-100x100.webp 100w\" sizes=\"(max-width: 1200px) 100vw, 1200px\" \/><\/figure>\n<\/div>\n<\/div>\n\n\n\n<p><\/p>","protected":false},"excerpt":{"rendered":"<p>Nuestras bisagras hidr\u00e1ulicas para armarios 820A al por mayor est\u00e1n dise\u00f1adas para ofrecer fiabilidad y facilidad de uso, proporcionando una soluci\u00f3n de cierre suave y suave para diversos dise\u00f1os de armarios. Disponibles en configuraciones de 4 y 2 orificios, estas bisagras son ideales para armarios basculantes y garantizan un ajuste seguro con alta funcionalidad.<\/p>\n<h3>Especificaciones de las bisagras de clip para armarios<\/h3>\n<ul>\n<li><strong>N\u00ba de modelo<\/strong>:820A<\/li>\n<li><strong>Material<\/strong>: Hierro<\/li>\n<li><strong>Paso del agujero de la copa:<\/strong>48mm\/52mm<\/li>\n<li><strong>Acabado de la bisagra<\/strong>: Niquelado<\/li>\n<li><strong>Peso<\/strong>90 g\/unidad<\/li>\n<li><strong>Aplicaci\u00f3n<\/strong>oficina en casa, sal\u00f3n, dormitorio, hotel, villa, apartamento<\/li>\n<\/ul>\n<p><strong>Categor\u00eda<\/strong>:\u00a0<a href=\"https:\/\/www.baoertaihardware.com\/es\/categoria-producto\/cabinet-hinges-wholesale\/\">Bisagras de armario<\/a><\/p>\n<p><strong>Etiquetas<\/strong>bisagra de clip, bisagra de cierre suave, bisagra de hierro, bisagra hidr\u00e1ulica<\/p>","protected":false},"featured_media":1036,"comment_status":"closed","ping_status":"closed","template":"","meta":{"_acf_changed":false},"product_brand":[],"product_cat":[21],"product_tag":[],"class_list":{"0":"post-1034","1":"product","2":"type-product","3":"status-publish","4":"has-post-thumbnail","6":"product_cat-cabinet-hinges-wholesale","8":"first","9":"instock","10":"shipping-taxable","11":"product-type-simple"},"acf":[],"_links":{"self":[{"href":"https:\/\/www.baoertaihardware.com\/es\/wp-json\/wp\/v2\/product\/1034","targetHints":{"allow":["GET"]}}],"collection":[{"href":"https:\/\/www.baoertaihardware.com\/es\/wp-json\/wp\/v2\/product"}],"about":[{"href":"https:\/\/www.baoertaihardware.com\/es\/wp-json\/wp\/v2\/types\/product"}],"replies":[{"embeddable":true,"href":"https:\/\/www.baoertaihardware.com\/es\/wp-json\/wp\/v2\/comments?post=1034"}],"wp:featuredmedia":[{"embeddable":true,"href":"https:\/\/www.baoertaihardware.com\/es\/wp-json\/wp\/v2\/media\/1036"}],"wp:attachment":[{"href":"https:\/\/www.baoertaihardware.com\/es\/wp-json\/wp\/v2\/media?parent=1034"}],"wp:term":[{"taxonomy":"product_brand","embeddable":true,"href":"https:\/\/www.baoertaihardware.com\/es\/wp-json\/wp\/v2\/product_brand?post=1034"},{"taxonomy":"product_cat","embeddable":true,"href":"https:\/\/www.baoertaihardware.com\/es\/wp-json\/wp\/v2\/product_cat?post=1034"},{"taxonomy":"product_tag","embeddable":true,"href":"https:\/\/www.baoertaihardware.com\/es\/wp-json\/wp\/v2\/product_tag?post=1034"}],"curies":[{"name":"wp","href":"https:\/\/api.w.org\/{rel}","templated":true}]}}