{"id":1027,"date":"2024-12-21T07:55:58","date_gmt":"2024-12-21T07:55:58","guid":{"rendered":"https:\/\/www.baoertaihardware.com\/?post_type=product&#038;p=1027"},"modified":"2024-12-21T07:55:59","modified_gmt":"2024-12-21T07:55:59","slug":"45-90-degree-cabinet-hinge-bulk","status":"publish","type":"product","link":"https:\/\/www.baoertaihardware.com\/es\/producto\/45-90-degree-cabinet-hinge-bulk\/","title":{"rendered":"Bisagra de gabinete de 45\/90 grados Bisagra hidr\u00e1ulica deslizante al por mayor al por mayor"},"content":{"rendered":"<div class=\"wp-block-columns is-layout-flex wp-container-core-columns-is-layout-9d6595d7 wp-block-columns-is-layout-flex\">\n<div class=\"wp-block-column is-layout-flow wp-block-column-is-layout-flow\">\n<h3 class=\"wp-block-heading\">Caracter\u00edsticas de la bisagra de armario de 45\/90 grados<\/h3>\n\n\n\n<ul class=\"wp-block-list\">\n<li><strong>Bisagra de armario 45<\/strong>: Permite que las puertas se abran en un \u00e1ngulo de 45 grados, perfecto para armarios en \u00e1ngulo y para maximizar la eficiencia del espacio.<\/li>\n\n\n\n<li><strong>Bisagra de armario de 90<\/strong>: Garantiza una apertura est\u00e1ndar de 90 grados, ofreciendo un acceso total al interior de los armarios con un funcionamiento suave.<\/li>\n\n\n\n<li><strong>Mecanismo hidr\u00e1ulico<\/strong>: La funci\u00f3n de cierre suave integrada evita los portazos, garantizando un cierre silencioso y suave de la puerta.<\/li>\n\n\n\n<li><strong>Dise\u00f1o deslizante<\/strong>: Simplifica la instalaci\u00f3n y el ajuste, ahorrando tiempo y proporcionando un ajuste seguro y sin complicaciones.<\/li>\n\n\n\n<li><strong>Construcci\u00f3n duradera<\/strong>: Fabricado con materiales de primera calidad, lo que garantiza una gran capacidad de carga y un rendimiento duradero.<\/li>\n\n\n\n<li><strong>Resistencia a la corrosi\u00f3n<\/strong>: Acabado con revestimiento anticorrosi\u00f3n para una mayor durabilidad en entornos h\u00famedos.<\/li>\n\n\n\n<li><strong>Amplia compatibilidad<\/strong>: Adecuado para varios tipos de armarios, incluyendo cocina, armario y muebles de oficina.<\/li>\n<\/ul>\n<\/div>\n\n\n\n<div class=\"wp-block-column is-layout-flow wp-block-column-is-layout-flow\">\n<figure class=\"wp-block-image size-full\"><img decoding=\"async\" width=\"1200\" height=\"1200\" src=\"https:\/\/www.baoertaihardware.com\/wp-content\/uploads\/2024\/12\/4590-Degree-Cabinet-Hinge-Wholesale-1.webp\" alt=\"Bisagra de armario de 90 grados al por mayor (1)\" class=\"wp-image-1028\" srcset=\"https:\/\/www.baoertaihardware.com\/wp-content\/uploads\/2024\/12\/4590-Degree-Cabinet-Hinge-Wholesale-1.webp 1200w, https:\/\/www.baoertaihardware.com\/wp-content\/uploads\/2024\/12\/4590-Degree-Cabinet-Hinge-Wholesale-1-300x300.webp 300w, https:\/\/www.baoertaihardware.com\/wp-content\/uploads\/2024\/12\/4590-Degree-Cabinet-Hinge-Wholesale-1-150x150.webp 150w, https:\/\/www.baoertaihardware.com\/wp-content\/uploads\/2024\/12\/4590-Degree-Cabinet-Hinge-Wholesale-1-768x768.webp 768w, https:\/\/www.baoertaihardware.com\/wp-content\/uploads\/2024\/12\/4590-Degree-Cabinet-Hinge-Wholesale-1-600x600.webp 600w, https:\/\/www.baoertaihardware.com\/wp-content\/uploads\/2024\/12\/4590-Degree-Cabinet-Hinge-Wholesale-1-100x100.webp 100w\" sizes=\"(max-width: 1200px) 100vw, 1200px\" \/><\/figure>\n<\/div>\n<\/div>","protected":false},"excerpt":{"rendered":"<p>Nuestras bisagras hidr\u00e1ulicas deslizantes est\u00e1n dise\u00f1adas para ofrecer precisi\u00f3n y durabilidad, y se adaptan a aplicaciones de armarios de 45\u00b0 y 90\u00b0. Estas bisagras para armarios de 45 y 90 grados proporcionan un movimiento perfecto de la puerta y son ideales para armarios de cocina, ba\u00f1o y muebles.<\/p>\n<h3>Especificaciones de la bisagra de armario de 45\/90 grados<\/h3>\n<ul>\n<li><strong>Material<\/strong>: Hierro<\/li>\n<li><strong>Paso del orificio de la copa<\/strong>: 48mm,35mm<\/li>\n<li><strong>Acabado de la bisagra<\/strong>: Niquelado<\/li>\n<li><strong>\u00c1ngulo Bisagra:45\u00b0\/90\u00b0<\/strong><\/li>\n<li><strong>Peso<\/strong>:88g\/pcs<\/li>\n<li><strong>Aplicaci\u00f3n<\/strong>oficina en casa, sal\u00f3n, dormitorio, hotel, villa, apartamento<\/li>\n<\/ul>\n<p><strong>Categor\u00eda<\/strong>:\u00a0<a href=\"https:\/\/www.baoertaihardware.com\/es\/categoria-producto\/cabinet-hinges-wholesale\/\">Bisagras de armario<\/a><\/p>\n<p><strong>Etiquetas<\/strong>bisagra deslizante, bisagra de hierro, bisagra para armario de 45 grados, bisagra para armario de 90 grados<\/p>","protected":false},"featured_media":1029,"comment_status":"closed","ping_status":"closed","template":"","meta":{"_acf_changed":false},"product_brand":[],"product_cat":[21],"product_tag":[],"class_list":{"0":"post-1027","1":"product","2":"type-product","3":"status-publish","4":"has-post-thumbnail","6":"product_cat-cabinet-hinges-wholesale","8":"first","9":"instock","10":"shipping-taxable","11":"product-type-simple"},"acf":[],"_links":{"self":[{"href":"https:\/\/www.baoertaihardware.com\/es\/wp-json\/wp\/v2\/product\/1027","targetHints":{"allow":["GET"]}}],"collection":[{"href":"https:\/\/www.baoertaihardware.com\/es\/wp-json\/wp\/v2\/product"}],"about":[{"href":"https:\/\/www.baoertaihardware.com\/es\/wp-json\/wp\/v2\/types\/product"}],"replies":[{"embeddable":true,"href":"https:\/\/www.baoertaihardware.com\/es\/wp-json\/wp\/v2\/comments?post=1027"}],"wp:featuredmedia":[{"embeddable":true,"href":"https:\/\/www.baoertaihardware.com\/es\/wp-json\/wp\/v2\/media\/1029"}],"wp:attachment":[{"href":"https:\/\/www.baoertaihardware.com\/es\/wp-json\/wp\/v2\/media?parent=1027"}],"wp:term":[{"taxonomy":"product_brand","embeddable":true,"href":"https:\/\/www.baoertaihardware.com\/es\/wp-json\/wp\/v2\/product_brand?post=1027"},{"taxonomy":"product_cat","embeddable":true,"href":"https:\/\/www.baoertaihardware.com\/es\/wp-json\/wp\/v2\/product_cat?post=1027"},{"taxonomy":"product_tag","embeddable":true,"href":"https:\/\/www.baoertaihardware.com\/es\/wp-json\/wp\/v2\/product_tag?post=1027"}],"curies":[{"name":"wp","href":"https:\/\/api.w.org\/{rel}","templated":true}]}}