{"id":1020,"date":"2024-12-21T07:35:56","date_gmt":"2024-12-21T07:35:56","guid":{"rendered":"https:\/\/www.baoertaihardware.com\/?post_type=product&#038;p=1020"},"modified":"2024-12-21T07:35:57","modified_gmt":"2024-12-21T07:35:57","slug":"45-90-135-degree-angle-hinge","status":"publish","type":"product","link":"https:\/\/www.baoertaihardware.com\/es\/producto\/45-90-135-degree-angle-hinge\/","title":{"rendered":"Bisagra de \u00e1ngulo 45\/90\/135 grados Bisagra de armario deslizante al por mayor"},"content":{"rendered":"<div class=\"wp-block-columns is-layout-flex wp-container-core-columns-is-layout-9d6595d7 wp-block-columns-is-layout-flex\">\n<div class=\"wp-block-column is-layout-flow wp-block-column-is-layout-flow\">\n<h3 class=\"wp-block-heading\">Caracter\u00edsticas de la bisagra en \u00e1ngulo de 45\/90\/135 grados<\/h3>\n\n\n\n<ul class=\"wp-block-list\">\n<li><strong>Bisagra de armario de 45 grados<\/strong>: Ideal para puertas de armarios en \u00e1ngulo, ya que proporciona una apertura precisa de 45 grados para facilitar el acceso y aprovechar al m\u00e1ximo el espacio.<\/li>\n\n\n\n<li><strong>90 <strong>Titulaci\u00f3n<\/strong> Bisagra de armario<\/strong>: Una opci\u00f3n est\u00e1ndar para la mayor\u00eda de las instalaciones de armarios, permitiendo que las puertas se abran completamente en un \u00e1ngulo de 90 grados para un acceso completo.<\/li>\n\n\n\n<li><strong>135 <strong>Titulaci\u00f3n<\/strong> Bisagra de armario<\/strong>: Perfecto para puertas de gran apertura, ofrece un \u00e1ngulo de 135 grados que permite el m\u00e1ximo acceso, ideal para armarios de esquina o grandes.<\/li>\n\n\n\n<li><strong>Dise\u00f1o deslizante<\/strong>: F\u00e1cil instalaci\u00f3n con un mecanismo deslizante que reduce el tiempo de montaje y garantiza un ajuste seguro.<\/li>\n\n\n\n<li><strong>Construcci\u00f3n duradera<\/strong>: Fabricado con materiales de alta calidad para una larga durabilidad y un movimiento suave de la puerta.<\/li>\n\n\n\n<li><strong>Aplicaci\u00f3n vers\u00e1til<\/strong>: Adecuado para una amplia gama de tipos de armarios, desde armarios de cocina a muebles, con m\u00faltiples opciones de \u00e1ngulo para ajustes precisos.<\/li>\n<\/ul>\n<\/div>\n\n\n\n<div class=\"wp-block-column is-layout-flow wp-block-column-is-layout-flow\">\n<figure class=\"wp-block-image size-full\"><img decoding=\"async\" width=\"1200\" height=\"1200\" src=\"https:\/\/www.baoertaihardware.com\/wp-content\/uploads\/2024\/12\/4590135-Degree-Angle-Hinge-Slide-On-Cabinet-Hinge-Wholesale-1.webp\" alt=\"Bisagra de \u00e1ngulo Bisagra de armario al por mayor (1)\" class=\"wp-image-1021\" srcset=\"https:\/\/www.baoertaihardware.com\/wp-content\/uploads\/2024\/12\/4590135-Degree-Angle-Hinge-Slide-On-Cabinet-Hinge-Wholesale-1.webp 1200w, https:\/\/www.baoertaihardware.com\/wp-content\/uploads\/2024\/12\/4590135-Degree-Angle-Hinge-Slide-On-Cabinet-Hinge-Wholesale-1-300x300.webp 300w, https:\/\/www.baoertaihardware.com\/wp-content\/uploads\/2024\/12\/4590135-Degree-Angle-Hinge-Slide-On-Cabinet-Hinge-Wholesale-1-150x150.webp 150w, https:\/\/www.baoertaihardware.com\/wp-content\/uploads\/2024\/12\/4590135-Degree-Angle-Hinge-Slide-On-Cabinet-Hinge-Wholesale-1-768x768.webp 768w, https:\/\/www.baoertaihardware.com\/wp-content\/uploads\/2024\/12\/4590135-Degree-Angle-Hinge-Slide-On-Cabinet-Hinge-Wholesale-1-600x600.webp 600w, https:\/\/www.baoertaihardware.com\/wp-content\/uploads\/2024\/12\/4590135-Degree-Angle-Hinge-Slide-On-Cabinet-Hinge-Wholesale-1-100x100.webp 100w\" sizes=\"(max-width: 1200px) 100vw, 1200px\" \/><\/figure>\n<\/div>\n<\/div>\n\n\n\n<p><\/p>","protected":false},"excerpt":{"rendered":"<p>Nuestras bisagras deslizantes de \u00e1ngulo normal de alta calidad son perfectas para diversas aplicaciones en armarios, ya que ofrecen un rendimiento suave y fiable en diferentes \u00e1ngulos. Disponibles en configuraciones de 45\u00b0, 90\u00b0 y 135\u00b0, estas bisagras garantizan una funcionalidad \u00f3ptima para sus armarios y muebles.<\/p>\n<h3>Especificaciones de la bisagra en \u00e1ngulo de 45\/90\/135 grados<\/h3>\n<ul>\n<li><strong>Material<\/strong>: Hierro<\/li>\n<li><strong>Paso del orificio de la copa<\/strong>: 48mm,35mm<\/li>\n<li><strong>Acabado de la bisagra<\/strong>: Niquelado<\/li>\n<li><strong>\u00c1ngulo Bisagra:45\u00b0\/90\u00b0\/135\u00b0<\/strong><\/li>\n<li><strong>Peso<\/strong>:74g\/pcs,69g\/pcs,78g\/pcs<\/li>\n<li><strong>Aplicaci\u00f3n<\/strong>oficina en casa, sal\u00f3n, dormitorio, hotel, villa, apartamento<\/li>\n<\/ul>\n<p><strong>Categor\u00eda<\/strong>:\u00a0<a href=\"https:\/\/www.baoertaihardware.com\/es\/categoria-producto\/cabinet-hinges-wholesale\/\">Bisagras de armario<\/a><\/p>\n<p><strong>Etiquetas<\/strong>bisagra deslizante, bisagra de hierro, bisagra para armario de 45 grados, bisagra para armario de 90 grados<\/p>","protected":false},"featured_media":1022,"comment_status":"closed","ping_status":"closed","template":"","meta":{"_acf_changed":false},"product_brand":[],"product_cat":[21],"product_tag":[],"class_list":{"0":"post-1020","1":"product","2":"type-product","3":"status-publish","4":"has-post-thumbnail","6":"product_cat-cabinet-hinges-wholesale","8":"first","9":"instock","10":"shipping-taxable","11":"product-type-simple"},"acf":[],"_links":{"self":[{"href":"https:\/\/www.baoertaihardware.com\/es\/wp-json\/wp\/v2\/product\/1020","targetHints":{"allow":["GET"]}}],"collection":[{"href":"https:\/\/www.baoertaihardware.com\/es\/wp-json\/wp\/v2\/product"}],"about":[{"href":"https:\/\/www.baoertaihardware.com\/es\/wp-json\/wp\/v2\/types\/product"}],"replies":[{"embeddable":true,"href":"https:\/\/www.baoertaihardware.com\/es\/wp-json\/wp\/v2\/comments?post=1020"}],"wp:featuredmedia":[{"embeddable":true,"href":"https:\/\/www.baoertaihardware.com\/es\/wp-json\/wp\/v2\/media\/1022"}],"wp:attachment":[{"href":"https:\/\/www.baoertaihardware.com\/es\/wp-json\/wp\/v2\/media?parent=1020"}],"wp:term":[{"taxonomy":"product_brand","embeddable":true,"href":"https:\/\/www.baoertaihardware.com\/es\/wp-json\/wp\/v2\/product_brand?post=1020"},{"taxonomy":"product_cat","embeddable":true,"href":"https:\/\/www.baoertaihardware.com\/es\/wp-json\/wp\/v2\/product_cat?post=1020"},{"taxonomy":"product_tag","embeddable":true,"href":"https:\/\/www.baoertaihardware.com\/es\/wp-json\/wp\/v2\/product_tag?post=1020"}],"curies":[{"name":"wp","href":"https:\/\/api.w.org\/{rel}","templated":true}]}}