{"id":1005,"date":"2024-12-09T09:29:15","date_gmt":"2024-12-09T09:29:15","guid":{"rendered":"https:\/\/www.baoertaihardware.com\/?post_type=product&#038;p=1005"},"modified":"2025-06-29T18:10:08","modified_gmt":"2025-06-29T18:10:08","slug":"tip-on-for-doors-wholesale","status":"publish","type":"product","link":"https:\/\/www.baoertaihardware.com\/es\/producto\/tip-on-for-doors-wholesale\/","title":{"rendered":"Tip On para Puertas , Bisagras para Muebles Herrajes Mayorista"},"content":{"rendered":"<p>D\u00e9 un impulso a sus muebles con Tip-On para puertas, una soluci\u00f3n de primera calidad para dise\u00f1os sin tirador. Estos herrajes para bisagras de muebles son perfectos para interiores modernos, ya que ofrecen un mecanismo de apertura sin juntas.<\/p>\n\n\n\n<div class=\"wp-block-columns is-layout-flex wp-container-core-columns-is-layout-9d6595d7 wp-block-columns-is-layout-flex\">\n<div class=\"wp-block-column is-layout-flow wp-block-column-is-layout-flow\">\n<div class=\"wp-block-columns is-layout-flex wp-container-core-columns-is-layout-9d6595d7 wp-block-columns-is-layout-flex\">\n<div class=\"wp-block-column is-layout-flow wp-block-column-is-layout-flow\">\n<figure class=\"wp-block-image size-full\"><img decoding=\"async\" width=\"1200\" height=\"1200\" src=\"https:\/\/www.baoertaihardware.com\/wp-content\/uploads\/2024\/12\/Tip-On-for-Doors-in-bulk-1.webp\" alt=\"Tip On para Puertas a granel (1)\" class=\"wp-image-1006\" srcset=\"https:\/\/www.baoertaihardware.com\/wp-content\/uploads\/2024\/12\/Tip-On-for-Doors-in-bulk-1.webp 1200w, https:\/\/www.baoertaihardware.com\/wp-content\/uploads\/2024\/12\/Tip-On-for-Doors-in-bulk-1-300x300.webp 300w, https:\/\/www.baoertaihardware.com\/wp-content\/uploads\/2024\/12\/Tip-On-for-Doors-in-bulk-1-150x150.webp 150w, https:\/\/www.baoertaihardware.com\/wp-content\/uploads\/2024\/12\/Tip-On-for-Doors-in-bulk-1-768x768.webp 768w, https:\/\/www.baoertaihardware.com\/wp-content\/uploads\/2024\/12\/Tip-On-for-Doors-in-bulk-1-600x600.webp 600w, https:\/\/www.baoertaihardware.com\/wp-content\/uploads\/2024\/12\/Tip-On-for-Doors-in-bulk-1-100x100.webp 100w\" sizes=\"(max-width: 1200px) 100vw, 1200px\" \/><\/figure>\n<\/div>\n\n\n\n<div class=\"wp-block-column is-layout-flow wp-block-column-is-layout-flow\">\n<figure class=\"wp-block-image size-full\"><img decoding=\"async\" width=\"1200\" height=\"1200\" src=\"https:\/\/www.baoertaihardware.com\/wp-content\/uploads\/2024\/12\/Tip-On-for-Doors-in-bulk-2.webp\" alt=\"Tip On para Puertas a granel (2)\" class=\"wp-image-1007\" srcset=\"https:\/\/www.baoertaihardware.com\/wp-content\/uploads\/2024\/12\/Tip-On-for-Doors-in-bulk-2.webp 1200w, https:\/\/www.baoertaihardware.com\/wp-content\/uploads\/2024\/12\/Tip-On-for-Doors-in-bulk-2-300x300.webp 300w, https:\/\/www.baoertaihardware.com\/wp-content\/uploads\/2024\/12\/Tip-On-for-Doors-in-bulk-2-150x150.webp 150w, https:\/\/www.baoertaihardware.com\/wp-content\/uploads\/2024\/12\/Tip-On-for-Doors-in-bulk-2-768x768.webp 768w, https:\/\/www.baoertaihardware.com\/wp-content\/uploads\/2024\/12\/Tip-On-for-Doors-in-bulk-2-600x600.webp 600w, https:\/\/www.baoertaihardware.com\/wp-content\/uploads\/2024\/12\/Tip-On-for-Doors-in-bulk-2-100x100.webp 100w\" sizes=\"(max-width: 1200px) 100vw, 1200px\" \/><\/figure>\n<\/div>\n<\/div>\n<\/div>\n<\/div>","protected":false},"excerpt":{"rendered":"<p>Ideales para armarios de cocina, armarios y otros muebles, nuestros herrajes Tip-On combinan innovaci\u00f3n y funcionalidad para crear un aspecto moderno y despejado. Disponible en cantidades al por mayor para empresas y compradores al por mayor.<\/p>\n<h2>Caracter\u00edsticas de Tip On para puertas<\/h2>\n<ul>\n<li><strong>Funci\u00f3n de apertura mediante pulsador<\/strong>: Abra las puertas con una ligera presi\u00f3n; no necesita tiradores, ideal para muebles elegantes y minimalistas.<\/li>\n<li><strong>Duradero y fiable<\/strong>: Fabricado con materiales de alta calidad para un rendimiento duradero, incluso con un uso frecuente.<\/li>\n<li><strong>Opciones personalizadas<\/strong>: Viene en una variedad de tama\u00f1os y acabados para adaptarse a m\u00faltiples estilos de armarios y muebles.<\/li>\n<li><strong>F\u00e1cil instalaci\u00f3n<\/strong>: Dise\u00f1ada para facilitar la instalaci\u00f3n, ahorra tiempo tanto a los profesionales como a los aficionados al bricolaje.<\/li>\n<\/ul>","protected":false},"featured_media":1008,"comment_status":"closed","ping_status":"closed","template":"","meta":{"_acf_changed":false},"product_brand":[],"product_cat":[38],"product_tag":[],"class_list":{"0":"post-1005","1":"product","2":"type-product","3":"status-publish","4":"has-post-thumbnail","6":"product_cat-push-to-open-latches-wholesale","8":"first","9":"instock","10":"shipping-taxable","11":"product-type-simple"},"acf":[],"_links":{"self":[{"href":"https:\/\/www.baoertaihardware.com\/es\/wp-json\/wp\/v2\/product\/1005","targetHints":{"allow":["GET"]}}],"collection":[{"href":"https:\/\/www.baoertaihardware.com\/es\/wp-json\/wp\/v2\/product"}],"about":[{"href":"https:\/\/www.baoertaihardware.com\/es\/wp-json\/wp\/v2\/types\/product"}],"replies":[{"embeddable":true,"href":"https:\/\/www.baoertaihardware.com\/es\/wp-json\/wp\/v2\/comments?post=1005"}],"wp:featuredmedia":[{"embeddable":true,"href":"https:\/\/www.baoertaihardware.com\/es\/wp-json\/wp\/v2\/media\/1008"}],"wp:attachment":[{"href":"https:\/\/www.baoertaihardware.com\/es\/wp-json\/wp\/v2\/media?parent=1005"}],"wp:term":[{"taxonomy":"product_brand","embeddable":true,"href":"https:\/\/www.baoertaihardware.com\/es\/wp-json\/wp\/v2\/product_brand?post=1005"},{"taxonomy":"product_cat","embeddable":true,"href":"https:\/\/www.baoertaihardware.com\/es\/wp-json\/wp\/v2\/product_cat?post=1005"},{"taxonomy":"product_tag","embeddable":true,"href":"https:\/\/www.baoertaihardware.com\/es\/wp-json\/wp\/v2\/product_tag?post=1005"}],"curies":[{"name":"wp","href":"https:\/\/api.w.org\/{rel}","templated":true}]}}