{"id":990,"date":"2024-12-09T08:04:42","date_gmt":"2024-12-09T08:04:42","guid":{"rendered":"https:\/\/www.baoertaihardware.com\/?post_type=product&#038;p=990"},"modified":"2024-12-09T08:04:43","modified_gmt":"2024-12-09T08:04:43","slug":"hydraulic-hinges-for-cabinets-oem","status":"publish","type":"product","link":"https:\/\/www.baoertaihardware.com\/de\/produkt\/hydraulic-hinges-for-cabinets-oem\/","title":{"rendered":"Beste hydraulische Scharniere f\u00fcr Schr\u00e4nke Edelstahl Clip On Scharnier Hersteller - 868"},"content":{"rendered":"<div class=\"wp-block-columns is-layout-flex wp-container-core-columns-is-layout-9d6595d7 wp-block-columns-is-layout-flex\">\n<div class=\"wp-block-column is-layout-flow wp-block-column-is-layout-flow\">\n<h2 class=\"wp-block-heading\">Merkmale von hydraulischen Scharnieren f\u00fcr Schr\u00e4nke<\/h2>\n\n\n\n<ul class=\"wp-block-list\">\n<li><strong>201 Edelstahl Material<\/strong>: Das beste hydraulische Scharnier f\u00fcr Schr\u00e4nke besteht aus hochwertigem Edelstahl mit hervorragender Korrosions-, Abrieb- und Oxidationsbest\u00e4ndigkeit, so dass es auch nach langem Gebrauch in einer feuchten Umgebung oder bei hohen Temperaturen sein stabiles Aussehen und seine Funktion beibeh\u00e4lt.<\/li>\n\n\n\n<li><strong>Hydraulische Funktion<\/strong>: Es ist mit einer hydraulischen Vorrichtung ausgestattet, die ein sanftes und langsames Schlie\u00dfen des T\u00fcrfl\u00fcgels gew\u00e4hrleistet und St\u00f6\u00dfe, die L\u00e4rm oder Sch\u00e4den verursachen k\u00f6nnen, vermeidet. Verbessern Sie den Komfort und die Ruhe in Ihrem Zuhause.<\/li>\n\n\n\n<li><strong>Einfaches Clip-On-Design<\/strong>: Die Clip-On-Scharnierkonstruktion erm\u00f6glicht eine einfache und schnelle Montage und Demontage ohne Schrauben und spart somit Zeit und Kosten bei der Installation. Geeignet f\u00fcr Massen- und Massenproduktionsbed\u00fcrfnisse, in der Lage, auf Serieninstallationen mit hoher Effizienz zu reagieren.<\/li>\n\n\n\n<li><strong>Starke Tragf\u00e4higkeit<\/strong>: Nach der umsichtigen Konstruktion besitzt dieses hydraulische Scharnier eine hohe Tragf\u00e4higkeit, um schwere Schrankt\u00fcren zu tragen, was die Stabilit\u00e4t der T\u00fcr und einen reibungslosen \u00d6ffnungs- und Schlie\u00dfvorgang gew\u00e4hrleistet.<\/li>\n\n\n\n<li><strong>Breite Anwendbarkeit<\/strong>: Er ist f\u00fcr alle Arten von M\u00f6beln und Schr\u00e4nken geeignet, wie z. B. K\u00fcchenschr\u00e4nke, Badezimmerschr\u00e4nke, Kleiderschr\u00e4nke usw. Es ist besonders geeignet f\u00fcr hochfrequente Nutzung und T\u00fcren, die eine hohe Belastbarkeit erfordern.<\/li>\n\n\n\n<li><strong>Hohe Dauerhaftigkeit<\/strong>: Dank der hohen Lebensdauer des Hydrauliksystems und des Materials aus rostfreiem Stahl wird die Anzahl der Reparaturen und des Austauschs reduziert.<\/li>\n\n\n\n<li><strong>Modernes Design<\/strong>: Einfaches und modernes Design, das zu einer Vielzahl von Einrichtungsstilen passt und die Gesamt\u00e4sthetik der M\u00f6bel unterstreicht.<\/li>\n\n\n\n<li><strong>Pr\u00e4zise Einstellungsfunktion<\/strong>: Er kann in mehrere Richtungen verstellt werden, um eine perfekte Ausrichtung der Schrankt\u00fcren zu gew\u00e4hrleisten und verschiedenen Installationsanforderungen gerecht zu werden; die Pr\u00e4zision gew\u00e4hrleistet ein perfektes Schlie\u00dfen w\u00e4hrend des Gebrauchs.<\/li>\n<\/ul>\n<\/div>\n\n\n\n<div class=\"wp-block-column is-layout-flow wp-block-column-is-layout-flow\">\n<figure class=\"wp-block-image size-full\"><img decoding=\"async\" width=\"1200\" height=\"1200\" src=\"https:\/\/www.baoertaihardware.com\/wp-content\/uploads\/2024\/12\/Bulk-Hydraulic-Hinges-for-Cabinets-Manufacturer-1.webp\" alt=\"Bulk Hydraulische Scharniere f\u00fcr Schr\u00e4nke Hersteller (1)\" class=\"wp-image-991\" srcset=\"https:\/\/www.baoertaihardware.com\/wp-content\/uploads\/2024\/12\/Bulk-Hydraulic-Hinges-for-Cabinets-Manufacturer-1.webp 1200w, https:\/\/www.baoertaihardware.com\/wp-content\/uploads\/2024\/12\/Bulk-Hydraulic-Hinges-for-Cabinets-Manufacturer-1-300x300.webp 300w, https:\/\/www.baoertaihardware.com\/wp-content\/uploads\/2024\/12\/Bulk-Hydraulic-Hinges-for-Cabinets-Manufacturer-1-150x150.webp 150w, https:\/\/www.baoertaihardware.com\/wp-content\/uploads\/2024\/12\/Bulk-Hydraulic-Hinges-for-Cabinets-Manufacturer-1-768x768.webp 768w, https:\/\/www.baoertaihardware.com\/wp-content\/uploads\/2024\/12\/Bulk-Hydraulic-Hinges-for-Cabinets-Manufacturer-1-600x600.webp 600w, https:\/\/www.baoertaihardware.com\/wp-content\/uploads\/2024\/12\/Bulk-Hydraulic-Hinges-for-Cabinets-Manufacturer-1-100x100.webp 100w\" sizes=\"(max-width: 1200px) 100vw, 1200px\" \/><\/figure>\n<\/div>\n<\/div>\n\n\n\n<p><\/p>","protected":false},"excerpt":{"rendered":"<p>Diese besten hydraulischen Scharniere f\u00fcr Schr\u00e4nke kombinieren fortschrittliche hydraulische D\u00e4mpfungstechnologie mit einem Clip-on-Scharnierdesign f\u00fcr eine Kombination aus hoher Leistung, Langlebigkeit und \u00c4sthetik, die sich ideal f\u00fcr eine Vielzahl von anspruchsvollen privaten und gewerblichen Projekten eignet. Fragen Sie uns nach einem kostenlosen Angebot!<\/p>\n<h2>Spezifikationen f\u00fcr hydraulische Scharniere f\u00fcr Schr\u00e4nke<\/h2>\n<ul>\n<li><strong>Modell Nr.<\/strong>:868<\/li>\n<li><strong>Material<\/strong>: AII SS 201<\/li>\n<li><strong>Cup Hole Teilung<\/strong>: 48mm<\/li>\n<li><strong>Scharnier Ausf\u00fchrung<\/strong>: Vernickelt<\/li>\n<li><strong>Gewicht<\/strong>:106g\/St\u00fcck<\/li>\n<li><strong>Anmeldung<\/strong>Home Office, Wohnzimmer, Schlafzimmer, Hotel, Villa, Wohnung<\/li>\n<\/ul>\n<p><strong>Kategorie<\/strong>:\u00a0<a href=\"https:\/\/www.baoertaihardware.com\/de\/produkt-kategorie\/cabinet-hinges-wholesale\/\">Scharniere f\u00fcr Schr\u00e4nke<\/a> <strong>Tags<\/strong>: Clipscharnier, Spezialwinkelscharnier, Soft-Close-Scharnier, Edelstahlscharnier<\/p>","protected":false},"featured_media":992,"comment_status":"closed","ping_status":"closed","template":"","meta":{"_acf_changed":false},"product_brand":[],"product_cat":[21],"product_tag":[],"class_list":{"0":"post-990","1":"product","2":"type-product","3":"status-publish","4":"has-post-thumbnail","6":"product_cat-cabinet-hinges-wholesale","8":"first","9":"instock","10":"shipping-taxable","11":"product-type-simple"},"acf":[],"_links":{"self":[{"href":"https:\/\/www.baoertaihardware.com\/de\/wp-json\/wp\/v2\/product\/990","targetHints":{"allow":["GET"]}}],"collection":[{"href":"https:\/\/www.baoertaihardware.com\/de\/wp-json\/wp\/v2\/product"}],"about":[{"href":"https:\/\/www.baoertaihardware.com\/de\/wp-json\/wp\/v2\/types\/product"}],"replies":[{"embeddable":true,"href":"https:\/\/www.baoertaihardware.com\/de\/wp-json\/wp\/v2\/comments?post=990"}],"wp:featuredmedia":[{"embeddable":true,"href":"https:\/\/www.baoertaihardware.com\/de\/wp-json\/wp\/v2\/media\/992"}],"wp:attachment":[{"href":"https:\/\/www.baoertaihardware.com\/de\/wp-json\/wp\/v2\/media?parent=990"}],"wp:term":[{"taxonomy":"product_brand","embeddable":true,"href":"https:\/\/www.baoertaihardware.com\/de\/wp-json\/wp\/v2\/product_brand?post=990"},{"taxonomy":"product_cat","embeddable":true,"href":"https:\/\/www.baoertaihardware.com\/de\/wp-json\/wp\/v2\/product_cat?post=990"},{"taxonomy":"product_tag","embeddable":true,"href":"https:\/\/www.baoertaihardware.com\/de\/wp-json\/wp\/v2\/product_tag?post=990"}],"curies":[{"name":"wp","href":"https:\/\/api.w.org\/{rel}","templated":true}]}}