{"id":974,"date":"2024-12-09T03:56:51","date_gmt":"2024-12-09T03:56:51","guid":{"rendered":"https:\/\/www.baoertaihardware.com\/?post_type=product&#038;p=974"},"modified":"2024-12-09T06:30:49","modified_gmt":"2024-12-09T06:30:49","slug":"304-stainless-steel-hinges-bulk","status":"publish","type":"product","link":"https:\/\/www.baoertaihardware.com\/de\/produkt\/304-stainless-steel-hinges-bulk\/","title":{"rendered":"Bulk Schrank Scharniere , 304 Edelstahl Scharniere Clip-On Hydraulische Scharnier - 838"},"content":{"rendered":"<div class=\"wp-block-columns is-layout-flex wp-container-core-columns-is-layout-9d6595d7 wp-block-columns-is-layout-flex\">\n<div class=\"wp-block-column is-layout-flow wp-block-column-is-layout-flow\">\n<h2 class=\"wp-block-heading\"><br>Merkmale von Scharnieren aus Edelstahl 304<\/h2>\n\n\n\n<ul class=\"wp-block-list\">\n<li><strong>304-Edelstahl mit hochwertigem Material<\/strong>Diese Scharniere aus rostfreiem Stahl 304 sind aus hochwertigem rostfreiem Stahl 304 hergestellt, der eine hervorragende Korrosions- und Temperaturbest\u00e4ndigkeit aufweist. Sie rosten nicht und verformen sich nicht und passen sich den unterschiedlichsten Umweltbedingungen an.<\/li>\n\n\n\n<li><strong>Hydraulische Langsamschlie\u00dffunktion<\/strong>: Durch den Einsatz fortschrittlicher Hydrauliktechnologie wird ein sanftes und leises Schlie\u00dfen der T\u00fcren erreicht, ohne Ger\u00e4usche durch das Aufschlagen der T\u00fcren. Dies verl\u00e4ngert auch die Lebensdauer von Scharnieren und T\u00fcrschildern und verbessert die Erfahrung der Benutzer bei der Nutzung.<\/li>\n\n\n\n<li><strong>Verstellbare Struktur Design<\/strong>: Erm\u00f6glicht eine dreifache Verstellbarkeit (Tiefe, Seite und H\u00f6he) w\u00e4hrend der Installation, wodurch die Installation korrekter und flexibler wird; passt sich perfekt an verschiedene Schrankt\u00fcrgr\u00f6\u00dfen an.<\/li>\n\n\n\n<li><strong>Einfache Installation<\/strong>: Adopt Clip-und-Knopf-Design, einfach zu installieren und zu entfernen, keine komplizierten Werkzeuge oder zus\u00e4tzliche Schrauben erforderlich sind, die f\u00fcr die schnelle Batch-Installation von Bulk Cabinet Scharniere passt, um Zeit und Arbeit zu sparen.<\/li>\n\n\n\n<li><strong>Hohe Tragf\u00e4higkeit<\/strong>: Es kann schwere Schrankt\u00fcren aufgrund seiner hohen Tragf\u00e4higkeit stabil tragen und l\u00e4sst sich nicht so leicht verformen oder lockern, damit der T\u00fcrk\u00f6rper fest und stabil bleibt.<\/li>\n\n\n\n<li><strong>Breite Anwendbarkeit<\/strong>: Geeignet f\u00fcr verschiedene Arten von Schrankscharnieren, wie z.B. K\u00fcchenschr\u00e4nke, Badezimmerschr\u00e4nke, Schr\u00e4nke, usw., um die Bed\u00fcrfnisse verschiedener Szenarien zu erf\u00fcllen und die Lebensdauer und Funktionalit\u00e4t der M\u00f6bel zu verbessern.<\/li>\n\n\n\n<li><strong>Anti-Oxidation und Anti-Korrosion<\/strong>: 304 Edelstahl Material kann effektiv widerstehen Oxidation und Korrosion, besonders geeignet f\u00fcr nasse und Hochtemperatur-Umgebungen, so dass langfristige Nutzung ohne Schaden.<\/li>\n\n\n\n<li><strong>Modedesign im modernen Erscheinungsbild<\/strong>: Einfaches und modisches Aussehen, geeignet f\u00fcr verschiedene Wohnstile, verbessert die Gesamt\u00e4sthetik und macht die M\u00f6bel moderner.<\/li>\n<\/ul>\n<\/div>\n\n\n\n<div class=\"wp-block-column is-layout-flow wp-block-column-is-layout-flow\">\n<figure class=\"wp-block-image size-full\"><img decoding=\"async\" width=\"1200\" height=\"1200\" src=\"https:\/\/www.baoertaihardware.com\/wp-content\/uploads\/2024\/12\/304-Stainless-Steel-Hinges-Wholesale-838-1.webp\" alt=\"304 Edelstahl Scharniere Gro\u00dfhandel-838 (1)\" class=\"wp-image-975\" srcset=\"https:\/\/www.baoertaihardware.com\/wp-content\/uploads\/2024\/12\/304-Stainless-Steel-Hinges-Wholesale-838-1.webp 1200w, https:\/\/www.baoertaihardware.com\/wp-content\/uploads\/2024\/12\/304-Stainless-Steel-Hinges-Wholesale-838-1-300x300.webp 300w, https:\/\/www.baoertaihardware.com\/wp-content\/uploads\/2024\/12\/304-Stainless-Steel-Hinges-Wholesale-838-1-150x150.webp 150w, https:\/\/www.baoertaihardware.com\/wp-content\/uploads\/2024\/12\/304-Stainless-Steel-Hinges-Wholesale-838-1-768x768.webp 768w, https:\/\/www.baoertaihardware.com\/wp-content\/uploads\/2024\/12\/304-Stainless-Steel-Hinges-Wholesale-838-1-600x600.webp 600w, https:\/\/www.baoertaihardware.com\/wp-content\/uploads\/2024\/12\/304-Stainless-Steel-Hinges-Wholesale-838-1-100x100.webp 100w\" sizes=\"(max-width: 1200px) 100vw, 1200px\" \/><\/figure>\n<\/div>\n<\/div>\n\n\n\n<p><\/p>","protected":false},"excerpt":{"rendered":"<p>Werten Sie Ihre M\u00f6bel mit unseren langlebigen Scharnieren aus Edelstahl 304 auf. Sie zeichnen sich durch eine reibungslose hydraulische Funktion, eine einfache Installation und eine hohe Belastbarkeit aus und eignen sich perfekt f\u00fcr den Bedarf an gro\u00dfen Schrankscharnieren. Ideal f\u00fcr langlebige, korrosionsbest\u00e4ndige Leistung in K\u00fcchen, B\u00e4dern und mehr.<\/p>\n<h2>Spezifikationen f\u00fcr Scharniere aus Edelstahl 304<\/h2>\n<ul>\n<li><strong>Modell Nr.<\/strong>:838<\/li>\n<li><strong>Material<\/strong>: Alle SS 201\/304<\/li>\n<li><strong>Cup Hole Teilung<\/strong>: 48mm<\/li>\n<li><strong>Scharnier Ausf\u00fchrung<\/strong>: Vernickelt<\/li>\n<li><strong>Gewicht<\/strong>:100g\/St\u00fcck<\/li>\n<li><strong>Anmeldung<\/strong>Home Office, Wohnzimmer, Schlafzimmer, Hotel, Villa, Wohnung<\/li>\n<\/ul>\n<p><strong>Kategorie<\/strong>:\u00a0<a href=\"https:\/\/www.baoertaihardware.com\/de\/produkt-kategorie\/cabinet-hinges-wholesale\/\">Scharniere f\u00fcr Schr\u00e4nke<\/a> <strong>Tags<\/strong>: Clipscharnier, Spezialwinkelscharnier, Soft-Close-Scharnier, Edelstahlscharnier \u00a0<\/p>","protected":false},"featured_media":976,"comment_status":"closed","ping_status":"closed","template":"","meta":{"_acf_changed":false},"product_brand":[],"product_cat":[21],"product_tag":[],"class_list":{"0":"post-974","1":"product","2":"type-product","3":"status-publish","4":"has-post-thumbnail","6":"product_cat-cabinet-hinges-wholesale","8":"first","9":"instock","10":"shipping-taxable","11":"product-type-simple"},"acf":[],"_links":{"self":[{"href":"https:\/\/www.baoertaihardware.com\/de\/wp-json\/wp\/v2\/product\/974","targetHints":{"allow":["GET"]}}],"collection":[{"href":"https:\/\/www.baoertaihardware.com\/de\/wp-json\/wp\/v2\/product"}],"about":[{"href":"https:\/\/www.baoertaihardware.com\/de\/wp-json\/wp\/v2\/types\/product"}],"replies":[{"embeddable":true,"href":"https:\/\/www.baoertaihardware.com\/de\/wp-json\/wp\/v2\/comments?post=974"}],"wp:featuredmedia":[{"embeddable":true,"href":"https:\/\/www.baoertaihardware.com\/de\/wp-json\/wp\/v2\/media\/976"}],"wp:attachment":[{"href":"https:\/\/www.baoertaihardware.com\/de\/wp-json\/wp\/v2\/media?parent=974"}],"wp:term":[{"taxonomy":"product_brand","embeddable":true,"href":"https:\/\/www.baoertaihardware.com\/de\/wp-json\/wp\/v2\/product_brand?post=974"},{"taxonomy":"product_cat","embeddable":true,"href":"https:\/\/www.baoertaihardware.com\/de\/wp-json\/wp\/v2\/product_cat?post=974"},{"taxonomy":"product_tag","embeddable":true,"href":"https:\/\/www.baoertaihardware.com\/de\/wp-json\/wp\/v2\/product_tag?post=974"}],"curies":[{"name":"wp","href":"https:\/\/api.w.org\/{rel}","templated":true}]}}