{"id":965,"date":"2024-12-08T17:52:36","date_gmt":"2024-12-08T17:52:36","guid":{"rendered":"https:\/\/www.baoertaihardware.com\/?post_type=product&#038;p=965"},"modified":"2024-12-08T17:52:37","modified_gmt":"2024-12-08T17:52:37","slug":"stainless-steel-cabinet-hinges","status":"publish","type":"product","link":"https:\/\/www.baoertaihardware.com\/de\/produkt\/stainless-steel-cabinet-hinges\/","title":{"rendered":"Edelstahl-Schrankscharniere Bulk, Clip-On-Hydraulikscharnier-828"},"content":{"rendered":"<div class=\"wp-block-columns is-layout-flex wp-container-core-columns-is-layout-9d6595d7 wp-block-columns-is-layout-flex\">\n<div class=\"wp-block-column is-layout-flow wp-block-column-is-layout-flow\">\n<h2 class=\"wp-block-heading\">Merkmale von Edelstahl-Schrankscharnieren<\/h2>\n\n\n\n<ul class=\"wp-block-list\">\n<li>Hochwertiges Edelstahl-Material: Hergestellt aus hochkorrosionsbest\u00e4ndigem Edelstahl, um eine lange Lebensdauer der Scharniere zu gew\u00e4hrleisten, geeignet f\u00fcr den Einsatz in einer Vielzahl von Umgebungen, verhindert Rost und Verschlei\u00df.<\/li>\n\n\n\n<li>Hydraulische Pufferfunktion: Mit einem hydraulischen System im Inneren, das ein sanftes \u00d6ffnen und Schlie\u00dfen ohne Schlagger\u00e4usche erm\u00f6glicht und die Lebensdauer der T\u00fcrpaneele verl\u00e4ngert; daher ist es f\u00fcr den Einsatz in M\u00f6beln mit hoher Frequenz geeignet.<\/li>\n\n\n\n<li>Snap-in-Installationsdesign: Ausgestattet mit einem einfachen Snap-in-Design f\u00fcr eine schnelle Installation, werden keine zus\u00e4tzlichen Werkzeuge ben\u00f6tigt, was Zeit f\u00fcr die Installation spart und f\u00fcr die Gro\u00dfproduktion und den Gro\u00dfhandel geeignet ist.<\/li>\n\n\n\n<li>Dreidimensionale Verstellfunktion: Die dreidimensionale Verstellung von H\u00f6he, Tiefe und Versatz ist m\u00f6glich und gew\u00e4hrleistet ein perfektes Andocken der Schrankt\u00fcr sowie ein pr\u00e4zises \u00d6ffnen und Schlie\u00dfen der T\u00fcr f\u00fcr mehr Flexibilit\u00e4t bei der Installation.<\/li>\n\n\n\n<li>Modische Erscheinung: Modischer minimalistischer Stil, passt perfekt zu jeder Art von Wohnstil und verleiht den M\u00f6beln einen einzigartigen \u00e4sthetischen Charme.<\/li>\n\n\n\n<li>Gro\u00dfeinkauf: Geeignet f\u00fcr den Bedarf des Gro\u00dfeinkaufs, hochwertige und zuverl\u00e4ssige Zubeh\u00f6rl\u00f6sungen f\u00fcr M\u00f6belhersteller und Dekorationsfirmen.<\/li>\n<\/ul>\n<\/div>\n\n\n\n<div class=\"wp-block-column is-layout-flow wp-block-column-is-layout-flow\">\n<figure class=\"wp-block-image size-full\"><img decoding=\"async\" width=\"1200\" height=\"1200\" src=\"https:\/\/www.baoertaihardware.com\/wp-content\/uploads\/2024\/12\/Stainless-Steel-Cabinet-Hinges-Bulk-828-1.webp\" alt=\"Edelstahl-Schrankscharniere Bulk-828 (1)\" class=\"wp-image-966\" srcset=\"https:\/\/www.baoertaihardware.com\/wp-content\/uploads\/2024\/12\/Stainless-Steel-Cabinet-Hinges-Bulk-828-1.webp 1200w, https:\/\/www.baoertaihardware.com\/wp-content\/uploads\/2024\/12\/Stainless-Steel-Cabinet-Hinges-Bulk-828-1-300x300.webp 300w, https:\/\/www.baoertaihardware.com\/wp-content\/uploads\/2024\/12\/Stainless-Steel-Cabinet-Hinges-Bulk-828-1-150x150.webp 150w, https:\/\/www.baoertaihardware.com\/wp-content\/uploads\/2024\/12\/Stainless-Steel-Cabinet-Hinges-Bulk-828-1-768x768.webp 768w, https:\/\/www.baoertaihardware.com\/wp-content\/uploads\/2024\/12\/Stainless-Steel-Cabinet-Hinges-Bulk-828-1-600x600.webp 600w, https:\/\/www.baoertaihardware.com\/wp-content\/uploads\/2024\/12\/Stainless-Steel-Cabinet-Hinges-Bulk-828-1-100x100.webp 100w\" sizes=\"(max-width: 1200px) 100vw, 1200px\" \/><\/figure>\n<\/div>\n<\/div>\n\n\n\n<p><\/p>","protected":false},"excerpt":{"rendered":"<p>Wir bieten hochwertige Scharniere aus rostfreiem Stahl an, die f\u00fcr hochwertige M\u00f6bel mit \u00fcberlegener Korrosionsbest\u00e4ndigkeit und Haltbarkeit entwickelt wurden. Unsere Gro\u00dfhandelsl\u00f6sungen f\u00fcr hydraulische Scharniere mit hydraulischem D\u00e4mpfungssystem sorgen f\u00fcr ein sanftes und leises \u00d6ffnen und Schlie\u00dfen von Schrankt\u00fcren und sind einfach zu installieren, sodass sie auch f\u00fcr Gro\u00dfabnehmer geeignet sind. Ob f\u00fcr ein privates oder kommerzielles Projekt, unsere Scharnierprodukte werden Ihren hohen Anspr\u00fcchen gerecht.<\/p>\n<h3>Spezifikationen f\u00fcr Edelstahl-Schrankscharniere<\/h3>\n<ul>\n<li><strong>Modell Nr.<\/strong>:822B(Schwarz)<\/li>\n<li><strong>Material<\/strong>: Rostfreier Stahl<\/li>\n<li><strong>Becher-Durchmesser<\/strong>: 35mm<\/li>\n<li><strong>L\u00f6cher Zentren<\/strong>: 48mm<\/li>\n<li><strong>Scharnier Ausf\u00fchrung<\/strong>: Vernickelt<\/li>\n<li><strong>Gewicht<\/strong>:100g\/St\u00fcck<\/li>\n<li><strong>Anmeldung<\/strong>Home Office, Wohnzimmer, Schlafzimmer, Hotel, Villa, Wohnung<\/li>\n<\/ul>\n<p><strong>Kategorie<\/strong>:\u00a0<a href=\"https:\/\/www.baoertaihardware.com\/de\/produkt-kategorie\/cabinet-hinges-wholesale\/\">Scharniere f\u00fcr Schr\u00e4nke<\/a><\/p>\n<p><strong>Tags<\/strong>: Clipscharnier, Spezialwinkelscharnier, Soft-Close-Scharnier, Edelstahlscharnier<\/p>\n<p>&nbsp;<\/p>","protected":false},"featured_media":969,"comment_status":"closed","ping_status":"closed","template":"","meta":{"_acf_changed":false},"product_brand":[],"product_cat":[21],"product_tag":[],"class_list":{"0":"post-965","1":"product","2":"type-product","3":"status-publish","4":"has-post-thumbnail","6":"product_cat-cabinet-hinges-wholesale","8":"first","9":"instock","10":"shipping-taxable","11":"product-type-simple"},"acf":[],"_links":{"self":[{"href":"https:\/\/www.baoertaihardware.com\/de\/wp-json\/wp\/v2\/product\/965","targetHints":{"allow":["GET"]}}],"collection":[{"href":"https:\/\/www.baoertaihardware.com\/de\/wp-json\/wp\/v2\/product"}],"about":[{"href":"https:\/\/www.baoertaihardware.com\/de\/wp-json\/wp\/v2\/types\/product"}],"replies":[{"embeddable":true,"href":"https:\/\/www.baoertaihardware.com\/de\/wp-json\/wp\/v2\/comments?post=965"}],"wp:featuredmedia":[{"embeddable":true,"href":"https:\/\/www.baoertaihardware.com\/de\/wp-json\/wp\/v2\/media\/969"}],"wp:attachment":[{"href":"https:\/\/www.baoertaihardware.com\/de\/wp-json\/wp\/v2\/media?parent=965"}],"wp:term":[{"taxonomy":"product_brand","embeddable":true,"href":"https:\/\/www.baoertaihardware.com\/de\/wp-json\/wp\/v2\/product_brand?post=965"},{"taxonomy":"product_cat","embeddable":true,"href":"https:\/\/www.baoertaihardware.com\/de\/wp-json\/wp\/v2\/product_cat?post=965"},{"taxonomy":"product_tag","embeddable":true,"href":"https:\/\/www.baoertaihardware.com\/de\/wp-json\/wp\/v2\/product_tag?post=965"}],"curies":[{"name":"wp","href":"https:\/\/api.w.org\/{rel}","templated":true}]}}