{"id":958,"date":"2024-12-08T17:37:58","date_gmt":"2024-12-08T17:37:58","guid":{"rendered":"https:\/\/www.baoertaihardware.com\/?post_type=product&#038;p=958"},"modified":"2024-12-08T17:37:59","modified_gmt":"2024-12-08T17:37:59","slug":"two-way-3d-cabinet-hinges-factory","status":"publish","type":"product","link":"https:\/\/www.baoertaihardware.com\/de\/produkt\/two-way-3d-cabinet-hinges-factory\/","title":{"rendered":"Zwei-Wege-3D-Schrank Scharniere Fabrik, Null-Winkel-Clip-on hydraulische Scharnier-823"},"content":{"rendered":"<div class=\"wp-block-columns is-layout-flex wp-container-core-columns-is-layout-9d6595d7 wp-block-columns-is-layout-flex\">\n<div class=\"wp-block-column is-layout-flow wp-block-column-is-layout-flow\">\n<h2 class=\"wp-block-heading\">Merkmale von 3D-Zweiwege-Schrankscharnieren<\/h2>\n\n\n\n<ul class=\"wp-block-list\">\n<li>T<strong>dreidimensionale Anpassungsfunktion<\/strong>: Unsere Schrankscharniere bieten eine dreidimensionale Feinabstimmung in Bezug auf H\u00f6he, Tiefe und Versatz f\u00fcr ein perfektes Andocken der Schrankt\u00fcr; eine pr\u00e4zise Montage und Einstellung ist problemlos m\u00f6glich.<\/li>\n\n\n\n<li><strong>Zero Angel Er\u00f6ffnung<\/strong>: Eine spezielle Nullwinkel-Schaltfunktion erm\u00f6glicht es der Schrankt\u00fcr, eine vollst\u00e4ndig ge\u00f6ffnete Situation mit einem maximalen \u00d6ffnungswinkel zu erreichen, der f\u00fcr verschiedene Raumanforderungen geeignet ist.<\/li>\n\n\n\n<li><strong>Hydraulisches Puffersystem<\/strong>: Ausgestattet mit einer hydraulischen Vorrichtung im Inneren, die ein sanftes \u00d6ffnen und Schlie\u00dfen der Schrankt\u00fcr gew\u00e4hrleistet, Schlagger\u00e4usche vermeidet und die Lebensdauer verl\u00e4ngert.<\/li>\n\n\n\n<li><strong>Einfache Installation<\/strong>: Snap-on f\u00fcr eine einfache Installation ohne komplizierte Werkzeuge ist f\u00fcr alle Arten von M\u00f6belherstellern und Renovierungsprojekte geeignet.<\/li>\n\n\n\n<li><strong>Hochwertiges und langlebiges Material<\/strong>: Die gesamte Einheit ist aus hochwertigem Metall gefertigt, das gegen Rost behandelt wurde; daher garantiert sie eine gute Leistung in Bezug auf Korrosions- und Abriebbest\u00e4ndigkeit und wird auch bei langem Gebrauch nicht leicht besch\u00e4digt.<\/li>\n\n\n\n<li><strong>Stilvolle Looks<\/strong>: Das schlichte, moderne Design passt zu allen Einrichtungsstilen und versch\u00f6nert die gesamte Umgebung.<\/li>\n\n\n\n<li><strong>Umfangreiches Anwendungsspektrum<\/strong>: Angewandt auf alle Arten von Schr\u00e4nken, Schr\u00e4nken, K\u00fcchen- und Badm\u00f6beln, besonders geeignet f\u00fcr hochwertige, ma\u00dfgeschneiderte M\u00f6bel.<\/li>\n\n\n\n<li><strong>Hohe Sicherheit<\/strong>: Sanftes \u00d6ffnen und Schlie\u00dfen vermeidet die Gefahr des Einklemmens oder pl\u00f6tzlichen Schlie\u00dfens und gew\u00e4hrleistet die Sicherheit bei der Verwendung zu Hause.<\/li>\n<\/ul>\n<\/div>\n\n\n\n<div class=\"wp-block-column is-layout-flow wp-block-column-is-layout-flow\">\n<figure class=\"wp-block-image size-full\"><img decoding=\"async\" width=\"1200\" height=\"1200\" src=\"https:\/\/www.baoertaihardware.com\/wp-content\/uploads\/2024\/12\/Two-Way-3D-Cabinet-Hinges-Factory-823-1.webp\" alt=\"Zweiwege-3D-Schrankscharniere Factory-823 (1)\" class=\"wp-image-959\" srcset=\"https:\/\/www.baoertaihardware.com\/wp-content\/uploads\/2024\/12\/Two-Way-3D-Cabinet-Hinges-Factory-823-1.webp 1200w, https:\/\/www.baoertaihardware.com\/wp-content\/uploads\/2024\/12\/Two-Way-3D-Cabinet-Hinges-Factory-823-1-300x300.webp 300w, https:\/\/www.baoertaihardware.com\/wp-content\/uploads\/2024\/12\/Two-Way-3D-Cabinet-Hinges-Factory-823-1-150x150.webp 150w, https:\/\/www.baoertaihardware.com\/wp-content\/uploads\/2024\/12\/Two-Way-3D-Cabinet-Hinges-Factory-823-1-768x768.webp 768w, https:\/\/www.baoertaihardware.com\/wp-content\/uploads\/2024\/12\/Two-Way-3D-Cabinet-Hinges-Factory-823-1-600x600.webp 600w, https:\/\/www.baoertaihardware.com\/wp-content\/uploads\/2024\/12\/Two-Way-3D-Cabinet-Hinges-Factory-823-1-100x100.webp 100w\" sizes=\"(max-width: 1200px) 100vw, 1200px\" \/><\/figure>\n<\/div>\n<\/div>\n\n\n\n<p><\/p>","protected":false},"excerpt":{"rendered":"<p>Als professioneller Hersteller von Schrankscharnieren bieten wir hochwertige Zweiwege-Scharniere und hydraulische Scharniere f\u00fcr hochwertige M\u00f6bel an. Unsere hydraulischen Scharniere gew\u00e4hrleisten ein reibungsloses \u00d6ffnen und Schlie\u00dfen mit dreidimensionaler Einstellung und einfacher Installation f\u00fcr eine Vielzahl von Schr\u00e4nken und ma\u00dfgeschneiderten M\u00f6beln. Unsere pr\u00e4zisionsgefertigten Scharniere bieten eine dauerhafte, korrosionsbest\u00e4ndige L\u00f6sung, die Ihren Anforderungen an Leistung und \u00c4sthetik gerecht wird.<\/p>\n<h3>Spezifikationen von Zwei-Wege-3D-Schrankscharnieren<\/h3>\n<ul>\n<li><strong>Modell Nr.<\/strong>:823<\/li>\n<li><strong>Material<\/strong>: Eisen<\/li>\n<li><strong>Becher-Durchmesser<\/strong>: 35mm<\/li>\n<li><strong>L\u00f6cher Zentren<\/strong>: 48mm<\/li>\n<li><strong>Scharnier Ausf\u00fchrung<\/strong>: Vernickelt<\/li>\n<li><strong>Gewicht<\/strong>:116g\/St\u00fcck<\/li>\n<li><strong>Anmeldung<\/strong>Home Office, Wohnzimmer, Schlafzimmer, Hotel, Villa, Wohnung<\/li>\n<\/ul>\n<p><strong>Kategorie<\/strong>:\u00a0<a href=\"https:\/\/www.baoertaihardware.com\/de\/produkt-kategorie\/cabinet-hinges-wholesale\/\">Scharniere f\u00fcr Schr\u00e4nke<\/a><\/p>\n<p><strong>Tags<\/strong>: Clipscharnier, Spezialwinkelscharnier, Soft-Close-Scharnier, verdecktes hydraulisches Scharnier<\/p>","protected":false},"featured_media":962,"comment_status":"closed","ping_status":"closed","template":"","meta":{"_acf_changed":false},"product_brand":[],"product_cat":[21],"product_tag":[],"class_list":{"0":"post-958","1":"product","2":"type-product","3":"status-publish","4":"has-post-thumbnail","6":"product_cat-cabinet-hinges-wholesale","8":"first","9":"instock","10":"shipping-taxable","11":"product-type-simple"},"acf":[],"_links":{"self":[{"href":"https:\/\/www.baoertaihardware.com\/de\/wp-json\/wp\/v2\/product\/958","targetHints":{"allow":["GET"]}}],"collection":[{"href":"https:\/\/www.baoertaihardware.com\/de\/wp-json\/wp\/v2\/product"}],"about":[{"href":"https:\/\/www.baoertaihardware.com\/de\/wp-json\/wp\/v2\/types\/product"}],"replies":[{"embeddable":true,"href":"https:\/\/www.baoertaihardware.com\/de\/wp-json\/wp\/v2\/comments?post=958"}],"wp:featuredmedia":[{"embeddable":true,"href":"https:\/\/www.baoertaihardware.com\/de\/wp-json\/wp\/v2\/media\/962"}],"wp:attachment":[{"href":"https:\/\/www.baoertaihardware.com\/de\/wp-json\/wp\/v2\/media?parent=958"}],"wp:term":[{"taxonomy":"product_brand","embeddable":true,"href":"https:\/\/www.baoertaihardware.com\/de\/wp-json\/wp\/v2\/product_brand?post=958"},{"taxonomy":"product_cat","embeddable":true,"href":"https:\/\/www.baoertaihardware.com\/de\/wp-json\/wp\/v2\/product_cat?post=958"},{"taxonomy":"product_tag","embeddable":true,"href":"https:\/\/www.baoertaihardware.com\/de\/wp-json\/wp\/v2\/product_tag?post=958"}],"curies":[{"name":"wp","href":"https:\/\/api.w.org\/{rel}","templated":true}]}}