{"id":951,"date":"2024-12-08T17:15:28","date_gmt":"2024-12-08T17:15:28","guid":{"rendered":"https:\/\/www.baoertaihardware.com\/?post_type=product&#038;p=951"},"modified":"2024-12-08T17:15:29","modified_gmt":"2024-12-08T17:15:29","slug":"custom-hydraulic-hinge-3d-clip-on","status":"publish","type":"product","link":"https:\/\/www.baoertaihardware.com\/de\/produkt\/custom-hydraulic-hinge-3d-clip-on\/","title":{"rendered":"Benutzerdefinierte hydraulische Scharniere, 3D-Clip-On-Schrankscharniere"},"content":{"rendered":"<div class=\"wp-block-columns is-layout-flex wp-container-core-columns-is-layout-9d6595d7 wp-block-columns-is-layout-flex\">\n<div class=\"wp-block-column is-layout-flow wp-block-column-is-layout-flow\">\n<h3 class=\"wp-block-heading\">Merkmale von Sch\u00fcttgut-Hydraulikscharnieren<\/h3>\n\n\n\n<ul class=\"wp-block-list\">\n<li><strong>Dreidimensionale Anpassung<\/strong>: Dreidimensionale Einstellung von H\u00f6he, Tiefe und Versatz f\u00fcr eine perfekte Ausrichtung der T\u00fcrverkleidung mit dem Schrank f\u00fcr eine genaue Installation.<\/li>\n\n\n\n<li><strong>Hydraulischer Puffer<\/strong>: Eingebaute Hydraulikvorrichtung f\u00fcr sanftes und leises \u00d6ffnen und Schlie\u00dfen der T\u00fcr ohne St\u00f6\u00dfe f\u00fcr eine l\u00e4ngere Lebensdauer.<\/li>\n\n\n\n<li><strong>Einfache Installation<\/strong>: Das Snap-on-Design erm\u00f6glicht eine schnelle Montage und Demontage ohne Werkzeug, Zeit und Kosten.<\/li>\n\n\n\n<li><strong>Langlebiges Material<\/strong>: Aus hochwertigem Stahl, rostfrei und verschlei\u00dffest, f\u00fcr den langfristigen Einsatz geeignet.<\/li>\n\n\n\n<li><strong>Stilvolles Aussehen<\/strong>: schwarzes Beschichtungsdesign, modern und einfach, passend f\u00fcr verschiedene Wohnstile.<\/li>\n\n\n\n<li><strong>Vielf\u00e4ltig einsetzbar<\/strong>: Geeignet f\u00fcr K\u00fcche, Bad, B\u00fcro und andere M\u00f6bel, insbesondere f\u00fcr hochwertige Schr\u00e4nke und Garderoben.<\/li>\n\n\n\n<li><strong>Hohe Sicherheit<\/strong>: verhindern das pl\u00f6tzliche Schlie\u00dfen der T\u00fcr, gew\u00e4hrleisten die Sicherheit bei der Benutzung und machen sie familientauglich.<\/li>\n\n\n\n<li><strong>Ma\u00dfgeschneiderter Service<\/strong>: kundenspezifische Gr\u00f6\u00dfe und Design sind f\u00fcr verschiedene Projektanforderungen verf\u00fcgbar.<\/li>\n<\/ul>\n<\/div>\n\n\n\n<div class=\"wp-block-column is-layout-flow wp-block-column-is-layout-flow\">\n<figure class=\"wp-block-image size-full\"><img decoding=\"async\" width=\"1200\" height=\"1200\" src=\"https:\/\/www.baoertaihardware.com\/wp-content\/uploads\/2024\/12\/Custom-Hydraulic-Hinge-black-cabinet-hinges-822B-1.webp\" alt=\"Kundenspezifische hydraulische Scharniere-schwarze Schrankscharniere-822B (1)\" class=\"wp-image-952\" srcset=\"https:\/\/www.baoertaihardware.com\/wp-content\/uploads\/2024\/12\/Custom-Hydraulic-Hinge-black-cabinet-hinges-822B-1.webp 1200w, https:\/\/www.baoertaihardware.com\/wp-content\/uploads\/2024\/12\/Custom-Hydraulic-Hinge-black-cabinet-hinges-822B-1-300x300.webp 300w, https:\/\/www.baoertaihardware.com\/wp-content\/uploads\/2024\/12\/Custom-Hydraulic-Hinge-black-cabinet-hinges-822B-1-150x150.webp 150w, https:\/\/www.baoertaihardware.com\/wp-content\/uploads\/2024\/12\/Custom-Hydraulic-Hinge-black-cabinet-hinges-822B-1-768x768.webp 768w, https:\/\/www.baoertaihardware.com\/wp-content\/uploads\/2024\/12\/Custom-Hydraulic-Hinge-black-cabinet-hinges-822B-1-600x600.webp 600w, https:\/\/www.baoertaihardware.com\/wp-content\/uploads\/2024\/12\/Custom-Hydraulic-Hinge-black-cabinet-hinges-822B-1-100x100.webp 100w\" sizes=\"(max-width: 1200px) 100vw, 1200px\" \/><\/figure>\n<\/div>\n<\/div>\n\n\n\n<p><\/p>","protected":false},"excerpt":{"rendered":"<p>Unsere ma\u00dfgefertigten hydraulischen Scharniere sind f\u00fcr hochwertige Wohn- und B\u00fcrom\u00f6bel konzipiert. Die schwarzen Schrankscharniere verf\u00fcgen \u00fcber eine 3-D-Einstellung, um eine pr\u00e4zise Ausrichtung und einfache Installation zu gew\u00e4hrleisten, und das hydraulische D\u00e4mpfungssystem sorgt f\u00fcr ein sanftes und leises \u00d6ffnen und Schlie\u00dfen. Langlebiges, rostfreies Material gew\u00e4hrleistet eine langfristige Nutzung ohne Angst vor Besch\u00e4digung oder Korrosion. Das moderne und minimalistische schwarze \u00c4u\u00dfere passt zu einer Vielzahl von Einrichtungsstilen und ist ideal f\u00fcr Ihre M\u00f6belprojekte.<\/p>\n<h3>Spezifikationen f\u00fcr das hydraulische 3D-Clip-On-Scharnier<\/h3>\n<ul>\n<li><strong>Modell Nr.<\/strong>:822B(Schwarz)<\/li>\n<li><strong>Material<\/strong>: Eisen\/Edelstahl<\/li>\n<li><strong>Becher-Durchmesser<\/strong>: 35mm<\/li>\n<li><strong>L\u00f6cher Zentren<\/strong>: 48mm\/52mm<\/li>\n<li><strong>Scharnier Ausf\u00fchrung<\/strong>: Vernickelt<\/li>\n<li><strong>Gewicht<\/strong>:125g\/St\u00fcck<\/li>\n<li><strong>Anmeldung<\/strong>Home Office, Wohnzimmer, Schlafzimmer, Hotel, Villa, Wohnung<\/li>\n<\/ul>\n<p><strong>Kategorie<\/strong>:\u00a0<a href=\"https:\/\/www.baoertaihardware.com\/de\/produkt-kategorie\/cabinet-hinges-wholesale\/\">Scharniere f\u00fcr Schr\u00e4nke<\/a><\/p>\n<p><strong>Tags<\/strong>: Clipscharnier, Spezialwinkelscharnier, Soft-Close-Scharnier, verdecktes hydraulisches Scharnier<\/p>\n<p>&nbsp;<\/p>","protected":false},"featured_media":953,"comment_status":"closed","ping_status":"closed","template":"","meta":{"_acf_changed":false},"product_brand":[],"product_cat":[21],"product_tag":[],"class_list":{"0":"post-951","1":"product","2":"type-product","3":"status-publish","4":"has-post-thumbnail","6":"product_cat-cabinet-hinges-wholesale","8":"first","9":"instock","10":"shipping-taxable","11":"product-type-simple"},"acf":[],"_links":{"self":[{"href":"https:\/\/www.baoertaihardware.com\/de\/wp-json\/wp\/v2\/product\/951","targetHints":{"allow":["GET"]}}],"collection":[{"href":"https:\/\/www.baoertaihardware.com\/de\/wp-json\/wp\/v2\/product"}],"about":[{"href":"https:\/\/www.baoertaihardware.com\/de\/wp-json\/wp\/v2\/types\/product"}],"replies":[{"embeddable":true,"href":"https:\/\/www.baoertaihardware.com\/de\/wp-json\/wp\/v2\/comments?post=951"}],"wp:featuredmedia":[{"embeddable":true,"href":"https:\/\/www.baoertaihardware.com\/de\/wp-json\/wp\/v2\/media\/953"}],"wp:attachment":[{"href":"https:\/\/www.baoertaihardware.com\/de\/wp-json\/wp\/v2\/media?parent=951"}],"wp:term":[{"taxonomy":"product_brand","embeddable":true,"href":"https:\/\/www.baoertaihardware.com\/de\/wp-json\/wp\/v2\/product_brand?post=951"},{"taxonomy":"product_cat","embeddable":true,"href":"https:\/\/www.baoertaihardware.com\/de\/wp-json\/wp\/v2\/product_cat?post=951"},{"taxonomy":"product_tag","embeddable":true,"href":"https:\/\/www.baoertaihardware.com\/de\/wp-json\/wp\/v2\/product_tag?post=951"}],"curies":[{"name":"wp","href":"https:\/\/api.w.org\/{rel}","templated":true}]}}