{"id":933,"date":"2024-12-06T10:14:45","date_gmt":"2024-12-06T10:14:45","guid":{"rendered":"https:\/\/www.baoertaihardware.com\/?post_type=product&#038;p=933"},"modified":"2024-12-06T10:14:45","modified_gmt":"2024-12-06T10:14:45","slug":"3d-clip-on-hinges-wholesale","status":"publish","type":"product","link":"https:\/\/www.baoertaihardware.com\/de\/produkt\/3d-clip-on-hinges-wholesale\/","title":{"rendered":"3D Clip On Scharniere Gro\u00dfhandel , Hydraulisches Scharnier mit gr\u00f6\u00dferem Overlay - 822A"},"content":{"rendered":"<div class=\"wp-block-columns is-layout-flex wp-container-core-columns-is-layout-9d6595d7 wp-block-columns-is-layout-flex\">\n<div class=\"wp-block-column is-layout-flow wp-block-column-is-layout-flow\">\n<h3 class=\"wp-block-heading\">Merkmale von Custom 3D Clip On Scharnieren<\/h3>\n\n\n\n<ul class=\"wp-block-list\">\n<li><strong>Soft-Close-Hydraulik<\/strong>: Es handelt sich um einen v\u00f6llig sanften und weichen Schlie\u00dfmechanismus, der jegliches Zuschlagen eliminiert und eine leise und kontrollierte Bewegung der T\u00fcr gew\u00e4hrleistet.<\/li>\n\n\n\n<li><strong>Null-Eck-\u00d6ffnung<\/strong>: Dieses hydraulische Scharnier l\u00e4sst sich im Null-Winkel \u00f6ffnen und bietet maximalen Zugang zu den Innenfl\u00e4chen des Schranks und ein modernes, schlankes Profil.<\/li>\n\n\n\n<li><strong>Leistung f\u00fcr hohe Beanspruchung<\/strong>: Dieses Scharnier ist mit einem starken Hydrauliksystem ausgestattet und eignet sich daher perfekt f\u00fcr schwere oder gro\u00dfe Schrankt\u00fcren.<\/li>\n\n\n\n<li><strong>Aufschiebbare Installation<\/strong>: Vereinfacht die Einrichtung bei Gro\u00dfbestellungen und maximiert den Komfort durch die einfache Aufschiebemontage.<\/li>\n\n\n\n<li><strong>\u00dcberlegene Stabilit\u00e4t<\/strong>: Das Scharnier bietet durch seine hohe Belastbarkeit auch bei starker Beanspruchung eine dauerhafte, stabile Leistung.<\/li>\n\n\n\n<li><strong>Vielseitig verwenden<\/strong>: Sehr wertvoll f\u00fcr ein hochwertiges Finish von K\u00fcchen-, Bad- und Garderobenschr\u00e4nken, das vielen Schranktypen ein exklusives, professionelles Finish verleiht.<\/li>\n<\/ul>\n<\/div>\n\n\n\n<div class=\"wp-block-column is-layout-flow wp-block-column-is-layout-flow\">\n<figure class=\"wp-block-image size-full\"><img decoding=\"async\" width=\"1200\" height=\"1200\" src=\"https:\/\/www.baoertaihardware.com\/wp-content\/uploads\/2024\/12\/3D-Clip-On-Hinges-Wholesale-822A-1.webp\" alt=\"3D Clip On Scharniere Gro\u00dfhandel-822A (1)\" class=\"wp-image-934\" srcset=\"https:\/\/www.baoertaihardware.com\/wp-content\/uploads\/2024\/12\/3D-Clip-On-Hinges-Wholesale-822A-1.webp 1200w, https:\/\/www.baoertaihardware.com\/wp-content\/uploads\/2024\/12\/3D-Clip-On-Hinges-Wholesale-822A-1-300x300.webp 300w, https:\/\/www.baoertaihardware.com\/wp-content\/uploads\/2024\/12\/3D-Clip-On-Hinges-Wholesale-822A-1-150x150.webp 150w, https:\/\/www.baoertaihardware.com\/wp-content\/uploads\/2024\/12\/3D-Clip-On-Hinges-Wholesale-822A-1-768x768.webp 768w, https:\/\/www.baoertaihardware.com\/wp-content\/uploads\/2024\/12\/3D-Clip-On-Hinges-Wholesale-822A-1-600x600.webp 600w, https:\/\/www.baoertaihardware.com\/wp-content\/uploads\/2024\/12\/3D-Clip-On-Hinges-Wholesale-822A-1-100x100.webp 100w\" sizes=\"(max-width: 1200px) 100vw, 1200px\" \/><\/figure>\n<\/div>\n<\/div>\n\n\n\n<p><\/p>","protected":false},"excerpt":{"rendered":"<p>Baoertai bietet aufsteckbare hydraulische Scharniere mit einem \u00d6ffnungswinkel von 165\u00b0 und einer sanften, weichen Schlie\u00dfbewegung. Ihr Clip-on-Design sorgt f\u00fcr eine einfache Installation und macht sie ideal f\u00fcr moderne M\u00f6bel. Diese langlebigen, verdeckten Scharniere sind perfekt f\u00fcr den Gro\u00dfhandel geeignet und kombinieren Funktionalit\u00e4t und stilvolles Aussehen f\u00fcr eine Vielzahl von Anwendungen.<\/p>\n<h3>Spezifikationen f\u00fcr 3D-Clip-On-Scharniere<\/h3>\n<ul>\n<li><strong>Modell Nr.<\/strong>:165C<\/li>\n<li><strong>Material<\/strong>: Eisen<\/li>\n<li><strong>Dicke<\/strong>:15-18mm<\/li>\n<li><strong>Becher-Durchmesser<\/strong>: 35mm<\/li>\n<li><strong>L\u00f6cher Zentren<\/strong>: 48mm<\/li>\n<li><strong>Er\u00f6ffnungsabschluss<\/strong>:165\u00b0<\/li>\n<li><strong>Scharnier Ausf\u00fchrung<\/strong>: Vernickelt<\/li>\n<li><strong>Gewicht<\/strong>:174g\/St\u00fcck<\/li>\n<li><strong>Anmeldung<\/strong>Home Office, Wohnzimmer, Schlafzimmer, Hotel, Villa, Wohnung<\/li>\n<\/ul>\n<p><strong>Kategorie<\/strong>:\u00a0<a href=\"https:\/\/www.baoertaihardware.com\/de\/produkt-kategorie\/cabinet-hinges-wholesale\/\">Scharniere f\u00fcr Schr\u00e4nke<\/a><\/p>\n<p><strong>Tags<\/strong>: Clipscharnier, Spezialwinkelscharnier, Soft-Close-Scharnier, verdecktes hydraulisches Scharnier<\/p>","protected":false},"featured_media":935,"comment_status":"closed","ping_status":"closed","template":"","meta":{"_acf_changed":false},"product_brand":[],"product_cat":[21],"product_tag":[],"class_list":{"0":"post-933","1":"product","2":"type-product","3":"status-publish","4":"has-post-thumbnail","6":"product_cat-cabinet-hinges-wholesale","8":"first","9":"instock","10":"shipping-taxable","11":"product-type-simple"},"acf":[],"_links":{"self":[{"href":"https:\/\/www.baoertaihardware.com\/de\/wp-json\/wp\/v2\/product\/933","targetHints":{"allow":["GET"]}}],"collection":[{"href":"https:\/\/www.baoertaihardware.com\/de\/wp-json\/wp\/v2\/product"}],"about":[{"href":"https:\/\/www.baoertaihardware.com\/de\/wp-json\/wp\/v2\/types\/product"}],"replies":[{"embeddable":true,"href":"https:\/\/www.baoertaihardware.com\/de\/wp-json\/wp\/v2\/comments?post=933"}],"wp:featuredmedia":[{"embeddable":true,"href":"https:\/\/www.baoertaihardware.com\/de\/wp-json\/wp\/v2\/media\/935"}],"wp:attachment":[{"href":"https:\/\/www.baoertaihardware.com\/de\/wp-json\/wp\/v2\/media?parent=933"}],"wp:term":[{"taxonomy":"product_brand","embeddable":true,"href":"https:\/\/www.baoertaihardware.com\/de\/wp-json\/wp\/v2\/product_brand?post=933"},{"taxonomy":"product_cat","embeddable":true,"href":"https:\/\/www.baoertaihardware.com\/de\/wp-json\/wp\/v2\/product_cat?post=933"},{"taxonomy":"product_tag","embeddable":true,"href":"https:\/\/www.baoertaihardware.com\/de\/wp-json\/wp\/v2\/product_tag?post=933"}],"curies":[{"name":"wp","href":"https:\/\/api.w.org\/{rel}","templated":true}]}}