{"id":882,"date":"2024-11-28T02:44:27","date_gmt":"2024-11-28T02:44:27","guid":{"rendered":"https:\/\/www.baoertaihardware.com\/?post_type=product&#038;p=882"},"modified":"2024-11-28T02:54:56","modified_gmt":"2024-11-28T02:54:56","slug":"push-to-open-hinges-manufacturer","status":"publish","type":"product","link":"https:\/\/www.baoertaihardware.com\/de\/produkt\/push-to-open-hinges-manufacturer\/","title":{"rendered":"Kundenspezifische Push-to-Open-Scharniere, hydraulische Schrankscharniere in Schwarz, Schiebesysteme - 810HF"},"content":{"rendered":"<div class=\"wp-block-columns is-layout-flex wp-container-core-columns-is-layout-9d6595d7 wp-block-columns-is-layout-flex\">\n<div class=\"wp-block-column is-layout-flow wp-block-column-is-layout-flow\">\n<h3 class=\"wp-block-heading\">Merkmale von Push-to-Open-Scharnieren , Hydraulische Scharniere f\u00fcr Schr\u00e4nke<\/h3>\n\n\n\n<ul class=\"wp-block-list\">\n<li><strong>Bequeme \u00d6ffnung ohne Griffe<\/strong>: So wird der gesamte Schrank durch die Art und Weise, wie er sich mit einem leichten Druck \u00f6ffnet, elegant und modern.<\/li>\n\n\n\n<li><strong>Gunmetal Black Erscheinungsbild<\/strong>: Exquisite Oberfl\u00e4chenbehandlung in Rotguss-Schwarz, die Ihren M\u00f6beln eine hochwertige und modische Optik verleiht.<\/li>\n\n\n\n<li><strong>Hydraulische Puffertechnologie:<\/strong> Die Push-to-Open-Scharniere verf\u00fcgen \u00fcber ein fortschrittliches hydraulisches Puffersystem, das daf\u00fcr sorgt, dass sich die Schrankt\u00fcr sanft und leise schlie\u00dft, ohne dass ein Aufprallger\u00e4usch zu h\u00f6ren ist.<\/li>\n\n\n\n<li><strong>Ladekapazit\u00e4t<\/strong>: Widerstandsf\u00e4higes Design, geeignet f\u00fcr alle Arten von dicken und schweren T\u00fcrpaneelen, gew\u00e4hrleistet eine langfristige stabile Nutzung.<\/li>\n\n\n\n<li><strong>Vollauszug Schlitten<\/strong>: Der 100% ist voll ausziehbar und bietet maximalen Stauraum f\u00fcr einen einfachen Zugriff auf die Gegenst\u00e4nde.<\/li>\n\n\n\n<li><strong>Ger\u00e4uschloser Betrieb<\/strong>: Pr\u00e4zisionsschienen und -scharniere sorgen f\u00fcr ger\u00e4uschloses und sanftes Gleiten und verbessern so das Nutzungserlebnis.<\/li>\n\n\n\n<li><strong>Leicht zu installieren und benutzerdefinierte Funktionen freizuschalten<\/strong>: Sie bieten flexible, kundenspezifische Dienstleistungen, um den Anforderungen verschiedener Dicken, Gr\u00f6\u00dfen und Stile gerecht zu werden, sind einfach zu installieren und eignen sich f\u00fcr eine Vielzahl von Wohnstilen.<\/li>\n<\/ul>\n<\/div>\n\n\n\n<div class=\"wp-block-column is-layout-flow wp-block-column-is-layout-flow\">\n<figure class=\"wp-block-image size-full\"><img decoding=\"async\" width=\"1200\" height=\"1200\" src=\"https:\/\/www.baoertaihardware.com\/wp-content\/uploads\/2024\/11\/Custom-Push-to-Open-Hinges-wholesale-810HF-1.webp\" alt=\"Custom Push to Open Scharniere-Gro\u00dfhandel - 810HF (1)\" class=\"wp-image-892\" srcset=\"https:\/\/www.baoertaihardware.com\/wp-content\/uploads\/2024\/11\/Custom-Push-to-Open-Hinges-wholesale-810HF-1.webp 1200w, https:\/\/www.baoertaihardware.com\/wp-content\/uploads\/2024\/11\/Custom-Push-to-Open-Hinges-wholesale-810HF-1-300x300.webp 300w, https:\/\/www.baoertaihardware.com\/wp-content\/uploads\/2024\/11\/Custom-Push-to-Open-Hinges-wholesale-810HF-1-150x150.webp 150w, https:\/\/www.baoertaihardware.com\/wp-content\/uploads\/2024\/11\/Custom-Push-to-Open-Hinges-wholesale-810HF-1-768x768.webp 768w, https:\/\/www.baoertaihardware.com\/wp-content\/uploads\/2024\/11\/Custom-Push-to-Open-Hinges-wholesale-810HF-1-600x600.webp 600w, https:\/\/www.baoertaihardware.com\/wp-content\/uploads\/2024\/11\/Custom-Push-to-Open-Hinges-wholesale-810HF-1-100x100.webp 100w\" sizes=\"(max-width: 1200px) 100vw, 1200px\" \/><\/figure>\n<\/div>\n<\/div>\n\n\n\n<p><\/p>","protected":false},"excerpt":{"rendered":"<p>Dieses Scharniersystem mit Push-to-Open-Funktion kombiniert hydraulische D\u00e4mpfungstechnologie mit einer schwarzen Rotgussoberfl\u00e4che. Unsere schwarzen Scharniere f\u00fcr Schr\u00e4nke verf\u00fcgen \u00fcber eine hohe Belastbarkeit, um schwere T\u00fcrpaneele und 100%-Vollausz\u00fcge aufzunehmen, um die Raumnutzung zu verbessern. Ganz gleich, ob es sich um eine K\u00fcche, ein Bad oder einen Kleiderschrank handelt, sie bieten eine reibungslose, dauerhafte und sch\u00f6ne Erfahrung und erf\u00fcllen perfekt die Anforderungen einer hochwertigen Anpassung.<\/p>\n<h3>Spezifikationen f\u00fcr Push-to-Open-Scharniere in loser Sch\u00fcttung<\/h3>\n<ul>\n<li><strong>Modell Nr.<\/strong>:810HF<\/li>\n<li><strong>Material<\/strong>: Eisen<\/li>\n<li><strong>Dicke der T\u00fcr<\/strong>:18-26mm<\/li>\n<li><strong>L\u00f6cher Zentren<\/strong>: 48mm<\/li>\n<li><strong>Gewicht<\/strong>:100g\/St\u00fcck<\/li>\n<li><strong>Oberfl\u00e4che<\/strong>: Vernickelt<\/li>\n<li><strong>Anmeldung<\/strong>Home Office, Wohnzimmer, Schlafzimmer, Hotel, Villa, Wohnung<\/li>\n<\/ul>\n<p><strong>Kategorie<\/strong>:\u00a0<a href=\"https:\/\/www.baoertaihardware.com\/de\/produkt-kategorie\/cabinet-hinges-wholesale\/\">Scharniere f\u00fcr Schr\u00e4nke<\/a><\/p>\n<p><strong>Tags<\/strong>: Aufschiebescharnier, Soft-Close-Scharnier, hydraulisches Scharnier<\/p>","protected":false},"featured_media":893,"comment_status":"closed","ping_status":"closed","template":"","meta":{"_acf_changed":false},"product_brand":[],"product_cat":[21],"product_tag":[],"class_list":{"0":"post-882","1":"product","2":"type-product","3":"status-publish","4":"has-post-thumbnail","6":"product_cat-cabinet-hinges-wholesale","8":"first","9":"instock","10":"shipping-taxable","11":"product-type-simple"},"acf":[],"_links":{"self":[{"href":"https:\/\/www.baoertaihardware.com\/de\/wp-json\/wp\/v2\/product\/882","targetHints":{"allow":["GET"]}}],"collection":[{"href":"https:\/\/www.baoertaihardware.com\/de\/wp-json\/wp\/v2\/product"}],"about":[{"href":"https:\/\/www.baoertaihardware.com\/de\/wp-json\/wp\/v2\/types\/product"}],"replies":[{"embeddable":true,"href":"https:\/\/www.baoertaihardware.com\/de\/wp-json\/wp\/v2\/comments?post=882"}],"wp:featuredmedia":[{"embeddable":true,"href":"https:\/\/www.baoertaihardware.com\/de\/wp-json\/wp\/v2\/media\/893"}],"wp:attachment":[{"href":"https:\/\/www.baoertaihardware.com\/de\/wp-json\/wp\/v2\/media?parent=882"}],"wp:term":[{"taxonomy":"product_brand","embeddable":true,"href":"https:\/\/www.baoertaihardware.com\/de\/wp-json\/wp\/v2\/product_brand?post=882"},{"taxonomy":"product_cat","embeddable":true,"href":"https:\/\/www.baoertaihardware.com\/de\/wp-json\/wp\/v2\/product_cat?post=882"},{"taxonomy":"product_tag","embeddable":true,"href":"https:\/\/www.baoertaihardware.com\/de\/wp-json\/wp\/v2\/product_tag?post=882"}],"curies":[{"name":"wp","href":"https:\/\/api.w.org\/{rel}","templated":true}]}}