{"id":875,"date":"2024-11-28T02:03:00","date_gmt":"2024-11-28T02:03:00","guid":{"rendered":"https:\/\/www.baoertaihardware.com\/?post_type=product&#038;p=875"},"modified":"2024-11-28T02:56:48","modified_gmt":"2024-11-28T02:56:48","slug":"push-open-cabinet-hinges-supplier","status":"publish","type":"product","link":"https:\/\/www.baoertaihardware.com\/de\/produkt\/push-open-cabinet-hinges-supplier\/","title":{"rendered":"Gro\u00dfhandel Push Open Cabinet Scharniere, Slide-on Soft Closing hydraulische Scharnier - Modell 810HF"},"content":{"rendered":"<div class=\"wp-block-columns is-layout-flex wp-container-core-columns-is-layout-9d6595d7 wp-block-columns-is-layout-flex\">\n<div class=\"wp-block-column is-layout-flow wp-block-column-is-layout-flow\">\n<h3 class=\"wp-block-heading\">Merkmale von Push Open Cabinet Scharnieren in Bulk<\/h3>\n\n\n\n<ul class=\"wp-block-list\">\n<li><strong>Keine Griffe<\/strong>: Einfach und leicht zu \u00f6ffnen. Die T\u00fcren lassen sich mit einem sanften Druck \u00f6ffnen, wodurch ein minimalistischer und dennoch moderner Stil mit Push-Open-Scharnieren und Push-to-Open-Verriegelung entsteht.<\/li>\n\n\n\n<li><strong>Sanftes Schlie\u00dfen, reibungslos und leise<\/strong>: sanftes Schlie\u00dfen und sanftes \u00d6ffnen mit einem Schieber auf dem Soft Closing Scharnier, wo die Konvergenz langsam stattfindet, mit weniger Schl\u00e4gen und Reduzierung des Ger\u00e4usches Fleck innerhalb der M\u00f6bel.<\/li>\n\n\n\n<li><strong>Effizientes Hydrauliksystem f\u00fcr Stabilit\u00e4t und hohe Ausdauer<\/strong>: Das hydraulische Scharnier - 810HF bietet ein reibungsloses \u00d6ffnen und Schlie\u00dfen und erm\u00f6glicht eine ununterbrochene Nutzung und Haltbarkeit dieses Scharniers.<\/li>\n\n\n\n<li><strong>Gro\u00dfhandelsangebot und schnelle Lieferung<\/strong>: Direkt verf\u00fcgbar Gro\u00dfhandel Push to Open Cabinet Scharniere aus Gro\u00dfeinkauf rechtzeitige Lieferung.<\/li>\n\n\n\n<li><strong>\u00c4u\u00dferst n\u00fctzlich - bessere Qualit\u00e4t<\/strong>: Es kann in K\u00fcchen, B\u00e4dern, Schr\u00e4nken und vielem mehr verwendet werden, um die Gesamtqualit\u00e4t des Hauses zu erh\u00f6hen.<\/li>\n\n\n\n<li><strong>Einfache Installation ohne Werkzeuganpassung<\/strong>: Einfache Installation und werkzeuglose Einstellung sparen Zeit und Energie.<\/li>\n<\/ul>\n<\/div>\n\n\n\n<div class=\"wp-block-column is-layout-flow wp-block-column-is-layout-flow\">\n<figure class=\"wp-block-image size-full\"><img decoding=\"async\" width=\"1200\" height=\"1200\" src=\"https:\/\/www.baoertaihardware.com\/wp-content\/uploads\/2024\/11\/Wholesale-Push-Open-Cabinet-Hinges-supplier-810HF-1.webp\" alt=\"Gro\u00dfhandel Push Open Cabinet Scharniere-Lieferant-810HF (1)\" class=\"wp-image-878\" srcset=\"https:\/\/www.baoertaihardware.com\/wp-content\/uploads\/2024\/11\/Wholesale-Push-Open-Cabinet-Hinges-supplier-810HF-1.webp 1200w, https:\/\/www.baoertaihardware.com\/wp-content\/uploads\/2024\/11\/Wholesale-Push-Open-Cabinet-Hinges-supplier-810HF-1-300x300.webp 300w, https:\/\/www.baoertaihardware.com\/wp-content\/uploads\/2024\/11\/Wholesale-Push-Open-Cabinet-Hinges-supplier-810HF-1-150x150.webp 150w, https:\/\/www.baoertaihardware.com\/wp-content\/uploads\/2024\/11\/Wholesale-Push-Open-Cabinet-Hinges-supplier-810HF-1-768x768.webp 768w, https:\/\/www.baoertaihardware.com\/wp-content\/uploads\/2024\/11\/Wholesale-Push-Open-Cabinet-Hinges-supplier-810HF-1-600x600.webp 600w, https:\/\/www.baoertaihardware.com\/wp-content\/uploads\/2024\/11\/Wholesale-Push-Open-Cabinet-Hinges-supplier-810HF-1-100x100.webp 100w\" sizes=\"(max-width: 1200px) 100vw, 1200px\" \/><\/figure>\n<\/div>\n<\/div>","protected":false},"excerpt":{"rendered":"<p>Massive Push-Open-Scharniere f\u00fcr Schr\u00e4nke, anpassbare T\u00fcrbeschl\u00e4ge, ein einfach zu implementierendes Schiebescharniersystem und ein modernes, griffloses T\u00fcr\u00f6ffnungsdesign verbessern die Sch\u00f6nheit und Funktionalit\u00e4t der M\u00f6bel.<\/p>\n<h3>Spezifikationen f\u00fcr Custom Push Open Cabinet Scharniere<\/h3>\n<ul>\n<li><strong>Modell Nr.<\/strong>:810HF<\/li>\n<li><strong>Material<\/strong>: Eisen<\/li>\n<li><strong>Dicke der T\u00fcr<\/strong>:18-26mm<\/li>\n<li><strong>L\u00f6cher Zentren<\/strong>: 48mm<\/li>\n<li><strong>Gewicht<\/strong>:100g\/St\u00fcck<\/li>\n<li><strong>Oberfl\u00e4che<\/strong>: Vernickelt<\/li>\n<li><strong>Anmeldung<\/strong>Home Office, Wohnzimmer, Schlafzimmer, Hotel, Villa, Wohnung<\/li>\n<\/ul>\n<p><strong>Kategorie<\/strong>:\u00a0<a href=\"https:\/\/www.baoertaihardware.com\/de\/produkt-kategorie\/cabinet-hinges-wholesale\/\">Scharniere f\u00fcr Schr\u00e4nke<\/a> <strong>Tags<\/strong>: Aufschiebescharnier, Soft-Close-Scharnier, hydraulisches Scharnier<\/p>","protected":false},"featured_media":880,"comment_status":"closed","ping_status":"closed","template":"","meta":{"_acf_changed":false},"product_brand":[],"product_cat":[21],"product_tag":[],"class_list":{"0":"post-875","1":"product","2":"type-product","3":"status-publish","4":"has-post-thumbnail","6":"product_cat-cabinet-hinges-wholesale","8":"first","9":"instock","10":"shipping-taxable","11":"product-type-simple"},"acf":[],"_links":{"self":[{"href":"https:\/\/www.baoertaihardware.com\/de\/wp-json\/wp\/v2\/product\/875","targetHints":{"allow":["GET"]}}],"collection":[{"href":"https:\/\/www.baoertaihardware.com\/de\/wp-json\/wp\/v2\/product"}],"about":[{"href":"https:\/\/www.baoertaihardware.com\/de\/wp-json\/wp\/v2\/types\/product"}],"replies":[{"embeddable":true,"href":"https:\/\/www.baoertaihardware.com\/de\/wp-json\/wp\/v2\/comments?post=875"}],"wp:featuredmedia":[{"embeddable":true,"href":"https:\/\/www.baoertaihardware.com\/de\/wp-json\/wp\/v2\/media\/880"}],"wp:attachment":[{"href":"https:\/\/www.baoertaihardware.com\/de\/wp-json\/wp\/v2\/media?parent=875"}],"wp:term":[{"taxonomy":"product_brand","embeddable":true,"href":"https:\/\/www.baoertaihardware.com\/de\/wp-json\/wp\/v2\/product_brand?post=875"},{"taxonomy":"product_cat","embeddable":true,"href":"https:\/\/www.baoertaihardware.com\/de\/wp-json\/wp\/v2\/product_cat?post=875"},{"taxonomy":"product_tag","embeddable":true,"href":"https:\/\/www.baoertaihardware.com\/de\/wp-json\/wp\/v2\/product_tag?post=875"}],"curies":[{"name":"wp","href":"https:\/\/api.w.org\/{rel}","templated":true}]}}