{"id":868,"date":"2024-11-27T18:47:15","date_gmt":"2024-11-27T18:47:15","guid":{"rendered":"https:\/\/www.baoertaihardware.com\/?post_type=product&#038;p=868"},"modified":"2024-11-27T18:47:16","modified_gmt":"2024-11-27T18:47:16","slug":"black-cabinet-hinges-wholesale","status":"publish","type":"product","link":"https:\/\/www.baoertaihardware.com\/de\/produkt\/black-cabinet-hinges-wholesale\/","title":{"rendered":"Schwarze Schrankscharniere Bulk , Hydraulische Scharniere zum \u00d6ffnen - Hardware 810F"},"content":{"rendered":"<div class=\"wp-block-columns is-layout-flex wp-container-core-columns-is-layout-9d6595d7 wp-block-columns-is-layout-flex\">\n<div class=\"wp-block-column is-layout-flow wp-block-column-is-layout-flow\">\n<h3 class=\"wp-block-heading\">Eigenschaften von Bulk Black Cabinet Scharnieren<\/h3>\n\n\n\n<ul class=\"wp-block-list\">\n<li><strong>High-End Gun Black Aussehen, Enhance M\u00f6bel Textur:<\/strong> Dank der fortschrittlichen Technologie des Metallspritzens ist die Oberfl\u00e4che dieser schwarzen Schrankscharniere empfindlich und verschlei\u00dffest, so dass Kratzer kaum auftreten k\u00f6nnen.<\/li>\n\n\n\n<li><strong>Push to Open, Verwendung ohne Griff<\/strong>: Die Push-to-Open-Schrankscharniere sind so konzipiert, dass sie sich mit einer kleinen Ber\u00fchrung \u00f6ffnen lassen, da die Schrankt\u00fcren keinen Griff haben, was eine Kombination aus Einfachheit und N\u00fctzlichkeit darstellt.<\/li>\n\n\n\n<li><strong>Hydraulischer Puffer, leise und sanft schlie\u00dfend<\/strong>Die Schrankt\u00fcr ist mit einem hydraulischen System ausgestattet, das ein langsames und sanftes Schlie\u00dfen der Schrankt\u00fcr gew\u00e4hrleistet; der Aufprallschall wird minimiert, wodurch ein besserer Schutz des Schranks und seiner Scharniere gew\u00e4hrleistet und die Lebensdauer verl\u00e4ngert wird.<\/li>\n\n\n\n<li><strong>Kundenspezifische Scharnierdienste<\/strong>: Customization Services f\u00fcr Schrankscharniere: Farbe, Gr\u00f6\u00dfe und Funktion k\u00f6nnen je nach Bedarf durch personalisierte M\u00f6bel und machen zus\u00e4tzliche Wertvorschl\u00e4ge f\u00fcr Ihr Projekt abweichen.<\/li>\n\n\n\n<li><strong>Hochwertige Materialien, langlebig und verl\u00e4sslich<\/strong>: Die hydraulischen Schrankscharniere widerstehen dank der korrosionsbest\u00e4ndigen Beschichtung verheerenden Misshandlungen und haben eine lange Lebensdauer bei regelm\u00e4\u00dfigem, hochfrequentem Gebrauch in privaten und gewerblichen Anwendungen.<\/li>\n\n\n\n<li><strong>Schnelle Installation und 3D-Bearbeitung<\/strong>Die mitgelieferte verstellbare Montageplatte unterst\u00fctzt auch ihre 3D-Einstellung nach oben und unten, links und rechts sowie innen und au\u00dfen.<\/li>\n\n\n\n<li><strong>Kosteng\u00fcnstige und bevorzugte Lieferung in gro\u00dfen Mengen<\/strong>: Gro\u00dfeinkaufsangebot f\u00fcr Schrankscharniere an alle M\u00f6belhersteller, Dekorationsfirmen und Gro\u00dfh\u00e4ndler mit einem erstklassigen Preis und einer stabilen Versorgung.<\/li>\n<\/ul>\n<\/div>\n\n\n\n<div class=\"wp-block-column is-layout-flow wp-block-column-is-layout-flow\">\n<figure class=\"wp-block-image size-full\"><img decoding=\"async\" width=\"1200\" height=\"1200\" src=\"https:\/\/www.baoertaihardware.com\/wp-content\/uploads\/2024\/11\/Black-Cabinet-Hinges-Bulk-810F-Hardware-1.webp\" alt=\"Schwarze Scharniere f\u00fcr Schr\u00e4nke Bulk -810F Hardware (1)\" class=\"wp-image-869\" srcset=\"https:\/\/www.baoertaihardware.com\/wp-content\/uploads\/2024\/11\/Black-Cabinet-Hinges-Bulk-810F-Hardware-1.webp 1200w, https:\/\/www.baoertaihardware.com\/wp-content\/uploads\/2024\/11\/Black-Cabinet-Hinges-Bulk-810F-Hardware-1-300x300.webp 300w, https:\/\/www.baoertaihardware.com\/wp-content\/uploads\/2024\/11\/Black-Cabinet-Hinges-Bulk-810F-Hardware-1-150x150.webp 150w, https:\/\/www.baoertaihardware.com\/wp-content\/uploads\/2024\/11\/Black-Cabinet-Hinges-Bulk-810F-Hardware-1-768x768.webp 768w, https:\/\/www.baoertaihardware.com\/wp-content\/uploads\/2024\/11\/Black-Cabinet-Hinges-Bulk-810F-Hardware-1-600x600.webp 600w, https:\/\/www.baoertaihardware.com\/wp-content\/uploads\/2024\/11\/Black-Cabinet-Hinges-Bulk-810F-Hardware-1-100x100.webp 100w\" sizes=\"(max-width: 1200px) 100vw, 1200px\" \/><\/figure>\n<\/div>\n<\/div>","protected":false},"excerpt":{"rendered":"<p>Hochwertige schwarze Schrankscharniere, die in gro\u00dfen Mengen erh\u00e4ltlich sind, mit der Funktionalit\u00e4t von Push-to-Open-Schrankscharnieren und mit kundenspezifischen Schrankscharnieroptionen, die die unterschiedlichsten Anforderungen an das M\u00f6beldesign erf\u00fcllen. Holen Sie sich ein kostenloses Angebot.<\/p>\n<h3>Spezifikationen f\u00fcr Custom Black Cabinet Scharniere<\/h3>\n<ul>\n<li><strong>Modell Nr.<\/strong>:810F<\/li>\n<li><strong>Material<\/strong>: Eisen<\/li>\n<li><strong>Dicke<\/strong>:15-18mm<\/li>\n<li><strong>L\u00f6cher Zentren<\/strong>: 48mm<\/li>\n<li><strong>Er\u00f6ffnungsabschluss<\/strong>:165\u00b0<\/li>\n<li><strong>Gewicht<\/strong>:100g\/St\u00fcck<\/li>\n<li><strong>Oberfl\u00e4che<\/strong>: Vernickelt<\/li>\n<li><strong>Anmeldung<\/strong>Home Office, Wohnzimmer, Schlafzimmer, Hotel, Villa, Wohnung<\/li>\n<\/ul>\n<p><strong>Kategorie<\/strong>:\u00a0<a href=\"https:\/\/www.baoertaihardware.com\/de\/produkt-kategorie\/cabinet-hinges-wholesale\/\">Scharniere f\u00fcr Schr\u00e4nke<\/a><\/p>\n<p><strong>Tags<\/strong>: Aufschiebescharnier, Soft-Close-Scharnier, hydraulisches Scharnier<\/p>","protected":false},"featured_media":874,"comment_status":"closed","ping_status":"closed","template":"","meta":{"_acf_changed":false},"product_brand":[],"product_cat":[21],"product_tag":[],"class_list":{"0":"post-868","1":"product","2":"type-product","3":"status-publish","4":"has-post-thumbnail","6":"product_cat-cabinet-hinges-wholesale","8":"first","9":"instock","10":"shipping-taxable","11":"product-type-simple"},"acf":[],"_links":{"self":[{"href":"https:\/\/www.baoertaihardware.com\/de\/wp-json\/wp\/v2\/product\/868","targetHints":{"allow":["GET"]}}],"collection":[{"href":"https:\/\/www.baoertaihardware.com\/de\/wp-json\/wp\/v2\/product"}],"about":[{"href":"https:\/\/www.baoertaihardware.com\/de\/wp-json\/wp\/v2\/types\/product"}],"replies":[{"embeddable":true,"href":"https:\/\/www.baoertaihardware.com\/de\/wp-json\/wp\/v2\/comments?post=868"}],"wp:featuredmedia":[{"embeddable":true,"href":"https:\/\/www.baoertaihardware.com\/de\/wp-json\/wp\/v2\/media\/874"}],"wp:attachment":[{"href":"https:\/\/www.baoertaihardware.com\/de\/wp-json\/wp\/v2\/media?parent=868"}],"wp:term":[{"taxonomy":"product_brand","embeddable":true,"href":"https:\/\/www.baoertaihardware.com\/de\/wp-json\/wp\/v2\/product_brand?post=868"},{"taxonomy":"product_cat","embeddable":true,"href":"https:\/\/www.baoertaihardware.com\/de\/wp-json\/wp\/v2\/product_cat?post=868"},{"taxonomy":"product_tag","embeddable":true,"href":"https:\/\/www.baoertaihardware.com\/de\/wp-json\/wp\/v2\/product_tag?post=868"}],"curies":[{"name":"wp","href":"https:\/\/api.w.org\/{rel}","templated":true}]}}