{"id":854,"date":"2024-11-27T10:45:31","date_gmt":"2024-11-27T10:45:31","guid":{"rendered":"https:\/\/www.baoertaihardware.com\/?post_type=product&#038;p=854"},"modified":"2024-11-27T17:05:29","modified_gmt":"2024-11-27T17:05:29","slug":"hydraulic-cabinet-hinges-factory","status":"publish","type":"product","link":"https:\/\/www.baoertaihardware.com\/de\/produkt\/hydraulic-cabinet-hinges-factory\/","title":{"rendered":"Bulk Hydraulic Cabinet Scharniere Soft-Close f\u00fcr K\u00fcchenschr\u00e4nke - 810A"},"content":{"rendered":"<div class=\"wp-block-columns is-layout-flex wp-container-core-columns-is-layout-9d6595d7 wp-block-columns-is-layout-flex\">\n<div class=\"wp-block-column is-layout-flow wp-block-column-is-layout-flow\">\n<h3 class=\"wp-block-heading\">Merkmale und Vorteile von hydraulischen Scharnieren f\u00fcr Gro\u00dfschr\u00e4nke<\/h3>\n\n\n\n<ul class=\"wp-block-list\">\n<li><strong>Hochpr\u00e4zise hydraulische Steuerung<\/strong>l: Sorgt f\u00fcr ein sanftes \u00d6ffnen und Schlie\u00dfen der T\u00fcren durch ein hochwertiges Hydrauliksystem, das Ger\u00e4usche und St\u00f6\u00dfe vermeidet und so f\u00fcr ein ruhigeres K\u00fcchen- und Wohngef\u00fchl sorgt.<\/li>\n<\/ul>\n\n\n\n<p><\/p>\n\n\n\n<ul class=\"wp-block-list\">\n<li><strong>Weiches Schlie\u00dfen<\/strong>: Soft-Close-Scharniere f\u00fcr K\u00fcchenschr\u00e4nke, die nur f\u00fcr moderne K\u00fcchen entwickelt wurden, erm\u00f6glichen es, geschlossene T\u00fcren zu verlangsamen, um den Schrank zu sch\u00fctzen und seine Lebensdauer zu verl\u00e4ngern, w\u00e4hrend sie gleichzeitig das Gef\u00fchl von hochwertigem Gebrauch vermitteln.<\/li>\n<\/ul>\n\n\n\n<p><\/p>\n\n\n\n<ul class=\"wp-block-list\">\n<li><strong>Kundenspezifischer Design-Support<\/strong>: Custom Cabinet Scharniere f\u00fcr spezifische Schrank-Anwendungen von verschiedenen Gr\u00f6\u00dfen, Materialien und Oberfl\u00e4chen wurden von Custom Cabinet Scharniere Service erstellt.<\/li>\n<\/ul>\n\n\n\n<p><\/p>\n\n\n\n<ul class=\"wp-block-list\">\n<li><strong>\u00dcberlegene Langlebigkeit<\/strong>: Aus kaltgewalztem Qualit\u00e4tsstahl gefertigt und korrosionsbest\u00e4ndig beschichtet, sind die hydraulischen Scharniere langlebig und f\u00fcr h\u00e4ufiges \u00d6ffnen und Schlie\u00dfen von K\u00fcchen- und Badezimmerschr\u00e4nken geeignet.<\/li>\n<\/ul>\n\n\n\n<p><\/p>\n\n\n\n<ul class=\"wp-block-list\">\n<li><strong>Multi-Winkel-Einstellung<\/strong>: Die integrierte 3D-Verstellung erm\u00f6glicht eine m\u00fchelose Einstellung des \u00d6ffnungs- und Schlie\u00dfwinkels der T\u00fcr im Verh\u00e4ltnis zum Schrank f\u00fcr eine einfache Installation und Wartung.<\/li>\n<\/ul>\n\n\n\n<p><\/p>\n\n\n\n<ul class=\"wp-block-list\">\n<li><strong>Mehrzwecknutzung<\/strong>: Dieses Produkt wurde in vielen K\u00fcchen, Badezimmern, Schr\u00e4nken und anderen Schr\u00e4nken eingesetzt, um die Qualit\u00e4t der M\u00f6bel zu verbessern.<\/li>\n<\/ul>\n<\/div>\n\n\n\n<div class=\"wp-block-column is-layout-flow wp-block-column-is-layout-flow\">\n<figure class=\"wp-block-image size-full\"><img decoding=\"async\" width=\"1200\" height=\"1200\" src=\"https:\/\/www.baoertaihardware.com\/wp-content\/uploads\/2024\/11\/Bulk-Hydraulic-Cabinet-Hinges-Manufacturer-810A-1.webp\" alt=\"Hydraulische Scharniere f\u00fcr Schr\u00e4nke Hersteller - 810A (1)\" class=\"wp-image-855\" srcset=\"https:\/\/www.baoertaihardware.com\/wp-content\/uploads\/2024\/11\/Bulk-Hydraulic-Cabinet-Hinges-Manufacturer-810A-1.webp 1200w, https:\/\/www.baoertaihardware.com\/wp-content\/uploads\/2024\/11\/Bulk-Hydraulic-Cabinet-Hinges-Manufacturer-810A-1-300x300.webp 300w, https:\/\/www.baoertaihardware.com\/wp-content\/uploads\/2024\/11\/Bulk-Hydraulic-Cabinet-Hinges-Manufacturer-810A-1-150x150.webp 150w, https:\/\/www.baoertaihardware.com\/wp-content\/uploads\/2024\/11\/Bulk-Hydraulic-Cabinet-Hinges-Manufacturer-810A-1-768x768.webp 768w, https:\/\/www.baoertaihardware.com\/wp-content\/uploads\/2024\/11\/Bulk-Hydraulic-Cabinet-Hinges-Manufacturer-810A-1-600x600.webp 600w, https:\/\/www.baoertaihardware.com\/wp-content\/uploads\/2024\/11\/Bulk-Hydraulic-Cabinet-Hinges-Manufacturer-810A-1-100x100.webp 100w\" sizes=\"(max-width: 1200px) 100vw, 1200px\" \/><\/figure>\n<\/div>\n<\/div>\n\n\n\n<p><\/p>","protected":false},"excerpt":{"rendered":"<p>Hochwertige hydraulische Schrankscharniere mit eingebauter D\u00e4mpfung erm\u00f6glichen eine schnelle Installation f\u00fcr Voll-, Halb- und Unterputzanwendungen. Sie sind ideal f\u00fcr kundenspezifische Schrankscharniere, die f\u00fcr eine Vielzahl von Anforderungen angepasst werden k\u00f6nnen.<\/p>\n<h3>Spezifikationen f\u00fcr kundenspezifische hydraulische Scharniere f\u00fcr Schr\u00e4nke<\/h3>\n<ul>\n<li><strong>Modell Nr.<\/strong>:810A<\/li>\n<li><strong>Material<\/strong>: Eisen<\/li>\n<li><strong>Dicke<\/strong>:15-18mm<\/li>\n<li><strong>L\u00f6cher Zentren<\/strong>: 48mm\/52mm<\/li>\n<li><strong>Er\u00f6ffnungsabschluss<\/strong>:165\u00b0<\/li>\n<li><strong>Gewicht<\/strong>:66\/74\/84g\/St\u00fcck<\/li>\n<li><strong>Oberfl\u00e4che<\/strong>: Vernickelt<\/li>\n<li><strong>Anmeldung<\/strong>Home Office, Wohnzimmer, Schlafzimmer, Hotel, Villa, Wohnung<\/li>\n<\/ul>\n<p><strong>Kategorie<\/strong>:\u00a0<a href=\"https:\/\/www.baoertaihardware.com\/de\/produkt-kategorie\/cabinet-hinges-wholesale\/\">Scharniere f\u00fcr Schr\u00e4nke<\/a> <strong>Tags<\/strong>: Aufschiebescharnier, Soft-Close-Scharnier<\/p>","protected":false},"featured_media":857,"comment_status":"closed","ping_status":"closed","template":"","meta":{"_acf_changed":false},"product_brand":[],"product_cat":[21],"product_tag":[],"class_list":{"0":"post-854","1":"product","2":"type-product","3":"status-publish","4":"has-post-thumbnail","6":"product_cat-cabinet-hinges-wholesale","8":"first","9":"instock","10":"shipping-taxable","11":"product-type-simple"},"acf":[],"_links":{"self":[{"href":"https:\/\/www.baoertaihardware.com\/de\/wp-json\/wp\/v2\/product\/854","targetHints":{"allow":["GET"]}}],"collection":[{"href":"https:\/\/www.baoertaihardware.com\/de\/wp-json\/wp\/v2\/product"}],"about":[{"href":"https:\/\/www.baoertaihardware.com\/de\/wp-json\/wp\/v2\/types\/product"}],"replies":[{"embeddable":true,"href":"https:\/\/www.baoertaihardware.com\/de\/wp-json\/wp\/v2\/comments?post=854"}],"wp:featuredmedia":[{"embeddable":true,"href":"https:\/\/www.baoertaihardware.com\/de\/wp-json\/wp\/v2\/media\/857"}],"wp:attachment":[{"href":"https:\/\/www.baoertaihardware.com\/de\/wp-json\/wp\/v2\/media?parent=854"}],"wp:term":[{"taxonomy":"product_brand","embeddable":true,"href":"https:\/\/www.baoertaihardware.com\/de\/wp-json\/wp\/v2\/product_brand?post=854"},{"taxonomy":"product_cat","embeddable":true,"href":"https:\/\/www.baoertaihardware.com\/de\/wp-json\/wp\/v2\/product_cat?post=854"},{"taxonomy":"product_tag","embeddable":true,"href":"https:\/\/www.baoertaihardware.com\/de\/wp-json\/wp\/v2\/product_tag?post=854"}],"curies":[{"name":"wp","href":"https:\/\/api.w.org\/{rel}","templated":true}]}}