{"id":821,"date":"2024-11-18T04:11:48","date_gmt":"2024-11-18T04:11:48","guid":{"rendered":"https:\/\/www.baoertaihardware.com\/?post_type=product&#038;p=821"},"modified":"2024-11-18T04:11:49","modified_gmt":"2024-11-18T04:11:49","slug":"custom-push-to-open-hinge","status":"publish","type":"product","link":"https:\/\/www.baoertaihardware.com\/de\/produkt\/custom-push-to-open-hinge\/","title":{"rendered":"Baoertai Push zu \u00f6ffnen Scharnier Einstellbare K\u00fcche Schrank Scharnier Lieferant-261F"},"content":{"rendered":"<p><\/p>\n\n\n\n<div class=\"wp-block-columns is-layout-flex wp-container-core-columns-is-layout-9d6595d7 wp-block-columns-is-layout-flex\">\n<div class=\"wp-block-column is-layout-flow wp-block-column-is-layout-flow\">\n<h3 class=\"wp-block-heading\">Merkmale und Vorteile des Push-to-Open-Scharniers zum Aufschieben<\/h3>\n\n\n\n<p><strong>Push to Open Scharnier<\/strong>: Durch das grifflose Design l\u00e4sst sich die Schrankt\u00fcr mit einem einfachen Druck \u00f6ffnen, was zu modernen und minimalistischen M\u00f6beln passt und das Nutzungserlebnis und die \u00c4sthetik verbessert.<\/p>\n\n\n\n<p><strong>Einstellbarer Ausl\u00f6seschnalle<\/strong>: Ein eingebauter, einstellbarer Mechanismus sorgt daf\u00fcr, dass die T\u00fcr bei jedem \u00d6ffnungsvorgang leichtg\u00e4ngig ist und sich an die unterschiedlichen Bed\u00fcrfnisse der M\u00f6bel anpasst.<\/p>\n\n\n\n<p><strong>Aufschiebbare Installation<\/strong>: Das Slide-On-Design vereinfacht den Installationsprozess und erm\u00f6glicht eine schnelle, werkzeuglose Installation f\u00fcr mehr Effizienz.<\/p>\n\n\n\n<p><strong>Modernes Erscheinungsbild<\/strong>: Geeignet f\u00fcr individuelle Schr\u00e4nke und alle Arten von modernen H\u00e4usern, garantiert es ein einfaches und sch\u00f6nes griffloses Aussehen.<\/p>\n\n\n\n<p><strong>Dauerhaft<\/strong>: Hochwertige Materialien und Design gew\u00e4hrleisten eine langfristige Stabilit\u00e4t des Scharniers, das f\u00fcr eine Vielzahl von M\u00f6beln und Umgebungen mit hoher Nutzungsfrequenz geeignet ist.<\/p>\n<\/div>\n\n\n\n<div class=\"wp-block-column is-layout-flow wp-block-column-is-layout-flow\">\n<figure class=\"wp-block-image size-full\"><img decoding=\"async\" width=\"1200\" height=\"1200\" src=\"https:\/\/www.baoertaihardware.com\/wp-content\/uploads\/2024\/11\/Custom-Push-to-Open-Hinge-1.webp\" alt=\"Kundenspezifisches Push-to-Open-Scharnier (1)\" class=\"wp-image-822\" srcset=\"https:\/\/www.baoertaihardware.com\/wp-content\/uploads\/2024\/11\/Custom-Push-to-Open-Hinge-1.webp 1200w, https:\/\/www.baoertaihardware.com\/wp-content\/uploads\/2024\/11\/Custom-Push-to-Open-Hinge-1-300x300.webp 300w, https:\/\/www.baoertaihardware.com\/wp-content\/uploads\/2024\/11\/Custom-Push-to-Open-Hinge-1-150x150.webp 150w, https:\/\/www.baoertaihardware.com\/wp-content\/uploads\/2024\/11\/Custom-Push-to-Open-Hinge-1-768x768.webp 768w, https:\/\/www.baoertaihardware.com\/wp-content\/uploads\/2024\/11\/Custom-Push-to-Open-Hinge-1-600x600.webp 600w, https:\/\/www.baoertaihardware.com\/wp-content\/uploads\/2024\/11\/Custom-Push-to-Open-Hinge-1-100x100.webp 100w\" sizes=\"(max-width: 1200px) 100vw, 1200px\" \/><\/figure>\n<\/div>\n<\/div>\n\n\n\n<p><\/p>","protected":false},"excerpt":{"rendered":"<p>Das aufschiebbare Push-to-Open-Scharnier wurde entwickelt, um die Funktionalit\u00e4t moderner Schr\u00e4nke zu verbessern und eine einfache, handfreie Bedienung zu erm\u00f6glichen. Das Scharnier verf\u00fcgt \u00fcber einen verstellbaren Ausl\u00f6ser, der ein sanftes \u00d6ffnen mit nur einem leichten Druck erm\u00f6glicht. Dieses Scharnier ist ideal f\u00fcr minimalistische Designs und sorgt f\u00fcr ein sauberes, griffloses Aussehen. Perfekt f\u00fcr individuelle Schr\u00e4nke und R\u00e4ume, in denen Benutzerfreundlichkeit und \u00c4sthetik gleicherma\u00dfen wichtig sind.<\/p>\n<h3>Spezifikationen des Push-to-Open-Scharniers<\/h3>\n<ul>\n<li><strong>Modell Nr.<\/strong>:261F<\/li>\n<li><strong>Material<\/strong>: Eisen<\/li>\n<li><strong>Dicke<\/strong>:15-18mm<\/li>\n<li><strong>L\u00f6cher Zentren<\/strong>: 48mm\/52mm<\/li>\n<li><strong>Er\u00f6ffnungsabschluss<\/strong>:165\u00b0<\/li>\n<li><strong>Gewicht<\/strong>:72g\/St\u00fcck<\/li>\n<li><strong>Oberfl\u00e4che<\/strong>: Vernickelt<\/li>\n<li><strong>Anmeldung<\/strong>Home Office, Wohnzimmer, Schlafzimmer, Hotel, Villa, Wohnung<\/li>\n<\/ul>\n<p><strong>Kategorie<\/strong>: <a href=\"https:\/\/www.baoertaihardware.com\/de\/produkt-kategorie\/cabinet-hinges-wholesale\/\">Scharniere f\u00fcr Schr\u00e4nke<\/a><\/p>\n<p><strong>Tags<\/strong>: Aufschiebescharnier, Soft-Close-Scharnier<\/p>","protected":false},"featured_media":826,"comment_status":"closed","ping_status":"closed","template":"","meta":{"_acf_changed":false},"product_brand":[],"product_cat":[21],"product_tag":[],"class_list":{"0":"post-821","1":"product","2":"type-product","3":"status-publish","4":"has-post-thumbnail","6":"product_cat-cabinet-hinges-wholesale","8":"first","9":"instock","10":"shipping-taxable","11":"product-type-simple"},"acf":[],"_links":{"self":[{"href":"https:\/\/www.baoertaihardware.com\/de\/wp-json\/wp\/v2\/product\/821","targetHints":{"allow":["GET"]}}],"collection":[{"href":"https:\/\/www.baoertaihardware.com\/de\/wp-json\/wp\/v2\/product"}],"about":[{"href":"https:\/\/www.baoertaihardware.com\/de\/wp-json\/wp\/v2\/types\/product"}],"replies":[{"embeddable":true,"href":"https:\/\/www.baoertaihardware.com\/de\/wp-json\/wp\/v2\/comments?post=821"}],"wp:featuredmedia":[{"embeddable":true,"href":"https:\/\/www.baoertaihardware.com\/de\/wp-json\/wp\/v2\/media\/826"}],"wp:attachment":[{"href":"https:\/\/www.baoertaihardware.com\/de\/wp-json\/wp\/v2\/media?parent=821"}],"wp:term":[{"taxonomy":"product_brand","embeddable":true,"href":"https:\/\/www.baoertaihardware.com\/de\/wp-json\/wp\/v2\/product_brand?post=821"},{"taxonomy":"product_cat","embeddable":true,"href":"https:\/\/www.baoertaihardware.com\/de\/wp-json\/wp\/v2\/product_cat?post=821"},{"taxonomy":"product_tag","embeddable":true,"href":"https:\/\/www.baoertaihardware.com\/de\/wp-json\/wp\/v2\/product_tag?post=821"}],"curies":[{"name":"wp","href":"https:\/\/api.w.org\/{rel}","templated":true}]}}