{"id":814,"date":"2024-11-18T03:18:34","date_gmt":"2024-11-18T03:18:34","guid":{"rendered":"https:\/\/www.baoertaihardware.com\/?post_type=product&#038;p=814"},"modified":"2024-11-18T03:18:35","modified_gmt":"2024-11-18T03:18:35","slug":"clip-on-hydraulic-hinges-custom","status":"publish","type":"product","link":"https:\/\/www.baoertaihardware.com\/de\/produkt\/clip-on-hydraulic-hinges-custom\/","title":{"rendered":"Einweg 165\u00b0 Clip-On Hydraulische Scharniere Spezialwinkel M\u00f6belscharnier Gro\u00dfh\u00e4ndler"},"content":{"rendered":"<div class=\"wp-block-columns is-layout-flex wp-container-core-columns-is-layout-9d6595d7 wp-block-columns-is-layout-flex\">\n<div class=\"wp-block-column is-layout-flow wp-block-column-is-layout-flow\">\n<h3 class=\"wp-block-heading\">Merkmale und Vorteile der hydraulischen Clip-On-Scharniere<\/h3>\n\n\n\n<p><strong>165\u00b0 weiter \u00d6ffnungswinkel<\/strong><\/p>\n\n\n\n<ul class=\"wp-block-list\">\n<li>Bietet einen breiteren \u00d6ffnungswinkel der Schrankt\u00fcr f\u00fcr einen leichteren Zugang zu den Gegenst\u00e4nden, geeignet f\u00fcr alle Arten von M\u00f6belanwendungen.<\/li>\n<\/ul>\n\n\n\n<p><strong>Hydraulisches Soft-Close-System<\/strong><\/p>\n\n\n\n<ul class=\"wp-block-list\">\n<li>Sorgt f\u00fcr ein sanftes und leises Schlie\u00dfen der T\u00fcren und vermeidet St\u00f6\u00dfe und Ger\u00e4usche, die beim pl\u00f6tzlichen Schlie\u00dfen entstehen.<\/li>\n<\/ul>\n\n\n\n<p><strong>Schnelles Clip-On-Design<\/strong><\/p>\n\n\n\n<ul class=\"wp-block-list\">\n<li>Montage und Demontage ohne Werkzeug, das spart Montagezeit, Komfort und Effizienz.<\/li>\n<\/ul>\n\n\n\n<p><strong>Verdecktes Design<\/strong><\/p>\n\n\n\n<ul class=\"wp-block-list\">\n<li>Die hydraulischen Scharniere sind vollst\u00e4ndig im Inneren des Schranks verborgen, was zu einem schlichten und sch\u00f6nen Erscheinungsbild f\u00fchrt und zum modernen Wohnstil passt.<\/li>\n<\/ul>\n\n\n\n<p><strong>Hohe Dauerhaftigkeit<\/strong><\/p>\n\n\n\n<ul class=\"wp-block-list\">\n<li>Hergestellt aus hochwertigen Materialien, um eine langfristige Nutzung zu gew\u00e4hrleisten, nicht leicht zu besch\u00e4digen, und passt sich an verschiedene M\u00f6bel Bed\u00fcrfnisse.<\/li>\n<\/ul>\n<\/div>\n\n\n\n<div class=\"wp-block-column is-layout-flow wp-block-column-is-layout-flow\">\n<figure class=\"wp-block-image size-full\"><img decoding=\"async\" width=\"1200\" height=\"1200\" src=\"https:\/\/www.baoertaihardware.com\/wp-content\/uploads\/2024\/11\/Clip-On-Hydraulic-Hinges-wholesale-1.webp\" alt=\"Clip-On-Hydraulikscharniere Gro\u00dfhandel (1)\" class=\"wp-image-816\" srcset=\"https:\/\/www.baoertaihardware.com\/wp-content\/uploads\/2024\/11\/Clip-On-Hydraulic-Hinges-wholesale-1.webp 1200w, https:\/\/www.baoertaihardware.com\/wp-content\/uploads\/2024\/11\/Clip-On-Hydraulic-Hinges-wholesale-1-300x300.webp 300w, https:\/\/www.baoertaihardware.com\/wp-content\/uploads\/2024\/11\/Clip-On-Hydraulic-Hinges-wholesale-1-150x150.webp 150w, https:\/\/www.baoertaihardware.com\/wp-content\/uploads\/2024\/11\/Clip-On-Hydraulic-Hinges-wholesale-1-768x768.webp 768w, https:\/\/www.baoertaihardware.com\/wp-content\/uploads\/2024\/11\/Clip-On-Hydraulic-Hinges-wholesale-1-600x600.webp 600w, https:\/\/www.baoertaihardware.com\/wp-content\/uploads\/2024\/11\/Clip-On-Hydraulic-Hinges-wholesale-1-100x100.webp 100w\" sizes=\"(max-width: 1200px) 100vw, 1200px\" \/><\/figure>\n<\/div>\n<\/div>\n\n\n\n<p><\/p>","protected":false},"excerpt":{"rendered":"<p>Baoertai bietet aufsteckbare hydraulische Scharniere mit einem \u00d6ffnungswinkel von 165\u00b0 und einer sanften, weichen Schlie\u00dfbewegung. Ihr Clip-on-Design sorgt f\u00fcr eine einfache Installation und macht sie ideal f\u00fcr moderne M\u00f6bel. Diese langlebigen, verdeckten Scharniere sind perfekt f\u00fcr den Gro\u00dfhandel geeignet und kombinieren Funktionalit\u00e4t und stilvolles Aussehen f\u00fcr eine Vielzahl von Anwendungen.<\/p>\n<h3>Spezifikationen f\u00fcr hydraulische Clip-On-Scharniere<\/h3>\n<ul>\n<li><strong>Modell Nr.<\/strong>:165C<\/li>\n<li><strong>Material<\/strong>: Eisen<\/li>\n<li><strong>Dicke<\/strong>:15-18mm<\/li>\n<li><strong>Becher-Durchmesser<\/strong>: 35mm<\/li>\n<li><strong>L\u00f6cher Zentren<\/strong>: 48mm<\/li>\n<li><strong>Er\u00f6ffnungsabschluss<\/strong>:165\u00b0<\/li>\n<li><strong>Scharnier Ausf\u00fchrung<\/strong>: Vernickelt<\/li>\n<li><strong>Gewicht<\/strong>:174g\/St\u00fcck<\/li>\n<li><strong>Anmeldung<\/strong>Home Office, Wohnzimmer, Schlafzimmer, Hotel, Villa, Wohnung<\/li>\n<\/ul>\n<p><strong>Kategorie<\/strong>:\u00a0<a href=\"https:\/\/www.baoertaihardware.com\/de\/produkt-kategorie\/cabinet-hinges-wholesale\/\">Scharniere f\u00fcr Schr\u00e4nke<\/a><\/p>\n<p><strong>Tags<\/strong>: Clipscharnier, Spezialwinkelscharnier, Soft-Close-Scharnier, verdecktes hydraulisches Scharnier<\/p>","protected":false},"featured_media":818,"comment_status":"closed","ping_status":"closed","template":"","meta":{"_acf_changed":false},"product_brand":[],"product_cat":[21],"product_tag":[],"class_list":{"0":"post-814","1":"product","2":"type-product","3":"status-publish","4":"has-post-thumbnail","6":"product_cat-cabinet-hinges-wholesale","8":"first","9":"instock","10":"shipping-taxable","11":"product-type-simple"},"acf":[],"_links":{"self":[{"href":"https:\/\/www.baoertaihardware.com\/de\/wp-json\/wp\/v2\/product\/814","targetHints":{"allow":["GET"]}}],"collection":[{"href":"https:\/\/www.baoertaihardware.com\/de\/wp-json\/wp\/v2\/product"}],"about":[{"href":"https:\/\/www.baoertaihardware.com\/de\/wp-json\/wp\/v2\/types\/product"}],"replies":[{"embeddable":true,"href":"https:\/\/www.baoertaihardware.com\/de\/wp-json\/wp\/v2\/comments?post=814"}],"wp:featuredmedia":[{"embeddable":true,"href":"https:\/\/www.baoertaihardware.com\/de\/wp-json\/wp\/v2\/media\/818"}],"wp:attachment":[{"href":"https:\/\/www.baoertaihardware.com\/de\/wp-json\/wp\/v2\/media?parent=814"}],"wp:term":[{"taxonomy":"product_brand","embeddable":true,"href":"https:\/\/www.baoertaihardware.com\/de\/wp-json\/wp\/v2\/product_brand?post=814"},{"taxonomy":"product_cat","embeddable":true,"href":"https:\/\/www.baoertaihardware.com\/de\/wp-json\/wp\/v2\/product_cat?post=814"},{"taxonomy":"product_tag","embeddable":true,"href":"https:\/\/www.baoertaihardware.com\/de\/wp-json\/wp\/v2\/product_tag?post=814"}],"curies":[{"name":"wp","href":"https:\/\/api.w.org\/{rel}","templated":true}]}}