{"id":806,"date":"2024-11-18T02:07:43","date_gmt":"2024-11-18T02:07:43","guid":{"rendered":"https:\/\/www.baoertaihardware.com\/?post_type=product&#038;p=806"},"modified":"2024-11-18T02:07:44","modified_gmt":"2024-11-18T02:07:44","slug":"wholesale-hydraulic-hinges","status":"publish","type":"product","link":"https:\/\/www.baoertaihardware.com\/de\/produkt\/wholesale-hydraulic-hinges\/","title":{"rendered":"165\u00b0 Slide-On Hydraulische Scharniere Gro\u00dfhandel K\u00fcche Verdeckte Scharniere"},"content":{"rendered":"<div class=\"wp-block-columns is-layout-flex wp-container-core-columns-is-layout-9d6595d7 wp-block-columns-is-layout-flex\">\n<div class=\"wp-block-column is-layout-flow wp-block-column-is-layout-flow\">\n<h3 class=\"wp-block-heading\">Merkmale und Vorteile von hydraulischen Scharnieren zum Aufschieben<\/h3>\n\n\n\n<p><strong>165\u00b0 Extra weiter \u00d6ffnungswinkel<\/strong>: Erm\u00f6glicht das \u00d6ffnen von T\u00fcren und einen besseren Zugang zum Innenraum.<\/p>\n\n\n\n<p><br><strong>Hydraulische D\u00e4mpfung<\/strong>: Das eingebaute hydraulische D\u00e4mpfungssystem sorgt f\u00fcr ein sanftes und leises Schlie\u00dfen der T\u00fcr, ohne L\u00e4rm und Besch\u00e4digungen.<\/p>\n\n\n\n<p><br><strong>Aufschiebbare Installation<\/strong>: Diese Konstruktion erm\u00f6glicht eine schnelle und einfache Installation und ist f\u00fcr die Massenproduktion oder den Austausch geeignet.<\/p>\n\n\n\n<p><br><strong>Verstecktes Design<\/strong>: Sie ist im Inneren des Schranks versteckt, einfach, modern und wertet das Gesamtbild auf.<\/p>\n\n\n\n<p><br><strong>Hochwertiges Rohmaterial<\/strong>: langlebig, korrosionsbest\u00e4ndig, f\u00fcr K\u00fcchen und andere stark beanspruchte Bereiche.<\/p>\n<\/div>\n\n\n\n<div class=\"wp-block-column is-layout-flow wp-block-column-is-layout-flow\">\n<figure class=\"wp-block-image size-full\"><img decoding=\"async\" width=\"1200\" height=\"1200\" src=\"https:\/\/www.baoertaihardware.com\/wp-content\/uploads\/2024\/11\/Slide-On-Hydraulic-Hinges-Wholesaler-2.webp\" alt=\"Hydraulische Schiebescharniere Gro\u00dfh\u00e4ndler (2)\" class=\"wp-image-813\" srcset=\"https:\/\/www.baoertaihardware.com\/wp-content\/uploads\/2024\/11\/Slide-On-Hydraulic-Hinges-Wholesaler-2.webp 1200w, https:\/\/www.baoertaihardware.com\/wp-content\/uploads\/2024\/11\/Slide-On-Hydraulic-Hinges-Wholesaler-2-300x300.webp 300w, https:\/\/www.baoertaihardware.com\/wp-content\/uploads\/2024\/11\/Slide-On-Hydraulic-Hinges-Wholesaler-2-150x150.webp 150w, https:\/\/www.baoertaihardware.com\/wp-content\/uploads\/2024\/11\/Slide-On-Hydraulic-Hinges-Wholesaler-2-768x768.webp 768w, https:\/\/www.baoertaihardware.com\/wp-content\/uploads\/2024\/11\/Slide-On-Hydraulic-Hinges-Wholesaler-2-600x600.webp 600w, https:\/\/www.baoertaihardware.com\/wp-content\/uploads\/2024\/11\/Slide-On-Hydraulic-Hinges-Wholesaler-2-100x100.webp 100w\" sizes=\"(max-width: 1200px) 100vw, 1200px\" \/><\/figure>\n<\/div>\n<\/div>\n\n\n\n<p><\/p>","protected":false},"excerpt":{"rendered":"<p>Unsere ma\u00dfgefertigten hydraulischen Scharniere zum Aufschieben k\u00f6nnen f\u00fcr M\u00f6belt\u00fcren mit Schubladenfronten, Drehtisch-Eckschr\u00e4nke und alle anderen M\u00f6belkonstruktionen verwendet werden, die gro\u00dfe T\u00fcr\u00f6ffnungen erfordern. Wenn Sie nicht sicher sind, welche Scharniere Sie verwenden sollen, kontaktieren Sie uns bitte!<\/p>\n<h3>Spezifikationen f\u00fcr hydraulische Scharniere zum Aufschieben<\/h3>\n<ul>\n<li><strong>Modell Nr.<\/strong>:165B<\/li>\n<li><strong>Material<\/strong>: Eisen<\/li>\n<li><strong>Dicke<\/strong>:15-18mm<\/li>\n<li><strong>Becher-Durchmesser<\/strong>: 35mm<\/li>\n<li><strong>L\u00f6cher Zentren<\/strong>: 48mm<\/li>\n<li><strong>Er\u00f6ffnungsabschluss<\/strong>:165\u00b0<\/li>\n<li><strong>Scharnier Ausf\u00fchrung<\/strong>: Vernickelt<\/li>\n<li><strong>Gewicht<\/strong>:164g\/St\u00fcck<\/li>\n<li><strong>Anmeldung<\/strong>Home Office, Wohnzimmer, Schlafzimmer, Hotel, Villa, Wohnung<\/li>\n<\/ul>\n<p><strong>Kategorie<\/strong>: <a href=\"https:\/\/www.baoertaihardware.com\/de\/produkt-kategorie\/cabinet-hinges-wholesale\/\">Scharniere f\u00fcr Schr\u00e4nke<\/a><\/p>\n<p><strong>Tags<\/strong>: Aufschiebescharnier, Spezial-Winkelscharnier<\/p>","protected":false},"featured_media":812,"comment_status":"closed","ping_status":"closed","template":"","meta":{"_acf_changed":false},"product_brand":[],"product_cat":[21],"product_tag":[],"class_list":{"0":"post-806","1":"product","2":"type-product","3":"status-publish","4":"has-post-thumbnail","6":"product_cat-cabinet-hinges-wholesale","8":"first","9":"instock","10":"shipping-taxable","11":"product-type-simple"},"acf":[],"_links":{"self":[{"href":"https:\/\/www.baoertaihardware.com\/de\/wp-json\/wp\/v2\/product\/806","targetHints":{"allow":["GET"]}}],"collection":[{"href":"https:\/\/www.baoertaihardware.com\/de\/wp-json\/wp\/v2\/product"}],"about":[{"href":"https:\/\/www.baoertaihardware.com\/de\/wp-json\/wp\/v2\/types\/product"}],"replies":[{"embeddable":true,"href":"https:\/\/www.baoertaihardware.com\/de\/wp-json\/wp\/v2\/comments?post=806"}],"wp:featuredmedia":[{"embeddable":true,"href":"https:\/\/www.baoertaihardware.com\/de\/wp-json\/wp\/v2\/media\/812"}],"wp:attachment":[{"href":"https:\/\/www.baoertaihardware.com\/de\/wp-json\/wp\/v2\/media?parent=806"}],"wp:term":[{"taxonomy":"product_brand","embeddable":true,"href":"https:\/\/www.baoertaihardware.com\/de\/wp-json\/wp\/v2\/product_brand?post=806"},{"taxonomy":"product_cat","embeddable":true,"href":"https:\/\/www.baoertaihardware.com\/de\/wp-json\/wp\/v2\/product_cat?post=806"},{"taxonomy":"product_tag","embeddable":true,"href":"https:\/\/www.baoertaihardware.com\/de\/wp-json\/wp\/v2\/product_tag?post=806"}],"curies":[{"name":"wp","href":"https:\/\/api.w.org\/{rel}","templated":true}]}}