{"id":799,"date":"2024-11-16T10:10:16","date_gmt":"2024-11-16T10:10:16","guid":{"rendered":"https:\/\/www.baoertaihardware.com\/?post_type=product&#038;p=799"},"modified":"2024-11-18T03:20:54","modified_gmt":"2024-11-18T03:20:54","slug":"cabinet-165-slide-on-hinge","status":"publish","type":"product","link":"https:\/\/www.baoertaihardware.com\/de\/produkt\/cabinet-165-slide-on-hinge\/","title":{"rendered":"165\u00b0-Scharnier f\u00fcr Schr\u00e4nke, einseitig sanft schlie\u00dfendes Scharnier Lieferant"},"content":{"rendered":"<div class=\"wp-block-columns is-layout-flex wp-container-core-columns-is-layout-9d6595d7 wp-block-columns-is-layout-flex\">\n<div class=\"wp-block-column is-layout-flow wp-block-column-is-layout-flow\">\n<h3 class=\"wp-block-heading\">Merkmale und Vorteile des 165\u00b0-Schiebescharniers<\/h3>\n\n\n\n<p><\/p>\n\n\n\n<p><strong>165\u00b0 \u00d6ffnungswinkel<\/strong>: Erm\u00f6glicht einen gr\u00f6\u00dferen \u00d6ffnungswinkel der Schrankt\u00fcr, wodurch der Platz im Schrank optimal genutzt werden kann.<\/p>\n\n\n\n<p><strong>Fl\u00e4chendeckendes Design<\/strong>: Die T\u00fcren bedecken den Schrankrahmen vollst\u00e4ndig, um ein sauberes und einheitliches Aussehen zu gew\u00e4hrleisten.<\/p>\n\n\n\n<p><strong>Schiebbarer Einbau<\/strong>: einfache und schnelle Installation, verk\u00fcrzt die Betriebszeit.<\/p>\n\n\n\n<p><strong>Langlebig und zuverl\u00e4ssig<\/strong>: Moderne Schr\u00e4nke, geeignet f\u00fcr den privaten und gewerblichen Gebrauch.<\/p>\n\n\n\n<p><strong>Einrichtung<\/strong>: Einschub, leicht zu bedienen.<\/p>\n\n\n\n<p><strong>Strukturelle Stabilit\u00e4t<\/strong>: fest nach dem Einbau, geeignet f\u00fcr den t\u00e4glichen Gebrauch von Schrankt\u00fcren.<\/p>\n\n\n\n<p><strong>Umfang der Anwendung<\/strong>Hausschr\u00e4nke, Schr\u00e4nke, B\u00fcrom\u00f6bel usw.<\/p>\n<\/div>\n\n\n\n<div class=\"wp-block-column is-layout-flow wp-block-column-is-layout-flow\">\n<figure class=\"wp-block-image size-full\"><img decoding=\"async\" width=\"1200\" height=\"1200\" src=\"https:\/\/www.baoertaihardware.com\/wp-content\/uploads\/2024\/11\/Cabinet-165\u00b0-Slide-On-Hinge-Supplier-1.webp\" alt=\"165\u00b0 Aufschiebescharnier Lieferant (1)\" class=\"wp-image-802\" srcset=\"https:\/\/www.baoertaihardware.com\/wp-content\/uploads\/2024\/11\/Cabinet-165\u00b0-Slide-On-Hinge-Supplier-1.webp 1200w, https:\/\/www.baoertaihardware.com\/wp-content\/uploads\/2024\/11\/Cabinet-165\u00b0-Slide-On-Hinge-Supplier-1-300x300.webp 300w, https:\/\/www.baoertaihardware.com\/wp-content\/uploads\/2024\/11\/Cabinet-165\u00b0-Slide-On-Hinge-Supplier-1-150x150.webp 150w, https:\/\/www.baoertaihardware.com\/wp-content\/uploads\/2024\/11\/Cabinet-165\u00b0-Slide-On-Hinge-Supplier-1-768x768.webp 768w, https:\/\/www.baoertaihardware.com\/wp-content\/uploads\/2024\/11\/Cabinet-165\u00b0-Slide-On-Hinge-Supplier-1-600x600.webp 600w, https:\/\/www.baoertaihardware.com\/wp-content\/uploads\/2024\/11\/Cabinet-165\u00b0-Slide-On-Hinge-Supplier-1-100x100.webp 100w\" sizes=\"(max-width: 1200px) 100vw, 1200px\" \/><\/figure>\n<\/div>\n<\/div>\n\n\n\n<p><\/p>","protected":false},"excerpt":{"rendered":"<p>Das ma\u00dfgefertigte 165\u00b0-Aufschiebescharnier bietet eine breite 165\u00b0-\u00d6ffnung f\u00fcr einen einfachen Schrankzugang. Sein vollfl\u00e4chiges Design sorgt f\u00fcr ein nahtloses Aussehen, und die Aufschiebemontage macht die Einrichtung einfach. Dieses Scharnier ist ideal f\u00fcr ma\u00dfgefertigte Schr\u00e4nke und kombiniert Haltbarkeit, Benutzerfreundlichkeit und einen gr\u00f6\u00dferen \u00d6ffnungswinkel f\u00fcr verbesserte Funktionalit\u00e4t.<\/p>\n<h3>Spezifikationen des 165\u00b0-Schiebescharniers<\/h3>\n<ul>\n<li><strong>Modell Nr.<\/strong>:165A<\/li>\n<li><strong>Material<\/strong>: Eisen<\/li>\n<li><strong>Dicke<\/strong>:15-18mm<\/li>\n<li><strong>Becher-Durchmesser<\/strong>: 35mm<\/li>\n<li><strong>L\u00f6cher Zentren<\/strong>: 48mm<\/li>\n<li><strong>Er\u00f6ffnungsabschluss<\/strong>:165\u00b0<\/li>\n<li><strong>Gewicht<\/strong>:135g\/St\u00fcck<\/li>\n<li><strong>Oberfl\u00e4che<\/strong>: Vernickelt<\/li>\n<li><strong>Anmeldung<\/strong>Home Office, Wohnzimmer, Schlafzimmer, Hotel, Villa, Wohnung<\/li>\n<\/ul>\n<p><strong>Kategorie<\/strong>: <a href=\"https:\/\/www.baoertaihardware.com\/de\/produkt-kategorie\/cabinet-hinges-wholesale\/\">Scharniere f\u00fcr Schr\u00e4nke<\/a><\/p>\n<p><strong>Tags<\/strong>: Aufschiebescharnier, Soft-Close-Scharnier, Spezial-Winkelscharnier<\/p>","protected":false},"featured_media":804,"comment_status":"closed","ping_status":"closed","template":"","meta":{"_acf_changed":false},"product_brand":[],"product_cat":[21],"product_tag":[],"class_list":{"0":"post-799","1":"product","2":"type-product","3":"status-publish","4":"has-post-thumbnail","6":"product_cat-cabinet-hinges-wholesale","8":"first","9":"instock","10":"shipping-taxable","11":"product-type-simple"},"acf":[],"_links":{"self":[{"href":"https:\/\/www.baoertaihardware.com\/de\/wp-json\/wp\/v2\/product\/799","targetHints":{"allow":["GET"]}}],"collection":[{"href":"https:\/\/www.baoertaihardware.com\/de\/wp-json\/wp\/v2\/product"}],"about":[{"href":"https:\/\/www.baoertaihardware.com\/de\/wp-json\/wp\/v2\/types\/product"}],"replies":[{"embeddable":true,"href":"https:\/\/www.baoertaihardware.com\/de\/wp-json\/wp\/v2\/comments?post=799"}],"wp:featuredmedia":[{"embeddable":true,"href":"https:\/\/www.baoertaihardware.com\/de\/wp-json\/wp\/v2\/media\/804"}],"wp:attachment":[{"href":"https:\/\/www.baoertaihardware.com\/de\/wp-json\/wp\/v2\/media?parent=799"}],"wp:term":[{"taxonomy":"product_brand","embeddable":true,"href":"https:\/\/www.baoertaihardware.com\/de\/wp-json\/wp\/v2\/product_brand?post=799"},{"taxonomy":"product_cat","embeddable":true,"href":"https:\/\/www.baoertaihardware.com\/de\/wp-json\/wp\/v2\/product_cat?post=799"},{"taxonomy":"product_tag","embeddable":true,"href":"https:\/\/www.baoertaihardware.com\/de\/wp-json\/wp\/v2\/product_tag?post=799"}],"curies":[{"name":"wp","href":"https:\/\/api.w.org\/{rel}","templated":true}]}}