{"id":616,"date":"2024-10-29T18:13:16","date_gmt":"2024-10-29T18:13:16","guid":{"rendered":"https:\/\/www.baoertaihardware.com\/?post_type=product&#038;p=616"},"modified":"2024-10-29T18:13:17","modified_gmt":"2024-10-29T18:13:17","slug":"undermount-drawer-slides-custom","status":"publish","type":"product","link":"https:\/\/www.baoertaihardware.com\/de\/produkt\/undermount-drawer-slides-custom\/","title":{"rendered":"Custom 3-Fold Soft Close Unterbau-Schubladenf\u00fchrungen mit Riegel"},"content":{"rendered":"<div class=\"wp-block-columns is-layout-flex wp-container-core-columns-is-layout-9d6595d7 wp-block-columns-is-layout-flex\">\n<div class=\"wp-block-column is-layout-flow wp-block-column-is-layout-flow\">\n<h3 class=\"wp-block-heading\">Merkmale und Vorteile von Unterputz-Schubladenf\u00fchrungen<\/h3>\n\n\n\n<ol class=\"wp-block-list\">\n<li><strong>Stabile, feste Konstruktion:<\/strong> Er kann die Gleitschiene durch den Einbau des Bolzens stabilisieren, ist zuverl\u00e4ssig im Gebrauch und eignet sich f\u00fcr schwer belastete Schubladen.<\/li>\n\n\n\n<li><strong>Die ger\u00e4uschlose D\u00e4mpfungstechnik: <\/strong>Dank des einzigartigen Soft-Closing-Designs lassen sich die Schubladen sanft und ger\u00e4uschlos schlie\u00dfen und bieten so mehr Komfort.<\/li>\n\n\n\n<li><strong>Hochwertiges Material:<\/strong> Lange Lebensdauer dank der verschlei\u00dffesten, hochfesten Materialien unserer Gro\u00dfhandelsunterbau-Schubladenf\u00fchrung.<\/li>\n\n\n\n<li><strong>Einstellbare Funktion: <\/strong>Die H\u00f6hen- und Seitenverstellung kann unterst\u00fctzt werden, um eine gute Passform der Schublade zu gew\u00e4hrleisten und die Erfahrung des Benutzers zu verbessern.<\/li>\n\n\n\n<li><strong>Einfache Installation: <\/strong>Ein vern\u00fcnftiges Design erm\u00f6glicht eine einfache Installation. Es werden keine komplizierten Werkzeuge ben\u00f6tigt.<\/li>\n<\/ol>\n<\/div>\n\n\n\n<div class=\"wp-block-column is-layout-flow wp-block-column-is-layout-flow\">\n<figure class=\"wp-block-image size-full\"><img decoding=\"async\" width=\"1200\" height=\"1200\" src=\"https:\/\/www.baoertaihardware.com\/wp-content\/uploads\/2024\/10\/Undermount-Drawer-Slides-Custom-1.webp\" alt=\"Unterbau-Schubladenf\u00fchrungen Custom 1\" class=\"wp-image-629\" srcset=\"https:\/\/www.baoertaihardware.com\/wp-content\/uploads\/2024\/10\/Undermount-Drawer-Slides-Custom-1.webp 1200w, https:\/\/www.baoertaihardware.com\/wp-content\/uploads\/2024\/10\/Undermount-Drawer-Slides-Custom-1-300x300.webp 300w, https:\/\/www.baoertaihardware.com\/wp-content\/uploads\/2024\/10\/Undermount-Drawer-Slides-Custom-1-150x150.webp 150w, https:\/\/www.baoertaihardware.com\/wp-content\/uploads\/2024\/10\/Undermount-Drawer-Slides-Custom-1-768x768.webp 768w, https:\/\/www.baoertaihardware.com\/wp-content\/uploads\/2024\/10\/Undermount-Drawer-Slides-Custom-1-600x600.webp 600w, https:\/\/www.baoertaihardware.com\/wp-content\/uploads\/2024\/10\/Undermount-Drawer-Slides-Custom-1-100x100.webp 100w\" sizes=\"(max-width: 1200px) 100vw, 1200px\" \/><\/figure>\n<\/div>\n<\/div>\n\n\n\n<p><\/p>","protected":false},"excerpt":{"rendered":"<p>Die 3-fach Soft-Close-Unterbau-Schubladenf\u00fchrungen mit Riegel sind eine perfekte Kombination aus Stabilit\u00e4t und Funktionalit\u00e4t.  Die Bolzenbefestigung dieser F\u00fchrung sorgt f\u00fcr Stabilit\u00e4t, da sie sehr robust ist und daher viel Druck aushalten kann. Hochwertige Materialien sorgen f\u00fcr Langlebigkeit. F\u00fcr Ihren individuellen Bedarf k\u00f6nnen Sie uns gerne kontaktieren.<\/p>\n<h3>Spezifikationen von Unterputz-Schubladenf\u00fchrungen<\/h3>\n<ul>\n<li>Modell-Nr.:D808<\/li>\n<li>Material: kaltgewalzter Stahl<\/li>\n<li>Thickness:1.8*1.5*1.0mm<\/li>\n<li>L\u00e4nge:250-600mm<\/li>\n<li>Oberfl\u00e4chenbehandlung: galvanisch verzinkt\u00a0<\/li>\n<li>Tragf\u00e4higkeit:35kg<\/li>\n<li>Anwendung: Home Office, Wohnzimmer, Schlafzimmer, Hotel, Villa, Wohnung<\/li>\n<\/ul>\n<p><strong>Kategorie<\/strong>: <a href=\"https:\/\/www.baoertaihardware.com\/de\/produkt-kategorie\/undermount-drawer-slides\/\">Unterputz-Schubladenf\u00fchrungen<\/a><\/p>\n<p><strong>Tags<\/strong>: Verdeckte F\u00fchrungen, Soft-Close-Schubladenf\u00fchrungen, eingelassene F\u00fchrungen<\/p>","protected":false},"featured_media":630,"comment_status":"closed","ping_status":"closed","template":"","meta":{"_acf_changed":false},"product_brand":[],"product_cat":[20],"product_tag":[],"class_list":{"0":"post-616","1":"product","2":"type-product","3":"status-publish","4":"has-post-thumbnail","6":"product_cat-undermount-drawer-slides-wholesale","8":"first","9":"instock","10":"shipping-taxable","11":"product-type-simple"},"acf":[],"_links":{"self":[{"href":"https:\/\/www.baoertaihardware.com\/de\/wp-json\/wp\/v2\/product\/616","targetHints":{"allow":["GET"]}}],"collection":[{"href":"https:\/\/www.baoertaihardware.com\/de\/wp-json\/wp\/v2\/product"}],"about":[{"href":"https:\/\/www.baoertaihardware.com\/de\/wp-json\/wp\/v2\/types\/product"}],"replies":[{"embeddable":true,"href":"https:\/\/www.baoertaihardware.com\/de\/wp-json\/wp\/v2\/comments?post=616"}],"wp:featuredmedia":[{"embeddable":true,"href":"https:\/\/www.baoertaihardware.com\/de\/wp-json\/wp\/v2\/media\/630"}],"wp:attachment":[{"href":"https:\/\/www.baoertaihardware.com\/de\/wp-json\/wp\/v2\/media?parent=616"}],"wp:term":[{"taxonomy":"product_brand","embeddable":true,"href":"https:\/\/www.baoertaihardware.com\/de\/wp-json\/wp\/v2\/product_brand?post=616"},{"taxonomy":"product_cat","embeddable":true,"href":"https:\/\/www.baoertaihardware.com\/de\/wp-json\/wp\/v2\/product_cat?post=616"},{"taxonomy":"product_tag","embeddable":true,"href":"https:\/\/www.baoertaihardware.com\/de\/wp-json\/wp\/v2\/product_tag?post=616"}],"curies":[{"name":"wp","href":"https:\/\/api.w.org\/{rel}","templated":true}]}}