{"id":605,"date":"2024-10-30T14:15:03","date_gmt":"2024-10-30T14:15:03","guid":{"rendered":"https:\/\/www.baoertaihardware.com\/?post_type=product&#038;p=605"},"modified":"2025-05-27T03:53:44","modified_gmt":"2025-05-27T03:53:44","slug":"custom-ball-bearing-slide","status":"publish","type":"product","link":"https:\/\/www.baoertaihardware.com\/de\/produkt\/custom-ball-bearing-slide\/","title":{"rendered":"45mm kugelgelagertes Gleitst\u00fcck Lieferant Vollauszug dreifach gefaltetes Feder-Schubladen-Gleitst\u00fcck"},"content":{"rendered":"<div class=\"wp-block-columns is-layout-flex wp-container-core-columns-is-layout-9d6595d7 wp-block-columns-is-layout-flex\">\n<div class=\"wp-block-column is-layout-flow wp-block-column-is-layout-flow\">\n<h3 class=\"wp-block-heading\">Merkmale und Vorteile von kugelgelagerten Schlitten<\/h3>\n\n\n\n<ol class=\"wp-block-list\">\n<li><strong>Dreifach gefaltetes Design:<\/strong> Dank des Vollauszugs l\u00e4sst sich die Schublade vollst\u00e4ndig ausziehen, so dass der Platz f\u00fcr leicht zug\u00e4ngliche Gegenst\u00e4nde optimal genutzt wird.<\/li>\n\n\n\n<li><strong>Kugelgelagerter Mechanismus:<\/strong> Hochwertige Kugellager sorgen f\u00fcr einen reibungslosen Betrieb, Laufruhe und Langlebigkeit.<\/li>\n\n\n\n<li><strong>Soft-Close-Option: <\/strong>Das weiche Schlie\u00dfen verhindert St\u00f6\u00dfe und Ger\u00e4usche und erh\u00f6ht den Komfort f\u00fcr den Benutzer.\u00a0<\/li>\n\n\n\n<li><strong>Hochwertiges Material: <\/strong>Er ist aus stabilem Stahl und anderen hochwertigen Materialien gefertigt, die f\u00fcr eine lange Lebensdauer erforderlich sind.<\/li>\n\n\n\n<li><strong>Diversifizierung: <\/strong>f\u00fcr verschiedene M\u00f6belindustrien - K\u00fcchenschr\u00e4nke, Kleiderschr\u00e4nke und B\u00fcrom\u00f6bel.<\/li>\n<\/ol>\n<\/div>\n\n\n\n<div class=\"wp-block-column is-layout-flow wp-block-column-is-layout-flow\">\n<figure class=\"wp-block-image size-full\"><img decoding=\"async\" width=\"1200\" height=\"1200\" src=\"https:\/\/www.baoertaihardware.com\/wp-content\/uploads\/2024\/10\/ball-bearing-slide-manufacturers-1.webp\" alt=\"Kugellager-Schlitten-Hersteller (1)\" class=\"wp-image-622\" srcset=\"https:\/\/www.baoertaihardware.com\/wp-content\/uploads\/2024\/10\/ball-bearing-slide-manufacturers-1.webp 1200w, https:\/\/www.baoertaihardware.com\/wp-content\/uploads\/2024\/10\/ball-bearing-slide-manufacturers-1-300x300.webp 300w, https:\/\/www.baoertaihardware.com\/wp-content\/uploads\/2024\/10\/ball-bearing-slide-manufacturers-1-150x150.webp 150w, https:\/\/www.baoertaihardware.com\/wp-content\/uploads\/2024\/10\/ball-bearing-slide-manufacturers-1-768x768.webp 768w, https:\/\/www.baoertaihardware.com\/wp-content\/uploads\/2024\/10\/ball-bearing-slide-manufacturers-1-600x600.webp 600w, https:\/\/www.baoertaihardware.com\/wp-content\/uploads\/2024\/10\/ball-bearing-slide-manufacturers-1-100x100.webp 100w\" sizes=\"(max-width: 1200px) 100vw, 1200px\" \/><\/figure>\n<\/div>\n<\/div>","protected":false},"excerpt":{"rendered":"<p>Unser Hersteller von kugelgelagerten Auszugsschienen hat sich auf die Produktion von hochwertigen 45-mm-Auszugsschienen spezialisiert, die ein reibungsloses und zuverl\u00e4ssiges \u00d6ffnen und Schlie\u00dfen f\u00fcr verschiedene M\u00f6belanwendungen erm\u00f6glichen. Unsere Auszugsschienen sind sowohl f\u00fcr den privaten als auch f\u00fcr den gewerblichen Gebrauch geeignet. F\u00fcr Sonderanfertigungen und Gro\u00dfbestellungen k\u00f6nnen Sie uns gerne kontaktieren.<\/p>\n<h3>Spezifikationen f\u00fcr kugelgelagerte Schlitten<\/h3>\n<ul>\n<li>Modell-Nr.:4515SH<\/li>\n<li>Material: kaltgewalzter Stahl<\/li>\n<li>Dicke:1.1\u00d71.1\u00d71.4mm<\/li>\n<li>H\u00f6he:45mm<\/li>\n<li>L\u00e4nge:10 Zoll-24 Zoll<\/li>\n<li>Oberfl\u00e4chenbehandlung: Regenbogenplattierung\/schwarz<\/li>\n<li>Anzahl der Perlen:4 \/5\/6 Perlen<\/li>\n<li>Gewicht:70g\/Zoll<\/li>\n<li>Anwendung: Home Office, Wohnzimmer, Schlafzimmer, Hotel, Villa, Wohnung<\/li>\n<\/ul>\n<p><strong>Kategorie<\/strong>: <a href=\"https:\/\/www.baoertaihardware.com\/de\/produkt-kategorie\/drawer-slides\/\">Schubladenf\u00fchrungen<\/a><\/p>\n<p><strong>Tags<\/strong>: Soft-Close-Schienen, seitlich montierte Schienen, Schiebeschubladen<\/p>","protected":false},"featured_media":623,"comment_status":"closed","ping_status":"closed","template":"","meta":{"_acf_changed":false},"product_brand":[],"product_cat":[19,33],"product_tag":[],"class_list":{"0":"post-605","1":"product","2":"type-product","3":"status-publish","4":"has-post-thumbnail","6":"product_cat-wholesale-drawer-slides","7":"product_cat-ball-bearing-drawer-slides","9":"first","10":"instock","11":"shipping-taxable","12":"product-type-simple"},"acf":[],"_links":{"self":[{"href":"https:\/\/www.baoertaihardware.com\/de\/wp-json\/wp\/v2\/product\/605","targetHints":{"allow":["GET"]}}],"collection":[{"href":"https:\/\/www.baoertaihardware.com\/de\/wp-json\/wp\/v2\/product"}],"about":[{"href":"https:\/\/www.baoertaihardware.com\/de\/wp-json\/wp\/v2\/types\/product"}],"replies":[{"embeddable":true,"href":"https:\/\/www.baoertaihardware.com\/de\/wp-json\/wp\/v2\/comments?post=605"}],"wp:featuredmedia":[{"embeddable":true,"href":"https:\/\/www.baoertaihardware.com\/de\/wp-json\/wp\/v2\/media\/623"}],"wp:attachment":[{"href":"https:\/\/www.baoertaihardware.com\/de\/wp-json\/wp\/v2\/media?parent=605"}],"wp:term":[{"taxonomy":"product_brand","embeddable":true,"href":"https:\/\/www.baoertaihardware.com\/de\/wp-json\/wp\/v2\/product_brand?post=605"},{"taxonomy":"product_cat","embeddable":true,"href":"https:\/\/www.baoertaihardware.com\/de\/wp-json\/wp\/v2\/product_cat?post=605"},{"taxonomy":"product_tag","embeddable":true,"href":"https:\/\/www.baoertaihardware.com\/de\/wp-json\/wp\/v2\/product_tag?post=605"}],"curies":[{"name":"wp","href":"https:\/\/api.w.org\/{rel}","templated":true}]}}