{"id":596,"date":"2024-10-29T18:21:54","date_gmt":"2024-10-29T18:21:54","guid":{"rendered":"https:\/\/www.baoertaihardware.com\/?post_type=product&#038;p=596"},"modified":"2024-10-29T18:21:55","modified_gmt":"2024-10-29T18:21:55","slug":"undermount-soft-close-drawer-slides","status":"publish","type":"product","link":"https:\/\/www.baoertaihardware.com\/de\/produkt\/undermount-soft-close-drawer-slides\/","title":{"rendered":"3-Fach Unterbau-Schubladenf\u00fchrungen mit Griff Gro\u00dfh\u00e4ndler"},"content":{"rendered":"<div class=\"wp-block-columns is-layout-flex wp-container-core-columns-is-layout-9d6595d7 wp-block-columns-is-layout-flex\">\n<div class=\"wp-block-column is-layout-flow wp-block-column-is-layout-flow\">\n<h3 class=\"wp-block-heading\">Merkmale und Vorteile von Unterputz-Schubladenf\u00fchrungen mit Soft-Close-Funktion<\/h3>\n\n\n\n<ol class=\"wp-block-list\">\n<li><strong>Breite Anwendung: <\/strong>Es kann in gro\u00dfem Umfang f\u00fcr K\u00fcchen, Schr\u00e4nke, B\u00fcrom\u00f6bel und vieles mehr verwendet werden, um verschiedene Bed\u00fcrfnisse von M\u00f6beltypen zu erf\u00fcllen.<\/li>\n\n\n\n<li><strong>Einfache Installation in kurzer Zeit: <\/strong>Das intuitive Design erm\u00f6glicht eine einfache und schnelle Installation, f\u00fcr die keine komplexen Werkzeuge erforderlich sind; dadurch k\u00f6nnen Zeit und Arbeitskosten gespart werden.<\/li>\n\n\n\n<li><strong>Hochwertiges und langlebiges Material:<\/strong> Er besteht aus hochfestem Material mit hoher Verschlei\u00dffestigkeit und starker Belastbarkeit und ist daher f\u00fcr den langfristigen Einsatz geeignet.<\/li>\n\n\n\n<li><strong>Sanftes leises Schlie\u00dfen:<\/strong> Dieses Produkt bietet einen sanften, leisen Abschluss, um St\u00f6rungen durch L\u00e4rm zu vermeiden und ein besseres Erlebnis f\u00fcr die Benutzer zu schaffen.<\/li>\n\n\n\n<li><strong>Design des Griffs:<\/strong> Der Griff ist in die Gleitschiene integriert, so dass er leicht zu \u00f6ffnen ist und seine Schlichtheit und Sch\u00f6nheit bewahrt.<\/li>\n<\/ol>\n<\/div>\n\n\n\n<div class=\"wp-block-column is-layout-flow wp-block-column-is-layout-flow\">\n<figure class=\"wp-block-image size-full\"><img decoding=\"async\" width=\"1200\" height=\"1200\" src=\"https:\/\/www.baoertaihardware.com\/wp-content\/uploads\/2024\/10\/Undermount-Soft-Close-Drawer-Slides-Wholesale-1.webp\" alt=\"Unterputz-Soft-Close-Schubladenf\u00fchrungen Gro\u00dfhandel 1\" class=\"wp-image-610\" srcset=\"https:\/\/www.baoertaihardware.com\/wp-content\/uploads\/2024\/10\/Undermount-Soft-Close-Drawer-Slides-Wholesale-1.webp 1200w, https:\/\/www.baoertaihardware.com\/wp-content\/uploads\/2024\/10\/Undermount-Soft-Close-Drawer-Slides-Wholesale-1-300x300.webp 300w, https:\/\/www.baoertaihardware.com\/wp-content\/uploads\/2024\/10\/Undermount-Soft-Close-Drawer-Slides-Wholesale-1-150x150.webp 150w, https:\/\/www.baoertaihardware.com\/wp-content\/uploads\/2024\/10\/Undermount-Soft-Close-Drawer-Slides-Wholesale-1-768x768.webp 768w, https:\/\/www.baoertaihardware.com\/wp-content\/uploads\/2024\/10\/Undermount-Soft-Close-Drawer-Slides-Wholesale-1-600x600.webp 600w, https:\/\/www.baoertaihardware.com\/wp-content\/uploads\/2024\/10\/Undermount-Soft-Close-Drawer-Slides-Wholesale-1-100x100.webp 100w\" sizes=\"(max-width: 1200px) 100vw, 1200px\" \/><\/figure>\n<\/div>\n<\/div>\n\n\n\n<p><\/p>","protected":false},"excerpt":{"rendered":"<p>Die 3-fach untergebauten Soft-Close-Schubladenf\u00fchrungen mit Griff vereinen innovatives Design und praktische Funktionen perfekt. Das integrierte Griffdesign erleichtert das \u00d6ffnen und sorgt gleichzeitig f\u00fcr ein gepflegtes Erscheinungsbild. Die ger\u00e4uschlose Soft-Close-Technologie und die hochwertigen Materialien sorgen f\u00fcr Langlebigkeit und Komfort. Anfragen sind willkommen!<\/p>\n<h3>Spezifikationen f\u00fcr Unterputz-Schubladenf\u00fchrungen mit Soft-Close-Funktion<\/h3>\n<ul>\n<li>Modell-Nr.:D806<\/li>\n<li>Material: kaltgewalzter Stahl<\/li>\n<li>Thickness:1.8*1.5*1.0mm<\/li>\n<li>L\u00e4nge:250-600mm<\/li>\n<li>Oberfl\u00e4chenbehandlung: galvanisch verzinkt\u00a0<\/li>\n<li>Tragf\u00e4higkeit:35kg<\/li>\n<li>Anwendung: Home Office, Wohnzimmer, Schlafzimmer, Hotel, Villa, Wohnung<\/li>\n<\/ul>\n<p><strong>Kategorie<\/strong>: <span style=\"color: #1b2f61;\"><a style=\"color: #1b2f61;\" href=\"https:\/\/www.baoertaihardware.com\/de\/produkt-kategorie\/undermount-drawer-slides\/\">Unterputz-Schubladenf\u00fchrungen<\/a><\/span><\/p>\n<p><strong>Tags<\/strong>: Verdeckte Schienen, sanft schlie\u00dfende Schienen, eingelassene Schienen<\/p>","protected":false},"featured_media":611,"comment_status":"closed","ping_status":"closed","template":"","meta":{"_acf_changed":false},"product_brand":[],"product_cat":[20],"product_tag":[],"class_list":{"0":"post-596","1":"product","2":"type-product","3":"status-publish","4":"has-post-thumbnail","6":"product_cat-undermount-drawer-slides-wholesale","8":"first","9":"instock","10":"shipping-taxable","11":"product-type-simple"},"acf":[],"_links":{"self":[{"href":"https:\/\/www.baoertaihardware.com\/de\/wp-json\/wp\/v2\/product\/596","targetHints":{"allow":["GET"]}}],"collection":[{"href":"https:\/\/www.baoertaihardware.com\/de\/wp-json\/wp\/v2\/product"}],"about":[{"href":"https:\/\/www.baoertaihardware.com\/de\/wp-json\/wp\/v2\/types\/product"}],"replies":[{"embeddable":true,"href":"https:\/\/www.baoertaihardware.com\/de\/wp-json\/wp\/v2\/comments?post=596"}],"wp:featuredmedia":[{"embeddable":true,"href":"https:\/\/www.baoertaihardware.com\/de\/wp-json\/wp\/v2\/media\/611"}],"wp:attachment":[{"href":"https:\/\/www.baoertaihardware.com\/de\/wp-json\/wp\/v2\/media?parent=596"}],"wp:term":[{"taxonomy":"product_brand","embeddable":true,"href":"https:\/\/www.baoertaihardware.com\/de\/wp-json\/wp\/v2\/product_brand?post=596"},{"taxonomy":"product_cat","embeddable":true,"href":"https:\/\/www.baoertaihardware.com\/de\/wp-json\/wp\/v2\/product_cat?post=596"},{"taxonomy":"product_tag","embeddable":true,"href":"https:\/\/www.baoertaihardware.com\/de\/wp-json\/wp\/v2\/product_tag?post=596"}],"curies":[{"name":"wp","href":"https:\/\/api.w.org\/{rel}","templated":true}]}}