{"id":578,"date":"2024-10-31T03:31:01","date_gmt":"2024-10-31T03:31:01","guid":{"rendered":"https:\/\/www.baoertaihardware.com\/?post_type=product&#038;p=578"},"modified":"2025-02-22T07:10:27","modified_gmt":"2025-02-22T07:10:27","slug":"undermount-drawer-slides-supplier","status":"publish","type":"product","link":"https:\/\/www.baoertaihardware.com\/de\/produkt\/undermount-drawer-slides-supplier\/","title":{"rendered":"3-fach Unterbau-Schubkastenf\u00fchrungen mit Soft Close und Push to Open Lieferant"},"content":{"rendered":"<div class=\"wp-block-columns is-layout-flex wp-container-core-columns-is-layout-9d6595d7 wp-block-columns-is-layout-flex\">\n<div class=\"wp-block-column is-layout-flow wp-block-column-is-layout-flow\">\n<h3 class=\"wp-block-heading\">Merkmale und Vorteile von Unterputz-Schubladenf\u00fchrungen<\/h3>\n\n\n\n<ol class=\"wp-block-list\">\n<li><strong>Verstecktes Design<\/strong>: Das spezielle Design der Bodenbefestigung erm\u00f6glicht es, die Schublade sauber zu halten und die Gesamt\u00e4sthetik zu verbessern.<\/li>\n\n\n\n<li><strong>Leise und sanft schlie\u00dfen<\/strong>: Die Soft-Close-Schubladenf\u00fchrung verf\u00fcgt \u00fcber eine fortschrittliche Soft-Close-Technologie, die ein leises und sanftes Schlie\u00dfen gew\u00e4hrleistet und Ger\u00e4usche eliminiert.<\/li>\n\n\n\n<li><strong>Robust und langlebig<\/strong>: Gro\u00dfhandel Unterbau-Schubladenf\u00fchrungen sind aus hochwertigen Materialien, verschlei\u00dffest und druckfest, um eine langfristige Nutzung ohne Sch\u00e4den zu gew\u00e4hrleisten.<\/li>\n\n\n\n<li><strong>Einfache Installation<\/strong>: Einfache Installation, intuitive Schritte, ohne komplizierte Werkzeuge, spart Zeit und reduziert die Arbeitskosten.<\/li>\n\n\n\n<li><strong>Weit verbreitet<\/strong>: Gro\u00dfhandel Unterputz-Schubladenf\u00fchrungen sind geeignet f\u00fcr K\u00fcche, Schrank, B\u00fcrom\u00f6bel und so weiter, um die diversifizierte Marktnachfrage zu erf\u00fcllen.<\/li>\n\n\n\n<li><strong>Kostenlose Probe<\/strong>: Soft Close Schubladenf\u00fchrung Anbieter bieten kostenlose Proben f\u00fcr Kunden zu vergleichen und die Qualit\u00e4t zu \u00fcberpr\u00fcfen.<\/li>\n<\/ol>\n<\/div>\n\n\n\n<div class=\"wp-block-column is-layout-flow wp-block-column-is-layout-flow\">\n<figure class=\"wp-block-image size-full\"><img decoding=\"async\" width=\"1200\" height=\"1200\" src=\"https:\/\/www.baoertaihardware.com\/wp-content\/uploads\/2024\/10\/Undermount-Soft-Close-Drawer-Slides-Supplier-1.webp\" alt=\"Unterputz-Schubladenf\u00fchrungen mit Soft-Close-Funktion Lieferant 1\" class=\"wp-image-590\" srcset=\"https:\/\/www.baoertaihardware.com\/wp-content\/uploads\/2024\/10\/Undermount-Soft-Close-Drawer-Slides-Supplier-1.webp 1200w, https:\/\/www.baoertaihardware.com\/wp-content\/uploads\/2024\/10\/Undermount-Soft-Close-Drawer-Slides-Supplier-1-300x300.webp 300w, https:\/\/www.baoertaihardware.com\/wp-content\/uploads\/2024\/10\/Undermount-Soft-Close-Drawer-Slides-Supplier-1-150x150.webp 150w, https:\/\/www.baoertaihardware.com\/wp-content\/uploads\/2024\/10\/Undermount-Soft-Close-Drawer-Slides-Supplier-1-768x768.webp 768w, https:\/\/www.baoertaihardware.com\/wp-content\/uploads\/2024\/10\/Undermount-Soft-Close-Drawer-Slides-Supplier-1-600x600.webp 600w, https:\/\/www.baoertaihardware.com\/wp-content\/uploads\/2024\/10\/Undermount-Soft-Close-Drawer-Slides-Supplier-1-100x100.webp 100w\" sizes=\"(max-width: 1200px) 100vw, 1200px\" \/><\/figure>\n<\/div>\n<\/div>\n\n\n\n<h2 class=\"wp-block-heading\">Vertrauensw\u00fcrdiger Gro\u00dfhandel Unterbau-Schubladenf\u00fchrungen Lieferant<\/h2>\n\n\n\n<p>Schauen Sie sich das ausf\u00fchrliche Video zur Produktdemonstration an, damit Sie unsere Auszugsschienenprodukte und deren Installation und Verwendung besser verstehen. Klicken Sie auf den unten stehenden Link, um das Video anzusehen und weitere Tipps und Installationshinweise zu erhalten.<\/p>\n\n\n\n<div class=\"wp-block-columns is-layout-flex wp-container-core-columns-is-layout-9d6595d7 wp-block-columns-is-layout-flex\">\n<div class=\"wp-block-column is-layout-flow wp-block-column-is-layout-flow\">\n<figure class=\"wp-block-embed is-type-video is-provider-youtube wp-block-embed-youtube wp-embed-aspect-16-9 wp-has-aspect-ratio\"><div class=\"wp-block-embed__wrapper\">\n<iframe title=\"D706 3-fach Unterputzschieber mit Push-open und Soft-closing\" width=\"500\" height=\"281\" src=\"https:\/\/www.youtube.com\/embed\/sw3-XXTwg28?feature=oembed\" frameborder=\"0\" allow=\"accelerometer; autoplay; clipboard-write; encrypted-media; gyroscope; picture-in-picture; web-share\" referrerpolicy=\"strict-origin-when-cross-origin\" allowfullscreen><\/iframe>\n<\/div><\/figure>\n\n\n\n<h3 class=\"wp-block-heading\"><\/h3>\n<\/div>\n<\/div>\n\n\n\n<p><\/p>","protected":false},"excerpt":{"rendered":"<p>Unsere 3-fach untergebauten Schubladenf\u00fchrungen mit Soft-Close und Push-Open kombinieren unsichtbares Design mit ger\u00e4uschloser Soft-Close-Technologie, um sowohl Sch\u00f6nheit als auch Praktikabilit\u00e4t zu gew\u00e4hrleisten. Langlebige Materialien und einfache Installation, erf\u00fcllen eine Vielzahl von M\u00f6beln Bed\u00fcrfnisse. Entscheiden Sie sich f\u00fcr unsere Schienen und genie\u00dfen Sie ein exzellentes Wohngef\u00fchl. Kontaktieren Sie uns f\u00fcr kostenlose Muster und Angebote.<\/p>\n<h3>Spezifikationen von Unterputz-Schubladenf\u00fchrungen<\/h3>\n<ul>\n<li>Modell-Nr.:D706<\/li>\n<li>Material: kaltgewalzter Stahl<\/li>\n<li>Thickness:1.8*1.5*1.0mm<\/li>\n<li>L\u00e4nge:250-600mm<\/li>\n<li>Oberfl\u00e4chenbehandlung: galvanisch verzinkt\u00a0<\/li>\n<li>Tragf\u00e4higkeit:35kg<\/li>\n<li>Anwendung: Home Office, Wohnzimmer, Schlafzimmer, Hotel, Villa, Wohnung<\/li>\n<\/ul>\n<p><strong>Kategorie<\/strong>: <a href=\"https:\/\/www.baoertaihardware.com\/de\/produkt-kategorie\/undermount-drawer-slides\/\">Unterputz-Schubladenf\u00fchrungen<\/a><\/p>\n<p><strong>Tags<\/strong>: Verdeckte Schienen, Soft-Close-Schienen, Push-to-Open-Schienen<\/p>","protected":false},"featured_media":591,"comment_status":"closed","ping_status":"closed","template":"","meta":{"_acf_changed":false},"product_brand":[],"product_cat":[20],"product_tag":[],"class_list":{"0":"post-578","1":"product","2":"type-product","3":"status-publish","4":"has-post-thumbnail","6":"product_cat-undermount-drawer-slides-wholesale","8":"first","9":"instock","10":"shipping-taxable","11":"product-type-simple"},"acf":[],"_links":{"self":[{"href":"https:\/\/www.baoertaihardware.com\/de\/wp-json\/wp\/v2\/product\/578","targetHints":{"allow":["GET"]}}],"collection":[{"href":"https:\/\/www.baoertaihardware.com\/de\/wp-json\/wp\/v2\/product"}],"about":[{"href":"https:\/\/www.baoertaihardware.com\/de\/wp-json\/wp\/v2\/types\/product"}],"replies":[{"embeddable":true,"href":"https:\/\/www.baoertaihardware.com\/de\/wp-json\/wp\/v2\/comments?post=578"}],"wp:featuredmedia":[{"embeddable":true,"href":"https:\/\/www.baoertaihardware.com\/de\/wp-json\/wp\/v2\/media\/591"}],"wp:attachment":[{"href":"https:\/\/www.baoertaihardware.com\/de\/wp-json\/wp\/v2\/media?parent=578"}],"wp:term":[{"taxonomy":"product_brand","embeddable":true,"href":"https:\/\/www.baoertaihardware.com\/de\/wp-json\/wp\/v2\/product_brand?post=578"},{"taxonomy":"product_cat","embeddable":true,"href":"https:\/\/www.baoertaihardware.com\/de\/wp-json\/wp\/v2\/product_cat?post=578"},{"taxonomy":"product_tag","embeddable":true,"href":"https:\/\/www.baoertaihardware.com\/de\/wp-json\/wp\/v2\/product_tag?post=578"}],"curies":[{"name":"wp","href":"https:\/\/api.w.org\/{rel}","templated":true}]}}