{"id":554,"date":"2024-10-30T16:08:19","date_gmt":"2024-10-30T16:08:19","guid":{"rendered":"https:\/\/www.baoertaihardware.com\/?post_type=product&#038;p=554"},"modified":"2025-05-27T03:53:15","modified_gmt":"2025-05-27T03:53:15","slug":"custom-soft-close-drawer-slides","status":"publish","type":"product","link":"https:\/\/www.baoertaihardware.com\/de\/produkt\/custom-soft-close-drawer-slides\/","title":{"rendered":"45mm Soft Close Schubladenf\u00fchrungen 3 Fold Single Spring Slide Hersteller"},"content":{"rendered":"<div class=\"wp-block-columns is-layout-flex wp-container-core-columns-is-layout-9d6595d7 wp-block-columns-is-layout-flex\">\n<div class=\"wp-block-column is-layout-flow wp-block-column-is-layout-flow\">\n<h3 class=\"wp-block-heading\">Merkmale und Vorteile von Soft-Close-Schubladenf\u00fchrungen <\/h3>\n\n\n\n<ol class=\"wp-block-list\">\n<li><strong>Soft-Close-Design: <\/strong>Die Soft-Close-Funktion sorgt daf\u00fcr, dass sich die Schublade langsam und leise schlie\u00dft, ohne dass es zu einem Aufprall kommt, dessen Ger\u00e4usch das Erlebnis beeintr\u00e4chtigen w\u00fcrde.<\/li>\n\n\n\n<li><strong>Starke Best\u00e4ndigkeit:<\/strong> Das verwendete hochwertige Material garantiert, dass die Rutsche lange Zeit stabil und haltbar bleibt.<\/li>\n\n\n\n<li><strong>Einzelner Federmechanismus: <\/strong>Der Ein-Feder-Mechanismus bietet Zuverl\u00e4ssigkeit f\u00fcr den Soft-Close-Effekt und gl\u00e4ttet den Schieber zus\u00e4tzlich.<\/li>\n\n\n\n<li><strong>Platzoptimiert: <\/strong>Das dreifach faltbare Design erm\u00f6glicht gr\u00f6\u00dfere Schubladenausz\u00fcge und damit die volle Nutzung des Stauraums.<\/li>\n\n\n\n<li><strong>Einfach zu installieren:<\/strong> Die Struktur ist einfach und daher leicht zu installieren. Es kann sowohl zu Hause als auch beruflich leicht verwendet werden.<\/li>\n<\/ol>\n<\/div>\n\n\n\n<div class=\"wp-block-column is-layout-flow wp-block-column-is-layout-flow\">\n<figure class=\"wp-block-image size-full\"><img decoding=\"async\" width=\"1200\" height=\"1200\" src=\"https:\/\/www.baoertaihardware.com\/wp-content\/uploads\/2024\/10\/custom-drawer-slides-soft-close-1.webp\" alt=\"custom-drawer-slides-soft-close (1)\" class=\"wp-image-570\" srcset=\"https:\/\/www.baoertaihardware.com\/wp-content\/uploads\/2024\/10\/custom-drawer-slides-soft-close-1.webp 1200w, https:\/\/www.baoertaihardware.com\/wp-content\/uploads\/2024\/10\/custom-drawer-slides-soft-close-1-300x300.webp 300w, https:\/\/www.baoertaihardware.com\/wp-content\/uploads\/2024\/10\/custom-drawer-slides-soft-close-1-150x150.webp 150w, https:\/\/www.baoertaihardware.com\/wp-content\/uploads\/2024\/10\/custom-drawer-slides-soft-close-1-768x768.webp 768w, https:\/\/www.baoertaihardware.com\/wp-content\/uploads\/2024\/10\/custom-drawer-slides-soft-close-1-600x600.webp 600w, https:\/\/www.baoertaihardware.com\/wp-content\/uploads\/2024\/10\/custom-drawer-slides-soft-close-1-100x100.webp 100w\" sizes=\"(max-width: 1200px) 100vw, 1200px\" \/><\/figure>\n<\/div>\n<\/div>","protected":false},"excerpt":{"rendered":"<p>Unsere dreifach verstellbaren Soft-Close-Schubladenf\u00fchrungen sind so konzipiert, dass sie eine hochwertige Erfahrung bieten. Geeignet f\u00fcr alle Arten von M\u00f6beln, einschlie\u00dflich K\u00fcchen, Schr\u00e4nke und B\u00fcror\u00e4ume. Einfach zu installieren, k\u00f6nnen Benutzer es leicht zu beenden, spart Zeit und Arbeit. Geeignet f\u00fcr Gro\u00dfhandel Anpassung, willkommen, uns zu kontaktieren.<\/p>\n<h3>Spezifikationen f\u00fcr Schubladenf\u00fchrungen Soft Closes<\/h3>\n<ul>\n<li>Modell-Nr.:4515D<\/li>\n<li>Material: kaltgewalzter Stahl<\/li>\n<li>Dicke:1.1\u00d71.1\u00d71.4mm<\/li>\n<li>H\u00f6he:45mm<\/li>\n<li>L\u00e4nge:10 Zoll-24 Zoll<\/li>\n<li>Oberfl\u00e4chenbehandlung: Regenbogenplattierung\/schwarz<\/li>\n<li>Anzahl der Perlen:2 \/3 Perlen<\/li>\n<li>Gewicht:70g\/Zoll<\/li>\n<li>Anwendung: Home Office, Wohnzimmer, Schlafzimmer, Hotel, Villa, Wohnung<\/li>\n<\/ul>\n<p><strong>Kategorie<\/strong>: <a href=\"https:\/\/www.baoertaihardware.com\/de\/produkt-kategorie\/drawer-slides\/\">Schubladenf\u00fchrungen<\/a><\/p>\n<p><strong>Tags<\/strong>: Soft-Close-Schienen, seitlich montierte Schienen, Schiebeschubladen<\/p>","protected":false},"featured_media":571,"comment_status":"closed","ping_status":"closed","template":"","meta":{"_acf_changed":false},"product_brand":[],"product_cat":[19,34],"product_tag":[],"class_list":{"0":"post-554","1":"product","2":"type-product","3":"status-publish","4":"has-post-thumbnail","6":"product_cat-wholesale-drawer-slides","7":"product_cat-soft-close-drawer-slides","9":"first","10":"instock","11":"shipping-taxable","12":"product-type-simple"},"acf":[],"_links":{"self":[{"href":"https:\/\/www.baoertaihardware.com\/de\/wp-json\/wp\/v2\/product\/554","targetHints":{"allow":["GET"]}}],"collection":[{"href":"https:\/\/www.baoertaihardware.com\/de\/wp-json\/wp\/v2\/product"}],"about":[{"href":"https:\/\/www.baoertaihardware.com\/de\/wp-json\/wp\/v2\/types\/product"}],"replies":[{"embeddable":true,"href":"https:\/\/www.baoertaihardware.com\/de\/wp-json\/wp\/v2\/comments?post=554"}],"wp:featuredmedia":[{"embeddable":true,"href":"https:\/\/www.baoertaihardware.com\/de\/wp-json\/wp\/v2\/media\/571"}],"wp:attachment":[{"href":"https:\/\/www.baoertaihardware.com\/de\/wp-json\/wp\/v2\/media?parent=554"}],"wp:term":[{"taxonomy":"product_brand","embeddable":true,"href":"https:\/\/www.baoertaihardware.com\/de\/wp-json\/wp\/v2\/product_brand?post=554"},{"taxonomy":"product_cat","embeddable":true,"href":"https:\/\/www.baoertaihardware.com\/de\/wp-json\/wp\/v2\/product_cat?post=554"},{"taxonomy":"product_tag","embeddable":true,"href":"https:\/\/www.baoertaihardware.com\/de\/wp-json\/wp\/v2\/product_tag?post=554"}],"curies":[{"name":"wp","href":"https:\/\/api.w.org\/{rel}","templated":true}]}}