{"id":540,"date":"2024-10-29T10:13:30","date_gmt":"2024-10-29T10:13:30","guid":{"rendered":"https:\/\/www.baoertaihardware.com\/?post_type=product&#038;p=540"},"modified":"2025-05-27T03:47:14","modified_gmt":"2025-05-27T03:47:14","slug":"custom-push-to-open-drawer-slides","status":"publish","type":"product","link":"https:\/\/www.baoertaihardware.com\/de\/produkt\/custom-push-to-open-drawer-slides\/","title":{"rendered":"Kundenspezifische Push-to-Open-Schubladenf\u00fchrungen 3-fach 45 mm kugelgelagerte F\u00fchrungen Fabrik"},"content":{"rendered":"<div class=\"wp-block-columns is-layout-flex wp-container-core-columns-is-layout-9d6595d7 wp-block-columns-is-layout-flex\">\n<div class=\"wp-block-column is-layout-flow wp-block-column-is-layout-flow\">\n<h3 class=\"wp-block-heading\">Merkmale und Vorteile von Push-to-Open-Schubladenf\u00fchrungen<\/h3>\n\n\n\n<ol class=\"wp-block-list\">\n<li><strong>Griffloses Design:<\/strong> Dr\u00fccken Sie einfach auf die Schubladenblende, um die Schublade zu \u00f6ffnen; Sie brauchen keine traditionellen Griffe oder Kn\u00f6pfe zu verwenden, sehr einfach und elegant.<\/li>\n\n\n\n<li><strong>Automatischer Auswurfmechanismus:<\/strong> Der eingebaute federbelastete Mechanismus wirft die Schublade automatisch aus, wenn sie gedr\u00fcckt wird, und ist somit einfach und schnell zu bedienen.<\/li>\n\n\n\n<li><strong>Hohe Tragf\u00e4higkeit:<\/strong> Hochwertiger Stahl sorgt daf\u00fcr, dass die Rutschen stark genug sind, um auch schwerere Gegenst\u00e4nde zu tragen.<\/li>\n\n\n\n<li><strong>Rauschunterdr\u00fcckung: <\/strong>Die d\u00e4mpfende Auto-Close-Funktion reduziert vor allem die Ger\u00e4usche beim Schlie\u00dfen der Schublade, was den Benutzerkomfort erh\u00f6ht.<\/li>\n\n\n\n<li><strong>Raumnutzung:<\/strong> Das dreifach gefaltete Design erm\u00f6glicht mehr Schubladenausz\u00fcge, um den Stauraum zu optimieren.<\/li>\n<\/ol>\n<\/div>\n\n\n\n<div class=\"wp-block-column is-layout-flow wp-block-column-is-layout-flow\">\n<figure class=\"wp-block-image size-full\"><img decoding=\"async\" width=\"1200\" height=\"1200\" src=\"https:\/\/www.baoertaihardware.com\/wp-content\/uploads\/2024\/10\/custom-push-to-open-drawer-slides-1.webp\" alt=\"Schubladenschieber zum \u00d6ffnen nach Ma\u00df (1)\" class=\"wp-image-548\" srcset=\"https:\/\/www.baoertaihardware.com\/wp-content\/uploads\/2024\/10\/custom-push-to-open-drawer-slides-1.webp 1200w, https:\/\/www.baoertaihardware.com\/wp-content\/uploads\/2024\/10\/custom-push-to-open-drawer-slides-1-300x300.webp 300w, https:\/\/www.baoertaihardware.com\/wp-content\/uploads\/2024\/10\/custom-push-to-open-drawer-slides-1-150x150.webp 150w, https:\/\/www.baoertaihardware.com\/wp-content\/uploads\/2024\/10\/custom-push-to-open-drawer-slides-1-768x768.webp 768w, https:\/\/www.baoertaihardware.com\/wp-content\/uploads\/2024\/10\/custom-push-to-open-drawer-slides-1-600x600.webp 600w, https:\/\/www.baoertaihardware.com\/wp-content\/uploads\/2024\/10\/custom-push-to-open-drawer-slides-1-100x100.webp 100w\" sizes=\"(max-width: 1200px) 100vw, 1200px\" \/><\/figure>\n<\/div>\n<\/div>","protected":false},"excerpt":{"rendered":"<p>Unsere ma\u00dfgeschneiderten dreifachen Push-to-Open-Schubladenf\u00fchrungen sind so konzipiert, dass sie sich mit einem sanften Druck auf die Platte \u00f6ffnen, ohne dass Griffe erforderlich sind, und sich sanft und ger\u00e4uschlos schlie\u00dfen. Das dreifach faltbare Design eignet sich f\u00fcr alle Arten von M\u00f6beln, insbesondere bei begrenztem Platzangebot, spart Platz und ist leicht zug\u00e4nglich. Individuelle Anpassungen sind willkommen, um Ihre spezifischen Anforderungen zu erf\u00fcllen und die Produktqualit\u00e4t und Benutzerfreundlichkeit zu verbessern.<\/p>\n<h3>Spezifikationen f\u00fcr Push-to-Open-Schubladenf\u00fchrungen<\/h3>\n<ul>\n<li>Modell Nr.:4512<\/li>\n<li>Material: kaltgewalzter Stahl<\/li>\n<li>Thickness:1.0\u00d701.0x1.2mm<\/li>\n<li>H\u00f6he:45mm<\/li>\n<li>L\u00e4nge:10 Zoll-24 Zoll<\/li>\n<li>Oberfl\u00e4chenbehandlung: Regenbogenplattierung\/schwarz<\/li>\n<li>Anzahl der Perlen:2 \/3 Perlen<\/li>\n<li>Gewicht: 62 g\/Zoll<\/li>\n<li>Anwendung: Home Office, Wohnzimmer, Schlafzimmer, Hotel, Villa, Wohnung<\/li>\n<\/ul>\n<p><strong>Kategorie<\/strong>: <a href=\"https:\/\/www.baoertaihardware.com\/de\/produkt-kategorie\/drawer-slides\/\">Schubladenf\u00fchrungen<\/a><\/p>\n<p><strong>Tags<\/strong>: Soft-Close-Schienen, seitlich montierte Schienen, Schiebeschubladen<\/p>","protected":false},"featured_media":549,"comment_status":"closed","ping_status":"closed","template":"","meta":{"_acf_changed":false},"product_brand":[],"product_cat":[19,35],"product_tag":[],"class_list":{"0":"post-540","1":"product","2":"type-product","3":"status-publish","4":"has-post-thumbnail","6":"product_cat-wholesale-drawer-slides","7":"product_cat-push-to-open-drawer-slides","9":"first","10":"instock","11":"shipping-taxable","12":"product-type-simple"},"acf":[],"_links":{"self":[{"href":"https:\/\/www.baoertaihardware.com\/de\/wp-json\/wp\/v2\/product\/540","targetHints":{"allow":["GET"]}}],"collection":[{"href":"https:\/\/www.baoertaihardware.com\/de\/wp-json\/wp\/v2\/product"}],"about":[{"href":"https:\/\/www.baoertaihardware.com\/de\/wp-json\/wp\/v2\/types\/product"}],"replies":[{"embeddable":true,"href":"https:\/\/www.baoertaihardware.com\/de\/wp-json\/wp\/v2\/comments?post=540"}],"wp:featuredmedia":[{"embeddable":true,"href":"https:\/\/www.baoertaihardware.com\/de\/wp-json\/wp\/v2\/media\/549"}],"wp:attachment":[{"href":"https:\/\/www.baoertaihardware.com\/de\/wp-json\/wp\/v2\/media?parent=540"}],"wp:term":[{"taxonomy":"product_brand","embeddable":true,"href":"https:\/\/www.baoertaihardware.com\/de\/wp-json\/wp\/v2\/product_brand?post=540"},{"taxonomy":"product_cat","embeddable":true,"href":"https:\/\/www.baoertaihardware.com\/de\/wp-json\/wp\/v2\/product_cat?post=540"},{"taxonomy":"product_tag","embeddable":true,"href":"https:\/\/www.baoertaihardware.com\/de\/wp-json\/wp\/v2\/product_tag?post=540"}],"curies":[{"name":"wp","href":"https:\/\/api.w.org\/{rel}","templated":true}]}}