{"id":519,"date":"2024-10-29T17:56:26","date_gmt":"2024-10-29T17:56:26","guid":{"rendered":"https:\/\/www.baoertaihardware.com\/?post_type=product&#038;p=519"},"modified":"2024-10-29T17:56:27","modified_gmt":"2024-10-29T17:56:27","slug":"push-to-open-soft-close-drawer-slides","status":"publish","type":"product","link":"https:\/\/www.baoertaihardware.com\/de\/produkt\/push-to-open-soft-close-drawer-slides\/","title":{"rendered":"Push to Open Soft Close Schubladenf\u00fchrungen 2-fach mit Riegel Gro\u00dfh\u00e4ndler"},"content":{"rendered":"<div class=\"wp-block-columns is-layout-flex wp-container-core-columns-is-layout-9d6595d7 wp-block-columns-is-layout-flex\">\n<div class=\"wp-block-column is-layout-flow wp-block-column-is-layout-flow\">\n<h3 class=\"wp-block-heading\">Merkmale und Vorteile von Push to Open Soft Close-Schubladenf\u00fchrungen<\/h3>\n\n\n\n<ol class=\"wp-block-list\">\n<li><strong>\u00d6ffnen durch Druckfunktion: <\/strong>Ohne einen Griff zu entwerfen, gen\u00fcgt ein leichter Druck und die Funktion \u00f6ffnet sich automatisch, was bequem und schnell ist. Geeignet f\u00fcr M\u00f6bel im einfachen Stil.<\/li>\n\n\n\n<li><strong>Gepufferter stiller Verschluss:<\/strong> Die Soft-Closing-Funktion erm\u00f6glicht ein sanftes und ger\u00e4uscharmes Schlie\u00dfen der Schublade und sorgt so f\u00fcr eine ruhige Umgebung im Haus.<\/li>\n\n\n\n<li><strong>Solide Bolzenbefestigung:<\/strong> Die Bolzen verbessern die Stabilit\u00e4t und die Tragf\u00e4higkeit der Gleitschiene und machen die Benutzung reibungsloser und sicherer.<\/li>\n\n\n\n<li><strong>Zweifach gefaltetes Gleitschienendesign:<\/strong> Eine zweiteilige F\u00fchrungsschiene sorgt f\u00fcr ein angenehmes und leichtes \u00d6ffnen und Schlie\u00dfen. Die Schublade gleitet mit Leichtigkeit ein und aus.<\/li>\n\n\n\n<li><strong>Verdeckter Einbau, platzsparend:<\/strong> Installiert an der Unterseite der Schublade, halten die M\u00f6bel sch\u00f6n und ordentlich.<\/li>\n<\/ol>\n<\/div>\n\n\n\n<div class=\"wp-block-column is-layout-flow wp-block-column-is-layout-flow\">\n<figure class=\"wp-block-image size-full\"><img decoding=\"async\" width=\"1200\" height=\"1200\" src=\"https:\/\/www.baoertaihardware.com\/wp-content\/uploads\/2024\/10\/Push-to-Open-Soft-Close-Drawer-Slides-Bulk-1.webp\" alt=\"Push to Open Soft Close Schubladenf\u00fchrungen Bulk 1\" class=\"wp-image-532\" srcset=\"https:\/\/www.baoertaihardware.com\/wp-content\/uploads\/2024\/10\/Push-to-Open-Soft-Close-Drawer-Slides-Bulk-1.webp 1200w, https:\/\/www.baoertaihardware.com\/wp-content\/uploads\/2024\/10\/Push-to-Open-Soft-Close-Drawer-Slides-Bulk-1-300x300.webp 300w, https:\/\/www.baoertaihardware.com\/wp-content\/uploads\/2024\/10\/Push-to-Open-Soft-Close-Drawer-Slides-Bulk-1-150x150.webp 150w, https:\/\/www.baoertaihardware.com\/wp-content\/uploads\/2024\/10\/Push-to-Open-Soft-Close-Drawer-Slides-Bulk-1-768x768.webp 768w, https:\/\/www.baoertaihardware.com\/wp-content\/uploads\/2024\/10\/Push-to-Open-Soft-Close-Drawer-Slides-Bulk-1-600x600.webp 600w, https:\/\/www.baoertaihardware.com\/wp-content\/uploads\/2024\/10\/Push-to-Open-Soft-Close-Drawer-Slides-Bulk-1-100x100.webp 100w\" sizes=\"(max-width: 1200px) 100vw, 1200px\" \/><\/figure>\n<\/div>\n<\/div>\n\n\n\n<p><\/p>","protected":false},"excerpt":{"rendered":"<p>Die 2-fachen Push-to-Open-Soft-Close-Schubladenf\u00fchrungen mit Bolt bieten Ihnen ein erstklassiges \u00d6ffnungs- und Schlie\u00dferlebnis. Bei leichtem Druck \u00f6ffnet sie sich automatisch und schlie\u00dft sanft und leise. Mit ihrer stabilen Bolzenkonstruktion ist sie stark belastbar und eignet sich f\u00fcr den Einbau von vielen Schr\u00e4nken, Schubladen und hochwertigen M\u00f6beln.<\/p>\n<h3>Spezifikationen f\u00fcr Push to Open Soft Close-Schubladenf\u00fchrungen<\/h3>\n<ul>\n<li>Modell-Nr.:B2<\/li>\n<li>Material: kaltgewalzter Stahl<\/li>\n<li>Dicke:1,0*1,0mm<\/li>\n<li>L\u00e4nge:250-600mm<\/li>\n<li>Oberfl\u00e4chenbehandlung: galvanisch verzinkt\u00a0<\/li>\n<li>Tragf\u00e4higkeit:20kg<\/li>\n<li>Anwendung: Home Office, Wohnzimmer, Schlafzimmer, Hotel, Villa, Wohnung<\/li>\n<\/ul>\n<p><strong>Kategorie<\/strong>: <a href=\"https:\/\/www.baoertaihardware.com\/de\/produkt-kategorie\/undermount-drawer-slides\/\">Unterputz-Schubladenf\u00fchrungen<\/a><\/p>\n<p><strong>Tags<\/strong>: Verdeckte Schienen, sanft schlie\u00dfende Schienen, eingelassene Schienen<\/p>","protected":false},"featured_media":533,"comment_status":"closed","ping_status":"closed","template":"","meta":{"_acf_changed":false},"product_brand":[],"product_cat":[20],"product_tag":[],"class_list":{"0":"post-519","1":"product","2":"type-product","3":"status-publish","4":"has-post-thumbnail","6":"product_cat-undermount-drawer-slides-wholesale","8":"first","9":"instock","10":"shipping-taxable","11":"product-type-simple"},"acf":[],"_links":{"self":[{"href":"https:\/\/www.baoertaihardware.com\/de\/wp-json\/wp\/v2\/product\/519","targetHints":{"allow":["GET"]}}],"collection":[{"href":"https:\/\/www.baoertaihardware.com\/de\/wp-json\/wp\/v2\/product"}],"about":[{"href":"https:\/\/www.baoertaihardware.com\/de\/wp-json\/wp\/v2\/types\/product"}],"replies":[{"embeddable":true,"href":"https:\/\/www.baoertaihardware.com\/de\/wp-json\/wp\/v2\/comments?post=519"}],"wp:featuredmedia":[{"embeddable":true,"href":"https:\/\/www.baoertaihardware.com\/de\/wp-json\/wp\/v2\/media\/533"}],"wp:attachment":[{"href":"https:\/\/www.baoertaihardware.com\/de\/wp-json\/wp\/v2\/media?parent=519"}],"wp:term":[{"taxonomy":"product_brand","embeddable":true,"href":"https:\/\/www.baoertaihardware.com\/de\/wp-json\/wp\/v2\/product_brand?post=519"},{"taxonomy":"product_cat","embeddable":true,"href":"https:\/\/www.baoertaihardware.com\/de\/wp-json\/wp\/v2\/product_cat?post=519"},{"taxonomy":"product_tag","embeddable":true,"href":"https:\/\/www.baoertaihardware.com\/de\/wp-json\/wp\/v2\/product_tag?post=519"}],"curies":[{"name":"wp","href":"https:\/\/api.w.org\/{rel}","templated":true}]}}