{"id":508,"date":"2024-10-30T17:48:30","date_gmt":"2024-10-30T17:48:30","guid":{"rendered":"https:\/\/www.baoertaihardware.com\/?post_type=product&#038;p=508"},"modified":"2024-10-30T17:48:30","modified_gmt":"2024-10-30T17:48:30","slug":"custom-undermount-drawer-slides","status":"publish","type":"product","link":"https:\/\/www.baoertaihardware.com\/de\/produkt\/custom-undermount-drawer-slides\/","title":{"rendered":"Custom 2-Fold Soft Closing Unterputz-Schubladenf\u00fchrungen"},"content":{"rendered":"<div class=\"wp-block-columns is-layout-flex wp-container-core-columns-is-layout-9d6595d7 wp-block-columns-is-layout-flex\">\n<div class=\"wp-block-column is-layout-flow wp-block-column-is-layout-flow\">\n<h3 class=\"wp-block-heading\">Merkmale und Vorteile von sanft schlie\u00dfenden Unterputz-Schubladenf\u00fchrungen<\/h3>\n\n\n\n<ol class=\"wp-block-list\">\n<li><strong>Stille Schlie\u00dfung: <\/strong>Seine hochwertige Pufferkonstruktion d\u00e4mpft St\u00f6\u00dfe und verhindert Kollisionen. Es ist auch weich und leise beim Schlie\u00dfen, ohne die Familienruhe zu st\u00f6ren.<\/li>\n\n\n\n<li><strong>Starke Tragf\u00e4higkeit: <\/strong>Er kann Schubladen mit gro\u00dfem Fassungsverm\u00f6gen tragen und eine stabile Lastaufnahme gew\u00e4hrleisten, damit die Schubladen auch bei voller Beladung reibungslos gleiten. Es verformt sich auch nach langem Gebrauch nicht.<\/li>\n\n\n\n<li><strong>Versteckter Einbau:<\/strong> Sch\u00f6n und ordentlich, an der Unterseite der Schublade versteckt, die Aufrechterhaltung der Einfachheit und Gro\u00dfz\u00fcgigkeit in das Erscheinungsbild der M\u00f6bel, kompatibel mit modernen Home Design.<\/li>\n\n\n\n<li><strong>Einfach zu installieren, hohe Anpassungsf\u00e4higkeit: <\/strong>Flexibles Design f\u00fcr Schubladen verschiedener Gr\u00f6\u00dfen; die Installation ist sehr einfach und das Produkt passt zu allen M\u00f6beln.<\/li>\n\n\n\n<li><strong>Sanftes zweistufiges Dehnen: <\/strong>Das einzigartige Design mit doppelter Faltung sorgt f\u00fcr ein sanftes und gleichm\u00e4\u00dfiges Ausziehen der Schubladen und erf\u00fcllt damit die hohen Anspr\u00fcche der Benutzer an Komfort und Gef\u00fchl.<\/li>\n<\/ol>\n<\/div>\n\n\n\n<div class=\"wp-block-column is-layout-flow wp-block-column-is-layout-flow\">\n<figure class=\"wp-block-image size-full\"><img decoding=\"async\" width=\"1200\" height=\"1200\" src=\"https:\/\/www.baoertaihardware.com\/wp-content\/uploads\/2024\/10\/Custom-Soft-Closing-Undermount-Drawer-Slides1.webp\" alt=\"Custom Soft Closing Unterbau-Schubladenf\u00fchrungen1\" class=\"wp-image-513\" srcset=\"https:\/\/www.baoertaihardware.com\/wp-content\/uploads\/2024\/10\/Custom-Soft-Closing-Undermount-Drawer-Slides1.webp 1200w, https:\/\/www.baoertaihardware.com\/wp-content\/uploads\/2024\/10\/Custom-Soft-Closing-Undermount-Drawer-Slides1-300x300.webp 300w, https:\/\/www.baoertaihardware.com\/wp-content\/uploads\/2024\/10\/Custom-Soft-Closing-Undermount-Drawer-Slides1-150x150.webp 150w, https:\/\/www.baoertaihardware.com\/wp-content\/uploads\/2024\/10\/Custom-Soft-Closing-Undermount-Drawer-Slides1-768x768.webp 768w, https:\/\/www.baoertaihardware.com\/wp-content\/uploads\/2024\/10\/Custom-Soft-Closing-Undermount-Drawer-Slides1-600x600.webp 600w, https:\/\/www.baoertaihardware.com\/wp-content\/uploads\/2024\/10\/Custom-Soft-Closing-Undermount-Drawer-Slides1-100x100.webp 100w\" sizes=\"(max-width: 1200px) 100vw, 1200px\" \/><\/figure>\n<\/div>\n<\/div>","protected":false},"excerpt":{"rendered":"<p>Unsere Gro\u00dfhandel 2-Fold Soft Closing Undermount Schubladenf\u00fchrungen bieten eine stabile, glatte und leise Schublade Erfahrung. Unsere Gro\u00dfhandel Folien nehmen fortschrittliche Technologie und strenge Qualit\u00e4tskontrolle, geeignet f\u00fcr eine breite Palette von Schr\u00e4nken und M\u00f6beln. Bitte beachten Sie die Produktparameter, um die passende Unterbau-Schubladenf\u00fchrung zu w\u00e4hlen.<\/p>\n<h3>Spezifikationen f\u00fcr Unterputz-Schubladenf\u00fchrungen mit D\u00e4mpfung<\/h3>\n<ul>\n<li>Modell-Nr.:B2<\/li>\n<li>Material: kaltgewalzter Stahl<\/li>\n<li>Dicke:1,0*1,0mm<\/li>\n<li>L\u00e4nge:250-600mm<\/li>\n<li>Oberfl\u00e4chenbehandlung: galvanisch verzinkt\u00a0<\/li>\n<li>Tragf\u00e4higkeit:20kg<\/li>\n<li>Anwendung: Home Office, Wohnzimmer, Schlafzimmer, Hotel, Villa, Wohnung<\/li>\n<\/ul>\n<p><strong>Kategorie<\/strong>: <a href=\"https:\/\/www.baoertaihardware.com\/de\/produkt-kategorie\/undermount-drawer-slides\/\">Unterputz-Schubladenf\u00fchrungen<\/a><\/p>\n<p><strong>Tags<\/strong>: Verdeckte Schienen, sanft schlie\u00dfende Schienen, eingelassene Schienen<\/p>","protected":false},"featured_media":514,"comment_status":"closed","ping_status":"closed","template":"","meta":{"_acf_changed":false},"product_brand":[],"product_cat":[20],"product_tag":[],"class_list":{"0":"post-508","1":"product","2":"type-product","3":"status-publish","4":"has-post-thumbnail","6":"product_cat-undermount-drawer-slides-wholesale","8":"first","9":"instock","10":"shipping-taxable","11":"product-type-simple"},"acf":[],"_links":{"self":[{"href":"https:\/\/www.baoertaihardware.com\/de\/wp-json\/wp\/v2\/product\/508","targetHints":{"allow":["GET"]}}],"collection":[{"href":"https:\/\/www.baoertaihardware.com\/de\/wp-json\/wp\/v2\/product"}],"about":[{"href":"https:\/\/www.baoertaihardware.com\/de\/wp-json\/wp\/v2\/types\/product"}],"replies":[{"embeddable":true,"href":"https:\/\/www.baoertaihardware.com\/de\/wp-json\/wp\/v2\/comments?post=508"}],"wp:featuredmedia":[{"embeddable":true,"href":"https:\/\/www.baoertaihardware.com\/de\/wp-json\/wp\/v2\/media\/514"}],"wp:attachment":[{"href":"https:\/\/www.baoertaihardware.com\/de\/wp-json\/wp\/v2\/media?parent=508"}],"wp:term":[{"taxonomy":"product_brand","embeddable":true,"href":"https:\/\/www.baoertaihardware.com\/de\/wp-json\/wp\/v2\/product_brand?post=508"},{"taxonomy":"product_cat","embeddable":true,"href":"https:\/\/www.baoertaihardware.com\/de\/wp-json\/wp\/v2\/product_cat?post=508"},{"taxonomy":"product_tag","embeddable":true,"href":"https:\/\/www.baoertaihardware.com\/de\/wp-json\/wp\/v2\/product_tag?post=508"}],"curies":[{"name":"wp","href":"https:\/\/api.w.org\/{rel}","templated":true}]}}