{"id":1677,"date":"2026-04-14T07:20:17","date_gmt":"2026-04-14T07:20:17","guid":{"rendered":"https:\/\/www.baoertaihardware.com\/?post_type=product&#038;p=1677"},"modified":"2026-04-14T07:28:21","modified_gmt":"2026-04-14T07:28:21","slug":"push-to-open-soft-close-45mm-drawer-slides-10-inch-side-mount-dresser-runner-black-full-extension-cabinet-glide-supplier","status":"publish","type":"product","link":"https:\/\/www.baoertaihardware.com\/de\/produkt\/push-to-open-soft-close-45mm-drawer-slides-10-inch-side-mount-dresser-runner-black-full-extension-cabinet-glide-supplier\/","title":{"rendered":"Push to Open Soft Close 45mm Schubladenf\u00fchrungen 10 Zoll Side Mount Dresser Runner Black Full Extension Cabinet Gide Lieferant"},"content":{"rendered":"<div class=\"wp-block-columns is-layout-flex wp-container-core-columns-is-layout-9d6595d7 wp-block-columns-is-layout-flex\">\n<div class=\"wp-block-column is-layout-flow wp-block-column-is-layout-flow\">\n<h3 class=\"wp-block-heading\">Merkmale und Vorteile von Push to Open Soft Close Schubladenf\u00fchrungen<\/h3>\n\n\n\n<ol class=\"wp-block-list\">\n<li><strong>Reibungsloser Betrieb:<\/strong> Das dreifach gefaltete Design bietet eine gr\u00f6\u00dfere Auszugsl\u00e4nge und gew\u00e4hrleistet ein reibungsloses \u00d6ffnen und Schlie\u00dfen der Schublade.<\/li>\n\n\n\n<li><strong>Ger\u00e4uschloser Betrieb:<\/strong> Der sanft schlie\u00dfende Mechanismus reduziert effektiv den L\u00e4rm und erh\u00f6ht den Benutzerkomfort.<\/li>\n\n\n\n<li><strong>Starke Haltbarkeit:<\/strong> Hergestellt aus hochwertigem Stahl, starke Tragf\u00e4higkeit, nicht leicht zu verschlei\u00dfen nach langem Gebrauch.<\/li>\n\n\n\n<li><strong>Push &amp; Gentle Quiet-Close: <\/strong>Genie\u00dfen Sie die Bequemlichkeit des Push-to-Open-Verfahrens und die Ger\u00e4uschlosigkeit des Soft-Close-Verfahrens; es werden keine Griffe ben\u00f6tigt, was Ihrem Schrank ein klares, minimalistisches Aussehen verleiht.<\/li>\n\n\n\n<li><strong>Einfach zu installieren:<\/strong> Einfaches Design, geeignet f\u00fcr Heimwerker und professionelle Installation, spart Zeit und Energie.<\/li>\n<\/ol>\n<\/div>\n\n\n\n<div class=\"wp-block-column is-layout-flow wp-block-column-is-layout-flow\">\n<figure class=\"wp-block-image size-full\"><img decoding=\"async\" width=\"1200\" height=\"1200\" src=\"https:\/\/www.baoertaihardware.com\/wp-content\/uploads\/2026\/04\/Push-to-Open-Soft-Close-Drawer-Slides-wholesaler-1.webp\" alt=\"45mm Push to Open Soft Close Schubladenf\u00fchrungen Gro\u00dfh\u00e4ndler\" class=\"wp-image-1679\" srcset=\"https:\/\/www.baoertaihardware.com\/wp-content\/uploads\/2026\/04\/Push-to-Open-Soft-Close-Drawer-Slides-wholesaler-1.webp 1200w, https:\/\/www.baoertaihardware.com\/wp-content\/uploads\/2026\/04\/Push-to-Open-Soft-Close-Drawer-Slides-wholesaler-1-300x300.webp 300w, https:\/\/www.baoertaihardware.com\/wp-content\/uploads\/2026\/04\/Push-to-Open-Soft-Close-Drawer-Slides-wholesaler-1-150x150.webp 150w, https:\/\/www.baoertaihardware.com\/wp-content\/uploads\/2026\/04\/Push-to-Open-Soft-Close-Drawer-Slides-wholesaler-1-768x768.webp 768w, https:\/\/www.baoertaihardware.com\/wp-content\/uploads\/2026\/04\/Push-to-Open-Soft-Close-Drawer-Slides-wholesaler-1-12x12.webp 12w, https:\/\/www.baoertaihardware.com\/wp-content\/uploads\/2026\/04\/Push-to-Open-Soft-Close-Drawer-Slides-wholesaler-1-600x600.webp 600w, https:\/\/www.baoertaihardware.com\/wp-content\/uploads\/2026\/04\/Push-to-Open-Soft-Close-Drawer-Slides-wholesaler-1-100x100.webp 100w\" sizes=\"(max-width: 1200px) 100vw, 1200px\" \/><\/figure>\n<\/div>\n<\/div>\n\n\n\n<p><\/p>\n\n\n\n<p><\/p>","protected":false},"excerpt":{"rendered":"<p>Die 45mm 3-fach Push to Open Soft Close Schubladenf\u00fchrungen, die wir anbieten, sind ideal f\u00fcr hochwertige M\u00f6belbeschl\u00e4ge und bieten ein sanftes und leises Schlie\u00dfen, um sicherzustellen, dass die Schubladen langsam und leise schlie\u00dfen, wenn sie geschlossen werden. Diese aus hochwertigem Stahl gefertigte Schiene ist stabil und langlebig und hat ein einzigartiges dreifach gefaltetes Design f\u00fcr eine gr\u00f6\u00dfere Auszugsl\u00e4nge, um eine maximale Raumnutzung zu erreichen.<\/p>\n<h3>Spezifikationen f\u00fcr Push to Open Soft Close-Schubladenf\u00fchrungen<\/h3>\n<ul>\n<li>Modell Nr.:4515<\/li>\n<li>Material: kaltgewalzter Stahl<\/li>\n<li>Dicke: 1,1\u00d71,1\u00d71,4mm<\/li>\n<li>H\u00f6he: 45 mm<\/li>\n<li>L\u00e4nge: 10 Zoll-24 Zoll<\/li>\n<li>Oberfl\u00e4chenbehandlung: Regenbogenplattierung\/schwarz<\/li>\n<li>Anzahl der Perlen: 2 \/3 Perlen<\/li>\n<li>Gewicht: 70g\/Zoll<\/li>\n<li>Anwendung: Home Office, Wohnzimmer, Schlafzimmer, Hotel, Villa, Wohnung<\/li>\n<\/ul>\n<p><strong>Kategorie<\/strong>: <a href=\"https:\/\/www.baoertaihardware.com\/de\/produkt-kategorie\/drawer-slides\/\">Schubladenf\u00fchrungen<\/a><\/p>\n<p><strong>Tags<\/strong>: Soft-Close-Schienen, Seitenmontierte Schienen, Push-to-Open Soft-Close-Schubladenf\u00fchrungen<\/p>","protected":false},"featured_media":1678,"comment_status":"closed","ping_status":"closed","template":"","meta":{"_acf_changed":false},"product_brand":[],"product_cat":[19,35,34],"product_tag":[],"class_list":{"0":"post-1677","1":"product","2":"type-product","3":"status-publish","4":"has-post-thumbnail","6":"product_cat-wholesale-drawer-slides","7":"product_cat-push-to-open-drawer-slides","8":"product_cat-soft-close-drawer-slides","10":"first","11":"instock","12":"shipping-taxable","13":"product-type-simple"},"acf":[],"_links":{"self":[{"href":"https:\/\/www.baoertaihardware.com\/de\/wp-json\/wp\/v2\/product\/1677","targetHints":{"allow":["GET"]}}],"collection":[{"href":"https:\/\/www.baoertaihardware.com\/de\/wp-json\/wp\/v2\/product"}],"about":[{"href":"https:\/\/www.baoertaihardware.com\/de\/wp-json\/wp\/v2\/types\/product"}],"replies":[{"embeddable":true,"href":"https:\/\/www.baoertaihardware.com\/de\/wp-json\/wp\/v2\/comments?post=1677"}],"wp:featuredmedia":[{"embeddable":true,"href":"https:\/\/www.baoertaihardware.com\/de\/wp-json\/wp\/v2\/media\/1678"}],"wp:attachment":[{"href":"https:\/\/www.baoertaihardware.com\/de\/wp-json\/wp\/v2\/media?parent=1677"}],"wp:term":[{"taxonomy":"product_brand","embeddable":true,"href":"https:\/\/www.baoertaihardware.com\/de\/wp-json\/wp\/v2\/product_brand?post=1677"},{"taxonomy":"product_cat","embeddable":true,"href":"https:\/\/www.baoertaihardware.com\/de\/wp-json\/wp\/v2\/product_cat?post=1677"},{"taxonomy":"product_tag","embeddable":true,"href":"https:\/\/www.baoertaihardware.com\/de\/wp-json\/wp\/v2\/product_tag?post=1677"}],"curies":[{"name":"wp","href":"https:\/\/api.w.org\/{rel}","templated":true}]}}