{"id":1659,"date":"2026-04-14T03:51:06","date_gmt":"2026-04-14T03:51:06","guid":{"rendered":"https:\/\/www.baoertaihardware.com\/?post_type=product&#038;p=1659"},"modified":"2026-04-14T06:41:30","modified_gmt":"2026-04-14T06:41:30","slug":"45mm-soft-closing-adjustable-drawer-slides-wholesale-full-extension-dual-spring-mounting-slide-4515da","status":"publish","type":"product","link":"https:\/\/www.baoertaihardware.com\/de\/produkt\/45mm-soft-closing-adjustable-drawer-slides-wholesale-full-extension-dual-spring-mounting-slide-4515da\/","title":{"rendered":"45mm Soft Closing Adjustable Drawer Slides Wholesale Dual Spring Mount Rails"},"content":{"rendered":"<div class=\"wp-block-columns is-layout-flex wp-container-core-columns-is-layout-9d6595d7 wp-block-columns-is-layout-flex\">\n<div class=\"wp-block-column is-layout-flow wp-block-column-is-layout-flow\">\n<h3 class=\"wp-block-heading\">Merkmale und Vorteile von einstellbaren, sanft schlie\u00dfenden Schubladenf\u00fchrungen<\/h3>\n\n\n\n<ol class=\"wp-block-list\">\n<li><strong>Maximierung des Platzes<\/strong>: Das dreifache Design erm\u00f6glicht es, die Schublade weit genug herauszuziehen, um jeden Zentimeter des verf\u00fcgbaren Platzes zu maximieren. Dies macht unsere 45mm soft closing Schubladenf\u00fchrungen Gro\u00dfhandel Produkte ideal f\u00fcr eine breite Palette von M\u00f6belkonfigurationen.<\/li>\n\n\n\n<li><strong>Einfache Installation<\/strong>: Unsere Schubladenf\u00fchrungen sind sowohl f\u00fcr industrielle Installateure als auch f\u00fcr Endverbraucher geeignet. Durch die einfache und schnelle Installation sind kundenspezifische, sanft schlie\u00dfende Schubladenf\u00fchrungen f\u00fcr den Gro\u00dfhandel eine erschwingliche Option f\u00fcr spezielle M\u00f6belanforderungen.<\/li>\n\n\n\n<li><strong>Doppelfederkonstruktion<\/strong>: Eine Doppelfederkonstruktion sorgt f\u00fcr sanftes Gleiten und dauerhafte Leistung, so dass die Schubladen jedes Mal sanft und leise schlie\u00dfen.<\/li>\n\n\n\n<li><strong>Anti-Verschlei\u00df-Material<\/strong>: Durch die Verwendung von korrosionsbest\u00e4ndigeren Materialien sind unsere Auszugsschienen dauerhaft und robust genug f\u00fcr den harten Einsatz, so dass sie die richtige Wahl f\u00fcr anspruchsvolle Szenarien sind.<\/li>\n\n\n\n<li><strong>Einstellbarkeit<\/strong>: Einige Modelle sind mit verstellbaren Elementen ausgestattet, die eine pr\u00e4zise Anpassung an jeden Schubladentyp erm\u00f6glichen - insbesondere bei der Auswahl von individuell gestalteten, sanft schlie\u00dfenden Schubladenf\u00fchrungen in gro\u00dfen Mengen f\u00fcr spezielle Installationen.<\/li>\n<\/ol>\n<\/div>\n\n\n\n<div class=\"wp-block-column is-layout-flow wp-block-column-is-layout-flow\">\n<figure class=\"wp-block-image size-full\"><img decoding=\"async\" width=\"1200\" height=\"1200\" src=\"https:\/\/www.baoertaihardware.com\/wp-content\/uploads\/2026\/04\/Soft-Closing-Adjustable-Drawer-Slides-Wholesale-4515-1.webp\" alt=\"45mm 3-fach Doppelfeder Soft-Close Verstellbare Schubladenf\u00fchrung Hersteller\" class=\"wp-image-1669\" srcset=\"https:\/\/www.baoertaihardware.com\/wp-content\/uploads\/2026\/04\/Soft-Closing-Adjustable-Drawer-Slides-Wholesale-4515-1.webp 1200w, https:\/\/www.baoertaihardware.com\/wp-content\/uploads\/2026\/04\/Soft-Closing-Adjustable-Drawer-Slides-Wholesale-4515-1-300x300.webp 300w, https:\/\/www.baoertaihardware.com\/wp-content\/uploads\/2026\/04\/Soft-Closing-Adjustable-Drawer-Slides-Wholesale-4515-1-150x150.webp 150w, https:\/\/www.baoertaihardware.com\/wp-content\/uploads\/2026\/04\/Soft-Closing-Adjustable-Drawer-Slides-Wholesale-4515-1-768x768.webp 768w, https:\/\/www.baoertaihardware.com\/wp-content\/uploads\/2026\/04\/Soft-Closing-Adjustable-Drawer-Slides-Wholesale-4515-1-12x12.webp 12w, https:\/\/www.baoertaihardware.com\/wp-content\/uploads\/2026\/04\/Soft-Closing-Adjustable-Drawer-Slides-Wholesale-4515-1-600x600.webp 600w, https:\/\/www.baoertaihardware.com\/wp-content\/uploads\/2026\/04\/Soft-Closing-Adjustable-Drawer-Slides-Wholesale-4515-1-100x100.webp 100w\" sizes=\"(max-width: 1200px) 100vw, 1200px\" \/><\/figure>\n<\/div>\n<\/div>\n\n\n\n<p><\/p>","protected":false},"excerpt":{"rendered":"<p>Als professioneller Anbieter von seitlich montierten Schubladenf\u00fchrungen bieten wir hochwertige 45-mm-Dreifach-Soft-Close-Doppelfederschienenl\u00f6sungen. Unsere F\u00fchrungen verf\u00fcgen \u00fcber ein fortschrittliches Doppelfederdesign, das ein sanftes und leises Schlie\u00dfen der Schubladen gew\u00e4hrleistet und so das Benutzererlebnis erheblich verbessert. Wir bieten eine breite Palette von Modellen und Anpassungsm\u00f6glichkeiten, um die spezifischen Bed\u00fcrfnisse der verschiedenen Kunden zu erf\u00fcllen.<\/p>\n<h3>Spezifikationen f\u00fcr sanft schlie\u00dfende Schubladenf\u00fchrungen<\/h3>\n<ul>\n<li>Modell-Nr.:4515DA<\/li>\n<li>Material: kaltgewalzter Stahl<\/li>\n<li>Dicke:1.1\u00d71.1\u00d71.4mm<\/li>\n<li>H\u00f6he:45mm<\/li>\n<li>L\u00e4nge:10 Zoll-24 Zoll<\/li>\n<li>Oberfl\u00e4chenbehandlung: Regenbogenplattierung\/schwarz<\/li>\n<li>Anzahl der Perlen:2 \/3 Perlen<\/li>\n<li>Gewicht:70g<\/li>\n<li>Anwendung: Home Office, Wohnzimmer, Schlafzimmer, Hotel, Villa, Wohnung<\/li>\n<\/ul>\n<p><strong>Kategorie<\/strong>: <a href=\"https:\/\/www.baoertaihardware.com\/de\/produkt-kategorie\/drawer-slides\/\">Schubladenf\u00fchrungen<\/a><\/p>\n<p><strong>Tags<\/strong>: Soft-Close-Schienen, seitlich montierte Schienen, Schiebeschubladen<\/p>","protected":false},"featured_media":1670,"comment_status":"closed","ping_status":"closed","template":"","meta":{"_acf_changed":false},"product_brand":[],"product_cat":[19,34],"product_tag":[],"class_list":{"0":"post-1659","1":"product","2":"type-product","3":"status-publish","4":"has-post-thumbnail","6":"product_cat-wholesale-drawer-slides","7":"product_cat-soft-close-drawer-slides","9":"first","10":"instock","11":"shipping-taxable","12":"product-type-simple"},"acf":[],"_links":{"self":[{"href":"https:\/\/www.baoertaihardware.com\/de\/wp-json\/wp\/v2\/product\/1659","targetHints":{"allow":["GET"]}}],"collection":[{"href":"https:\/\/www.baoertaihardware.com\/de\/wp-json\/wp\/v2\/product"}],"about":[{"href":"https:\/\/www.baoertaihardware.com\/de\/wp-json\/wp\/v2\/types\/product"}],"replies":[{"embeddable":true,"href":"https:\/\/www.baoertaihardware.com\/de\/wp-json\/wp\/v2\/comments?post=1659"}],"wp:featuredmedia":[{"embeddable":true,"href":"https:\/\/www.baoertaihardware.com\/de\/wp-json\/wp\/v2\/media\/1670"}],"wp:attachment":[{"href":"https:\/\/www.baoertaihardware.com\/de\/wp-json\/wp\/v2\/media?parent=1659"}],"wp:term":[{"taxonomy":"product_brand","embeddable":true,"href":"https:\/\/www.baoertaihardware.com\/de\/wp-json\/wp\/v2\/product_brand?post=1659"},{"taxonomy":"product_cat","embeddable":true,"href":"https:\/\/www.baoertaihardware.com\/de\/wp-json\/wp\/v2\/product_cat?post=1659"},{"taxonomy":"product_tag","embeddable":true,"href":"https:\/\/www.baoertaihardware.com\/de\/wp-json\/wp\/v2\/product_tag?post=1659"}],"curies":[{"name":"wp","href":"https:\/\/api.w.org\/{rel}","templated":true}]}}