{"id":1077,"date":"2024-12-22T14:48:02","date_gmt":"2024-12-22T14:48:02","guid":{"rendered":"https:\/\/www.baoertaihardware.com\/?post_type=product&#038;p=1077"},"modified":"2025-05-27T03:51:45","modified_gmt":"2025-05-27T03:51:45","slug":"custom-dresser-drawer-slides-bulk","status":"publish","type":"product","link":"https:\/\/www.baoertaihardware.com\/de\/produkt\/custom-dresser-drawer-slides-bulk\/","title":{"rendered":"Custom Dresser Drawer Slides 3-fach kugelgelagert 45mm-4508"},"content":{"rendered":"<div class=\"wp-block-columns is-layout-flex wp-container-core-columns-is-layout-9d6595d7 wp-block-columns-is-layout-flex\">\n<div class=\"wp-block-column is-layout-flow wp-block-column-is-layout-flow\">\n<h3 class=\"wp-block-heading\">Merkmale und Vorteile von Schubladenf\u00fchrungen f\u00fcr Schubladen<\/h3>\n\n\n\n<ul class=\"wp-block-list\">\n<li><strong>Hochwertige Kugellager<\/strong>: Diese Custom Dresser Drawer Slides sind mit hochwertigen Kugellagern ausgestattet, die auch bei starker Beanspruchung einen reibungslosen, leisen und effizienten Betrieb gew\u00e4hrleisten.<\/li>\n\n\n\n<li><strong>3-fache Erweiterung<\/strong>: Mit einem 3-fachen Vollauszug bieten diese Schienen maximalen Zugriff auf die gesamte Schublade und eignen sich daher perfekt f\u00fcr tiefe Kommoden und Schr\u00e4nke.<\/li>\n\n\n\n<li><strong>Schwere-Dichte Kapazit\u00e4t<\/strong>: Es handelt sich um hochbelastbare 45-mm-Schubladenf\u00fchrungen, die sich f\u00fcr private und gewerbliche Anwendungen eignen.<\/li>\n\n\n\n<li><strong>Sanfte und leise Bewegung<\/strong>: Dank des fortschrittlichen Kugellagersystems wird eine reibungslose und ger\u00e4uschlose Bewegung erreicht, was die Benutzerfreundlichkeit im allt\u00e4glichen Gebrauch erh\u00f6ht.<\/li>\n\n\n\n<li><strong>Langlebige Stahlkonstruktion<\/strong>: Die Schienen sind aus hochfestem Stahl gefertigt, der verschlei\u00dffest, rost- und korrosionsgesch\u00fctzt ist und somit eine hohe Zuverl\u00e4ssigkeit und Leistung auf lange Sicht gew\u00e4hrleistet.<\/li>\n\n\n\n<li><strong>Einfache Installation<\/strong>: Dank der vorgebohrten L\u00f6cher in diesen Custom Dresser Drawer Slides ist die Installation sowohl f\u00fcr Amateur-DIY-Projekte als auch f\u00fcr professionelle Anwendungen schneller und einfacher.<\/li>\n\n\n\n<li><strong>Vielseitiger Einsatz<\/strong>: Diese 3-fach kugelgelagerten Schienen sind ideal f\u00fcr Kommoden, Schr\u00e4nke und Schr\u00e4nke aller Art und bieten eine zuverl\u00e4ssige L\u00f6sung f\u00fcr private und gewerbliche M\u00f6bel.<\/li>\n\n\n\n<li><em><a href=\"https:\/\/www.baoertaihardware.com\/de\/custom-service\/\">Benutzerdefinierte Optionen<\/a><\/em>: Ma\u00dfgefertigte Schubladenf\u00fchrungen f\u00fcr Kommoden werden auf Bestellung hergestellt und k\u00f6nnen auf eine breite Palette von Schubladen- und Schrankdesigns zugeschnitten werden, um Ihren spezifischen Bed\u00fcrfnissen gerecht zu werden.<\/li>\n<\/ul>\n<\/div>\n\n\n\n<div class=\"wp-block-column is-layout-flow wp-block-column-is-layout-flow\">\n<figure class=\"wp-block-image size-full\"><img decoding=\"async\" width=\"1200\" height=\"1200\" src=\"https:\/\/www.baoertaihardware.com\/wp-content\/uploads\/2024\/12\/Custom-Dresser-Drawer-Slides-Supplier-4508-1.webp\" alt=\"Kundenspezifische Schubladenf\u00fchrungen f\u00fcr Kommoden Lieferant-4508 (1)\" class=\"wp-image-1078\" srcset=\"https:\/\/www.baoertaihardware.com\/wp-content\/uploads\/2024\/12\/Custom-Dresser-Drawer-Slides-Supplier-4508-1.webp 1200w, https:\/\/www.baoertaihardware.com\/wp-content\/uploads\/2024\/12\/Custom-Dresser-Drawer-Slides-Supplier-4508-1-300x300.webp 300w, https:\/\/www.baoertaihardware.com\/wp-content\/uploads\/2024\/12\/Custom-Dresser-Drawer-Slides-Supplier-4508-1-150x150.webp 150w, https:\/\/www.baoertaihardware.com\/wp-content\/uploads\/2024\/12\/Custom-Dresser-Drawer-Slides-Supplier-4508-1-768x768.webp 768w, https:\/\/www.baoertaihardware.com\/wp-content\/uploads\/2024\/12\/Custom-Dresser-Drawer-Slides-Supplier-4508-1-600x600.webp 600w, https:\/\/www.baoertaihardware.com\/wp-content\/uploads\/2024\/12\/Custom-Dresser-Drawer-Slides-Supplier-4508-1-100x100.webp 100w\" sizes=\"(max-width: 1200px) 100vw, 1200px\" \/><\/figure>\n<\/div>\n<\/div>\n\n\n\n<p><\/p>","protected":false},"excerpt":{"rendered":"<p>Die 3-fach kugelgelagerten 45-mm-Schubladenf\u00fchrungen bieten au\u00dfergew\u00f6hnliche Leistung, Langlebigkeit und reibungslosen Betrieb, was sie zur perfekten Wahl f\u00fcr ma\u00dfgeschneiderte Schubladenf\u00fchrungen f\u00fcr Kommoden und andere hochbelastete M\u00f6bel macht.<\/p>\n<h3>Spezifikationen f\u00fcr kundenspezifische kugelgelagerte Schienen<\/h3>\n<ul>\n<li>Modell-Nr.:4508<\/li>\n<li>Material: kaltgewalzter Stahl<\/li>\n<li>Dicke:0,8\u00d70,8\u00d70,9mm<\/li>\n<li>H\u00f6he:45mm<\/li>\n<li>L\u00e4nge:10 Zoll-24 Zoll<\/li>\n<li>Oberfl\u00e4chenbehandlung: Regenbogenplattierung\/schwarz<\/li>\n<li>Anzahl der Perlen:2 Kugeln\/3 Kugeln\/4 Kugeln<\/li>\n<li>Gewicht:48g\/Zoll, 50g\/Zoll<\/li>\n<li>Anwendung: Home Office, Wohnzimmer, Schlafzimmer, Hotel, Villa, Wohnung<\/li>\n<\/ul>\n<p><strong>Kategorie<\/strong>:\u00a0<a href=\"https:\/\/www.baoertaihardware.com\/de\/produkt-kategorie\/drawer-slides\/\">Schubladenf\u00fchrungen<\/a> <strong>Tags<\/strong>: Soft-Close-Schienen, seitlich montierte Schienen, kugelgelagerte Schubladenf\u00fchrungen<\/p>","protected":false},"featured_media":1079,"comment_status":"closed","ping_status":"closed","template":"","meta":{"_acf_changed":false},"product_brand":[],"product_cat":[19,33],"product_tag":[],"class_list":{"0":"post-1077","1":"product","2":"type-product","3":"status-publish","4":"has-post-thumbnail","6":"product_cat-wholesale-drawer-slides","7":"product_cat-ball-bearing-drawer-slides","9":"first","10":"instock","11":"shipping-taxable","12":"product-type-simple"},"acf":[],"_links":{"self":[{"href":"https:\/\/www.baoertaihardware.com\/de\/wp-json\/wp\/v2\/product\/1077","targetHints":{"allow":["GET"]}}],"collection":[{"href":"https:\/\/www.baoertaihardware.com\/de\/wp-json\/wp\/v2\/product"}],"about":[{"href":"https:\/\/www.baoertaihardware.com\/de\/wp-json\/wp\/v2\/types\/product"}],"replies":[{"embeddable":true,"href":"https:\/\/www.baoertaihardware.com\/de\/wp-json\/wp\/v2\/comments?post=1077"}],"wp:featuredmedia":[{"embeddable":true,"href":"https:\/\/www.baoertaihardware.com\/de\/wp-json\/wp\/v2\/media\/1079"}],"wp:attachment":[{"href":"https:\/\/www.baoertaihardware.com\/de\/wp-json\/wp\/v2\/media?parent=1077"}],"wp:term":[{"taxonomy":"product_brand","embeddable":true,"href":"https:\/\/www.baoertaihardware.com\/de\/wp-json\/wp\/v2\/product_brand?post=1077"},{"taxonomy":"product_cat","embeddable":true,"href":"https:\/\/www.baoertaihardware.com\/de\/wp-json\/wp\/v2\/product_cat?post=1077"},{"taxonomy":"product_tag","embeddable":true,"href":"https:\/\/www.baoertaihardware.com\/de\/wp-json\/wp\/v2\/product_tag?post=1077"}],"curies":[{"name":"wp","href":"https:\/\/api.w.org\/{rel}","templated":true}]}}