{"id":1070,"date":"2024-12-22T14:16:21","date_gmt":"2024-12-22T14:16:21","guid":{"rendered":"https:\/\/www.baoertaihardware.com\/?post_type=product&#038;p=1070"},"modified":"2025-05-27T03:52:15","modified_gmt":"2025-05-27T03:52:15","slug":"best-cabinet-drawer-slides-bulk","status":"publish","type":"product","link":"https:\/\/www.baoertaihardware.com\/de\/produkt\/best-cabinet-drawer-slides-bulk\/","title":{"rendered":"Best Cabinet Drawer Slides Factory Bulk 42mm 3-Fold Ball Bearing Slide-4208"},"content":{"rendered":"<div class=\"wp-block-columns is-layout-flex wp-container-core-columns-is-layout-9d6595d7 wp-block-columns-is-layout-flex\">\n<div class=\"wp-block-column is-layout-flow wp-block-column-is-layout-flow\">\n<h3 class=\"wp-block-heading\">Eigenschaften und Vorteile von Best Cabinet Drawer Slides Factory<\/h3>\n\n\n\n<ul class=\"wp-block-list\">\n<li><strong>Hochwertige Kugellager<\/strong>: Die 42mm 3-fach kugelgelagerten Schubladenf\u00fchrungen sind mit hochwertigen Kugellagern ausgestattet, die auch bei starker Beanspruchung einen reibungslosen, leisen und zuverl\u00e4ssigen Betrieb gew\u00e4hrleisten.<\/li>\n\n\n\n<li><strong>Vollauszug f\u00fcr maximalen Zugang<\/strong>: Diese Schubladenausz\u00fcge bieten einen 3-fachen Vollauszug und erm\u00f6glichen einen einfachen Zugriff auf die gesamte Schublade, ideal f\u00fcr tiefe Schr\u00e4nke oder Schr\u00e4nke mit gro\u00dfem Fassungsverm\u00f6gen.<\/li>\n\n\n\n<li><strong>Reibungsloser und leiser Betrieb<\/strong>: Ausgestattet mit Pr\u00e4zisionskugellagern erm\u00f6glichen diese Schubladenf\u00fchrungen eine reibungslose und ger\u00e4uschlose Bewegung, um den Komfort f\u00fcr den Endbenutzer zu erh\u00f6hen.<\/li>\n\n\n\n<li><strong>Langlebige Konstruktion<\/strong>: Die aus hochfestem Stahl gefertigten Schienen sind rost- und korrosionsbest\u00e4ndig und gew\u00e4hrleisten eine lange Lebensdauer auch in stark frequentierten oder anspruchsvollen Umgebungen.<\/li>\n\n\n\n<li><strong>Einfache Installation<\/strong>: Diese 3-fach kugelgelagerten Schienen sind mit vorgebohrten L\u00f6chern f\u00fcr eine schnelle und einfache Montage in Schr\u00e4nken und Schubladen ausgestattet und erm\u00f6glichen einen problemlosen Einbau.<\/li>\n\n\n\n<li><strong>Vielf\u00e4ltige Anwendung<\/strong>: Von K\u00fcchenschr\u00e4nken \u00fcber B\u00fcroschubladen bis hin zu gewerblichen M\u00f6beln bieten diese Schrankausz\u00fcge vielseitige L\u00f6sungen f\u00fcr private und industrielle Anwendungen.<\/li>\n\n\n\n<li><strong>Bulk Fabrik Preis<\/strong>: Holen Sie sich die besten Auszugsschienen f\u00fcr Schr\u00e4nke zu wettbewerbsf\u00e4higen Gro\u00dfhandelspreisen und einem ausgezeichneten Preis-Leistungs-Verh\u00e4ltnis f\u00fcr Gro\u00dfprojekte oder Gro\u00dfhandelsauftr\u00e4ge.<\/li>\n<\/ul>\n<\/div>\n\n\n\n<div class=\"wp-block-column is-layout-flow wp-block-column-is-layout-flow\">\n<figure class=\"wp-block-image size-full\"><img decoding=\"async\" width=\"1200\" height=\"1200\" src=\"https:\/\/www.baoertaihardware.com\/wp-content\/uploads\/2024\/12\/Best-Cabinet-Drawer-Slides-Factory-Wholesale-4208-1.webp\" alt=\"Best Cabinet Schublade gleitet Fabrik Gro\u00dfhandel-4208 (1)\" class=\"wp-image-1071\" srcset=\"https:\/\/www.baoertaihardware.com\/wp-content\/uploads\/2024\/12\/Best-Cabinet-Drawer-Slides-Factory-Wholesale-4208-1.webp 1200w, https:\/\/www.baoertaihardware.com\/wp-content\/uploads\/2024\/12\/Best-Cabinet-Drawer-Slides-Factory-Wholesale-4208-1-300x300.webp 300w, https:\/\/www.baoertaihardware.com\/wp-content\/uploads\/2024\/12\/Best-Cabinet-Drawer-Slides-Factory-Wholesale-4208-1-150x150.webp 150w, https:\/\/www.baoertaihardware.com\/wp-content\/uploads\/2024\/12\/Best-Cabinet-Drawer-Slides-Factory-Wholesale-4208-1-768x768.webp 768w, https:\/\/www.baoertaihardware.com\/wp-content\/uploads\/2024\/12\/Best-Cabinet-Drawer-Slides-Factory-Wholesale-4208-1-600x600.webp 600w, https:\/\/www.baoertaihardware.com\/wp-content\/uploads\/2024\/12\/Best-Cabinet-Drawer-Slides-Factory-Wholesale-4208-1-100x100.webp 100w\" sizes=\"(max-width: 1200px) 100vw, 1200px\" \/><\/figure>\n<\/div>\n<\/div>","protected":false},"excerpt":{"rendered":"<p>Discover 42mm 3-fach kugelgelagerte Auszugsschienen sind die perfekte Wahl f\u00fcr alle, die langlebige, leistungsstarke Schienen f\u00fcr Schr\u00e4nke und Schubladen suchen, die einen einfachen Zugang und eine dauerhafte Funktionalit\u00e4t bieten.<\/p>\n<h3>Spezifikationen von Best Cabinet Drawer Slides<\/h3>\n<ul>\n<li>Modell-Nr.:4208<\/li>\n<li>Material: kaltgewalzter Stahl<\/li>\n<li>Dicke:0,8\u00d70,8\u00d70,8mm<\/li>\n<li>H\u00f6he:42mm<\/li>\n<li>L\u00e4nge:10 Zoll-24 Zoll<\/li>\n<li>Oberfl\u00e4chenbehandlung: Regenbogenplattierung\/schwarz<\/li>\n<li>Anzahl der Perlen:2 \/3 Perlen<\/li>\n<li>Gewicht:45g\/Zoll, 48g\/Zoll<\/li>\n<li>Anwendung: Home Office, Wohnzimmer, Schlafzimmer, Hotel, Villa, Wohnung<\/li>\n<\/ul>\n<p><strong>Kategorie<\/strong>:\u00a0<a href=\"https:\/\/www.baoertaihardware.com\/de\/produkt-kategorie\/drawer-slides\/\">Schubladenf\u00fchrungen<\/a> <strong>Tags<\/strong>: Soft-Close-Schienen, seitlich montierte Schienen, Schiebeschubladen<\/p>","protected":false},"featured_media":1072,"comment_status":"closed","ping_status":"closed","template":"","meta":{"_acf_changed":false},"product_brand":[],"product_cat":[19,33],"product_tag":[],"class_list":{"0":"post-1070","1":"product","2":"type-product","3":"status-publish","4":"has-post-thumbnail","6":"product_cat-wholesale-drawer-slides","7":"product_cat-ball-bearing-drawer-slides","9":"first","10":"instock","11":"shipping-taxable","12":"product-type-simple"},"acf":[],"_links":{"self":[{"href":"https:\/\/www.baoertaihardware.com\/de\/wp-json\/wp\/v2\/product\/1070","targetHints":{"allow":["GET"]}}],"collection":[{"href":"https:\/\/www.baoertaihardware.com\/de\/wp-json\/wp\/v2\/product"}],"about":[{"href":"https:\/\/www.baoertaihardware.com\/de\/wp-json\/wp\/v2\/types\/product"}],"replies":[{"embeddable":true,"href":"https:\/\/www.baoertaihardware.com\/de\/wp-json\/wp\/v2\/comments?post=1070"}],"wp:featuredmedia":[{"embeddable":true,"href":"https:\/\/www.baoertaihardware.com\/de\/wp-json\/wp\/v2\/media\/1072"}],"wp:attachment":[{"href":"https:\/\/www.baoertaihardware.com\/de\/wp-json\/wp\/v2\/media?parent=1070"}],"wp:term":[{"taxonomy":"product_brand","embeddable":true,"href":"https:\/\/www.baoertaihardware.com\/de\/wp-json\/wp\/v2\/product_brand?post=1070"},{"taxonomy":"product_cat","embeddable":true,"href":"https:\/\/www.baoertaihardware.com\/de\/wp-json\/wp\/v2\/product_cat?post=1070"},{"taxonomy":"product_tag","embeddable":true,"href":"https:\/\/www.baoertaihardware.com\/de\/wp-json\/wp\/v2\/product_tag?post=1070"}],"curies":[{"name":"wp","href":"https:\/\/api.w.org\/{rel}","templated":true}]}}