{"id":1063,"date":"2024-12-22T13:23:26","date_gmt":"2024-12-22T13:23:26","guid":{"rendered":"https:\/\/www.baoertaihardware.com\/?post_type=product&#038;p=1063"},"modified":"2025-05-27T03:26:31","modified_gmt":"2025-05-27T03:26:31","slug":"35mm-ball-bearing-slides-bulk","status":"publish","type":"product","link":"https:\/\/www.baoertaihardware.com\/de\/produkt\/35mm-ball-bearing-slides-bulk\/","title":{"rendered":"35mm kugelgelagerte Schienen in Bulk, 3-fache Schubladenf\u00fchrungen Fabrik Gro\u00dfhandel-3507"},"content":{"rendered":"<div class=\"wp-block-columns is-layout-flex wp-container-core-columns-is-layout-9d6595d7 wp-block-columns-is-layout-flex\">\n<div class=\"wp-block-column is-layout-flow wp-block-column-is-layout-flow\">\n<h3 class=\"wp-block-heading\">Merkmale und Vorteile von kugelgelagerten 35-mm-Rutschen<\/h3>\n\n\n\n<ul class=\"wp-block-list\">\n<li><strong>Hochbelastbare Kugellager<\/strong>: Diese kugelgelagerten 35-mm-Schienen verf\u00fcgen \u00fcber hochwertige Kugellager, die eine reibungslose, leise und stabile Bewegung der Schubladen gew\u00e4hrleisten - selbst bei starker Beanspruchung. Ideal f\u00fcr K\u00e4ufer, die kugelgelagerte Schienen in gro\u00dfen Mengen f\u00fcr den h\u00e4ufigen Gebrauch bestellen.<\/li>\n\n\n\n<li><strong>Dreifache Erweiterung<\/strong>: Diese Schienen sind mit einem l\u00e4ngeren 3-fachen Auszug ausgestattet und bieten maximalen Zugriff auf die gesamte Schublade - perfekt f\u00fcr tiefere Schr\u00e4nke im privaten und gewerblichen Bereich.<\/li>\n\n\n\n<li><strong>Reibungsloser und leiser Betrieb<\/strong>: Die fortschrittliche Kugellager-Konstruktion sorgt f\u00fcr reibungslose, reibungsfreie Bewegungen mit deutlich weniger L\u00e4rm und langfristigem Verschlei\u00df.<\/li>\n\n\n\n<li><strong>Stark und langlebig<\/strong>: Die aus robustem Stahl gefertigten Schienen sind korrosionsbest\u00e4ndig, rostfrei und widerstandsf\u00e4hig gegen allgemeine Abnutzung und bieten eine langlebige L\u00f6sung f\u00fcr eine Vielzahl von Umgebungen.<\/li>\n\n\n\n<li><strong>Einfache Installation<\/strong>: Vorgebohrte L\u00f6cher sorgen f\u00fcr eine einfache und schnelle Montage und sparen Zeit bei umfangreichen Montagearbeiten.<\/li>\n\n\n\n<li><strong>Multi-Personality-Anwendung<\/strong>: Geeignet f\u00fcr K\u00fcchenschr\u00e4nke, B\u00fcroschubladen, Werkzeugk\u00e4sten und Industrieschr\u00e4nke - diese Schienen sind f\u00fcr unterschiedliche Marktanwendungen und Einbausituationen geeignet.<\/li>\n<\/ul>\n<\/div>\n\n\n\n<div class=\"wp-block-column is-layout-flow wp-block-column-is-layout-flow\">\n<figure class=\"wp-block-image size-full\"><img decoding=\"async\" width=\"1200\" height=\"1200\" src=\"https:\/\/www.baoertaihardware.com\/wp-content\/uploads\/2024\/12\/35mm-Ball-Bearing-Slides-Factory-Wholesale-35071.webp\" alt=\"35mm Ball Bearing Slides Fabrik Gro\u00dfhandel-3507(1)\" class=\"wp-image-1064\" srcset=\"https:\/\/www.baoertaihardware.com\/wp-content\/uploads\/2024\/12\/35mm-Ball-Bearing-Slides-Factory-Wholesale-35071.webp 1200w, https:\/\/www.baoertaihardware.com\/wp-content\/uploads\/2024\/12\/35mm-Ball-Bearing-Slides-Factory-Wholesale-35071-300x300.webp 300w, https:\/\/www.baoertaihardware.com\/wp-content\/uploads\/2024\/12\/35mm-Ball-Bearing-Slides-Factory-Wholesale-35071-150x150.webp 150w, https:\/\/www.baoertaihardware.com\/wp-content\/uploads\/2024\/12\/35mm-Ball-Bearing-Slides-Factory-Wholesale-35071-768x768.webp 768w, https:\/\/www.baoertaihardware.com\/wp-content\/uploads\/2024\/12\/35mm-Ball-Bearing-Slides-Factory-Wholesale-35071-600x600.webp 600w, https:\/\/www.baoertaihardware.com\/wp-content\/uploads\/2024\/12\/35mm-Ball-Bearing-Slides-Factory-Wholesale-35071-100x100.webp 100w\" sizes=\"(max-width: 1200px) 100vw, 1200px\" \/><\/figure>\n<\/div>\n<\/div>\n\n\n\n<div class=\"wp-block-columns is-layout-flex wp-container-core-columns-is-layout-9d6595d7 wp-block-columns-is-layout-flex\">\n<div class=\"wp-block-column is-layout-flow wp-block-column-is-layout-flow\">\n<figure class=\"wp-block-image size-full\"><img decoding=\"async\" width=\"1200\" height=\"1200\" src=\"https:\/\/www.baoertaihardware.com\/wp-content\/uploads\/2024\/12\/35mm-Ball-Bearing-Slides-Factory-Wholesale-35076.webp\" alt=\"35mm Ball Bearing Slides Fabrik Gro\u00dfhandel-3507(6)\" class=\"wp-image-1069\" srcset=\"https:\/\/www.baoertaihardware.com\/wp-content\/uploads\/2024\/12\/35mm-Ball-Bearing-Slides-Factory-Wholesale-35076.webp 1200w, https:\/\/www.baoertaihardware.com\/wp-content\/uploads\/2024\/12\/35mm-Ball-Bearing-Slides-Factory-Wholesale-35076-300x300.webp 300w, https:\/\/www.baoertaihardware.com\/wp-content\/uploads\/2024\/12\/35mm-Ball-Bearing-Slides-Factory-Wholesale-35076-150x150.webp 150w, https:\/\/www.baoertaihardware.com\/wp-content\/uploads\/2024\/12\/35mm-Ball-Bearing-Slides-Factory-Wholesale-35076-768x768.webp 768w, https:\/\/www.baoertaihardware.com\/wp-content\/uploads\/2024\/12\/35mm-Ball-Bearing-Slides-Factory-Wholesale-35076-600x600.webp 600w, https:\/\/www.baoertaihardware.com\/wp-content\/uploads\/2024\/12\/35mm-Ball-Bearing-Slides-Factory-Wholesale-35076-100x100.webp 100w\" sizes=\"(max-width: 1200px) 100vw, 1200px\" \/><\/figure>\n<\/div>\n\n\n\n<div class=\"wp-block-column is-layout-flow wp-block-column-is-layout-flow\">\n<h2 class=\"wp-block-heading\">Der Wert von kugelgelagerten 35-mm-Dias<\/h2>\n\n\n\n<h4 class=\"wp-block-heading\">Hochwertige Schienen f\u00fcr kommerzielle Anwendungen und M\u00f6bel<\/h4>\n\n\n\n<p>Als professioneller Hersteller von Schubladenschienen bieten wir eine breite Palette von Rollen- und Kugellagerschienen an, um den Anforderungen unterschiedlicher Belastungswerte gerecht zu werden und eine stabile und zuverl\u00e4ssige Produktqualit\u00e4t zu gew\u00e4hrleisten, die in traditionellen Schr\u00e4nken und verschiedenen M\u00f6belszenarien weit verbreitet ist.<\/p>\n\n\n\n<h4 class=\"wp-block-heading\">Pr\u00e4zises Anti-Side-Shift-Design zur Verbesserung der Projektqualit\u00e4t<\/h4>\n\n\n\n<p>35-mm-Kugellagerschienen k\u00f6nnen ein seitliches Verrutschen der Schubladen wirksam verhindern. Bei der Montage wird die rechte Seite der Schiene eng an den Schrank angepasst, um ein reibungsloses Gleiten zu gew\u00e4hrleisten; die linke Seite der Schiene ber\u00fccksichtigt die Schnitttoleranz, um die genaue Passform zwischen der Schublade und dem Schrank zu gew\u00e4hrleisten.<\/p>\n\n\n\n<h4 class=\"wp-block-heading\">Sanft und leise, verbessert das M\u00f6belerlebnis<\/h4>\n\n\n\n<p>Die seitlich montierten kugelgelagerten Schienen haben eine langsam schlie\u00dfende Funktion, gleiten sanft und ger\u00e4uschlos, verf\u00fcgen \u00fcber einen effizienten D\u00e4mpfungsmechanismus, reagieren sensibel und haben eine geringe \u00d6ffnungskraft. Mit einer hohen dynamischen Belastbarkeit und einer langen Lebensdauer kann sie bei normalem Gebrauch 50.000 \u00d6ffnungs- und Schlie\u00dfzyklen erreichen.<\/p>\n\n\n\n<h4 class=\"wp-block-heading\">Professionelle Schubladenrutsche Fabrik Vorteil<\/h4>\n\n\n\n<p>Als erfahrener Hersteller von Schubladenf\u00fchrungen unterst\u00fctzen wir OEM-Kundenanpassungen, bieten wettbewerbsf\u00e4hige Preise und flexible L\u00f6sungen f\u00fcr die Lieferung gro\u00dfer Mengen an, um die vielf\u00e4ltigen Anforderungen von Kunden weltweit zu erf\u00fcllen.<\/p>\n<\/div>\n<\/div>","protected":false},"excerpt":{"rendered":"<p data-start=\"129\" data-end=\"390\">Diese kugelgelagerten 35-mm-Schienen zeichnen sich durch einen reibungslosen, leisen Betrieb und ein langlebiges 3-faches Auszugsdesign aus. Sie sind aus hochwertigem Stahl gefertigt und bieten langlebige Leistung und einfache Installation. Ideal f\u00fcr K\u00fcchenschubladen, B\u00fcroschr\u00e4nke und Industriem\u00f6bel.<\/p>\n<p data-start=\"392\" data-end=\"567\">Als professioneller Hersteller von Schubladenf\u00fchrungen bieten wir OEM-Anpassungen, niedrige MOQ und kugelgelagerte F\u00fchrungen in gro\u00dfen Mengen zu wettbewerbsf\u00e4higen Gro\u00dfhandelspreisen f\u00fcr den globalen Markt. F\u00fchlen Sie sich frei, f\u00fcr ein kostenloses Angebot anzufragen!<\/p>\n<h3>Spezifikationen f\u00fcr 35-mm-Kugellagerschlitten<\/h3>\n<ul>\n<li>Modell Nr.:3507<\/li>\n<li>Material: kaltgewalzter Stahl<\/li>\n<li>Dicke:0,7\u00d70,7\u00d70,7mm<\/li>\n<li>H\u00f6he:35mm<\/li>\n<li>L\u00e4nge:10 Zoll-24 Zoll<\/li>\n<li>Oberfl\u00e4chenbehandlung: Regenbogenplattierung\/schwarz<\/li>\n<li>Anzahl der Perlen Perlen<\/li>\n<li>Gewicht: 35 g\/Zoll, 32 g\/Zoll<\/li>\n<li>Anwendung: Home Office, Wohnzimmer, Schlafzimmer, Hotel, Villa, Wohnung<\/li>\n<\/ul>\n<p><strong>Kategorie<\/strong>:\u00a0<a href=\"https:\/\/www.baoertaihardware.com\/de\/produkt-kategorie\/drawer-slides\/\">Schubladenf\u00fchrungen<\/a> <strong>Tags<\/strong>: Soft-Close-Schienen, seitlich montierte Schienen,<\/p>","protected":false},"featured_media":1065,"comment_status":"closed","ping_status":"closed","template":"","meta":{"_acf_changed":false},"product_brand":[],"product_cat":[19,33],"product_tag":[],"class_list":{"0":"post-1063","1":"product","2":"type-product","3":"status-publish","4":"has-post-thumbnail","6":"product_cat-wholesale-drawer-slides","7":"product_cat-ball-bearing-drawer-slides","9":"first","10":"instock","11":"shipping-taxable","12":"product-type-simple"},"acf":[],"_links":{"self":[{"href":"https:\/\/www.baoertaihardware.com\/de\/wp-json\/wp\/v2\/product\/1063","targetHints":{"allow":["GET"]}}],"collection":[{"href":"https:\/\/www.baoertaihardware.com\/de\/wp-json\/wp\/v2\/product"}],"about":[{"href":"https:\/\/www.baoertaihardware.com\/de\/wp-json\/wp\/v2\/types\/product"}],"replies":[{"embeddable":true,"href":"https:\/\/www.baoertaihardware.com\/de\/wp-json\/wp\/v2\/comments?post=1063"}],"wp:featuredmedia":[{"embeddable":true,"href":"https:\/\/www.baoertaihardware.com\/de\/wp-json\/wp\/v2\/media\/1065"}],"wp:attachment":[{"href":"https:\/\/www.baoertaihardware.com\/de\/wp-json\/wp\/v2\/media?parent=1063"}],"wp:term":[{"taxonomy":"product_brand","embeddable":true,"href":"https:\/\/www.baoertaihardware.com\/de\/wp-json\/wp\/v2\/product_brand?post=1063"},{"taxonomy":"product_cat","embeddable":true,"href":"https:\/\/www.baoertaihardware.com\/de\/wp-json\/wp\/v2\/product_cat?post=1063"},{"taxonomy":"product_tag","embeddable":true,"href":"https:\/\/www.baoertaihardware.com\/de\/wp-json\/wp\/v2\/product_tag?post=1063"}],"curies":[{"name":"wp","href":"https:\/\/api.w.org\/{rel}","templated":true}]}}