{"id":1048,"date":"2024-12-22T10:43:47","date_gmt":"2024-12-22T10:43:47","guid":{"rendered":"https:\/\/www.baoertaihardware.com\/?post_type=product&#038;p=1048"},"modified":"2024-12-22T10:50:06","modified_gmt":"2024-12-22T10:50:06","slug":"2d-two-way-hinges-wholesale","status":"publish","type":"product","link":"https:\/\/www.baoertaihardware.com\/de\/produkt\/2d-two-way-hinges-wholesale\/","title":{"rendered":"2D Zwei-Wege-Scharniere Gro\u00dfhandel kurzen Arm Slide-On Scharniere f\u00fcr Schr\u00e4nke-616"},"content":{"rendered":"<div class=\"wp-block-columns is-layout-flex wp-container-core-columns-is-layout-9d6595d7 wp-block-columns-is-layout-flex\">\n<div class=\"wp-block-column is-layout-flow wp-block-column-is-layout-flow\">\n<h3 class=\"wp-block-heading\">Eigenschaften von Zwei-Wege-Scharniere Fabrik Gro\u00dfhandel<\/h3>\n\n\n\n<ul class=\"wp-block-list\">\n<li><strong>Hochwertige Materialien<\/strong>: Hergestellt aus hochwertigen Metallmaterialien, sind diese <strong>Zwei-Wege-Scharniere<\/strong> sind korrosionsbest\u00e4ndig und verschlei\u00dffest und gew\u00e4hrleisten eine lange Lebensdauer f\u00fcr verschiedene K\u00fcchen- und Badezimmerschrankt\u00fcren.<\/li>\n\n\n\n<li><strong>2D Einstellbare Konstruktion<\/strong>: Diese Scharniere verf\u00fcgen \u00fcber ein einzigartiges 2D-Verstellsystem, das eine einfache Feinabstimmung der T\u00fcrposition in horizontaler und vertikaler Richtung erm\u00f6glicht und eine perfekte Passform f\u00fcr Ihre Schr\u00e4nke gew\u00e4hrleistet.<\/li>\n\n\n\n<li><strong>Kurze Armstruktur<\/strong>: Das Design mit kurzem Arm ist ideal f\u00fcr flache Schr\u00e4nke, was die Installation erleichtert und f\u00fcr kompakte Umgebungen besser geeignet ist.<\/li>\n\n\n\n<li><strong>Aufschiebbare Installation<\/strong>: Diese <strong>Scharniere f\u00fcr Schr\u00e4nke<\/strong> sind mit einem Aufschiebemechanismus ausgestattet, so dass sie schnell und einfach zu installieren sind. Das spart wertvolle Zeit und sorgt f\u00fcr einen sicheren Halt.<\/li>\n\n\n\n<li><strong>Sanftes Schlie\u00dfen<\/strong>: Diese Scharniere wurden f\u00fcr ein sanftes und leises Schlie\u00dfen entwickelt. Sie bieten ein erstklassiges Benutzererlebnis und werten die Gesamt\u00e4sthetik des Schranks auf.<\/li>\n\n\n\n<li><strong>Langfristige Haltbarkeit<\/strong>: Diese Scharniere sind f\u00fcr starke Beanspruchung ausgelegt und bieten eine hohe Festigkeit. Sie sind ideal f\u00fcr stark frequentierte Schrankt\u00fcren, die h\u00e4ufig benutzt werden.<\/li>\n\n\n\n<li><strong>Vielseitige Anwendung<\/strong>: Perfekt f\u00fcr eine breite Palette von Schranktypen, einschlie\u00dflich K\u00fcchenschr\u00e4nke, Badezimmerschr\u00e4nke und B\u00fccherregale, und bietet gro\u00dfe Flexibilit\u00e4t f\u00fcr verschiedene Wohn- und B\u00fcror\u00e4ume.<\/li>\n\n\n\n<li><strong>Umweltschonend<\/strong>: Diese Scharniere entsprechen den internationalen Umweltstandards und sind sicher in der Anwendung, da sie keine sch\u00e4dlichen Emissionen aussto\u00dfen.<\/li>\n<\/ul>\n<\/div>\n\n\n\n<div class=\"wp-block-column is-layout-flow wp-block-column-is-layout-flow\">\n<figure class=\"wp-block-image size-full\"><img decoding=\"async\" width=\"1200\" height=\"1200\" src=\"https:\/\/www.baoertaihardware.com\/wp-content\/uploads\/2024\/12\/Two-Way-Hinges-Factory-Wholesale-616-1.webp\" alt=\"Zwei-Wege-Scharniere Fabrik Gro\u00dfhandel-616 (1)\" class=\"wp-image-1049\" srcset=\"https:\/\/www.baoertaihardware.com\/wp-content\/uploads\/2024\/12\/Two-Way-Hinges-Factory-Wholesale-616-1.webp 1200w, https:\/\/www.baoertaihardware.com\/wp-content\/uploads\/2024\/12\/Two-Way-Hinges-Factory-Wholesale-616-1-300x300.webp 300w, https:\/\/www.baoertaihardware.com\/wp-content\/uploads\/2024\/12\/Two-Way-Hinges-Factory-Wholesale-616-1-150x150.webp 150w, https:\/\/www.baoertaihardware.com\/wp-content\/uploads\/2024\/12\/Two-Way-Hinges-Factory-Wholesale-616-1-768x768.webp 768w, https:\/\/www.baoertaihardware.com\/wp-content\/uploads\/2024\/12\/Two-Way-Hinges-Factory-Wholesale-616-1-600x600.webp 600w, https:\/\/www.baoertaihardware.com\/wp-content\/uploads\/2024\/12\/Two-Way-Hinges-Factory-Wholesale-616-1-100x100.webp 100w\" sizes=\"(max-width: 1200px) 100vw, 1200px\" \/><\/figure>\n<\/div>\n<\/div>","protected":false},"excerpt":{"rendered":"<p>Willkommen in unserer Fabrik Gro\u00dfhandel Zwei-Wege-Scharniere sind f\u00fcr glatte, pr\u00e4zise Anpassungen, so dass sie perfekt f\u00fcr Schrankt\u00fcren zu kaufen. Mit einer kurzen Armstruktur und Aufschiebemontage bieten sie eine einfache Installation und dauerhafte Leistung. Diese Scharniere f\u00fcr Schr\u00e4nke sind ideal f\u00fcr K\u00fcchen-, Bad- und B\u00fcroschr\u00e4nke und gew\u00e4hrleisten ein sicheres, leises Schlie\u00dfen und sind f\u00fcr eine lange Lebensdauer ausgelegt.<\/p>\n<h2>Spezifikationen von Zweiweg-Scharnieren<\/h2>\n<ul>\n<li><strong>Modell Nr.<\/strong>:616<\/li>\n<li><strong>Material<\/strong>: Eisen\/Edelstahl<\/li>\n<li><strong>Cup Hole Teilung<\/strong>: 48mm<\/li>\n<li><strong>Scharnier Ausf\u00fchrung<\/strong>: Vernickelt<\/li>\n<li><strong>Gewicht<\/strong>:52g\/St\u00fcck<\/li>\n<li><strong>Anmeldung<\/strong>Home Office, Wohnzimmer, Schlafzimmer, Hotel, Villa, Wohnung<\/li>\n<\/ul>\n<p><strong>Kategorie<\/strong>:\u00a0<a href=\"https:\/\/www.baoertaihardware.com\/de\/produkt-kategorie\/cabinet-hinges-wholesale\/\">Scharniere f\u00fcr Schr\u00e4nke<\/a><\/p>\n<p><strong>Tags<\/strong>: Aufschiebescharnier, Soft-Close-Scharnier, Edelstahlscharnier, Zweiwege-Scharnier<\/p>","protected":false},"featured_media":1050,"comment_status":"closed","ping_status":"closed","template":"","meta":{"_acf_changed":false},"product_brand":[],"product_cat":[21],"product_tag":[],"class_list":{"0":"post-1048","1":"product","2":"type-product","3":"status-publish","4":"has-post-thumbnail","6":"product_cat-cabinet-hinges-wholesale","8":"first","9":"instock","10":"shipping-taxable","11":"product-type-simple"},"acf":[],"_links":{"self":[{"href":"https:\/\/www.baoertaihardware.com\/de\/wp-json\/wp\/v2\/product\/1048","targetHints":{"allow":["GET"]}}],"collection":[{"href":"https:\/\/www.baoertaihardware.com\/de\/wp-json\/wp\/v2\/product"}],"about":[{"href":"https:\/\/www.baoertaihardware.com\/de\/wp-json\/wp\/v2\/types\/product"}],"replies":[{"embeddable":true,"href":"https:\/\/www.baoertaihardware.com\/de\/wp-json\/wp\/v2\/comments?post=1048"}],"wp:featuredmedia":[{"embeddable":true,"href":"https:\/\/www.baoertaihardware.com\/de\/wp-json\/wp\/v2\/media\/1050"}],"wp:attachment":[{"href":"https:\/\/www.baoertaihardware.com\/de\/wp-json\/wp\/v2\/media?parent=1048"}],"wp:term":[{"taxonomy":"product_brand","embeddable":true,"href":"https:\/\/www.baoertaihardware.com\/de\/wp-json\/wp\/v2\/product_brand?post=1048"},{"taxonomy":"product_cat","embeddable":true,"href":"https:\/\/www.baoertaihardware.com\/de\/wp-json\/wp\/v2\/product_cat?post=1048"},{"taxonomy":"product_tag","embeddable":true,"href":"https:\/\/www.baoertaihardware.com\/de\/wp-json\/wp\/v2\/product_tag?post=1048"}],"curies":[{"name":"wp","href":"https:\/\/api.w.org\/{rel}","templated":true}]}}