{"id":1040,"date":"2024-12-21T09:17:52","date_gmt":"2024-12-21T09:17:52","guid":{"rendered":"https:\/\/www.baoertaihardware.com\/?post_type=product&#038;p=1040"},"modified":"2024-12-21T09:17:52","modified_gmt":"2024-12-21T09:17:52","slug":"3d-clip-on-cabinet-hydraulic-hinges-manufacturer-825","status":"publish","type":"product","link":"https:\/\/www.baoertaihardware.com\/de\/produkt\/3d-clip-on-cabinet-hydraulic-hinges-manufacturer-825\/","title":{"rendered":"3D Clip On Cabinet Hydraulische Scharniere Hersteller-825"},"content":{"rendered":"<div class=\"wp-block-columns is-layout-flex wp-container-core-columns-is-layout-9d6595d7 wp-block-columns-is-layout-flex\">\n<div class=\"wp-block-column is-layout-flow wp-block-column-is-layout-flow\">\n<h3 class=\"wp-block-heading\">Vorteile und Merkmale von hydraulischen Scharnieren f\u00fcr Schr\u00e4nke<\/h3>\n\n\n\n<ul class=\"wp-block-list\">\n<li><strong>3D-Anpassung<\/strong>: Die multidirektionale Verstellbarkeit, einschlie\u00dflich H\u00f6hen-, Tiefen- und Seitenverstellung, gew\u00e4hrleistet eine perfekte T\u00fcrausrichtung und ein professionelles Finish.<\/li>\n\n\n\n<li><strong>Clip-On-Design<\/strong>: Erleichtert den schnellen und sicheren Ein- und Ausbau, reduziert die Montagezeit und erm\u00f6glicht eine einfache Wartung.<\/li>\n\n\n\n<li><strong>Hydraulischer Soft-Closing-Mechanismus<\/strong>: Sorgt f\u00fcr ein sanftes, leises Schlie\u00dfen der T\u00fcr, verhindert ein Zuschlagen und verl\u00e4ngert die Lebensdauer von Scharnier und Schrank.<\/li>\n\n\n\n<li><strong>Robuste Konstruktion<\/strong>: Hergestellt aus hochwertigem Stahl mit einer korrosionsbest\u00e4ndigen Beschichtung, die auch in feuchten Umgebungen Langlebigkeit und Zuverl\u00e4ssigkeit gew\u00e4hrleistet.<\/li>\n\n\n\n<li><strong>Breite Kompatibilit\u00e4t<\/strong>: Geeignet f\u00fcr verschiedene Schranktypen, darunter K\u00fcchen-, Bad- und Garderobenschr\u00e4nke.<\/li>\n\n\n\n<li><strong>Erh\u00f6hte Stabilit\u00e4t<\/strong>: Entwickelt f\u00fcr eine hohe Tragf\u00e4higkeit, die auch bei h\u00e4ufigem Gebrauch eine lange Lebensdauer gew\u00e4hrleistet.<\/li>\n\n\n\n<li><strong>Anpassbare Optionen<\/strong>: Erh\u00e4ltlich mit verschiedenen \u00d6ffnungswinkeln und Oberfl\u00e4chen, um unterschiedliche Designanforderungen zu erf\u00fcllen.<\/li>\n<\/ul>\n<\/div>\n\n\n\n<div class=\"wp-block-column is-layout-flow wp-block-column-is-layout-flow\">\n<figure class=\"wp-block-image size-full\"><img decoding=\"async\" width=\"1200\" height=\"1200\" src=\"https:\/\/www.baoertaihardware.com\/wp-content\/uploads\/2024\/12\/Cabinet-Hydraulic-Hinges-Manufacturer-825-1-1.webp\" alt=\"Hydraulische Scharniere f\u00fcr Schr\u00e4nke Hersteller-825-1 (1)\" class=\"wp-image-1041\" srcset=\"https:\/\/www.baoertaihardware.com\/wp-content\/uploads\/2024\/12\/Cabinet-Hydraulic-Hinges-Manufacturer-825-1-1.webp 1200w, https:\/\/www.baoertaihardware.com\/wp-content\/uploads\/2024\/12\/Cabinet-Hydraulic-Hinges-Manufacturer-825-1-1-300x300.webp 300w, https:\/\/www.baoertaihardware.com\/wp-content\/uploads\/2024\/12\/Cabinet-Hydraulic-Hinges-Manufacturer-825-1-1-150x150.webp 150w, https:\/\/www.baoertaihardware.com\/wp-content\/uploads\/2024\/12\/Cabinet-Hydraulic-Hinges-Manufacturer-825-1-1-768x768.webp 768w, https:\/\/www.baoertaihardware.com\/wp-content\/uploads\/2024\/12\/Cabinet-Hydraulic-Hinges-Manufacturer-825-1-1-600x600.webp 600w, https:\/\/www.baoertaihardware.com\/wp-content\/uploads\/2024\/12\/Cabinet-Hydraulic-Hinges-Manufacturer-825-1-1-100x100.webp 100w\" sizes=\"(max-width: 1200px) 100vw, 1200px\" \/><\/figure>\n<\/div>\n<\/div>","protected":false},"excerpt":{"rendered":"<p>Entdecken Sie unsere 3D-Hydraulikscharniere der Serie 825, die sich durch hohe Funktionalit\u00e4t und Komfort f\u00fcr moderne Schr\u00e4nke auszeichnen. Diese Scharniere bieten eine pr\u00e4zise Einstellung, eine einfache Installation und einen sanft schlie\u00dfenden Mechanismus, was sie zu einer hervorragenden Wahl f\u00fcr hochwertige Schrankl\u00f6sungen macht.<\/p>\n<h3>Spezifikationen f\u00fcr Edelstahl-Schrankscharniere<\/h3>\n<ul>\n<li><strong>Modell Nr.<\/strong>:825<\/li>\n<li><strong>Material<\/strong>: Eisen<\/li>\n<li><strong>Cup Hole Pitch:<\/strong>48mm\/52mm<\/li>\n<li><strong>Scharnier Ausf\u00fchrung<\/strong>: Vernickelt<\/li>\n<li><strong>Gewicht<\/strong>:110g\/St\u00fcck<\/li>\n<li><strong>Anmeldung<\/strong>Home Office, Wohnzimmer, Schlafzimmer, Hotel, Villa, Wohnung<\/li>\n<\/ul>\n<p><strong>Kategorie<\/strong>:\u00a0<a href=\"https:\/\/www.baoertaihardware.com\/de\/produkt-kategorie\/cabinet-hinges-wholesale\/\">Scharniere f\u00fcr Schr\u00e4nke<\/a><\/p>\n<p><strong>Tags<\/strong>: Clipscharnier, Soft-Close-Scharnier, hydraulisches Scharnier<\/p>","protected":false},"featured_media":1042,"comment_status":"closed","ping_status":"closed","template":"","meta":{"_acf_changed":false},"product_brand":[],"product_cat":[21],"product_tag":[],"class_list":{"0":"post-1040","1":"product","2":"type-product","3":"status-publish","4":"has-post-thumbnail","6":"product_cat-cabinet-hinges-wholesale","8":"first","9":"instock","10":"shipping-taxable","11":"product-type-simple"},"acf":[],"_links":{"self":[{"href":"https:\/\/www.baoertaihardware.com\/de\/wp-json\/wp\/v2\/product\/1040","targetHints":{"allow":["GET"]}}],"collection":[{"href":"https:\/\/www.baoertaihardware.com\/de\/wp-json\/wp\/v2\/product"}],"about":[{"href":"https:\/\/www.baoertaihardware.com\/de\/wp-json\/wp\/v2\/types\/product"}],"replies":[{"embeddable":true,"href":"https:\/\/www.baoertaihardware.com\/de\/wp-json\/wp\/v2\/comments?post=1040"}],"wp:featuredmedia":[{"embeddable":true,"href":"https:\/\/www.baoertaihardware.com\/de\/wp-json\/wp\/v2\/media\/1042"}],"wp:attachment":[{"href":"https:\/\/www.baoertaihardware.com\/de\/wp-json\/wp\/v2\/media?parent=1040"}],"wp:term":[{"taxonomy":"product_brand","embeddable":true,"href":"https:\/\/www.baoertaihardware.com\/de\/wp-json\/wp\/v2\/product_brand?post=1040"},{"taxonomy":"product_cat","embeddable":true,"href":"https:\/\/www.baoertaihardware.com\/de\/wp-json\/wp\/v2\/product_cat?post=1040"},{"taxonomy":"product_tag","embeddable":true,"href":"https:\/\/www.baoertaihardware.com\/de\/wp-json\/wp\/v2\/product_tag?post=1040"}],"curies":[{"name":"wp","href":"https:\/\/api.w.org\/{rel}","templated":true}]}}