{"id":1034,"date":"2024-12-21T08:57:34","date_gmt":"2024-12-21T08:57:34","guid":{"rendered":"https:\/\/www.baoertaihardware.com\/?post_type=product&#038;p=1034"},"modified":"2024-12-21T08:57:35","modified_gmt":"2024-12-21T08:57:35","slug":"bulk-clip-on-cabinet-hinges","status":"publish","type":"product","link":"https:\/\/www.baoertaihardware.com\/de\/produkt\/bulk-clip-on-cabinet-hinges\/","title":{"rendered":"Bulk Clip On Cabinet Scharniere, Hydraulisches Scharnier f\u00fcr Kippen 4 L\u00f6cher\/2 L\u00f6cher-820A"},"content":{"rendered":"<div class=\"wp-block-columns is-layout-flex wp-container-core-columns-is-layout-9d6595d7 wp-block-columns-is-layout-flex\">\n<div class=\"wp-block-column is-layout-flow wp-block-column-is-layout-flow\">\n<h3 class=\"wp-block-heading\">Eigenschaften von Clip On Cabinet Scharnieren Bulk<\/h3>\n\n\n\n<ul class=\"wp-block-list\">\n<li><strong>Clip-On-Design<\/strong>: Erm\u00f6glicht eine schnelle und problemlose Montage und Demontage, ideal f\u00fcr h\u00e4ufige Anpassungen und Wartungsarbeiten.<\/li>\n\n\n\n<li><strong>Hydraulischer Soft-Closing-Mechanismus<\/strong>: Sorgt f\u00fcr ein sanftes, leises Schlie\u00dfen der Schrankt\u00fcren, reduziert den Verschlei\u00df und verhindert das Zuschlagen.<\/li>\n\n\n\n<li><strong>Vielseitige Montageoptionen<\/strong>: Erh\u00e4ltlich in 4-Loch- und 2-Loch-Konfigurationen, um verschiedenen Schrankdesigns und Benutzerpr\u00e4ferenzen gerecht zu werden.<\/li>\n\n\n\n<li><strong>Hochwertiges Material<\/strong>: Hergestellt aus robusten und langlebigen Materialien mit ausgezeichneter Korrosionsbest\u00e4ndigkeit, geeignet f\u00fcr den langfristigen Einsatz in feuchten Umgebungen.<\/li>\n\n\n\n<li><strong>Breite Anwendung<\/strong>: Ideal f\u00fcr K\u00fcchen-, Bad- und Garderobenschr\u00e4nke, insbesondere f\u00fcr Kippt\u00fcren.<\/li>\n\n\n\n<li><strong>Einstellbarkeit<\/strong>: Die multidirektionale Einstellung sorgt f\u00fcr eine pr\u00e4zise Ausrichtung und ein professionelles Finish.<\/li>\n\n\n\n<li><strong>Sicherer Sitz<\/strong>: Entwickelt f\u00fcr Stabilit\u00e4t und Langlebigkeit, damit die T\u00fcren auch bei h\u00e4ufigem Gebrauch in Position bleiben.<\/li>\n\n\n\n<li><strong>Verf\u00fcgbarkeit in gro\u00dfen Mengen<\/strong>: Angeboten in Gro\u00dfhandelsmengen mit anpassbaren Verpackungen, die den Anforderungen des Unternehmens entsprechen.<\/li>\n<\/ul>\n<\/div>\n\n\n\n<div class=\"wp-block-column is-layout-flow wp-block-column-is-layout-flow\">\n<figure class=\"wp-block-image size-full\"><img decoding=\"async\" width=\"1200\" height=\"1200\" src=\"https:\/\/www.baoertaihardware.com\/wp-content\/uploads\/2024\/12\/Bulk-Clip-On-Cabinet-Hinges-820A-1.webp\" alt=\"Bulk Clip On Cabinet Scharniere-820A (1)\" class=\"wp-image-1035\" srcset=\"https:\/\/www.baoertaihardware.com\/wp-content\/uploads\/2024\/12\/Bulk-Clip-On-Cabinet-Hinges-820A-1.webp 1200w, https:\/\/www.baoertaihardware.com\/wp-content\/uploads\/2024\/12\/Bulk-Clip-On-Cabinet-Hinges-820A-1-300x300.webp 300w, https:\/\/www.baoertaihardware.com\/wp-content\/uploads\/2024\/12\/Bulk-Clip-On-Cabinet-Hinges-820A-1-150x150.webp 150w, https:\/\/www.baoertaihardware.com\/wp-content\/uploads\/2024\/12\/Bulk-Clip-On-Cabinet-Hinges-820A-1-768x768.webp 768w, https:\/\/www.baoertaihardware.com\/wp-content\/uploads\/2024\/12\/Bulk-Clip-On-Cabinet-Hinges-820A-1-600x600.webp 600w, https:\/\/www.baoertaihardware.com\/wp-content\/uploads\/2024\/12\/Bulk-Clip-On-Cabinet-Hinges-820A-1-100x100.webp 100w\" sizes=\"(max-width: 1200px) 100vw, 1200px\" \/><\/figure>\n<\/div>\n<\/div>\n\n\n\n<p><\/p>","protected":false},"excerpt":{"rendered":"<p>Unsere hydraulischen Schrankscharniere 820A f\u00fcr den Gro\u00dfhandel sind auf Zuverl\u00e4ssigkeit und Benutzerfreundlichkeit ausgelegt und bieten eine reibungslose, sanft schlie\u00dfende L\u00f6sung f\u00fcr verschiedene Schrankkonstruktionen. Diese Scharniere sind sowohl in 4-Loch- als auch in 2-Loch-Konfigurationen erh\u00e4ltlich. Sie sind ideal f\u00fcr Kippschr\u00e4nke und gew\u00e4hrleisten einen sicheren Sitz bei hoher Funktionalit\u00e4t.<\/p>\n<h3>Spezifikationen f\u00fcr Clip On Cabinet Scharniere<\/h3>\n<ul>\n<li><strong>Modell Nr.<\/strong>:820A<\/li>\n<li><strong>Material<\/strong>: Eisen<\/li>\n<li><strong>Cup Hole Pitch:<\/strong>48mm\/52mm<\/li>\n<li><strong>Scharnier Ausf\u00fchrung<\/strong>: Vernickelt<\/li>\n<li><strong>Gewicht<\/strong>:90g\/St\u00fcck<\/li>\n<li><strong>Anmeldung<\/strong>Home Office, Wohnzimmer, Schlafzimmer, Hotel, Villa, Wohnung<\/li>\n<\/ul>\n<p><strong>Kategorie<\/strong>:\u00a0<a href=\"https:\/\/www.baoertaihardware.com\/de\/produkt-kategorie\/cabinet-hinges-wholesale\/\">Scharniere f\u00fcr Schr\u00e4nke<\/a><\/p>\n<p><strong>Tags<\/strong>: Clip-on-Scharnier, Soft-Close-Scharnier, Eisenscharnier, hydraulisches Scharnier<\/p>","protected":false},"featured_media":1036,"comment_status":"closed","ping_status":"closed","template":"","meta":{"_acf_changed":false},"product_brand":[],"product_cat":[21],"product_tag":[],"class_list":{"0":"post-1034","1":"product","2":"type-product","3":"status-publish","4":"has-post-thumbnail","6":"product_cat-cabinet-hinges-wholesale","8":"first","9":"instock","10":"shipping-taxable","11":"product-type-simple"},"acf":[],"_links":{"self":[{"href":"https:\/\/www.baoertaihardware.com\/de\/wp-json\/wp\/v2\/product\/1034","targetHints":{"allow":["GET"]}}],"collection":[{"href":"https:\/\/www.baoertaihardware.com\/de\/wp-json\/wp\/v2\/product"}],"about":[{"href":"https:\/\/www.baoertaihardware.com\/de\/wp-json\/wp\/v2\/types\/product"}],"replies":[{"embeddable":true,"href":"https:\/\/www.baoertaihardware.com\/de\/wp-json\/wp\/v2\/comments?post=1034"}],"wp:featuredmedia":[{"embeddable":true,"href":"https:\/\/www.baoertaihardware.com\/de\/wp-json\/wp\/v2\/media\/1036"}],"wp:attachment":[{"href":"https:\/\/www.baoertaihardware.com\/de\/wp-json\/wp\/v2\/media?parent=1034"}],"wp:term":[{"taxonomy":"product_brand","embeddable":true,"href":"https:\/\/www.baoertaihardware.com\/de\/wp-json\/wp\/v2\/product_brand?post=1034"},{"taxonomy":"product_cat","embeddable":true,"href":"https:\/\/www.baoertaihardware.com\/de\/wp-json\/wp\/v2\/product_cat?post=1034"},{"taxonomy":"product_tag","embeddable":true,"href":"https:\/\/www.baoertaihardware.com\/de\/wp-json\/wp\/v2\/product_tag?post=1034"}],"curies":[{"name":"wp","href":"https:\/\/api.w.org\/{rel}","templated":true}]}}