{"id":1027,"date":"2024-12-21T07:55:58","date_gmt":"2024-12-21T07:55:58","guid":{"rendered":"https:\/\/www.baoertaihardware.com\/?post_type=product&#038;p=1027"},"modified":"2024-12-21T07:55:59","modified_gmt":"2024-12-21T07:55:59","slug":"45-90-degree-cabinet-hinge-bulk","status":"publish","type":"product","link":"https:\/\/www.baoertaihardware.com\/de\/produkt\/45-90-degree-cabinet-hinge-bulk\/","title":{"rendered":"45\/90 Grad Schrank Scharnier Gro\u00dfhandel Slide-On hydraulische Scharnier in Bulk"},"content":{"rendered":"<div class=\"wp-block-columns is-layout-flex wp-container-core-columns-is-layout-9d6595d7 wp-block-columns-is-layout-flex\">\n<div class=\"wp-block-column is-layout-flow wp-block-column-is-layout-flow\">\n<h3 class=\"wp-block-heading\">Merkmale des 45\/90-Grad-Scharniers f\u00fcr Schr\u00e4nke<\/h3>\n\n\n\n<ul class=\"wp-block-list\">\n<li><strong>45\u00b0-Schrankscharnier<\/strong>: Erm\u00f6glicht das \u00d6ffnen der T\u00fcren in einem 45-Grad-Winkel, perfekt f\u00fcr Winkelschr\u00e4nke und zur Maximierung der Raumeffizienz.<\/li>\n\n\n\n<li><strong>90\u00b0 Schrankscharnier<\/strong>: Sorgt f\u00fcr eine standardm\u00e4\u00dfige 90-Grad-\u00d6ffnung und bietet vollen Zugang zum Schrankinneren bei reibungslosem Betrieb.<\/li>\n\n\n\n<li><strong>Hydraulischer Mechanismus<\/strong>: Die integrierte Einzugsd\u00e4mpfung verhindert das Zuschlagen der T\u00fcr und sorgt f\u00fcr ein leises und sanftes Schlie\u00dfen.<\/li>\n\n\n\n<li><strong>Aufschiebbares Design<\/strong>: Vereinfacht die Installation und Einstellung, spart Zeit und sorgt f\u00fcr einen sicheren, problemlosen Sitz.<\/li>\n\n\n\n<li><strong>Langlebige Konstruktion<\/strong>: Hergestellt aus hochwertigen Materialien, die eine hohe Tragf\u00e4higkeit und eine lange Lebensdauer gew\u00e4hrleisten.<\/li>\n\n\n\n<li><strong>Korrosionsbest\u00e4ndigkeit<\/strong>: Korrosionsschutzbeschichtung f\u00fcr eine lange Lebensdauer in feuchten Umgebungen.<\/li>\n\n\n\n<li><strong>Breite Kompatibilit\u00e4t<\/strong>: Geeignet f\u00fcr verschiedene Schranktypen, einschlie\u00dflich K\u00fcche, Kleiderschrank und B\u00fcrom\u00f6bel.<\/li>\n<\/ul>\n<\/div>\n\n\n\n<div class=\"wp-block-column is-layout-flow wp-block-column-is-layout-flow\">\n<figure class=\"wp-block-image size-full\"><img decoding=\"async\" width=\"1200\" height=\"1200\" src=\"https:\/\/www.baoertaihardware.com\/wp-content\/uploads\/2024\/12\/4590-Degree-Cabinet-Hinge-Wholesale-1.webp\" alt=\"90-Grad-Scharnier f\u00fcr Schr\u00e4nke Gro\u00dfhandel (1)\" class=\"wp-image-1028\" srcset=\"https:\/\/www.baoertaihardware.com\/wp-content\/uploads\/2024\/12\/4590-Degree-Cabinet-Hinge-Wholesale-1.webp 1200w, https:\/\/www.baoertaihardware.com\/wp-content\/uploads\/2024\/12\/4590-Degree-Cabinet-Hinge-Wholesale-1-300x300.webp 300w, https:\/\/www.baoertaihardware.com\/wp-content\/uploads\/2024\/12\/4590-Degree-Cabinet-Hinge-Wholesale-1-150x150.webp 150w, https:\/\/www.baoertaihardware.com\/wp-content\/uploads\/2024\/12\/4590-Degree-Cabinet-Hinge-Wholesale-1-768x768.webp 768w, https:\/\/www.baoertaihardware.com\/wp-content\/uploads\/2024\/12\/4590-Degree-Cabinet-Hinge-Wholesale-1-600x600.webp 600w, https:\/\/www.baoertaihardware.com\/wp-content\/uploads\/2024\/12\/4590-Degree-Cabinet-Hinge-Wholesale-1-100x100.webp 100w\" sizes=\"(max-width: 1200px) 100vw, 1200px\" \/><\/figure>\n<\/div>\n<\/div>","protected":false},"excerpt":{"rendered":"<p>Unsere hydraulischen Scharniere zum Aufschieben sind auf Pr\u00e4zision und Langlebigkeit ausgelegt und eignen sich sowohl f\u00fcr 45\u00b0- als auch f\u00fcr 90\u00b0-Schrankanwendungen. Diese 45- und 90-Grad-Scharniere erm\u00f6glichen eine nahtlose T\u00fcrbewegung und sind ideal f\u00fcr K\u00fcchen-, Bad- und M\u00f6belschr\u00e4nke.<\/p>\n<h3>Spezifikationen f\u00fcr 45\/90-Grad-Scharniere f\u00fcr Schr\u00e4nke<\/h3>\n<ul>\n<li><strong>Material<\/strong>: Eisen<\/li>\n<li><strong>Cup Hole Teilung<\/strong>: 48mm,35mm<\/li>\n<li><strong>Scharnier Ausf\u00fchrung<\/strong>: Vernickelt<\/li>\n<li><strong>Winkelscharnier:45\u00b0\/90\u00b0<\/strong><\/li>\n<li><strong>Gewicht<\/strong>:88g\/St\u00fcck<\/li>\n<li><strong>Anmeldung<\/strong>Home Office, Wohnzimmer, Schlafzimmer, Hotel, Villa, Wohnung<\/li>\n<\/ul>\n<p><strong>Kategorie<\/strong>:\u00a0<a href=\"https:\/\/www.baoertaihardware.com\/de\/produkt-kategorie\/cabinet-hinges-wholesale\/\">Scharniere f\u00fcr Schr\u00e4nke<\/a><\/p>\n<p><strong>Tags<\/strong>: Aufschiebescharnier, Eisenscharnier, 45-Grad-Winkel-Schrankscharnier, 90-Grad-Schrankscharnier<\/p>","protected":false},"featured_media":1029,"comment_status":"closed","ping_status":"closed","template":"","meta":{"_acf_changed":false},"product_brand":[],"product_cat":[21],"product_tag":[],"class_list":{"0":"post-1027","1":"product","2":"type-product","3":"status-publish","4":"has-post-thumbnail","6":"product_cat-cabinet-hinges-wholesale","8":"first","9":"instock","10":"shipping-taxable","11":"product-type-simple"},"acf":[],"_links":{"self":[{"href":"https:\/\/www.baoertaihardware.com\/de\/wp-json\/wp\/v2\/product\/1027","targetHints":{"allow":["GET"]}}],"collection":[{"href":"https:\/\/www.baoertaihardware.com\/de\/wp-json\/wp\/v2\/product"}],"about":[{"href":"https:\/\/www.baoertaihardware.com\/de\/wp-json\/wp\/v2\/types\/product"}],"replies":[{"embeddable":true,"href":"https:\/\/www.baoertaihardware.com\/de\/wp-json\/wp\/v2\/comments?post=1027"}],"wp:featuredmedia":[{"embeddable":true,"href":"https:\/\/www.baoertaihardware.com\/de\/wp-json\/wp\/v2\/media\/1029"}],"wp:attachment":[{"href":"https:\/\/www.baoertaihardware.com\/de\/wp-json\/wp\/v2\/media?parent=1027"}],"wp:term":[{"taxonomy":"product_brand","embeddable":true,"href":"https:\/\/www.baoertaihardware.com\/de\/wp-json\/wp\/v2\/product_brand?post=1027"},{"taxonomy":"product_cat","embeddable":true,"href":"https:\/\/www.baoertaihardware.com\/de\/wp-json\/wp\/v2\/product_cat?post=1027"},{"taxonomy":"product_tag","embeddable":true,"href":"https:\/\/www.baoertaihardware.com\/de\/wp-json\/wp\/v2\/product_tag?post=1027"}],"curies":[{"name":"wp","href":"https:\/\/api.w.org\/{rel}","templated":true}]}}