{"id":1020,"date":"2024-12-21T07:35:56","date_gmt":"2024-12-21T07:35:56","guid":{"rendered":"https:\/\/www.baoertaihardware.com\/?post_type=product&#038;p=1020"},"modified":"2024-12-21T07:35:57","modified_gmt":"2024-12-21T07:35:57","slug":"45-90-135-degree-angle-hinge","status":"publish","type":"product","link":"https:\/\/www.baoertaihardware.com\/de\/produkt\/45-90-135-degree-angle-hinge\/","title":{"rendered":"45\/90\/135 Grad Winkel Scharnier Slide-On Cabinet Scharnier Gro\u00dfhandel"},"content":{"rendered":"<div class=\"wp-block-columns is-layout-flex wp-container-core-columns-is-layout-9d6595d7 wp-block-columns-is-layout-flex\">\n<div class=\"wp-block-column is-layout-flow wp-block-column-is-layout-flow\">\n<h3 class=\"wp-block-heading\">Merkmale des 45\/90\/135-Grad-Winkelscharniers<\/h3>\n\n\n\n<ul class=\"wp-block-list\">\n<li><strong>45-Grad-Schrankscharnier<\/strong>: Ideal f\u00fcr abgewinkelte Schrankt\u00fcren, die eine pr\u00e4zise 45-Grad-\u00d6ffnung f\u00fcr einfachen Zugang und optimale Raumnutzung erm\u00f6glichen.<\/li>\n\n\n\n<li><strong>90 <strong>Grad<\/strong> Kabinett Scharnier<\/strong>: Eine Standardwahl f\u00fcr die meisten Schr\u00e4nke, bei der sich die T\u00fcren im 90-Grad-Winkel vollst\u00e4ndig \u00f6ffnen lassen, um einen vollst\u00e4ndigen Zugang zu erm\u00f6glichen.<\/li>\n\n\n\n<li><strong>135 <strong>Grad<\/strong> Kabinett Scharnier<\/strong>: Perfekt f\u00fcr weit \u00f6ffnende T\u00fcren, mit einem 135-Grad-Winkel, der maximalen Zugang erm\u00f6glicht, ideal f\u00fcr Eck- oder gro\u00dfe Schr\u00e4nke.<\/li>\n\n\n\n<li><strong>Aufschiebbares Design<\/strong>: Einfache Installation durch einen Aufschiebemechanismus, der die Montagezeit verk\u00fcrzt und einen sicheren Sitz gew\u00e4hrleistet.<\/li>\n\n\n\n<li><strong>Langlebige Konstruktion<\/strong>: Hergestellt aus hochwertigen Materialien f\u00fcr lange Haltbarkeit und reibungslose T\u00fcrbewegung.<\/li>\n\n\n\n<li><strong>Vielseitige Anwendung<\/strong>: Geeignet f\u00fcr eine Vielzahl von Schranktypen, von K\u00fcchen- bis zu M\u00f6belschr\u00e4nken, mit mehreren Winkeloptionen f\u00fcr pr\u00e4zise Einstellungen.<\/li>\n<\/ul>\n<\/div>\n\n\n\n<div class=\"wp-block-column is-layout-flow wp-block-column-is-layout-flow\">\n<figure class=\"wp-block-image size-full\"><img decoding=\"async\" width=\"1200\" height=\"1200\" src=\"https:\/\/www.baoertaihardware.com\/wp-content\/uploads\/2024\/12\/4590135-Degree-Angle-Hinge-Slide-On-Cabinet-Hinge-Wholesale-1.webp\" alt=\"Winkel Scharnier Slide-On Schrank Scharnier Gro\u00dfhandel (1)\" class=\"wp-image-1021\" srcset=\"https:\/\/www.baoertaihardware.com\/wp-content\/uploads\/2024\/12\/4590135-Degree-Angle-Hinge-Slide-On-Cabinet-Hinge-Wholesale-1.webp 1200w, https:\/\/www.baoertaihardware.com\/wp-content\/uploads\/2024\/12\/4590135-Degree-Angle-Hinge-Slide-On-Cabinet-Hinge-Wholesale-1-300x300.webp 300w, https:\/\/www.baoertaihardware.com\/wp-content\/uploads\/2024\/12\/4590135-Degree-Angle-Hinge-Slide-On-Cabinet-Hinge-Wholesale-1-150x150.webp 150w, https:\/\/www.baoertaihardware.com\/wp-content\/uploads\/2024\/12\/4590135-Degree-Angle-Hinge-Slide-On-Cabinet-Hinge-Wholesale-1-768x768.webp 768w, https:\/\/www.baoertaihardware.com\/wp-content\/uploads\/2024\/12\/4590135-Degree-Angle-Hinge-Slide-On-Cabinet-Hinge-Wholesale-1-600x600.webp 600w, https:\/\/www.baoertaihardware.com\/wp-content\/uploads\/2024\/12\/4590135-Degree-Angle-Hinge-Slide-On-Cabinet-Hinge-Wholesale-1-100x100.webp 100w\" sizes=\"(max-width: 1200px) 100vw, 1200px\" \/><\/figure>\n<\/div>\n<\/div>\n\n\n\n<p><\/p>","protected":false},"excerpt":{"rendered":"<p>Unsere hochwertigen Aufschiebescharniere mit normalem Winkel eignen sich perfekt f\u00fcr verschiedene Schrankanwendungen und bieten eine reibungslose, zuverl\u00e4ssige Leistung bei unterschiedlichen Winkeln. Erh\u00e4ltlich in 45\u00b0-, 90\u00b0- und 135\u00b0-Konfigurationen, gew\u00e4hrleisten diese Scharniere eine optimale Funktionalit\u00e4t f\u00fcr Ihre Schr\u00e4nke und M\u00f6bel.<\/p>\n<h3>Spezifikationen f\u00fcr 45\/90\/135-Grad-Winkelscharniere<\/h3>\n<ul>\n<li><strong>Material<\/strong>: Eisen<\/li>\n<li><strong>Cup Hole Teilung<\/strong>: 48mm,35mm<\/li>\n<li><strong>Scharnier Ausf\u00fchrung<\/strong>: Vernickelt<\/li>\n<li><strong>Winkelscharnier:45\u00b0\/90\u00b0\/135\u00b0<\/strong><\/li>\n<li><strong>Gewicht<\/strong>74g\/Stk,69g\/Stk,78g\/Stk<\/li>\n<li><strong>Anmeldung<\/strong>Home Office, Wohnzimmer, Schlafzimmer, Hotel, Villa, Wohnung<\/li>\n<\/ul>\n<p><strong>Kategorie<\/strong>:\u00a0<a href=\"https:\/\/www.baoertaihardware.com\/de\/produkt-kategorie\/cabinet-hinges-wholesale\/\">Scharniere f\u00fcr Schr\u00e4nke<\/a><\/p>\n<p><strong>Tags<\/strong>: Aufschiebescharnier, Eisenscharnier, 45-Grad-Winkel-Schrankscharnier, 90-Grad-Schrankscharnier<\/p>","protected":false},"featured_media":1022,"comment_status":"closed","ping_status":"closed","template":"","meta":{"_acf_changed":false},"product_brand":[],"product_cat":[21],"product_tag":[],"class_list":{"0":"post-1020","1":"product","2":"type-product","3":"status-publish","4":"has-post-thumbnail","6":"product_cat-cabinet-hinges-wholesale","8":"first","9":"instock","10":"shipping-taxable","11":"product-type-simple"},"acf":[],"_links":{"self":[{"href":"https:\/\/www.baoertaihardware.com\/de\/wp-json\/wp\/v2\/product\/1020","targetHints":{"allow":["GET"]}}],"collection":[{"href":"https:\/\/www.baoertaihardware.com\/de\/wp-json\/wp\/v2\/product"}],"about":[{"href":"https:\/\/www.baoertaihardware.com\/de\/wp-json\/wp\/v2\/types\/product"}],"replies":[{"embeddable":true,"href":"https:\/\/www.baoertaihardware.com\/de\/wp-json\/wp\/v2\/comments?post=1020"}],"wp:featuredmedia":[{"embeddable":true,"href":"https:\/\/www.baoertaihardware.com\/de\/wp-json\/wp\/v2\/media\/1022"}],"wp:attachment":[{"href":"https:\/\/www.baoertaihardware.com\/de\/wp-json\/wp\/v2\/media?parent=1020"}],"wp:term":[{"taxonomy":"product_brand","embeddable":true,"href":"https:\/\/www.baoertaihardware.com\/de\/wp-json\/wp\/v2\/product_brand?post=1020"},{"taxonomy":"product_cat","embeddable":true,"href":"https:\/\/www.baoertaihardware.com\/de\/wp-json\/wp\/v2\/product_cat?post=1020"},{"taxonomy":"product_tag","embeddable":true,"href":"https:\/\/www.baoertaihardware.com\/de\/wp-json\/wp\/v2\/product_tag?post=1020"}],"curies":[{"name":"wp","href":"https:\/\/api.w.org\/{rel}","templated":true}]}}